{"id":677,"date":"2023-04-14T11:03:21","date_gmt":"2023-04-14T14:03:21","guid":{"rendered":"http:\/\/localhost\/wordpress\/?page_id=677"},"modified":"2025-01-07T09:03:33","modified_gmt":"2025-01-07T12:03:33","slug":"a-cidade","status":"publish","type":"page","link":"https:\/\/meriti.rj.gov.br\/inicio\/a-cidade\/","title":{"rendered":"A Cidade"},"content":{"rendered":"\t\t<div data-elementor-type=\"wp-page\" data-elementor-id=\"677\" class=\"elementor elementor-677\" data-elementor-post-type=\"page\">\n\t\t\t\t<div class=\"elementor-element elementor-element-d40661c e-flex e-con-boxed e-con e-parent\" data-id=\"d40661c\" data-element_type=\"container\" data-e-type=\"container\">\n\t\t\t\t\t<div class=\"e-con-inner\">\n\t\t\t\t<div class=\"elementor-element elementor-element-bed7a3c elementor-widget elementor-widget-image\" data-id=\"bed7a3c\" data-element_type=\"widget\" data-e-type=\"widget\" data-widget_type=\"image.default\">\n\t\t\t\t<div class=\"elementor-widget-container\">\n\t\t\t\t\t\t\t\t\t\t\t\t\t\t\t<img fetchpriority=\"high\" decoding=\"async\" width=\"2048\" height=\"330\" src=\"https:\/\/meriti.rj.gov.br\/inicio\/wp-content\/uploads\/2023\/08\/BANNERSA-CIDADE-1-2048x330.png\" class=\"attachment-2048x2048 size-2048x2048 wp-image-4898\" alt=\"\" srcset=\"https:\/\/meriti.rj.gov.br\/inicio\/wp-content\/uploads\/2023\/08\/BANNERSA-CIDADE-1-2048x330.png 2048w, https:\/\/meriti.rj.gov.br\/inicio\/wp-content\/uploads\/2023\/08\/BANNERSA-CIDADE-1-300x48.png 300w, https:\/\/meriti.rj.gov.br\/inicio\/wp-content\/uploads\/2023\/08\/BANNERSA-CIDADE-1-1024x165.png 1024w, https:\/\/meriti.rj.gov.br\/inicio\/wp-content\/uploads\/2023\/08\/BANNERSA-CIDADE-1-768x124.png 768w, https:\/\/meriti.rj.gov.br\/inicio\/wp-content\/uploads\/2023\/08\/BANNERSA-CIDADE-1-1536x247.png 1536w\" sizes=\"(max-width: 2048px) 100vw, 2048px\" \/>\t\t\t\t\t\t\t\t\t\t\t\t\t\t\t<\/div>\n\t\t\t\t<\/div>\n\t\t\t\t\t<\/div>\n\t\t\t\t<\/div>\n\t\t\t\t<section class=\"elementor-section elementor-top-section elementor-element elementor-element-30cc98e elementor-section-boxed elementor-section-height-default elementor-section-height-default\" data-id=\"30cc98e\" data-element_type=\"section\" data-e-type=\"section\">\n\t\t\t\t\t\t<div class=\"elementor-container elementor-column-gap-default\">\n\t\t\t\t\t<div class=\"elementor-column elementor-col-100 elementor-top-column elementor-element elementor-element-9a637dc\" data-id=\"9a637dc\" data-element_type=\"column\" data-e-type=\"column\">\n\t\t\t<div class=\"elementor-widget-wrap elementor-element-populated\">\n\t\t\t\t\t\t<div class=\"elementor-element elementor-element-332f283 elementor-widget elementor-widget-heading\" data-id=\"332f283\" data-element_type=\"widget\" data-e-type=\"widget\" data-widget_type=\"heading.default\">\n\t\t\t\t<div class=\"elementor-widget-container\">\n\t\t\t\t\t<h2 class=\"elementor-heading-title elementor-size-default\">O Munic\u00edpio<\/h2>\t\t\t\t<\/div>\n\t\t\t\t<\/div>\n\t\t\t\t\t<\/div>\n\t\t<\/div>\n\t\t\t\t\t<\/div>\n\t\t<\/section>\n\t\t\t\t<section class=\"elementor-section elementor-top-section elementor-element elementor-element-7151756 elementor-section-boxed elementor-section-height-default elementor-section-height-default\" data-id=\"7151756\" data-element_type=\"section\" data-e-type=\"section\">\n\t\t\t\t\t\t<div class=\"elementor-container elementor-column-gap-default\">\n\t\t\t\t\t<div class=\"elementor-column elementor-col-100 elementor-top-column elementor-element elementor-element-97c155f\" data-id=\"97c155f\" data-element_type=\"column\" data-e-type=\"column\">\n\t\t\t<div class=\"elementor-widget-wrap elementor-element-populated\">\n\t\t\t\t\t\t<div class=\"elementor-element elementor-element-a9c88a0 elementor-widget elementor-widget-heading\" data-id=\"a9c88a0\" data-element_type=\"widget\" data-e-type=\"widget\" data-widget_type=\"heading.default\">\n\t\t\t\t<div class=\"elementor-widget-container\">\n\t\t\t\t\t<h4 class=\"elementor-heading-title elementor-size-default\">Pra\u00e7a da Matriz<\/h4>\t\t\t\t<\/div>\n\t\t\t\t<\/div>\n\t\t\t\t<div class=\"elementor-element elementor-element-e194ec3 elementor-widget__width-initial elementor-widget-tablet__width-initial elementor-widget elementor-widget-image\" data-id=\"e194ec3\" data-element_type=\"widget\" data-e-type=\"widget\" data-widget_type=\"image.default\">\n\t\t\t\t<div class=\"elementor-widget-container\">\n\t\t\t\t\t\t\t\t\t\t\t\t\t\t\t<img decoding=\"async\" width=\"843\" height=\"821\" src=\"https:\/\/meriti.rj.gov.br\/inicio\/wp-content\/uploads\/2023\/04\/praca_matriz-e1598023770867.jpg\" class=\"attachment-large size-large wp-image-820\" alt=\"\" \/>\t\t\t\t\t\t\t\t\t\t\t\t\t\t\t<\/div>\n\t\t\t\t<\/div>\n\t\t\t\t<div class=\"elementor-element elementor-element-4302589 elementor-widget elementor-widget-text-editor\" data-id=\"4302589\" data-element_type=\"widget\" data-e-type=\"widget\" data-widget_type=\"text-editor.default\">\n\t\t\t\t<div class=\"elementor-widget-container\">\n\t\t\t\t\t\t\t\t\t<p>\u00a0 A cidade de S\u00e3o Jo\u00e3o de Meriti est\u00e1 localizada na Baixada Fluminense. \u00c9 cortada pela Via Dutra, localizando-se a 27 km do centro da cidade do Rio de Janeiro. Sua posi\u00e7\u00e3o geogr\u00e1fica \u00e9 privilegiada e estrat\u00e9gica, pois faz divisa com cinco munic\u00edpios: Rio de Janeiro, Duque de Caxias, Nil\u00f3polis, Belford Roxo e Mesquita. A principal atividade econ\u00f4mica de S\u00e3o Jo\u00e3o de Meriti est\u00e1 concentrada no setor de com\u00e9rcio e servi\u00e7os, dividido em alguns centros, tais como: Vilar dos Teles (antigamente chamada de Capital do Jeans), o Centro, Coelho da Rocha, \u00c9den, Jardim Meriti e o Shopping Grande Rio, entre outros.<\/p><p>\u00a0 Muitos bairros cercam estes centros, entre eles est\u00e3o: Agostinho Porto, Engenheiro Belford, Jardim Metr\u00f3pole, Jardim Sumar\u00e9, Parque Alian, Parque Anal\u00e2ndia, Parque Araruama, Parque Novo Rio, Parque Tiet\u00ea, S\u00e3o Mateus, Tomazinho, Venda Velha, Vila Norma, Vila Rosali, Vila S\u00e3o Jo\u00e3o e Vila Tiradentes. O munic\u00edpio possui, segundo a \u00faltima contagem do IBGE, realizada em 2010, uma popula\u00e7\u00e3o de 458.673 habitantes, ocupando uma \u00e1rea territorial de 35.216 Km\u00b2. \u00a0A cidade concentra o maior adensamento populacional da Am\u00e9rica Latina, s\u00e3o cerca de 13 mil habitantes por Km\u00b2 \u2013 peculiaridade que rendeu o apelido de \u201cFormigueiro das Am\u00e9ricas\u201d.<\/p>\t\t\t\t\t\t\t\t<\/div>\n\t\t\t\t<\/div>\n\t\t\t\t\t<\/div>\n\t\t<\/div>\n\t\t\t\t\t<\/div>\n\t\t<\/section>\n\t\t\t\t<section class=\"elementor-section elementor-top-section elementor-element elementor-element-1adbae2 elementor-section-boxed elementor-section-height-default elementor-section-height-default\" data-id=\"1adbae2\" data-element_type=\"section\" data-e-type=\"section\">\n\t\t\t\t\t\t<div class=\"elementor-container elementor-column-gap-default\">\n\t\t\t\t\t<div class=\"elementor-column elementor-col-100 elementor-top-column elementor-element elementor-element-e910376\" data-id=\"e910376\" data-element_type=\"column\" data-e-type=\"column\">\n\t\t\t<div class=\"elementor-widget-wrap elementor-element-populated\">\n\t\t\t\t\t\t<div class=\"elementor-element elementor-element-2058dc5 elementor-widget elementor-widget-heading\" data-id=\"2058dc5\" data-element_type=\"widget\" data-e-type=\"widget\" data-widget_type=\"heading.default\">\n\t\t\t\t<div class=\"elementor-widget-container\">\n\t\t\t\t\t<h2 class=\"elementor-heading-title elementor-size-default\">Hist\u00f3ria<\/h2>\t\t\t\t<\/div>\n\t\t\t\t<\/div>\n\t\t\t\t\t<\/div>\n\t\t<\/div>\n\t\t\t\t\t<\/div>\n\t\t<\/section>\n\t\t\t\t<section class=\"elementor-section elementor-top-section elementor-element elementor-element-4474fa5 elementor-section-boxed elementor-section-height-default elementor-section-height-default\" data-id=\"4474fa5\" data-element_type=\"section\" data-e-type=\"section\">\n\t\t\t\t\t\t<div class=\"elementor-container elementor-column-gap-default\">\n\t\t\t\t\t<div class=\"elementor-column elementor-col-100 elementor-top-column elementor-element elementor-element-1bf046b\" data-id=\"1bf046b\" data-element_type=\"column\" data-e-type=\"column\">\n\t\t\t<div class=\"elementor-widget-wrap elementor-element-populated\">\n\t\t\t\t\t\t<div class=\"elementor-element elementor-element-2486382 elementor-widget__width-initial elementor-widget elementor-widget-image\" data-id=\"2486382\" data-element_type=\"widget\" data-e-type=\"widget\" data-widget_type=\"image.default\">\n\t\t\t\t<div class=\"elementor-widget-container\">\n\t\t\t\t\t\t\t\t\t\t\t\t\t\t\t<img decoding=\"async\" width=\"816\" height=\"600\" src=\"https:\/\/meriti.rj.gov.br\/inicio\/wp-content\/uploads\/2023\/04\/inauguracao_pref.jpg\" class=\"attachment-large size-large wp-image-831\" alt=\"\" \/>\t\t\t\t\t\t\t\t\t\t\t\t\t\t\t<\/div>\n\t\t\t\t<\/div>\n\t\t\t\t<div class=\"elementor-element elementor-element-38799b8 elementor-widget elementor-widget-heading\" data-id=\"38799b8\" data-element_type=\"widget\" data-e-type=\"widget\" data-widget_type=\"heading.default\">\n\t\t\t\t<div class=\"elementor-widget-container\">\n\t\t\t\t\t<h5 class=\"elementor-heading-title elementor-size-default\">  Inaugura\u00e7\u00e3o da sede pr\u00f3pria da Prefeitura Municipal de S\u00e3o Jo\u00e3o de Meriti em 10\/05\/1970<\/h5>\t\t\t\t<\/div>\n\t\t\t\t<\/div>\n\t\t\t\t<div class=\"elementor-element elementor-element-6d6bbdd elementor-widget__width-initial elementor-widget elementor-widget-text-editor\" data-id=\"6d6bbdd\" data-element_type=\"widget\" data-e-type=\"widget\" data-widget_type=\"text-editor.default\">\n\t\t\t\t<div class=\"elementor-widget-container\">\n\t\t\t\t\t\t\t\t\t<p>\u00a0 Localizada na Baixada Fluminense, na Regi\u00e3o Metropolitana do Rio de Janeiro, a cidade de S\u00e3o Jo\u00e3o de Meriti j\u00e1 foi conhecida por outros dois nomes: S\u00e3o Jo\u00e3o Batista de Trairaponga e S\u00e3o Jo\u00e3o Batista de Meriti. O territ\u00f3rio que forma hoje a cidade era banhado pelos Rios Miriti e Sarapu\u00ed, que tiveram suas origens em uma sesmaria doada a Br\u00e1s Cubas.<\/p><p>\u00a0 Ao lado das muitas fazendas existentes, os rios Miriti e Sarapu\u00ed eram as principais vias de transporte das mercadorias que eram produzidas. Em suas margens havia 14 portos, todos com um grande servi\u00e7o de canoagem. Nessa \u00e9poca, a regi\u00e3o era um importante produtor de milho, mandioca, feij\u00e3o e a\u00e7\u00facar. Esses produtos eram levados aos portos do Rio de Janeiro para serem consumidos e exportados para a Europa.<\/p>\t\t\t\t\t\t\t\t<\/div>\n\t\t\t\t<\/div>\n\t\t\t\t\t<\/div>\n\t\t<\/div>\n\t\t\t\t\t<\/div>\n\t\t<\/section>\n\t\t\t\t<section class=\"elementor-section elementor-top-section elementor-element elementor-element-2d9b4bf elementor-section-boxed elementor-section-height-default elementor-section-height-default\" data-id=\"2d9b4bf\" data-element_type=\"section\" data-e-type=\"section\">\n\t\t\t\t\t\t<div class=\"elementor-container elementor-column-gap-default\">\n\t\t\t\t\t<div class=\"elementor-column elementor-col-100 elementor-top-column elementor-element elementor-element-bf46939\" data-id=\"bf46939\" data-element_type=\"column\" data-e-type=\"column\">\n\t\t\t<div class=\"elementor-widget-wrap elementor-element-populated\">\n\t\t\t\t\t\t<div class=\"elementor-element elementor-element-f1b3c84 elementor-widget elementor-widget-text-editor\" data-id=\"f1b3c84\" data-element_type=\"widget\" data-e-type=\"widget\" data-widget_type=\"text-editor.default\">\n\t\t\t\t<div class=\"elementor-widget-container\">\n\t\t\t\t\t\t\t\t\t<p>\u00a0 Em 1833, o povoado de Iguassu \u00e9 elevado \u00e0 categoria de Vila e a Freguesia de S\u00e3o Jo\u00e3o Batista de Meriti passou a integrar aquela jurisdi\u00e7\u00e3o como seu 4\u00ba Distrito. Em 1875, teve in\u00edcio a constru\u00e7\u00e3o da Igreja de S\u00e3o Jo\u00e3o Batista de Meriti, no local onde hoje ainda se encontra. Vale mencionar, que nesse per\u00edodo, a presen\u00e7a das capelas e igrejas numa determinada regi\u00e3o, demonstrava a import\u00e2ncia que aquele territ\u00f3rio representava perante o poder secular e o poder eclesi\u00e1stico.<\/p>\t\t\t\t\t\t\t\t<\/div>\n\t\t\t\t<\/div>\n\t\t\t\t<div class=\"elementor-element elementor-element-08e88ec elementor-widget elementor-widget-image\" data-id=\"08e88ec\" data-element_type=\"widget\" data-e-type=\"widget\" data-widget_type=\"image.default\">\n\t\t\t\t<div class=\"elementor-widget-container\">\n\t\t\t\t\t\t\t\t\t\t\t\t\t\t\t<img loading=\"lazy\" decoding=\"async\" width=\"734\" height=\"600\" src=\"https:\/\/meriti.rj.gov.br\/inicio\/wp-content\/uploads\/2023\/04\/inaguracao_bica.jpg\" class=\"attachment-large size-large wp-image-835\" alt=\"\" \/>\t\t\t\t\t\t\t\t\t\t\t\t\t\t\t<\/div>\n\t\t\t\t<\/div>\n\t\t\t\t<div class=\"elementor-element elementor-element-3613702 elementor-widget elementor-widget-heading\" data-id=\"3613702\" data-element_type=\"widget\" data-e-type=\"widget\" data-widget_type=\"heading.default\">\n\t\t\t\t<div class=\"elementor-widget-container\">\n\t\t\t\t\t<h5 class=\"elementor-heading-title elementor-size-default\">Inaugura\u00e7\u00e3o da 1\u00b0 bica p\u00fablica de Vilar dos Teles em 1952.<\/h5>\t\t\t\t<\/div>\n\t\t\t\t<\/div>\n\t\t\t\t<div class=\"elementor-element elementor-element-4e4e7ac elementor-widget elementor-widget-text-editor\" data-id=\"4e4e7ac\" data-element_type=\"widget\" data-e-type=\"widget\" data-widget_type=\"text-editor.default\">\n\t\t\t\t<div class=\"elementor-widget-container\">\n\t\t\t\t\t\t\t\t\t<div class=\"vc_row wpb_row vc_row-fluid vc_custom_1489172491767\"><div class=\"wpb_column vc_column_container vc_col-sm-12\"><div class=\"vc_column-inner vc_custom_1489172502252\"><div class=\"wpb_wrapper\"><div class=\"wpb_text_column wpb_content_element \"><div class=\"wpb_wrapper\"><p>\u00a0 \u00a0Devido \u00e0 dificuldade de se encontrar m\u00e3o-de-obra dispon\u00edvel, as grandes fazendas v\u00e3o sendo fracionadas em s\u00edtios e ch\u00e1caras fazendo surgir na regi\u00e3o uma grande quantidade de pequenos propriet\u00e1rios, que acabaram por desenvolver atividades da fruticultura e hortigranjeiros para abastecer a cidade do Rio de Janeiro.<\/p><\/div><\/div><\/div><\/div><\/div><\/div><div class=\"vc_row wpb_row vc_row-fluid\"><div class=\"wpb_column vc_column_container vc_col-sm-6\"><div class=\"vc_column-inner \"><div class=\"wpb_wrapper\"><div class=\"wpb_text_column wpb_content_element \"><div class=\"wpb_wrapper\"><p>\u00a0 As terras que conhecemos hoje como S\u00e3o Jo\u00e3o de Meriti, cortadas pelo Rio Sarapu\u00ed, Rio Miriti e Rio Pavuna, eram conhecidas antes como Freguesia de Meriti. A vila de S\u00e3o Jo\u00e3o de Meriti fazia parte da vila de Maxabomba, atual Nova Igua\u00e7u. No in\u00edcio da d\u00e9cada de 1940, a regi\u00e3o contava com uma popula\u00e7\u00e3o que n\u00e3o ultrapassava os 25 mil habitantes, distribu\u00edda em torno da Igreja da Matriz, nas margens do Rio Pavuna, pr\u00f3ximo aos leitos das ferrovias em Engenheiro Belford, S\u00e3o Matheus, \u00c9den, Vila Rosali e Coqueiros.<\/p><div class=\"vc_row wpb_row vc_row-fluid vc_custom_1489172491767\"><div class=\"wpb_column vc_column_container vc_col-sm-12\"><div class=\"vc_column-inner vc_custom_1489172502252\"><div class=\"wpb_wrapper\"><div class=\"wpb_text_column wpb_content_element \"><div class=\"wpb_wrapper\">\u00a0<\/div><\/div><\/div><\/div><\/div><\/div><div class=\"vc_row wpb_row vc_row-fluid\"><div class=\"wpb_column vc_column_container vc_col-sm-6\"><div class=\"vc_column-inner \"><div class=\"wpb_wrapper\"><div class=\"wpb_text_column wpb_content_element \"><div class=\"wpb_wrapper\">\u00a0<\/div><\/div><\/div><\/div><\/div><\/div><\/div><\/div><\/div><\/div><\/div><\/div>\t\t\t\t\t\t\t\t<\/div>\n\t\t\t\t<\/div>\n\t\t\t\t<div class=\"elementor-element elementor-element-a23a3eb elementor-widget elementor-widget-text-editor\" data-id=\"a23a3eb\" data-element_type=\"widget\" data-e-type=\"widget\" data-widget_type=\"text-editor.default\">\n\t\t\t\t<div class=\"elementor-widget-container\">\n\t\t\t\t\t\t\t\t\t<p>\u00a0 \u00a0Quando Caxias se emancipou em 1943, incorporou a regi\u00e3o como seu 2\u00ba Distrito. O mundo ainda sentia os efeitos do fim da Segunda Guerra Mundial quando, em 1947, ocorreu a emancipa\u00e7\u00e3o pol\u00edtica e administrativa do nosso munic\u00edpio, sendo criada assim, a cidade de S\u00e3o Jo\u00e3o de Meriti, por meio da Lei n\u00ba 6, pelo Projeto n\u00ba 132\/47, do Deputado Lucas Andrade Figueira. De l\u00e1 para c\u00e1, o munic\u00edpio teve momentos de expans\u00e3o e de retra\u00e7\u00e3o no desenvolvimento.<\/p><p>\u00a0 \u00a0Atualmente, o Governo Municipal tem desenvolvido parcerias com os governos Federal e Estadual, trazendo muitos projetos e um conjunto de a\u00e7\u00f5es que come\u00e7aram a escrever um novo cap\u00edtulo na hist\u00f3ria da cidade.<\/p>\t\t\t\t\t\t\t\t<\/div>\n\t\t\t\t<\/div>\n\t\t\t\t\t<\/div>\n\t\t<\/div>\n\t\t\t\t\t<\/div>\n\t\t<\/section>\n\t\t<div class=\"elementor-element elementor-element-8b92423 e-flex e-con-boxed e-con e-parent\" data-id=\"8b92423\" data-element_type=\"container\" data-e-type=\"container\">\n\t\t\t\t\t<div class=\"e-con-inner\">\n\t\t\t\t<div class=\"elementor-element elementor-element-92624d4 elementor-widget elementor-widget-html\" data-id=\"92624d4\" data-element_type=\"widget\" data-e-type=\"widget\" data-widget_type=\"html.default\">\n\t\t\t\t<div class=\"elementor-widget-container\">\n\t\t\t\t\t<body> <!-- Inicio do corpo da p\u00e1gina -->\r\n\r\n  <!-- Conte\u00fado da p\u00e1gina -->\r\n\r\n  <div vw class=\"enabled\">\r\n    <div vw-access-button class=\"active\"><\/div>\r\n    <div vw-plugin-wrapper>\r\n      <div class=\"vw-plugin-top-wrapper\"><\/div>\r\n    <\/div>\r\n  <\/div>\r\n  <script src=\"https:\/\/vlibras.gov.br\/app\/vlibras-plugin.js\"><\/script>\r\n  <script>\r\n    new window.VLibras.Widget('https:\/\/vlibras.gov.br\/app');\r\n  <\/script>\r\n<\/body> <!-- Fim do corpo da p\u00e1gina -->\t\t\t\t<\/div>\n\t\t\t\t<\/div>\n\t\t\t\t\t<\/div>\n\t\t\t\t<\/div>\n\t\t\t\t<\/div>\n\t\t","protected":false},"excerpt":{"rendered":"<p>O Munic\u00edpio Pra\u00e7a da Matriz \u00a0 A cidade de S\u00e3o Jo\u00e3o de Meriti est\u00e1 localizada na Baixada Fluminense. \u00c9 cortada pela Via Dutra, localizando-se a&hellip;<\/p>\n","protected":false},"author":1,"featured_media":0,"parent":0,"menu_order":0,"comment_status":"closed","ping_status":"closed","template":"","meta":{"footnotes":""},"class_list":["post-677","page","type-page","status-publish","hentry"],"yoast_head":"<!-- This site is optimized with the Yoast SEO plugin v27.2 - https:\/\/yoast.com\/product\/yoast-seo-wordpress\/ -->\n<title>A Cidade - Prefeitura Municipal de S\u00e3o Jo\u00e3o de Meriti<\/title>\n<meta name=\"robots\" content=\"index, follow, max-snippet:-1, max-image-preview:large, max-video-preview:-1\" \/>\n<link rel=\"canonical\" href=\"https:\/\/meriti.rj.gov.br\/inicio\/a-cidade\/\" \/>\n<meta property=\"og:locale\" content=\"pt_BR\" \/>\n<meta property=\"og:type\" content=\"article\" \/>\n<meta property=\"og:title\" content=\"A Cidade - Prefeitura Municipal de S\u00e3o Jo\u00e3o de Meriti\" \/>\n<meta property=\"og:description\" content=\"O Munic\u00edpio Pra\u00e7a da Matriz \u00a0 A cidade de S\u00e3o Jo\u00e3o de Meriti est\u00e1 localizada na Baixada Fluminense. \u00c9 cortada pela Via Dutra, localizando-se a&hellip;\" \/>\n<meta property=\"og:url\" content=\"https:\/\/meriti.rj.gov.br\/inicio\/a-cidade\/\" \/>\n<meta property=\"og:site_name\" content=\"Prefeitura Municipal de S\u00e3o Jo\u00e3o de Meriti\" \/>\n<meta property=\"article:modified_time\" content=\"2025-01-07T12:03:33+00:00\" \/>\n<meta property=\"og:image\" content=\"https:\/\/meriti.rj.gov.br\/inicio\/wp-content\/uploads\/2023\/08\/BANNERSA-CIDADE-1-2048x330.png\" \/>\n<meta name=\"twitter:card\" content=\"summary_large_image\" \/>\n<meta name=\"twitter:label1\" content=\"Est. tempo de leitura\" \/>\n\t<meta name=\"twitter:data1\" content=\"4 minutos\" \/>\n<script type=\"application\/ld+json\" class=\"yoast-schema-graph\">{\"@context\":\"https:\/\/schema.org\",\"@graph\":[{\"@type\":\"WebPage\",\"@id\":\"https:\/\/meriti.rj.gov.br\/inicio\/a-cidade\/\",\"url\":\"https:\/\/meriti.rj.gov.br\/inicio\/a-cidade\/\",\"name\":\"A Cidade - Prefeitura Municipal de S\u00e3o Jo\u00e3o de Meriti\",\"isPartOf\":{\"@id\":\"https:\/\/meriti.rj.gov.br\/inicio\/#website\"},\"primaryImageOfPage\":{\"@id\":\"https:\/\/meriti.rj.gov.br\/inicio\/a-cidade\/#primaryimage\"},\"image\":{\"@id\":\"https:\/\/meriti.rj.gov.br\/inicio\/a-cidade\/#primaryimage\"},\"thumbnailUrl\":\"https:\/\/meriti.rj.gov.br\/inicio\/wp-content\/uploads\/2023\/08\/BANNERSA-CIDADE-1-2048x330.png\",\"datePublished\":\"2023-04-14T14:03:21+00:00\",\"dateModified\":\"2025-01-07T12:03:33+00:00\",\"breadcrumb\":{\"@id\":\"https:\/\/meriti.rj.gov.br\/inicio\/a-cidade\/#breadcrumb\"},\"inLanguage\":\"pt-BR\",\"potentialAction\":[{\"@type\":\"ReadAction\",\"target\":[\"https:\/\/meriti.rj.gov.br\/inicio\/a-cidade\/\"]}]},{\"@type\":\"ImageObject\",\"inLanguage\":\"pt-BR\",\"@id\":\"https:\/\/meriti.rj.gov.br\/inicio\/a-cidade\/#primaryimage\",\"url\":\"https:\/\/meriti.rj.gov.br\/inicio\/wp-content\/uploads\/2023\/08\/BANNERSA-CIDADE-1.png\",\"contentUrl\":\"https:\/\/meriti.rj.gov.br\/inicio\/wp-content\/uploads\/2023\/08\/BANNERSA-CIDADE-1.png\",\"width\":2851,\"height\":459},{\"@type\":\"BreadcrumbList\",\"@id\":\"https:\/\/meriti.rj.gov.br\/inicio\/a-cidade\/#breadcrumb\",\"itemListElement\":[{\"@type\":\"ListItem\",\"position\":1,\"name\":\"In\u00edcio\",\"item\":\"https:\/\/meriti.rj.gov.br\/inicio\/\"},{\"@type\":\"ListItem\",\"position\":2,\"name\":\"A Cidade\"}]},{\"@type\":\"WebSite\",\"@id\":\"https:\/\/meriti.rj.gov.br\/inicio\/#website\",\"url\":\"https:\/\/meriti.rj.gov.br\/inicio\/\",\"name\":\"portal.meriti\",\"description\":\"Prefeitura Municipal de S\u00e3o Jo\u00e3o de Meriti\",\"publisher\":{\"@id\":\"https:\/\/meriti.rj.gov.br\/inicio\/#organization\"},\"potentialAction\":[{\"@type\":\"SearchAction\",\"target\":{\"@type\":\"EntryPoint\",\"urlTemplate\":\"https:\/\/meriti.rj.gov.br\/inicio\/?s={search_term_string}\"},\"query-input\":{\"@type\":\"PropertyValueSpecification\",\"valueRequired\":true,\"valueName\":\"search_term_string\"}}],\"inLanguage\":\"pt-BR\"},{\"@type\":\"Organization\",\"@id\":\"https:\/\/meriti.rj.gov.br\/inicio\/#organization\",\"name\":\"Prefeitura Municipal de S\u00e3o Jo\u00e3o de Meriti\",\"url\":\"https:\/\/meriti.rj.gov.br\/inicio\/\",\"logo\":{\"@type\":\"ImageObject\",\"inLanguage\":\"pt-BR\",\"@id\":\"https:\/\/meriti.rj.gov.br\/inicio\/#\/schema\/logo\/image\/\",\"url\":\"https:\/\/meriti.rj.gov.br\/inicio\/wp-content\/uploads\/2023\/04\/cropped-logo.png\",\"contentUrl\":\"https:\/\/meriti.rj.gov.br\/inicio\/wp-content\/uploads\/2023\/04\/cropped-logo.png\",\"width\":512,\"height\":512,\"caption\":\"Prefeitura Municipal de S\u00e3o Jo\u00e3o de Meriti\"},\"image\":{\"@id\":\"https:\/\/meriti.rj.gov.br\/inicio\/#\/schema\/logo\/image\/\"}}]}<\/script>\n<!-- \/ Yoast SEO plugin. -->","yoast_head_json":{"title":"A Cidade - Prefeitura Municipal de S\u00e3o Jo\u00e3o de Meriti","robots":{"index":"index","follow":"follow","max-snippet":"max-snippet:-1","max-image-preview":"max-image-preview:large","max-video-preview":"max-video-preview:-1"},"canonical":"https:\/\/meriti.rj.gov.br\/inicio\/a-cidade\/","og_locale":"pt_BR","og_type":"article","og_title":"A Cidade - Prefeitura Municipal de S\u00e3o Jo\u00e3o de Meriti","og_description":"O Munic\u00edpio Pra\u00e7a da Matriz \u00a0 A cidade de S\u00e3o Jo\u00e3o de Meriti est\u00e1 localizada na Baixada Fluminense. \u00c9 cortada pela Via Dutra, localizando-se a&hellip;","og_url":"https:\/\/meriti.rj.gov.br\/inicio\/a-cidade\/","og_site_name":"Prefeitura Municipal de S\u00e3o Jo\u00e3o de Meriti","article_modified_time":"2025-01-07T12:03:33+00:00","og_image":[{"url":"https:\/\/meriti.rj.gov.br\/inicio\/wp-content\/uploads\/2023\/08\/BANNERSA-CIDADE-1-2048x330.png","type":"","width":"","height":""}],"twitter_card":"summary_large_image","twitter_misc":{"Est. tempo de leitura":"4 minutos"},"schema":{"@context":"https:\/\/schema.org","@graph":[{"@type":"WebPage","@id":"https:\/\/meriti.rj.gov.br\/inicio\/a-cidade\/","url":"https:\/\/meriti.rj.gov.br\/inicio\/a-cidade\/","name":"A Cidade - Prefeitura Municipal de S\u00e3o Jo\u00e3o de Meriti","isPartOf":{"@id":"https:\/\/meriti.rj.gov.br\/inicio\/#website"},"primaryImageOfPage":{"@id":"https:\/\/meriti.rj.gov.br\/inicio\/a-cidade\/#primaryimage"},"image":{"@id":"https:\/\/meriti.rj.gov.br\/inicio\/a-cidade\/#primaryimage"},"thumbnailUrl":"https:\/\/meriti.rj.gov.br\/inicio\/wp-content\/uploads\/2023\/08\/BANNERSA-CIDADE-1-2048x330.png","datePublished":"2023-04-14T14:03:21+00:00","dateModified":"2025-01-07T12:03:33+00:00","breadcrumb":{"@id":"https:\/\/meriti.rj.gov.br\/inicio\/a-cidade\/#breadcrumb"},"inLanguage":"pt-BR","potentialAction":[{"@type":"ReadAction","target":["https:\/\/meriti.rj.gov.br\/inicio\/a-cidade\/"]}]},{"@type":"ImageObject","inLanguage":"pt-BR","@id":"https:\/\/meriti.rj.gov.br\/inicio\/a-cidade\/#primaryimage","url":"https:\/\/meriti.rj.gov.br\/inicio\/wp-content\/uploads\/2023\/08\/BANNERSA-CIDADE-1.png","contentUrl":"https:\/\/meriti.rj.gov.br\/inicio\/wp-content\/uploads\/2023\/08\/BANNERSA-CIDADE-1.png","width":2851,"height":459},{"@type":"BreadcrumbList","@id":"https:\/\/meriti.rj.gov.br\/inicio\/a-cidade\/#breadcrumb","itemListElement":[{"@type":"ListItem","position":1,"name":"In\u00edcio","item":"https:\/\/meriti.rj.gov.br\/inicio\/"},{"@type":"ListItem","position":2,"name":"A Cidade"}]},{"@type":"WebSite","@id":"https:\/\/meriti.rj.gov.br\/inicio\/#website","url":"https:\/\/meriti.rj.gov.br\/inicio\/","name":"portal.meriti","description":"Prefeitura Municipal de S\u00e3o Jo\u00e3o de Meriti","publisher":{"@id":"https:\/\/meriti.rj.gov.br\/inicio\/#organization"},"potentialAction":[{"@type":"SearchAction","target":{"@type":"EntryPoint","urlTemplate":"https:\/\/meriti.rj.gov.br\/inicio\/?s={search_term_string}"},"query-input":{"@type":"PropertyValueSpecification","valueRequired":true,"valueName":"search_term_string"}}],"inLanguage":"pt-BR"},{"@type":"Organization","@id":"https:\/\/meriti.rj.gov.br\/inicio\/#organization","name":"Prefeitura Municipal de S\u00e3o Jo\u00e3o de Meriti","url":"https:\/\/meriti.rj.gov.br\/inicio\/","logo":{"@type":"ImageObject","inLanguage":"pt-BR","@id":"https:\/\/meriti.rj.gov.br\/inicio\/#\/schema\/logo\/image\/","url":"https:\/\/meriti.rj.gov.br\/inicio\/wp-content\/uploads\/2023\/04\/cropped-logo.png","contentUrl":"https:\/\/meriti.rj.gov.br\/inicio\/wp-content\/uploads\/2023\/04\/cropped-logo.png","width":512,"height":512,"caption":"Prefeitura Municipal de S\u00e3o Jo\u00e3o de Meriti"},"image":{"@id":"https:\/\/meriti.rj.gov.br\/inicio\/#\/schema\/logo\/image\/"}}]}},"_links":{"self":[{"href":"https:\/\/meriti.rj.gov.br\/inicio\/wp-json\/wp\/v2\/pages\/677","targetHints":{"allow":["GET"]}}],"collection":[{"href":"https:\/\/meriti.rj.gov.br\/inicio\/wp-json\/wp\/v2\/pages"}],"about":[{"href":"https:\/\/meriti.rj.gov.br\/inicio\/wp-json\/wp\/v2\/types\/page"}],"author":[{"embeddable":true,"href":"https:\/\/meriti.rj.gov.br\/inicio\/wp-json\/wp\/v2\/users\/1"}],"replies":[{"embeddable":true,"href":"https:\/\/meriti.rj.gov.br\/inicio\/wp-json\/wp\/v2\/comments?post=677"}],"version-history":[{"count":121,"href":"https:\/\/meriti.rj.gov.br\/inicio\/wp-json\/wp\/v2\/pages\/677\/revisions"}],"predecessor-version":[{"id":10032,"href":"https:\/\/meriti.rj.gov.br\/inicio\/wp-json\/wp\/v2\/pages\/677\/revisions\/10032"}],"wp:attachment":[{"href":"https:\/\/meriti.rj.gov.br\/inicio\/wp-json\/wp\/v2\/media?parent=677"}],"curies":[{"name":"wp","href":"https:\/\/api.w.org\/{rel}","templated":true}]}}