{"id":2899,"date":"2023-06-06T14:48:17","date_gmt":"2023-06-06T17:48:17","guid":{"rendered":"https:\/\/meriti.rj.gov.br\/wordpress\/?page_id=2899"},"modified":"2024-01-05T14:51:50","modified_gmt":"2024-01-05T17:51:50","slug":"fale-conosco","status":"publish","type":"page","link":"https:\/\/meriti.rj.gov.br\/inicio\/fale-conosco\/","title":{"rendered":"FALE CONOSCO"},"content":{"rendered":"\t\t<div data-elementor-type=\"wp-page\" data-elementor-id=\"2899\" class=\"elementor elementor-2899\" data-elementor-post-type=\"page\">\n\t\t\t\t<div class=\"elementor-element elementor-element-4bc62e6 e-flex e-con-boxed e-con e-parent\" data-id=\"4bc62e6\" data-element_type=\"container\" data-e-type=\"container\">\n\t\t\t\t\t<div class=\"e-con-inner\">\n\t\t\t\t<div class=\"elementor-element elementor-element-34b4eb8 elementor-widget elementor-widget-image\" data-id=\"34b4eb8\" data-element_type=\"widget\" data-e-type=\"widget\" data-widget_type=\"image.default\">\n\t\t\t\t<div class=\"elementor-widget-container\">\n\t\t\t\t\t\t\t\t\t\t\t\t\t\t\t<img fetchpriority=\"high\" decoding=\"async\" width=\"2851\" height=\"458\" src=\"https:\/\/meriti.rj.gov.br\/inicio\/wp-content\/uploads\/2023\/08\/BANNERSFALE-CONOSCO-1.png\" class=\"attachment-full size-full wp-image-4875\" alt=\"\" srcset=\"https:\/\/meriti.rj.gov.br\/inicio\/wp-content\/uploads\/2023\/08\/BANNERSFALE-CONOSCO-1.png 2851w, https:\/\/meriti.rj.gov.br\/inicio\/wp-content\/uploads\/2023\/08\/BANNERSFALE-CONOSCO-1-300x48.png 300w, https:\/\/meriti.rj.gov.br\/inicio\/wp-content\/uploads\/2023\/08\/BANNERSFALE-CONOSCO-1-1024x165.png 1024w, https:\/\/meriti.rj.gov.br\/inicio\/wp-content\/uploads\/2023\/08\/BANNERSFALE-CONOSCO-1-768x123.png 768w, https:\/\/meriti.rj.gov.br\/inicio\/wp-content\/uploads\/2023\/08\/BANNERSFALE-CONOSCO-1-1536x247.png 1536w, https:\/\/meriti.rj.gov.br\/inicio\/wp-content\/uploads\/2023\/08\/BANNERSFALE-CONOSCO-1-2048x329.png 2048w\" sizes=\"(max-width: 2851px) 100vw, 2851px\" \/>\t\t\t\t\t\t\t\t\t\t\t\t\t\t\t<\/div>\n\t\t\t\t<\/div>\n\t\t\t\t\t<\/div>\n\t\t\t\t<\/div>\n\t\t<div class=\"elementor-element elementor-element-80fab7b e-grid e-con-boxed e-con e-parent\" data-id=\"80fab7b\" data-element_type=\"container\" data-e-type=\"container\">\n\t\t\t\t\t<div class=\"e-con-inner\">\n\t\t\t\t<div class=\"elementor-element elementor-element-98150f3 eael-contact-form-7-button-align-right eael-contact-form-7-button-align-left eael-contact-form-7-button-custom elementor-widget elementor-widget-eael-contact-form-7\" data-id=\"98150f3\" data-element_type=\"widget\" data-e-type=\"widget\" data-widget_type=\"eael-contact-form-7.default\">\n\t\t\t\t<div class=\"elementor-widget-container\">\n\t\t\t\t\t<div class=\"eael-contact-form-7-wrapper\">\n                <div class=\"eael-contact-form eael-contact-form-7 eael-contact-form-98150f3 placeholder-show eael-custom-radio-checkbox eael-contact-form-align-left\">\n<div class=\"wpcf7 no-js\" id=\"wpcf7-f3733-o1\" lang=\"pt-BR\" dir=\"ltr\" data-wpcf7-id=\"3733\">\n<div class=\"screen-reader-response\"><p role=\"status\" aria-live=\"polite\" aria-atomic=\"true\"><\/p> <ul><\/ul><\/div>\n<form action=\"\/inicio\/wp-json\/wp\/v2\/pages\/2899#wpcf7-f3733-o1\" method=\"post\" class=\"wpcf7-form init\" aria-label=\"Formul\u00e1rios de contato\" novalidate=\"novalidate\" data-status=\"init\">\n<fieldset class=\"hidden-fields-container\"><input type=\"hidden\" name=\"_wpcf7\" value=\"3733\" \/><input type=\"hidden\" name=\"_wpcf7_version\" value=\"6.1.5\" \/><input type=\"hidden\" name=\"_wpcf7_locale\" value=\"pt_BR\" \/><input type=\"hidden\" name=\"_wpcf7_unit_tag\" value=\"wpcf7-f3733-o1\" \/><input type=\"hidden\" name=\"_wpcf7_container_post\" value=\"0\" \/><input type=\"hidden\" name=\"_wpcf7_posted_data_hash\" value=\"\" \/>\n<\/fieldset>\n<p><label>Nome Completo<br \/>\n<span class=\"wpcf7-form-control-wrap\" data-name=\"nome\"><input size=\"40\" maxlength=\"400\" class=\"wpcf7-form-control wpcf7-text wpcf7-validates-as-required\" aria-required=\"true\" aria-invalid=\"false\" value=\"\" type=\"text\" name=\"nome\" \/><\/span><br \/>\n<\/label>\n<\/p>\n<p><label>Email<br \/>\n<span class=\"wpcf7-form-control-wrap\" data-name=\"E-mail\"><input size=\"40\" maxlength=\"400\" class=\"wpcf7-form-control wpcf7-email wpcf7-validates-as-required wpcf7-text wpcf7-validates-as-email\" aria-required=\"true\" aria-invalid=\"false\" value=\"\" type=\"email\" name=\"E-mail\" \/><\/span><br \/>\n<\/label>\n<\/p>\n<p><label>Telefone<br \/>\n<span class=\"wpcf7-form-control-wrap\" data-name=\"Telefone\"><input size=\"40\" maxlength=\"400\" class=\"wpcf7-form-control wpcf7-tel wpcf7-validates-as-required wpcf7-text wpcf7-validates-as-tel\" aria-required=\"true\" aria-invalid=\"false\" value=\"\" type=\"tel\" name=\"Telefone\" \/><\/span><br \/>\n<\/label>\n<\/p>\n<p><label>Mensagem<br \/>\n<textarea name=\"mensagem\" rows=\"8\" cols=\"60\" required><\/textarea><br \/>\n<\/label>\n<\/p>\n<p><label>Qual o motivo de sua mensagem?<br \/>\n<span class=\"wpcf7-form-control-wrap\" data-name=\"Motivos\"><select class=\"wpcf7-form-control wpcf7-select wpcf7-validates-as-required\" aria-required=\"true\" aria-invalid=\"false\" name=\"Motivos\"><option value=\"D\u00favidas\">D\u00favidas<\/option><option value=\"Cr\u00edticas\">Cr\u00edticas<\/option><option value=\"Sugest\u00f5es\">Sugest\u00f5es<\/option><\/select><\/span><br \/>\n<\/label>\n<\/p>\n<p><label><br \/>\nSecretarias<br \/>\n<span class=\"wpcf7-form-control-wrap\" data-name=\"Departamentos\"><select class=\"wpcf7-form-control wpcf7-select wpcf7-validates-as-required\" aria-required=\"true\" aria-invalid=\"false\" name=\"Departamentos\"><option value=\"\">&#8212;Escolha uma op\u00e7\u00e3o&#8212;<\/option><option value=\"Procuradoria Geral do Munic\u00edpio\">Procuradoria Geral do Munic\u00edpio<\/option><option value=\"Secretaria Municipal de Governo\">Secretaria Municipal de Governo<\/option><option value=\"Secretaria Municipal de Administra\u00e7\u00e3o\">Secretaria Municipal de Administra\u00e7\u00e3o<\/option><option value=\"Secretaria Municipal de Ambiente Mudan\u00e7as do Clima e Bem-Estar Animal\">Secretaria Municipal de Ambiente Mudan\u00e7as do Clima e Bem-Estar Animal<\/option><option value=\"Secretaria Municipal de Controle Interno\">Secretaria Municipal de Controle Interno<\/option><option value=\"Secretaria Municipal de Educa\u00e7\u00e3o, Ci\u00eancia e Tecnologia\">Secretaria Municipal de Educa\u00e7\u00e3o, Ci\u00eancia e Tecnologia<\/option><option value=\"Secretaria Municipal de Planejamento e Inova\u00e7\u00e3o\">Secretaria Municipal de Planejamento e Inova\u00e7\u00e3o<\/option><option value=\"Secretaria Municipal de Esporte e Lazer\">Secretaria Municipal de Esporte e Lazer<\/option><option value=\"Secretaria Municipal de Fazenda\">Secretaria Municipal de Fazenda<\/option><option value=\"Secretaria Municipal de Obras e Servi\u00e7os P\u00fablicos\">Secretaria Municipal de Obras e Servi\u00e7os P\u00fablicos<\/option><option value=\"Secretaria Municipal de Seguran\u00e7a P\u00fablica e Mobilidades Urbana\">Secretaria Municipal de Seguran\u00e7a P\u00fablica e Mobilidades Urbana<\/option><option value=\"Secretaria Municipal de Habita\u00e7\u00e3o, Urbanismo e Ilumina\u00e7\u00e3o P\u00fablica\">Secretaria Municipal de Habita\u00e7\u00e3o, Urbanismo e Ilumina\u00e7\u00e3o P\u00fablica<\/option><option value=\"Secretaria Municipal de Assist\u00eancia Social\">Secretaria Municipal de Assist\u00eancia Social<\/option><option value=\"Secretaria Municipal de Sa\u00fade\">Secretaria Municipal de Sa\u00fade<\/option><option value=\"Secretaria Municipal de Apoio T\u00e9cnico Ao Prefeito\">Secretaria Municipal de Apoio T\u00e9cnico Ao Prefeito<\/option><option value=\"Secretaria Municipal da Cidade\">Secretaria Municipal da Cidade<\/option><option value=\"Secretaria Municipal de Cidadania\">Secretaria Municipal de Cidadania<\/option><option value=\"Secretaria Municipal de Defesa C\u00edvil\">Secretaria Municipal de Defesa C\u00edvil<\/option><option value=\"Secretaria Municipal de Cultura e Turismo\">Secretaria Municipal de Cultura e Turismo<\/option><option value=\"Secretaria Municipal de Comunica\u00e7\u00e3o Social\">Secretaria Municipal de Comunica\u00e7\u00e3o Social<\/option><option value=\"Secretaria Municipal de Compras e Contrata\u00e7\u00f5es P\u00fablicas\">Secretaria Municipal de Compras e Contrata\u00e7\u00f5es P\u00fablicas<\/option><option value=\"Secretaria Municipal de Trabalho e Renda\">Secretaria Municipal de Trabalho e Renda<\/option><option value=\"Secretaria Municipal de A\u00e7\u00e3o Comunit\u00e1ria\">Secretaria Municipal de A\u00e7\u00e3o Comunit\u00e1ria<\/option><option value=\"Secretaria Municipal de Aten\u00e7\u00e3o ao Idoso e \u00e0 Pessoa Com Defici\u00eancia\">Secretaria Municipal de Aten\u00e7\u00e3o ao Idoso e \u00e0 Pessoa Com Defici\u00eancia<\/option><\/select><\/span><br \/>\n<\/label>\n<\/p>\n<p><input class=\"wpcf7-form-control wpcf7-submit has-spinner\" type=\"submit\" value=\"enviar\" \/>\n<\/p><div class=\"wpcf7-response-output\" aria-hidden=\"true\"><\/div>\n<\/form>\n<\/div>\n<\/div>\n            <\/div>\t\t\t\t<\/div>\n\t\t\t\t<\/div>\n\t\t\t\t\t<\/div>\n\t\t\t\t<\/div>\n\t\t<div class=\"elementor-element elementor-element-872121f e-flex e-con-boxed e-con e-parent\" data-id=\"872121f\" data-element_type=\"container\" data-e-type=\"container\">\n\t\t\t\t\t<div class=\"e-con-inner\">\n\t\t\t\t\t<\/div>\n\t\t\t\t<\/div>\n\t\t<div class=\"elementor-element elementor-element-40effd4 e-flex e-con-boxed e-con e-parent\" data-id=\"40effd4\" data-element_type=\"container\" data-e-type=\"container\">\n\t\t\t\t\t<div class=\"e-con-inner\">\n\t\t\t\t<div class=\"elementor-element elementor-element-21967c0 elementor-widget elementor-widget-html\" data-id=\"21967c0\" data-element_type=\"widget\" data-e-type=\"widget\" data-widget_type=\"html.default\">\n\t\t\t\t<div class=\"elementor-widget-container\">\n\t\t\t\t\t<body> <!-- Inicio do corpo da p\u00e1gina -->\r\n\r\n  <!-- Conte\u00fado da p\u00e1gina -->\r\n\r\n  <div vw class=\"enabled\">\r\n    <div vw-access-button class=\"active\"><\/div>\r\n    <div vw-plugin-wrapper>\r\n      <div class=\"vw-plugin-top-wrapper\"><\/div>\r\n    <\/div>\r\n  <\/div>\r\n  <script src=\"https:\/\/vlibras.gov.br\/app\/vlibras-plugin.js\"><\/script>\r\n  <script>\r\n    new window.VLibras.Widget('https:\/\/vlibras.gov.br\/app');\r\n  <\/script>\r\n<\/body> <!-- Fim do corpo da p\u00e1gina -->\t\t\t\t<\/div>\n\t\t\t\t<\/div>\n\t\t\t\t\t<\/div>\n\t\t\t\t<\/div>\n\t\t\t\t<\/div>\n\t\t","protected":false},"excerpt":{"rendered":"<p>Nome Completo Email Telefone Mensagem Qual o motivo de sua mensagem? D\u00favidasCr\u00edticasSugest\u00f5es Secretarias &#8212;Escolha uma op\u00e7\u00e3o&#8212;Secretaria Municipal de Governo e Coordena\u00e7\u00e3o GeralProcuradoria Geral do Munic\u00edpioSecretaria&hellip;<\/p>\n","protected":false},"author":1,"featured_media":0,"parent":0,"menu_order":0,"comment_status":"closed","ping_status":"closed","template":"","meta":{"footnotes":""},"class_list":["post-2899","page","type-page","status-publish","hentry"],"yoast_head":"<!-- This site is optimized with the Yoast SEO plugin v27.3 - https:\/\/yoast.com\/product\/yoast-seo-wordpress\/ -->\n<title>FALE CONOSCO - Prefeitura Municipal de S\u00e3o Jo\u00e3o de Meriti<\/title>\n<meta name=\"robots\" content=\"index, follow, max-snippet:-1, max-image-preview:large, max-video-preview:-1\" \/>\n<link rel=\"canonical\" href=\"https:\/\/meriti.rj.gov.br\/inicio\/fale-conosco\/\" \/>\n<meta property=\"og:locale\" content=\"pt_BR\" \/>\n<meta property=\"og:type\" content=\"article\" \/>\n<meta property=\"og:title\" content=\"FALE CONOSCO - Prefeitura Municipal de S\u00e3o Jo\u00e3o de Meriti\" \/>\n<meta property=\"og:description\" content=\"Nome Completo Email Telefone Mensagem Qual o motivo de sua mensagem? D\u00favidasCr\u00edticasSugest\u00f5es Secretarias &#8212;Escolha uma op\u00e7\u00e3o&#8212;Secretaria Municipal de Governo e Coordena\u00e7\u00e3o GeralProcuradoria Geral do Munic\u00edpioSecretaria&hellip;\" \/>\n<meta property=\"og:url\" content=\"https:\/\/meriti.rj.gov.br\/inicio\/fale-conosco\/\" \/>\n<meta property=\"og:site_name\" content=\"Prefeitura Municipal de S\u00e3o Jo\u00e3o de Meriti\" \/>\n<meta property=\"article:modified_time\" content=\"2024-01-05T17:51:50+00:00\" \/>\n<meta property=\"og:image\" content=\"https:\/\/meriti.rj.gov.br\/inicio\/wp-content\/uploads\/2023\/08\/BANNERSFALE-CONOSCO-1.png\" \/>\n<meta name=\"twitter:card\" content=\"summary_large_image\" \/>\n<meta name=\"twitter:label1\" content=\"Est. tempo de leitura\" \/>\n\t<meta name=\"twitter:data1\" content=\"1 minuto\" \/>\n<script type=\"application\/ld+json\" class=\"yoast-schema-graph\">{\"@context\":\"https:\\\/\\\/schema.org\",\"@graph\":[{\"@type\":\"WebPage\",\"@id\":\"https:\\\/\\\/meriti.rj.gov.br\\\/inicio\\\/fale-conosco\\\/\",\"url\":\"https:\\\/\\\/meriti.rj.gov.br\\\/inicio\\\/fale-conosco\\\/\",\"name\":\"FALE CONOSCO - Prefeitura Municipal de S\u00e3o Jo\u00e3o de Meriti\",\"isPartOf\":{\"@id\":\"https:\\\/\\\/meriti.rj.gov.br\\\/inicio\\\/#website\"},\"primaryImageOfPage\":{\"@id\":\"https:\\\/\\\/meriti.rj.gov.br\\\/inicio\\\/fale-conosco\\\/#primaryimage\"},\"image\":{\"@id\":\"https:\\\/\\\/meriti.rj.gov.br\\\/inicio\\\/fale-conosco\\\/#primaryimage\"},\"thumbnailUrl\":\"https:\\\/\\\/meriti.rj.gov.br\\\/inicio\\\/wp-content\\\/uploads\\\/2023\\\/08\\\/BANNERSFALE-CONOSCO-1.png\",\"datePublished\":\"2023-06-06T17:48:17+00:00\",\"dateModified\":\"2024-01-05T17:51:50+00:00\",\"breadcrumb\":{\"@id\":\"https:\\\/\\\/meriti.rj.gov.br\\\/inicio\\\/fale-conosco\\\/#breadcrumb\"},\"inLanguage\":\"pt-BR\",\"potentialAction\":[{\"@type\":\"ReadAction\",\"target\":[\"https:\\\/\\\/meriti.rj.gov.br\\\/inicio\\\/fale-conosco\\\/\"]}]},{\"@type\":\"ImageObject\",\"inLanguage\":\"pt-BR\",\"@id\":\"https:\\\/\\\/meriti.rj.gov.br\\\/inicio\\\/fale-conosco\\\/#primaryimage\",\"url\":\"https:\\\/\\\/meriti.rj.gov.br\\\/inicio\\\/wp-content\\\/uploads\\\/2023\\\/08\\\/BANNERSFALE-CONOSCO-1.png\",\"contentUrl\":\"https:\\\/\\\/meriti.rj.gov.br\\\/inicio\\\/wp-content\\\/uploads\\\/2023\\\/08\\\/BANNERSFALE-CONOSCO-1.png\",\"width\":2851,\"height\":458},{\"@type\":\"BreadcrumbList\",\"@id\":\"https:\\\/\\\/meriti.rj.gov.br\\\/inicio\\\/fale-conosco\\\/#breadcrumb\",\"itemListElement\":[{\"@type\":\"ListItem\",\"position\":1,\"name\":\"In\u00edcio\",\"item\":\"https:\\\/\\\/meriti.rj.gov.br\\\/inicio\\\/\"},{\"@type\":\"ListItem\",\"position\":2,\"name\":\"FALE CONOSCO\"}]},{\"@type\":\"WebSite\",\"@id\":\"https:\\\/\\\/meriti.rj.gov.br\\\/inicio\\\/#website\",\"url\":\"https:\\\/\\\/meriti.rj.gov.br\\\/inicio\\\/\",\"name\":\"portal.meriti\",\"description\":\"Prefeitura Municipal de S\u00e3o Jo\u00e3o de Meriti\",\"publisher\":{\"@id\":\"https:\\\/\\\/meriti.rj.gov.br\\\/inicio\\\/#organization\"},\"potentialAction\":[{\"@type\":\"SearchAction\",\"target\":{\"@type\":\"EntryPoint\",\"urlTemplate\":\"https:\\\/\\\/meriti.rj.gov.br\\\/inicio\\\/?s={search_term_string}\"},\"query-input\":{\"@type\":\"PropertyValueSpecification\",\"valueRequired\":true,\"valueName\":\"search_term_string\"}}],\"inLanguage\":\"pt-BR\"},{\"@type\":\"Organization\",\"@id\":\"https:\\\/\\\/meriti.rj.gov.br\\\/inicio\\\/#organization\",\"name\":\"Prefeitura Municipal de S\u00e3o Jo\u00e3o de Meriti\",\"url\":\"https:\\\/\\\/meriti.rj.gov.br\\\/inicio\\\/\",\"logo\":{\"@type\":\"ImageObject\",\"inLanguage\":\"pt-BR\",\"@id\":\"https:\\\/\\\/meriti.rj.gov.br\\\/inicio\\\/#\\\/schema\\\/logo\\\/image\\\/\",\"url\":\"https:\\\/\\\/meriti.rj.gov.br\\\/inicio\\\/wp-content\\\/uploads\\\/2023\\\/04\\\/cropped-logo.png\",\"contentUrl\":\"https:\\\/\\\/meriti.rj.gov.br\\\/inicio\\\/wp-content\\\/uploads\\\/2023\\\/04\\\/cropped-logo.png\",\"width\":512,\"height\":512,\"caption\":\"Prefeitura Municipal de S\u00e3o Jo\u00e3o de Meriti\"},\"image\":{\"@id\":\"https:\\\/\\\/meriti.rj.gov.br\\\/inicio\\\/#\\\/schema\\\/logo\\\/image\\\/\"}}]}<\/script>\n<!-- \/ Yoast SEO plugin. -->","yoast_head_json":{"title":"FALE CONOSCO - Prefeitura Municipal de S\u00e3o Jo\u00e3o de Meriti","robots":{"index":"index","follow":"follow","max-snippet":"max-snippet:-1","max-image-preview":"max-image-preview:large","max-video-preview":"max-video-preview:-1"},"canonical":"https:\/\/meriti.rj.gov.br\/inicio\/fale-conosco\/","og_locale":"pt_BR","og_type":"article","og_title":"FALE CONOSCO - Prefeitura Municipal de S\u00e3o Jo\u00e3o de Meriti","og_description":"Nome Completo Email Telefone Mensagem Qual o motivo de sua mensagem? D\u00favidasCr\u00edticasSugest\u00f5es Secretarias &#8212;Escolha uma op\u00e7\u00e3o&#8212;Secretaria Municipal de Governo e Coordena\u00e7\u00e3o GeralProcuradoria Geral do Munic\u00edpioSecretaria&hellip;","og_url":"https:\/\/meriti.rj.gov.br\/inicio\/fale-conosco\/","og_site_name":"Prefeitura Municipal de S\u00e3o Jo\u00e3o de Meriti","article_modified_time":"2024-01-05T17:51:50+00:00","og_image":[{"url":"https:\/\/meriti.rj.gov.br\/inicio\/wp-content\/uploads\/2023\/08\/BANNERSFALE-CONOSCO-1.png","type":"","width":"","height":""}],"twitter_card":"summary_large_image","twitter_misc":{"Est. tempo de leitura":"1 minuto"},"schema":{"@context":"https:\/\/schema.org","@graph":[{"@type":"WebPage","@id":"https:\/\/meriti.rj.gov.br\/inicio\/fale-conosco\/","url":"https:\/\/meriti.rj.gov.br\/inicio\/fale-conosco\/","name":"FALE CONOSCO - Prefeitura Municipal de S\u00e3o Jo\u00e3o de Meriti","isPartOf":{"@id":"https:\/\/meriti.rj.gov.br\/inicio\/#website"},"primaryImageOfPage":{"@id":"https:\/\/meriti.rj.gov.br\/inicio\/fale-conosco\/#primaryimage"},"image":{"@id":"https:\/\/meriti.rj.gov.br\/inicio\/fale-conosco\/#primaryimage"},"thumbnailUrl":"https:\/\/meriti.rj.gov.br\/inicio\/wp-content\/uploads\/2023\/08\/BANNERSFALE-CONOSCO-1.png","datePublished":"2023-06-06T17:48:17+00:00","dateModified":"2024-01-05T17:51:50+00:00","breadcrumb":{"@id":"https:\/\/meriti.rj.gov.br\/inicio\/fale-conosco\/#breadcrumb"},"inLanguage":"pt-BR","potentialAction":[{"@type":"ReadAction","target":["https:\/\/meriti.rj.gov.br\/inicio\/fale-conosco\/"]}]},{"@type":"ImageObject","inLanguage":"pt-BR","@id":"https:\/\/meriti.rj.gov.br\/inicio\/fale-conosco\/#primaryimage","url":"https:\/\/meriti.rj.gov.br\/inicio\/wp-content\/uploads\/2023\/08\/BANNERSFALE-CONOSCO-1.png","contentUrl":"https:\/\/meriti.rj.gov.br\/inicio\/wp-content\/uploads\/2023\/08\/BANNERSFALE-CONOSCO-1.png","width":2851,"height":458},{"@type":"BreadcrumbList","@id":"https:\/\/meriti.rj.gov.br\/inicio\/fale-conosco\/#breadcrumb","itemListElement":[{"@type":"ListItem","position":1,"name":"In\u00edcio","item":"https:\/\/meriti.rj.gov.br\/inicio\/"},{"@type":"ListItem","position":2,"name":"FALE CONOSCO"}]},{"@type":"WebSite","@id":"https:\/\/meriti.rj.gov.br\/inicio\/#website","url":"https:\/\/meriti.rj.gov.br\/inicio\/","name":"portal.meriti","description":"Prefeitura Municipal de S\u00e3o Jo\u00e3o de Meriti","publisher":{"@id":"https:\/\/meriti.rj.gov.br\/inicio\/#organization"},"potentialAction":[{"@type":"SearchAction","target":{"@type":"EntryPoint","urlTemplate":"https:\/\/meriti.rj.gov.br\/inicio\/?s={search_term_string}"},"query-input":{"@type":"PropertyValueSpecification","valueRequired":true,"valueName":"search_term_string"}}],"inLanguage":"pt-BR"},{"@type":"Organization","@id":"https:\/\/meriti.rj.gov.br\/inicio\/#organization","name":"Prefeitura Municipal de S\u00e3o Jo\u00e3o de Meriti","url":"https:\/\/meriti.rj.gov.br\/inicio\/","logo":{"@type":"ImageObject","inLanguage":"pt-BR","@id":"https:\/\/meriti.rj.gov.br\/inicio\/#\/schema\/logo\/image\/","url":"https:\/\/meriti.rj.gov.br\/inicio\/wp-content\/uploads\/2023\/04\/cropped-logo.png","contentUrl":"https:\/\/meriti.rj.gov.br\/inicio\/wp-content\/uploads\/2023\/04\/cropped-logo.png","width":512,"height":512,"caption":"Prefeitura Municipal de S\u00e3o Jo\u00e3o de Meriti"},"image":{"@id":"https:\/\/meriti.rj.gov.br\/inicio\/#\/schema\/logo\/image\/"}}]}},"_links":{"self":[{"href":"https:\/\/meriti.rj.gov.br\/inicio\/wp-json\/wp\/v2\/pages\/2899","targetHints":{"allow":["GET"]}}],"collection":[{"href":"https:\/\/meriti.rj.gov.br\/inicio\/wp-json\/wp\/v2\/pages"}],"about":[{"href":"https:\/\/meriti.rj.gov.br\/inicio\/wp-json\/wp\/v2\/types\/page"}],"author":[{"embeddable":true,"href":"https:\/\/meriti.rj.gov.br\/inicio\/wp-json\/wp\/v2\/users\/1"}],"replies":[{"embeddable":true,"href":"https:\/\/meriti.rj.gov.br\/inicio\/wp-json\/wp\/v2\/comments?post=2899"}],"version-history":[{"count":193,"href":"https:\/\/meriti.rj.gov.br\/inicio\/wp-json\/wp\/v2\/pages\/2899\/revisions"}],"predecessor-version":[{"id":8962,"href":"https:\/\/meriti.rj.gov.br\/inicio\/wp-json\/wp\/v2\/pages\/2899\/revisions\/8962"}],"wp:attachment":[{"href":"https:\/\/meriti.rj.gov.br\/inicio\/wp-json\/wp\/v2\/media?parent=2899"}],"curies":[{"name":"wp","href":"https:\/\/api.w.org\/{rel}","templated":true}]}}