{"id":21960,"date":"2026-03-09T14:29:53","date_gmt":"2026-03-09T17:29:53","guid":{"rendered":"https:\/\/meriti.rj.gov.br\/inicio\/?page_id=21960"},"modified":"2026-03-24T17:32:23","modified_gmt":"2026-03-24T20:32:23","slug":"esportes","status":"publish","type":"page","link":"https:\/\/meriti.rj.gov.br\/inicio\/esportes\/","title":{"rendered":"esportes"},"content":{"rendered":"\t\t<div data-elementor-type=\"wp-page\" data-elementor-id=\"21960\" class=\"elementor elementor-21960\" data-elementor-post-type=\"page\">\n\t\t\t\t<div class=\"elementor-element elementor-element-65b17eb e-con-full e-flex e-con e-parent\" data-id=\"65b17eb\" data-element_type=\"container\" data-e-type=\"container\">\n\t\t\t\t<div class=\"elementor-element elementor-element-0c657a9 elementor-widget elementor-widget-image\" data-id=\"0c657a9\" data-element_type=\"widget\" data-e-type=\"widget\" data-widget_type=\"image.default\">\n\t\t\t\t<div class=\"elementor-widget-container\">\n\t\t\t\t\t\t\t\t\t\t\t\t\t\t\t<img fetchpriority=\"high\" decoding=\"async\" width=\"843\" height=\"135\" src=\"https:\/\/meriti.rj.gov.br\/inicio\/wp-content\/uploads\/2026\/03\/Gemini_Generated_Image_qiimnaqiimnaqiim-1024x164.png\" class=\"attachment-large size-large wp-image-22040\" alt=\"\" srcset=\"https:\/\/meriti.rj.gov.br\/inicio\/wp-content\/uploads\/2026\/03\/Gemini_Generated_Image_qiimnaqiimnaqiim-1024x164.png 1024w, https:\/\/meriti.rj.gov.br\/inicio\/wp-content\/uploads\/2026\/03\/Gemini_Generated_Image_qiimnaqiimnaqiim-300x48.png 300w, https:\/\/meriti.rj.gov.br\/inicio\/wp-content\/uploads\/2026\/03\/Gemini_Generated_Image_qiimnaqiimnaqiim-768x123.png 768w, https:\/\/meriti.rj.gov.br\/inicio\/wp-content\/uploads\/2026\/03\/Gemini_Generated_Image_qiimnaqiimnaqiim-1536x247.png 1536w, https:\/\/meriti.rj.gov.br\/inicio\/wp-content\/uploads\/2026\/03\/Gemini_Generated_Image_qiimnaqiimnaqiim-2048x329.png 2048w\" sizes=\"(max-width: 843px) 100vw, 843px\" \/>\t\t\t\t\t\t\t\t\t\t\t\t\t\t\t<\/div>\n\t\t\t\t<\/div>\n\t\t\t\t<\/div>\n\t\t<div class=\"elementor-element elementor-element-c9ac38c e-flex e-con-boxed e-con e-parent\" data-id=\"c9ac38c\" data-element_type=\"container\" data-e-type=\"container\">\n\t\t\t\t\t<div class=\"e-con-inner\">\n\t\t\t\t<div class=\"elementor-element elementor-element-6d99a80 elementor-widget elementor-widget-heading\" data-id=\"6d99a80\" data-element_type=\"widget\" data-e-type=\"widget\" data-widget_type=\"heading.default\">\n\t\t\t\t<div class=\"elementor-widget-container\">\n\t\t\t\t\t<h2 class=\"elementor-heading-title elementor-size-default\">Rela\u00e7\u00e3o de Modalidades <\/h2>\t\t\t\t<\/div>\n\t\t\t\t<\/div>\n\t\t\t\t\t<\/div>\n\t\t\t\t<\/div>\n\t\t<div class=\"elementor-element elementor-element-f7e4ec6 e-flex e-con-boxed e-con e-parent\" data-id=\"f7e4ec6\" data-element_type=\"container\" data-e-type=\"container\">\n\t\t\t\t\t<div class=\"e-con-inner\">\n\t\t\t\t<div class=\"elementor-element elementor-element-a9eeba3 elementor-widget elementor-widget-accordion\" data-id=\"a9eeba3\" data-element_type=\"widget\" data-e-type=\"widget\" data-widget_type=\"accordion.default\">\n\t\t\t\t<div class=\"elementor-widget-container\">\n\t\t\t\t\t\t\t<div class=\"elementor-accordion\">\n\t\t\t\t\t\t\t<div class=\"elementor-accordion-item\">\n\t\t\t\t\t<div id=\"elementor-tab-title-1781\" class=\"elementor-tab-title\" data-tab=\"1\" role=\"button\" aria-controls=\"elementor-tab-content-1781\" aria-expanded=\"false\">\n\t\t\t\t\t\t\t\t\t\t\t\t\t<span class=\"elementor-accordion-icon elementor-accordion-icon-left\" aria-hidden=\"true\">\n\t\t\t\t\t\t\t\t\t\t\t\t\t\t\t<span class=\"elementor-accordion-icon-closed\"><svg class=\"e-font-icon-svg e-fas-plus\" viewBox=\"0 0 448 512\" xmlns=\"http:\/\/www.w3.org\/2000\/svg\"><path d=\"M416 208H272V64c0-17.67-14.33-32-32-32h-32c-17.67 0-32 14.33-32 32v144H32c-17.67 0-32 14.33-32 32v32c0 17.67 14.33 32 32 32h144v144c0 17.67 14.33 32 32 32h32c17.67 0 32-14.33 32-32V304h144c17.67 0 32-14.33 32-32v-32c0-17.67-14.33-32-32-32z\"><\/path><\/svg><\/span>\n\t\t\t\t\t\t\t\t<span class=\"elementor-accordion-icon-opened\"><svg class=\"e-font-icon-svg e-fas-minus\" viewBox=\"0 0 448 512\" xmlns=\"http:\/\/www.w3.org\/2000\/svg\"><path d=\"M416 208H32c-17.67 0-32 14.33-32 32v32c0 17.67 14.33 32 32 32h384c17.67 0 32-14.33 32-32v-32c0-17.67-14.33-32-32-32z\"><\/path><\/svg><\/span>\n\t\t\t\t\t\t\t\t\t\t\t\t\t\t<\/span>\n\t\t\t\t\t\t\t\t\t\t\t\t<a class=\"elementor-accordion-title\" tabindex=\"0\">VILA OL\u00cdMPICA DE SJM<\/a>\n\t\t\t\t\t<\/div>\n\t\t\t\t\t<div id=\"elementor-tab-content-1781\" class=\"elementor-tab-content elementor-clearfix\" data-tab=\"1\" role=\"region\" aria-labelledby=\"elementor-tab-title-1781\"><p><style>\n.lista-modalidades{<br \/>  list-style-type: disc;<br \/>  padding-left:20px;<br \/>  margin-bottom:35px; \/* espa\u00e7o maior ap\u00f3s a lista *\/<br \/>}<\/p>\n<p>.lista-modalidades > li{<br \/>  margin-bottom:18px; \/* espa\u00e7o entre modalidades *\/<br \/>}<\/p>\n<p>\/* cor dos t\u00edtulos das modalidades *\/<br \/>.lista-modalidades > li > b{<br \/>  color:#008000;<br \/>}<\/p>\n<p>.lista-modalidades ul{<br \/>  margin-top:6px;<br \/>  margin-bottom:0;<br \/>  padding-left:18px;<br \/>}<\/p>\n<p>.lista-modalidades ul li{<br \/>  margin-bottom:3px; \/* espa\u00e7o pequeno entre subitens *\/<br \/>  line-height:1.35;<br \/>}<br \/><\/style><\/p><p><b>Confira as modalidades dispon\u00edveis, hor\u00e1rios e faixas et\u00e1rias:<\/b><\/p><ul class=\"lista-modalidades\"><li><b>CAPOEIRA<\/b><ul><li><b>Turma:<\/b> \u00danica<\/li><li><b>Dias\/Hor\u00e1rios:<\/b> Quarta e Sexta | 19h \u00e0s 21h<\/li><li><b>Faixa Et\u00e1ria:<\/b> A partir de 5 anos<\/li><\/ul><\/li><li><b>FUNCIONAL KIDS<\/b><ul><li><b>Turma:<\/b> \u00danica<\/li><li><b>Dias\/Hor\u00e1rios:<\/b> Ter\u00e7a e Quinta | 8h \u00e0s 9h<\/li><li><b>Faixa Et\u00e1ria:<\/b> 6 a 12 anos<\/li><\/ul><\/li><li><b>FUTEBOL<\/b><ul><li><b>Sub-12:<\/b> Segunda e Quarta | 16h \u00e0s 17h (7 a 12 anos)<\/li><li><b>Sub-15:<\/b> Segunda e Quarta | 14h \u00e0s 15h (13 a 15 anos)<\/li><\/ul><\/li><li><b>FUTSAL MASCULINO<\/b><ul><li><b>Sub-9:<\/b> Ter\u00e7a e Quinta | 16h \u00e0s 17h (6 a 9 anos)<\/li><li><b>Sub-14:<\/b> Ter\u00e7a e Quinta | 17h \u00e0s 18h (10 a 14 anos)<\/li><\/ul><\/li><li><b>FUTSAL FEMININO<\/b><ul><li><b>Sub-12 \/ 14 \/ 17:<\/b> Quinta | 18h (10 a 17 anos)<\/li><\/ul><\/li><li><b>HITBOX \/ FUNCIONAL<\/b><ul><li><b>Manh\u00e3:<\/b> Segunda e Quarta | 8h (A partir de 18 anos)<\/li><li><b>Noite:<\/b> Segunda 18h | Quinta 19h (A partir de 18 anos)<\/li><\/ul><\/li><li><b>JIU-JITSU<\/b><ul><li><b>Infantil:<\/b> Ter\u00e7a e Quinta | 18h \u00e0s 19h (7 a 13 anos)<\/li><li><b>Juvenil\/Adulto:<\/b> Ter\u00e7a e Quinta | 19h \u00e0s 20h (A partir de 14 anos)<\/li><\/ul><\/li><li><b>LUTA LIVRE<\/b><ul><li><b>Infantil:<\/b> Ter\u00e7a e Quinta | 19h \u00e0s 20h (7 a 13 anos)<\/li><li><b>Juvenil\/Adulto:<\/b> Ter\u00e7a e Quinta | 20h \u00e0s 21h (A partir de 14 anos)<\/li><\/ul><\/li><li><b>MUAY THAI<\/b><ul><li><b>Infantil:<\/b> Quarta e Sexta | 18h \u00e0s 19h (7 a 13 anos)<\/li><li><b>Juvenil\/Adulto:<\/b> Quarta e Sexta | 19h \u00e0s 20h (A partir de 14 anos)<\/li><\/ul><\/li><li><b>V\u00d4LEI<\/b><ul><li><b>Sub-14:<\/b> Segunda e Quarta | 15h \u00e0s 16h (11 a 14 anos)<\/li><li><b>Sub-17:<\/b> Segunda e Quarta | 16h \u00e0s 17h (15 a 17 anos)<\/li><\/ul><\/li><li><b>YOGA<\/b><ul><li><b>Manh\u00e3:<\/b> Segunda | 8h \u00e0s 9h (Livre)<\/li><li><b>M\u00e3es e Pais At\u00edpicos:<\/b> Ter\u00e7a e Quinta | 9h e 10h (Livre)<\/li><li><b>Noite:<\/b> Sexta | 19h \u00e0s 20h (Livre)<\/li><\/ul><\/li><\/ul><hr \/><p><b>IMPORTANTE:<\/b> Para realizar sua inscri\u00e7\u00e3o em qualquer uma das atividades acima, clique no bot\u00e3o abaixo.<\/p><\/div>\n\t\t\t\t<\/div>\n\t\t\t\t\t\t\t<div class=\"elementor-accordion-item\">\n\t\t\t\t\t<div id=\"elementor-tab-title-1782\" class=\"elementor-tab-title\" data-tab=\"2\" role=\"button\" aria-controls=\"elementor-tab-content-1782\" aria-expanded=\"false\">\n\t\t\t\t\t\t\t\t\t\t\t\t\t<span class=\"elementor-accordion-icon elementor-accordion-icon-left\" aria-hidden=\"true\">\n\t\t\t\t\t\t\t\t\t\t\t\t\t\t\t<span class=\"elementor-accordion-icon-closed\"><svg class=\"e-font-icon-svg e-fas-plus\" viewBox=\"0 0 448 512\" xmlns=\"http:\/\/www.w3.org\/2000\/svg\"><path d=\"M416 208H272V64c0-17.67-14.33-32-32-32h-32c-17.67 0-32 14.33-32 32v144H32c-17.67 0-32 14.33-32 32v32c0 17.67 14.33 32 32 32h144v144c0 17.67 14.33 32 32 32h32c17.67 0 32-14.33 32-32V304h144c17.67 0 32-14.33 32-32v-32c0-17.67-14.33-32-32-32z\"><\/path><\/svg><\/span>\n\t\t\t\t\t\t\t\t<span class=\"elementor-accordion-icon-opened\"><svg class=\"e-font-icon-svg e-fas-minus\" viewBox=\"0 0 448 512\" xmlns=\"http:\/\/www.w3.org\/2000\/svg\"><path d=\"M416 208H32c-17.67 0-32 14.33-32 32v32c0 17.67 14.33 32 32 32h384c17.67 0 32-14.33 32-32v-32c0-17.67-14.33-32-32-32z\"><\/path><\/svg><\/span>\n\t\t\t\t\t\t\t\t\t\t\t\t\t\t<\/span>\n\t\t\t\t\t\t\t\t\t\t\t\t<a class=\"elementor-accordion-title\" tabindex=\"0\">CENTRO AQU\u00c1TICO<\/a>\n\t\t\t\t\t<\/div>\n\t\t\t\t\t<div id=\"elementor-tab-content-1782\" class=\"elementor-tab-content elementor-clearfix\" data-tab=\"2\" role=\"region\" aria-labelledby=\"elementor-tab-title-1782\"><p><style>\n.lista-modalidades{<br \/>  list-style-type: disc;<br \/>  padding-left:20px;<br \/>  margin-bottom:35px; \/* espa\u00e7o ap\u00f3s a lista *\/<br \/>}<\/p>\n<p>.lista-modalidades > li{<br \/>  margin-bottom:18px; \/* espa\u00e7o entre modalidades *\/<br \/>}<\/p>\n<p>\/* t\u00edtulos das modalidades *\/<br \/>.lista-modalidades > li > b{<br \/>  color:#008000;<br \/>}<\/p>\n<p>.lista-modalidades ul{<br \/>  margin-top:6px;<br \/>  margin-bottom:0;<br \/>  padding-left:18px;<br \/>}<\/p>\n<p>.lista-modalidades ul li{<br \/>  margin-bottom:3px; \/* subitens mais pr\u00f3ximos *\/<br \/>  line-height:1.35;<br \/>}<br \/><\/style><\/p><p><b>Confira as modalidades dispon\u00edveis, hor\u00e1rios e faixas et\u00e1rias:<\/b><\/p><ul class=\"lista-modalidades\"><li><b>HIDROGIN\u00c1STICA<\/b><ul><li><b>Manh\u00e3:<\/b> Ter\u00e7a e Quinta | 7h, 8h e 9h<\/li><li><b>Tarde:<\/b> Ter\u00e7a e Quinta | 14h, 15h e 16h<\/li><li><b>Faixa Et\u00e1ria:<\/b> A partir de 18 anos<\/li><\/ul><\/li><li><b>NATA\u00c7\u00c3O INFANTIL<\/b><ul><li><b>Manh\u00e3:<\/b> Ter\u00e7a e Quinta | 10h e 11h<\/li><li><b>Tarde:<\/b> Ter\u00e7a e Quinta | 14h, 15h e 16h<\/li><li><b>Faixa Et\u00e1ria:<\/b> 7 a 14 anos<\/li><\/ul><\/li><li><b>NATA\u00c7\u00c3O ADULTO<\/b><ul><li><b>Hor\u00e1rios:<\/b> Ter\u00e7a e Quinta | 17h<\/li><li><b>Faixa Et\u00e1ria:<\/b> A partir de 15 anos<\/li><\/ul><\/li><li><b>NATA\u00c7\u00c3O (PCD)<\/b><ul><li><b>Hor\u00e1rios:<\/b> Quarta e Sexta | 8h \u00e0s 12h<\/li><li><b>Faixa Et\u00e1ria:<\/b> Livre<\/li><\/ul><\/li><\/ul><hr \/><p><b>IMPORTANTE:<\/b> Para realizar sua inscri\u00e7\u00e3o em qualquer uma das atividades acima, clique no bot\u00e3o abaixo.<\/p><\/div>\n\t\t\t\t<\/div>\n\t\t\t\t\t\t\t<div class=\"elementor-accordion-item\">\n\t\t\t\t\t<div id=\"elementor-tab-title-1783\" class=\"elementor-tab-title\" data-tab=\"3\" role=\"button\" aria-controls=\"elementor-tab-content-1783\" aria-expanded=\"false\">\n\t\t\t\t\t\t\t\t\t\t\t\t\t<span class=\"elementor-accordion-icon elementor-accordion-icon-left\" aria-hidden=\"true\">\n\t\t\t\t\t\t\t\t\t\t\t\t\t\t\t<span class=\"elementor-accordion-icon-closed\"><svg class=\"e-font-icon-svg e-fas-plus\" viewBox=\"0 0 448 512\" xmlns=\"http:\/\/www.w3.org\/2000\/svg\"><path d=\"M416 208H272V64c0-17.67-14.33-32-32-32h-32c-17.67 0-32 14.33-32 32v144H32c-17.67 0-32 14.33-32 32v32c0 17.67 14.33 32 32 32h144v144c0 17.67 14.33 32 32 32h32c17.67 0 32-14.33 32-32V304h144c17.67 0 32-14.33 32-32v-32c0-17.67-14.33-32-32-32z\"><\/path><\/svg><\/span>\n\t\t\t\t\t\t\t\t<span class=\"elementor-accordion-icon-opened\"><svg class=\"e-font-icon-svg e-fas-minus\" viewBox=\"0 0 448 512\" xmlns=\"http:\/\/www.w3.org\/2000\/svg\"><path d=\"M416 208H32c-17.67 0-32 14.33-32 32v32c0 17.67 14.33 32 32 32h384c17.67 0 32-14.33 32-32v-32c0-17.67-14.33-32-32-32z\"><\/path><\/svg><\/span>\n\t\t\t\t\t\t\t\t\t\t\t\t\t\t<\/span>\n\t\t\t\t\t\t\t\t\t\t\t\t<a class=\"elementor-accordion-title\" tabindex=\"0\">COMPLEXO ESPORTIVO VALTER PEREIRA DA SILVA (POEIR\u00c3O)<\/a>\n\t\t\t\t\t<\/div>\n\t\t\t\t\t<div id=\"elementor-tab-content-1783\" class=\"elementor-tab-content elementor-clearfix\" data-tab=\"3\" role=\"region\" aria-labelledby=\"elementor-tab-title-1783\"><style>\n.lista-modalidades{\n  list-style-type: disc;\n  padding-left:20px;\n  margin-bottom:35px; \/* espa\u00e7o ap\u00f3s a lista *\/\n}\n\n.lista-modalidades > li{\n  margin-bottom:18px; \/* espa\u00e7o entre modalidades *\/\n}\n\n\/* t\u00edtulos das modalidades *\/\n.lista-modalidades > li > b{\n  color:#008000;\n}\n\n.lista-modalidades ul{\n  margin-top:6px;\n  margin-bottom:0;\n  padding-left:18px;\n}\n\n.lista-modalidades ul li{\n  margin-bottom:3px; \/* subitens mais pr\u00f3ximos *\/\n  line-height:1.35;\n}\n<\/style>\n\n<p><b>Confira as modalidades dispon\u00edveis, hor\u00e1rios e faixas et\u00e1rias:<\/b><\/p>\n\n<ul class=\"lista-modalidades\">\n\n<li>\n<b>FUTEBOL<\/b>\n<ul>\n<li><b>Sub-11:<\/b> Ter\u00e7a e Quinta | 8h \u00e0s 9h e 14h \u00e0s 15h<\/li>\n<li><b>Sub-13:<\/b> Ter\u00e7a e Quinta | 9h \u00e0s 10h e 15h \u00e0s 16h<\/li>\n<li><b>Sub-15:<\/b> Ter\u00e7a e Quinta | 10h \u00e0s 11h e 16h \u00e0s 17h<\/li>\n<li><b>Faixa Et\u00e1ria:<\/b> 7 a 15 anos<\/li>\n<\/ul>\n<\/li>\n\n<li>\n<b>FUTSAL<\/b>\n<ul>\n<li><b>Sub-11:<\/b> Segunda e Quarta | 8h \u00e0s 9h e 14h \u00e0s 15h<\/li>\n<li><b>Sub-13:<\/b> Segunda e Quarta | 9h \u00e0s 10h e 15h \u00e0s 16h<\/li>\n<li><b>Sub-15:<\/b> Segunda e Quarta | 10h \u00e0s 11h e 16h \u00e0s 17h<\/li>\n<li><b>Faixa Et\u00e1ria:<\/b> 7 a 15 anos<\/li>\n<\/ul>\n<\/li>\n\n<li>\n<b>GIN\u00c1STICA \/ RITMOS<\/b>\n<ul>\n<li><b>Hor\u00e1rios:<\/b> Segunda e Quarta | 8h e 18h<\/li>\n<li><b>Faixa Et\u00e1ria:<\/b> A partir de 18 anos<\/li>\n<\/ul>\n<\/li>\n\n<li>\n<b>JUD\u00d4<\/b>\n<ul>\n<li><b>Infantil:<\/b> Segunda e Quarta | 18h \u00e0s 19h (7 a 13 anos)<\/li>\n<li><b>Juvenil\/Adulto:<\/b> Segunda e Quarta | 19h \u00e0s 20h (A partir de 14 anos)<\/li>\n<\/ul>\n<\/li>\n\n<\/ul>\n\n<hr>\n\n<p><b>IMPORTANTE:<\/b> Para realizar sua inscri\u00e7\u00e3o em qualquer uma das atividades acima, clique no bot\u00e3o abaixo.<\/p><\/div>\n\t\t\t\t<\/div>\n\t\t\t\t\t\t\t\t<\/div>\n\t\t\t\t\t\t<\/div>\n\t\t\t\t<\/div>\n\t\t\t\t\t<\/div>\n\t\t\t\t<\/div>\n\t\t<div class=\"elementor-element elementor-element-2a5d084 e-flex e-con-boxed e-con e-parent\" data-id=\"2a5d084\" data-element_type=\"container\" data-e-type=\"container\">\n\t\t\t\t\t<div class=\"e-con-inner\">\n\t\t<!-- dce invisible element e26b7ab -->\t\t\t<\/div>\n\t\t\t\t<\/div>\n\t\t\t\t<\/div>\n\t\t","protected":false},"excerpt":{"rendered":"<p>Rela\u00e7\u00e3o de Modalidades VILA OL\u00cdMPICA DE SJM Confira as modalidades dispon\u00edveis, hor\u00e1rios e faixas et\u00e1rias: CAPOEIRA Turma: \u00danica Dias\/Hor\u00e1rios: Quarta e Sexta | 19h \u00e0s&hellip;<\/p>\n","protected":false},"author":2,"featured_media":0,"parent":0,"menu_order":0,"comment_status":"closed","ping_status":"closed","template":"","meta":{"footnotes":""},"class_list":["post-21960","page","type-page","status-publish","hentry"],"yoast_head":"<!-- This site is optimized with the Yoast SEO plugin v27.2 - https:\/\/yoast.com\/product\/yoast-seo-wordpress\/ -->\n<title>esportes - Prefeitura Municipal de S\u00e3o Jo\u00e3o de Meriti<\/title>\n<meta name=\"robots\" content=\"index, follow, max-snippet:-1, max-image-preview:large, max-video-preview:-1\" \/>\n<link rel=\"canonical\" href=\"https:\/\/meriti.rj.gov.br\/inicio\/esportes\/\" \/>\n<meta property=\"og:locale\" content=\"pt_BR\" \/>\n<meta property=\"og:type\" content=\"article\" \/>\n<meta property=\"og:title\" content=\"esportes - Prefeitura Municipal de S\u00e3o Jo\u00e3o de Meriti\" \/>\n<meta property=\"og:description\" content=\"Rela\u00e7\u00e3o de Modalidades VILA OL\u00cdMPICA DE SJM Confira as modalidades dispon\u00edveis, hor\u00e1rios e faixas et\u00e1rias: CAPOEIRA Turma: \u00danica Dias\/Hor\u00e1rios: Quarta e Sexta | 19h \u00e0s&hellip;\" \/>\n<meta property=\"og:url\" content=\"https:\/\/meriti.rj.gov.br\/inicio\/esportes\/\" \/>\n<meta property=\"og:site_name\" content=\"Prefeitura Municipal de S\u00e3o Jo\u00e3o de Meriti\" \/>\n<meta property=\"article:modified_time\" content=\"2026-03-24T20:32:23+00:00\" \/>\n<meta property=\"og:image\" content=\"https:\/\/meriti.rj.gov.br\/inicio\/wp-content\/uploads\/2026\/03\/Gemini_Generated_Image_qiimnaqiimnaqiim-scaled.png\" \/>\n\t<meta property=\"og:image:width\" content=\"2560\" \/>\n\t<meta property=\"og:image:height\" content=\"411\" \/>\n\t<meta property=\"og:image:type\" content=\"image\/png\" \/>\n<meta name=\"twitter:card\" content=\"summary_large_image\" \/>\n<meta name=\"twitter:label1\" content=\"Est. tempo de leitura\" \/>\n\t<meta name=\"twitter:data1\" content=\"4 minutos\" \/>\n<script type=\"application\/ld+json\" class=\"yoast-schema-graph\">{\"@context\":\"https:\/\/schema.org\",\"@graph\":[{\"@type\":\"WebPage\",\"@id\":\"https:\/\/meriti.rj.gov.br\/inicio\/esportes\/\",\"url\":\"https:\/\/meriti.rj.gov.br\/inicio\/esportes\/\",\"name\":\"esportes - Prefeitura Municipal de S\u00e3o Jo\u00e3o de Meriti\",\"isPartOf\":{\"@id\":\"https:\/\/meriti.rj.gov.br\/inicio\/#website\"},\"primaryImageOfPage\":{\"@id\":\"https:\/\/meriti.rj.gov.br\/inicio\/esportes\/#primaryimage\"},\"image\":{\"@id\":\"https:\/\/meriti.rj.gov.br\/inicio\/esportes\/#primaryimage\"},\"thumbnailUrl\":\"https:\/\/meriti.rj.gov.br\/inicio\/wp-content\/uploads\/2026\/03\/Gemini_Generated_Image_qiimnaqiimnaqiim-1024x164.png\",\"datePublished\":\"2026-03-09T17:29:53+00:00\",\"dateModified\":\"2026-03-24T20:32:23+00:00\",\"breadcrumb\":{\"@id\":\"https:\/\/meriti.rj.gov.br\/inicio\/esportes\/#breadcrumb\"},\"inLanguage\":\"pt-BR\",\"potentialAction\":[{\"@type\":\"ReadAction\",\"target\":[\"https:\/\/meriti.rj.gov.br\/inicio\/esportes\/\"]}]},{\"@type\":\"ImageObject\",\"inLanguage\":\"pt-BR\",\"@id\":\"https:\/\/meriti.rj.gov.br\/inicio\/esportes\/#primaryimage\",\"url\":\"https:\/\/meriti.rj.gov.br\/inicio\/wp-content\/uploads\/2026\/03\/Gemini_Generated_Image_qiimnaqiimnaqiim-scaled.png\",\"contentUrl\":\"https:\/\/meriti.rj.gov.br\/inicio\/wp-content\/uploads\/2026\/03\/Gemini_Generated_Image_qiimnaqiimnaqiim-scaled.png\",\"width\":2560,\"height\":411},{\"@type\":\"BreadcrumbList\",\"@id\":\"https:\/\/meriti.rj.gov.br\/inicio\/esportes\/#breadcrumb\",\"itemListElement\":[{\"@type\":\"ListItem\",\"position\":1,\"name\":\"In\u00edcio\",\"item\":\"https:\/\/meriti.rj.gov.br\/inicio\/\"},{\"@type\":\"ListItem\",\"position\":2,\"name\":\"esportes\"}]},{\"@type\":\"WebSite\",\"@id\":\"https:\/\/meriti.rj.gov.br\/inicio\/#website\",\"url\":\"https:\/\/meriti.rj.gov.br\/inicio\/\",\"name\":\"portal.meriti\",\"description\":\"Prefeitura Municipal de S\u00e3o Jo\u00e3o de Meriti\",\"publisher\":{\"@id\":\"https:\/\/meriti.rj.gov.br\/inicio\/#organization\"},\"potentialAction\":[{\"@type\":\"SearchAction\",\"target\":{\"@type\":\"EntryPoint\",\"urlTemplate\":\"https:\/\/meriti.rj.gov.br\/inicio\/?s={search_term_string}\"},\"query-input\":{\"@type\":\"PropertyValueSpecification\",\"valueRequired\":true,\"valueName\":\"search_term_string\"}}],\"inLanguage\":\"pt-BR\"},{\"@type\":\"Organization\",\"@id\":\"https:\/\/meriti.rj.gov.br\/inicio\/#organization\",\"name\":\"Prefeitura Municipal de S\u00e3o Jo\u00e3o de Meriti\",\"url\":\"https:\/\/meriti.rj.gov.br\/inicio\/\",\"logo\":{\"@type\":\"ImageObject\",\"inLanguage\":\"pt-BR\",\"@id\":\"https:\/\/meriti.rj.gov.br\/inicio\/#\/schema\/logo\/image\/\",\"url\":\"https:\/\/meriti.rj.gov.br\/inicio\/wp-content\/uploads\/2023\/04\/cropped-logo.png\",\"contentUrl\":\"https:\/\/meriti.rj.gov.br\/inicio\/wp-content\/uploads\/2023\/04\/cropped-logo.png\",\"width\":512,\"height\":512,\"caption\":\"Prefeitura Municipal de S\u00e3o Jo\u00e3o de Meriti\"},\"image\":{\"@id\":\"https:\/\/meriti.rj.gov.br\/inicio\/#\/schema\/logo\/image\/\"}}]}<\/script>\n<!-- \/ Yoast SEO plugin. -->","yoast_head_json":{"title":"esportes - Prefeitura Municipal de S\u00e3o Jo\u00e3o de Meriti","robots":{"index":"index","follow":"follow","max-snippet":"max-snippet:-1","max-image-preview":"max-image-preview:large","max-video-preview":"max-video-preview:-1"},"canonical":"https:\/\/meriti.rj.gov.br\/inicio\/esportes\/","og_locale":"pt_BR","og_type":"article","og_title":"esportes - Prefeitura Municipal de S\u00e3o Jo\u00e3o de Meriti","og_description":"Rela\u00e7\u00e3o de Modalidades VILA OL\u00cdMPICA DE SJM Confira as modalidades dispon\u00edveis, hor\u00e1rios e faixas et\u00e1rias: CAPOEIRA Turma: \u00danica Dias\/Hor\u00e1rios: Quarta e Sexta | 19h \u00e0s&hellip;","og_url":"https:\/\/meriti.rj.gov.br\/inicio\/esportes\/","og_site_name":"Prefeitura Municipal de S\u00e3o Jo\u00e3o de Meriti","article_modified_time":"2026-03-24T20:32:23+00:00","og_image":[{"width":2560,"height":411,"url":"https:\/\/meriti.rj.gov.br\/inicio\/wp-content\/uploads\/2026\/03\/Gemini_Generated_Image_qiimnaqiimnaqiim-scaled.png","type":"image\/png"}],"twitter_card":"summary_large_image","twitter_misc":{"Est. tempo de leitura":"4 minutos"},"schema":{"@context":"https:\/\/schema.org","@graph":[{"@type":"WebPage","@id":"https:\/\/meriti.rj.gov.br\/inicio\/esportes\/","url":"https:\/\/meriti.rj.gov.br\/inicio\/esportes\/","name":"esportes - Prefeitura Municipal de S\u00e3o Jo\u00e3o de Meriti","isPartOf":{"@id":"https:\/\/meriti.rj.gov.br\/inicio\/#website"},"primaryImageOfPage":{"@id":"https:\/\/meriti.rj.gov.br\/inicio\/esportes\/#primaryimage"},"image":{"@id":"https:\/\/meriti.rj.gov.br\/inicio\/esportes\/#primaryimage"},"thumbnailUrl":"https:\/\/meriti.rj.gov.br\/inicio\/wp-content\/uploads\/2026\/03\/Gemini_Generated_Image_qiimnaqiimnaqiim-1024x164.png","datePublished":"2026-03-09T17:29:53+00:00","dateModified":"2026-03-24T20:32:23+00:00","breadcrumb":{"@id":"https:\/\/meriti.rj.gov.br\/inicio\/esportes\/#breadcrumb"},"inLanguage":"pt-BR","potentialAction":[{"@type":"ReadAction","target":["https:\/\/meriti.rj.gov.br\/inicio\/esportes\/"]}]},{"@type":"ImageObject","inLanguage":"pt-BR","@id":"https:\/\/meriti.rj.gov.br\/inicio\/esportes\/#primaryimage","url":"https:\/\/meriti.rj.gov.br\/inicio\/wp-content\/uploads\/2026\/03\/Gemini_Generated_Image_qiimnaqiimnaqiim-scaled.png","contentUrl":"https:\/\/meriti.rj.gov.br\/inicio\/wp-content\/uploads\/2026\/03\/Gemini_Generated_Image_qiimnaqiimnaqiim-scaled.png","width":2560,"height":411},{"@type":"BreadcrumbList","@id":"https:\/\/meriti.rj.gov.br\/inicio\/esportes\/#breadcrumb","itemListElement":[{"@type":"ListItem","position":1,"name":"In\u00edcio","item":"https:\/\/meriti.rj.gov.br\/inicio\/"},{"@type":"ListItem","position":2,"name":"esportes"}]},{"@type":"WebSite","@id":"https:\/\/meriti.rj.gov.br\/inicio\/#website","url":"https:\/\/meriti.rj.gov.br\/inicio\/","name":"portal.meriti","description":"Prefeitura Municipal de S\u00e3o Jo\u00e3o de Meriti","publisher":{"@id":"https:\/\/meriti.rj.gov.br\/inicio\/#organization"},"potentialAction":[{"@type":"SearchAction","target":{"@type":"EntryPoint","urlTemplate":"https:\/\/meriti.rj.gov.br\/inicio\/?s={search_term_string}"},"query-input":{"@type":"PropertyValueSpecification","valueRequired":true,"valueName":"search_term_string"}}],"inLanguage":"pt-BR"},{"@type":"Organization","@id":"https:\/\/meriti.rj.gov.br\/inicio\/#organization","name":"Prefeitura Municipal de S\u00e3o Jo\u00e3o de Meriti","url":"https:\/\/meriti.rj.gov.br\/inicio\/","logo":{"@type":"ImageObject","inLanguage":"pt-BR","@id":"https:\/\/meriti.rj.gov.br\/inicio\/#\/schema\/logo\/image\/","url":"https:\/\/meriti.rj.gov.br\/inicio\/wp-content\/uploads\/2023\/04\/cropped-logo.png","contentUrl":"https:\/\/meriti.rj.gov.br\/inicio\/wp-content\/uploads\/2023\/04\/cropped-logo.png","width":512,"height":512,"caption":"Prefeitura Municipal de S\u00e3o Jo\u00e3o de Meriti"},"image":{"@id":"https:\/\/meriti.rj.gov.br\/inicio\/#\/schema\/logo\/image\/"}}]}},"_links":{"self":[{"href":"https:\/\/meriti.rj.gov.br\/inicio\/wp-json\/wp\/v2\/pages\/21960","targetHints":{"allow":["GET"]}}],"collection":[{"href":"https:\/\/meriti.rj.gov.br\/inicio\/wp-json\/wp\/v2\/pages"}],"about":[{"href":"https:\/\/meriti.rj.gov.br\/inicio\/wp-json\/wp\/v2\/types\/page"}],"author":[{"embeddable":true,"href":"https:\/\/meriti.rj.gov.br\/inicio\/wp-json\/wp\/v2\/users\/2"}],"replies":[{"embeddable":true,"href":"https:\/\/meriti.rj.gov.br\/inicio\/wp-json\/wp\/v2\/comments?post=21960"}],"version-history":[{"count":31,"href":"https:\/\/meriti.rj.gov.br\/inicio\/wp-json\/wp\/v2\/pages\/21960\/revisions"}],"predecessor-version":[{"id":22242,"href":"https:\/\/meriti.rj.gov.br\/inicio\/wp-json\/wp\/v2\/pages\/21960\/revisions\/22242"}],"wp:attachment":[{"href":"https:\/\/meriti.rj.gov.br\/inicio\/wp-json\/wp\/v2\/media?parent=21960"}],"curies":[{"name":"wp","href":"https:\/\/api.w.org\/{rel}","templated":true}]}}