{"id":21606,"date":"2026-02-24T20:16:34","date_gmt":"2026-02-24T23:16:34","guid":{"rendered":"https:\/\/meriti.rj.gov.br\/inicio\/?page_id=21606"},"modified":"2026-02-24T22:04:21","modified_gmt":"2026-02-25T01:04:21","slug":"pontos-de-apoio-para-emergencia-chuvas","status":"publish","type":"page","link":"https:\/\/meriti.rj.gov.br\/inicio\/pontos-de-apoio-para-emergencia-chuvas\/","title":{"rendered":"Pontos de Apoio para Emerg\u00eancia das Chuvas"},"content":{"rendered":"\t\t<div data-elementor-type=\"wp-page\" data-elementor-id=\"21606\" class=\"elementor elementor-21606\" data-elementor-post-type=\"page\">\n\t\t\t\t<div class=\"elementor-element elementor-element-8eff766 elementor-hidden-desktop elementor-hidden-laptop elementor-hidden-tablet_extra elementor-hidden-tablet elementor-hidden-mobile e-flex e-con-boxed e-con e-parent\" data-id=\"8eff766\" data-element_type=\"container\" data-e-type=\"container\">\n\t\t\t\t\t<div class=\"e-con-inner\">\n\t\t\t\t<div class=\"elementor-element elementor-element-6c721f8 elementor-widget elementor-widget-html\" data-id=\"6c721f8\" data-element_type=\"widget\" data-e-type=\"widget\" data-widget_type=\"html.default\">\n\t\t\t\t<div class=\"elementor-widget-container\">\n\t\t\t\t\t<script>\r\ndocument.getElementById('buscaBairro').addEventListener('keyup', function() {\r\n  var filtro = this.value.toLowerCase().normalize(\"NFD\").replace(\/[\\u0300-\\u036f]\/g, \"\");\r\n  var bairros = document.querySelectorAll('#listaBairros .bairro');\r\n\r\n  bairros.forEach(function(bairro) {\r\n    var nomeBairro = bairro.getAttribute(\"data-bairro\");\r\n    if (nomeBairro.indexOf(filtro) > -1) {\r\n      bairro.style.display = \"\";\r\n    } else {\r\n      bairro.style.display = \"none\";\r\n    }\r\n  });\r\n});\r\n<\/script>\t\t\t\t<\/div>\n\t\t\t\t<\/div>\n\t\t\t\t\t<\/div>\n\t\t\t\t<\/div>\n\t\t<div class=\"elementor-element elementor-element-cd666a3 e-flex e-con-boxed e-con e-parent\" data-id=\"cd666a3\" data-element_type=\"container\" data-e-type=\"container\">\n\t\t\t\t\t<div class=\"e-con-inner\">\n\t\t\t\t<div class=\"elementor-element elementor-element-795f01c elementor-widget elementor-widget-heading\" data-id=\"795f01c\" data-element_type=\"widget\" data-e-type=\"widget\" data-widget_type=\"heading.default\">\n\t\t\t\t<div class=\"elementor-widget-container\">\n\t\t\t\t\t<h2 class=\"elementor-heading-title elementor-size-default\">Prefeitura disponibiliza Pontos de Apoio para a emerg\u00eancia causada pelas chuvas<\/h2>\t\t\t\t<\/div>\n\t\t\t\t<\/div>\n\t\t\t\t\t<\/div>\n\t\t\t\t<\/div>\n\t\t<div class=\"elementor-element elementor-element-e4c06b9 elementor-hidden-mobile e-flex e-con-boxed e-con e-parent\" data-id=\"e4c06b9\" data-element_type=\"container\" data-e-type=\"container\">\n\t\t\t\t\t<div class=\"e-con-inner\">\n\t\t\t\t<div class=\"elementor-element elementor-element-27f7a68 elementor-widget elementor-widget-image\" data-id=\"27f7a68\" data-element_type=\"widget\" data-e-type=\"widget\" data-widget_type=\"image.default\">\n\t\t\t\t<div class=\"elementor-widget-container\">\n\t\t\t\t\t\t\t\t\t\t\t\t\t\t\t\t<a href=\"https:\/\/meriti.rj.gov.br\/soschuvas\/\">\n\t\t\t\t\t\t\t<img fetchpriority=\"high\" decoding=\"async\" width=\"1600\" height=\"520\" src=\"https:\/\/meriti.rj.gov.br\/inicio\/wp-content\/uploads\/2026\/02\/PONTOS-DE-APOIO-DESKTOP.png\" class=\"attachment-full size-full wp-image-21609\" alt=\"\" srcset=\"https:\/\/meriti.rj.gov.br\/inicio\/wp-content\/uploads\/2026\/02\/PONTOS-DE-APOIO-DESKTOP.png 1600w, https:\/\/meriti.rj.gov.br\/inicio\/wp-content\/uploads\/2026\/02\/PONTOS-DE-APOIO-DESKTOP-300x98.png 300w, https:\/\/meriti.rj.gov.br\/inicio\/wp-content\/uploads\/2026\/02\/PONTOS-DE-APOIO-DESKTOP-1024x333.png 1024w, https:\/\/meriti.rj.gov.br\/inicio\/wp-content\/uploads\/2026\/02\/PONTOS-DE-APOIO-DESKTOP-768x250.png 768w, https:\/\/meriti.rj.gov.br\/inicio\/wp-content\/uploads\/2026\/02\/PONTOS-DE-APOIO-DESKTOP-1536x499.png 1536w\" sizes=\"(max-width: 1600px) 100vw, 1600px\" \/>\t\t\t\t\t\t\t\t<\/a>\n\t\t\t\t\t\t\t\t\t\t\t\t\t\t\t<\/div>\n\t\t\t\t<\/div>\n\t\t\t\t\t<\/div>\n\t\t\t\t<\/div>\n\t\t<div class=\"elementor-element elementor-element-9927e98 e-flex e-con-boxed e-con e-parent\" data-id=\"9927e98\" data-element_type=\"container\" data-e-type=\"container\">\n\t\t\t\t\t<div class=\"e-con-inner\">\n\t\t\t\t<div class=\"elementor-element elementor-element-c652694 elementor-widget elementor-widget-text-editor\" data-id=\"c652694\" data-element_type=\"widget\" data-e-type=\"widget\" data-widget_type=\"text-editor.default\">\n\t\t\t\t<div class=\"elementor-widget-container\">\n\t\t\t\t\t\t\t\t\t<p>Devido \u00e0s fortes chuvas, a Prefeitura disponibilizou <strong>Pontos de Apoio nas Escolas Municipais de S\u00e3o Jo\u00e3o de Meriti<\/strong> para atendimento emergencial. Os locais oferecem acolhimento tempor\u00e1rio, orienta\u00e7\u00f5es e abrigo provis\u00f3rio para moradores de \u00e1reas de risco.<br \/><strong>Para encontrar a unidade mais pr\u00f3xima, utilize o localizador autom\u00e1tico ou fa\u00e7a a busca pelo seu bairro nesta p\u00e1gina.<\/strong> Se necess\u00e1rio, dirija-se ao ponto indicado.<\/p>\t\t\t\t\t\t\t\t<\/div>\n\t\t\t\t<\/div>\n\t\t\t\t\t<\/div>\n\t\t\t\t<\/div>\n\t\t<div class=\"elementor-element elementor-element-b129ea8 elementor-hidden-desktop elementor-hidden-laptop elementor-hidden-tablet_extra e-flex e-con-boxed e-con e-parent\" data-id=\"b129ea8\" data-element_type=\"container\" data-e-type=\"container\">\n\t\t\t\t\t<div class=\"e-con-inner\">\n\t\t\t\t<div class=\"elementor-element elementor-element-fe16235 elementor-widget elementor-widget-image\" data-id=\"fe16235\" data-element_type=\"widget\" data-e-type=\"widget\" data-widget_type=\"image.default\">\n\t\t\t\t<div class=\"elementor-widget-container\">\n\t\t\t\t\t\t\t\t\t\t\t\t\t\t\t\t<a href=\"https:\/\/meriti.rj.gov.br\/soschuvas\/\">\n\t\t\t\t\t\t\t<img decoding=\"async\" width=\"541\" height=\"102\" src=\"https:\/\/meriti.rj.gov.br\/inicio\/wp-content\/uploads\/2026\/02\/botao_pontos_de_apoio.png\" class=\"attachment-large size-large wp-image-21617\" alt=\"\" srcset=\"https:\/\/meriti.rj.gov.br\/inicio\/wp-content\/uploads\/2026\/02\/botao_pontos_de_apoio.png 541w, https:\/\/meriti.rj.gov.br\/inicio\/wp-content\/uploads\/2026\/02\/botao_pontos_de_apoio-300x57.png 300w\" sizes=\"(max-width: 541px) 100vw, 541px\" \/>\t\t\t\t\t\t\t\t<\/a>\n\t\t\t\t\t\t\t\t\t\t\t\t\t\t\t<\/div>\n\t\t\t\t<\/div>\n\t\t\t\t\t<\/div>\n\t\t\t\t<\/div>\n\t\t<div class=\"elementor-element elementor-element-2d175a3 e-flex e-con-boxed e-con e-parent\" data-id=\"2d175a3\" data-element_type=\"container\" data-e-type=\"container\">\n\t\t\t\t\t<div class=\"e-con-inner\">\n\t\t\t\t<div class=\"elementor-element elementor-element-5d57421 elementor-widget elementor-widget-html\" data-id=\"5d57421\" data-element_type=\"widget\" data-e-type=\"widget\" data-widget_type=\"html.default\">\n\t\t\t\t<div class=\"elementor-widget-container\">\n\t\t\t\t\t<div style=\"margin-bottom:20px;\">\r\n  <input type=\"text\" id=\"buscaBairro\" placeholder=\"Digite o nome do bairro...\"\r\n    style=\"width:100%; padding:10px; border:1px solid #ccc; border-radius:6px;\">\r\n<\/div>\r\n\r\n<div id=\"listaBairros\">\r\n\r\n  <div class=\"bairro\"><h4>\ud83d\udccd Agostinho Porto<\/h4>\r\n  <p><strong>Escola Municipal Manoel Antonio Sendas<\/strong><br>R. Maria Rasuk Vilela, s\/n\u00ba \u2013 Agostinho Porto<\/p><\/div>\r\n\r\n  <div class=\"bairro\"><h4>\ud83d\udccd Centro<\/h4>\r\n  <p><strong>Escola Municipal Armando de Oliveira<\/strong><br>Rua Maria Janu\u00e1ria, s\/n\u00ba \u2013 Centro<\/p>\r\n  <p><strong>Creche Municipal Maria Alves Lavouras<\/strong><br>Rua Olaria, s\/n\u00ba \u2013 Centro \u2013 S\u00e3o Jo\u00e3o de Meriti<\/p><\/div>\r\n\r\n  <div class=\"bairro\"><h4>\ud83d\udccd \u00c9den<\/h4>\r\n  <p><strong>CIEP 132 S\u00e3o Jo\u00e3o Bosco<\/strong><br>Rua Torres Homem, s\/n\u00ba \u2013 \u00c9den<\/p>\r\n  <p><strong>Escola Municipal Rui Barbosa<\/strong><br>Rua Cristalina, 34 \u2013 \u00c9den<\/p><\/div>\r\n\r\n  <div class=\"bairro\"><h4>\ud83d\udccd Engenheiro Belford<\/h4>\r\n  <p><strong>Escola Municipal Francisco Agostinho da Costa<\/strong><br>Rua Rubens Peixoto, s\/n\u00ba \u2013 Engenheiro Belford<\/p><\/div>\r\n\r\n  <div class=\"bairro\"><h4>\ud83d\udccd Jardim Alegria<\/h4>\r\n  <p><strong>Escola Municipal Carlos Teixeira<\/strong><br>Rua Rio Claro, 20 \u2013 Jardim Alegria<\/p><\/div>\r\n\r\n  <div class=\"bairro\"><h4>\ud83d\udccd Jardim Metr\u00f3pole<\/h4>\r\n  <p><strong>Creche Municipal Crian\u00e7a Feliz<\/strong><br>Rua Fernandes Queir\u00f3s, s\/n\u00ba \u2013 Jardim Metr\u00f3pole<\/p>\r\n  <p><strong>Creche Municipal Maria Ferreira Filgueiras<\/strong><br>Rua Araguari c\/ Rua Visconde de Niter\u00f3i, s\/n\u00ba \u2013 Jardim Metr\u00f3pole<\/p>\r\n  <p><strong>Escola Municipal Leonel de Moura Brizola<\/strong><br>Rua Santa Terezinha, 239 \u2013 Jardim Metr\u00f3pole<\/p>\r\n  <p><strong>Escola Municipal Manoel Gon\u00e7alo<\/strong><br>Rua Bucareste, 05 \u2013 Jardim Metr\u00f3pole<\/p><\/div>\r\n\r\n  <div class=\"bairro\"><h4>\ud83d\udccd Jardim Para\u00edso<\/h4>\r\n  <p><strong>Escola Municipal Vasco Afonso de Carvalho<\/strong><br>Rua Projetada, s\/n\u00ba \u2013 Jardim Para\u00edso<\/p><\/div>\r\n\r\n  <div class=\"bairro\"><h4>\ud83d\udccd Jardim Sumar\u00e9<\/h4>\r\n  <p><strong>Escola Municipal Casimiro de Abreu<\/strong><br>Av. Miguel Couto, 619 \u2013 Jardim Sumar\u00e9<\/p><\/div>\r\n\r\n  <div class=\"bairro\"><h4>\ud83d\udccd Parque Alian<\/h4>\r\n  <p><strong>Creche Municipal Renascer<\/strong><br>Av. Sarapu\u00ed, s\/n\u00ba (esq. c\/ Av. Pasteur) \u2013 Parque Alian<\/p>\r\n  <p><strong>Escola Municipal Ign\u00e1cio Lucas<\/strong><br>R. do Chumbo, 513 \u2013 Parque Alian<\/p>\r\n  <p><strong>Escola Municipal Vereador Celso Guerra<\/strong><br>Rua Ur\u00e2nio, 20 \u2013 Parque Alian<\/p><\/div>\r\n\r\n  <div class=\"bairro\"><h4>\ud83d\udccd Parque Anal\u00e2ndia<\/h4>\r\n  <p><strong>Escola Municipal Am\u00e9lia Barbosa de Moura<\/strong><br>Rua Gil de Queir\u00f3z, s\/n\u00ba \u2013 Parque Anal\u00e2ndia<\/p><\/div>\r\n\r\n  <div class=\"bairro\"><h4>\ud83d\udccd Parque Araruama<\/h4>\r\n  <p><strong>Escola Municipal Edilberto Ribeiro de Castro<\/strong><br>Rua Euz\u00e9bio Tostes, s\/n\u00ba \u2013 Parque Araruama<\/p><\/div>\r\n\r\n  <div class=\"bairro\"><h4>\ud83d\udccd Parque Dulce \u2013 Venda Velha<\/h4>\r\n  <p><strong>Escola Municipal Maria da Gl\u00f3ria Katzenstein<\/strong><br>Rua Mauro Henrique c\/ Ant\u00f4nio Alberto, s\/n\u00ba \u2013 Parque Dulce \u2013 Venda Velha<\/p>\r\n  <p><strong>Escola Municipal Val\u00e9rio Villas Boas Filho<\/strong><br>Rua Brasil Val\u00e9rio, Lt. 7A Qd 11 \u2013 Parque Dulce \u2013 Venda Velha<\/p><\/div>\r\n\r\n  <div class=\"bairro\"><h4>\ud83d\udccd Parque Jos\u00e9 Bonif\u00e1cio<\/h4>\r\n  <p><strong>Escola Municipal Jos\u00e9 Bonif\u00e1cio<\/strong><br>Rua Juparan\u00e3, s\/n\u00ba \u2013 Parque Jos\u00e9 Bonif\u00e1cio<\/p><\/div>\r\n\r\n  <div class=\"bairro\"><h4>\ud83d\udccd Parque Tiet\u00ea<\/h4>\r\n  <p><strong>Creche Municipal C.E.D.I.A.S<\/strong><br>Rua Ibicu\u00ed, s\/n\u00ba \u2013 Parque Tiet\u00ea<\/p>\r\n  <p><strong>Escola Municipal Dr. Get\u00falio de Moura<\/strong><br>Rua Rio das Ostras, s\/n\u00ba \u2013 Parque Tiet\u00ea<\/p><\/div>\r\n\r\n  <div class=\"bairro\"><h4>\ud83d\udccd Pra\u00e7a da Bandeira<\/h4>\r\n  <p><strong>Escola Municipal Professora L\u00edgia da Silva Fran\u00e7a<\/strong><br>Av. Comendador Teles, 244 \u2013 Pra\u00e7a da Bandeira<\/p><\/div>\r\n\r\n  <div class=\"bairro\"><h4>\ud83d\udccd Pra\u00e7a da Bandeira \u2013 Vilar dos Teles<\/h4>\r\n  <p><strong>Jardim de Inf\u00e2ncia Municipal PIPA<\/strong><br>Rua Anchieta, s\/n\u00ba \u2013 Pra\u00e7a da Bandeira \u2013 Vilar dos Teles<\/p><\/div>\r\n\r\n  <div class=\"bairro\"><h4>\ud83d\udccd S\u00e3o Mateus<\/h4>\r\n  <p><strong>Escola Municipal Dr. Christovam Berber\u00e9ia<\/strong><br>Rua Ant\u00f4nio Martins, s\/n\u00ba \u2013 S\u00e3o Mateus<\/p><\/div>\r\n\r\n  <div class=\"bairro\"><h4>\ud83d\udccd Tomazinho<\/h4>\r\n  <p><strong>Escola Municipal Padre Paul Jean Guerry<\/strong><br>Rua S\u00e3o Francisco de Assis, 181 \u2013 Tomazinho<\/p><\/div>\r\n\r\n  <div class=\"bairro\"><h4>\ud83d\udccd Trezentos<\/h4>\r\n  <p><strong>Escola Municipal Ant\u00f4nio Guedes<\/strong><br>Rua Brisamar, 155 \u2013 Trezentos<\/p><\/div>\r\n\r\n  <div class=\"bairro\"><h4>\ud83d\udccd Vila Andorinha<\/h4>\r\n  <p><strong>Escola Municipal Milton Rodrigues Pereira<\/strong><br>Rua Maraj\u00f3, 305 \u2013 Vila Andorinha<\/p><\/div>\r\n\r\n  <div class=\"bairro\"><h4>\ud83d\udccd Vila Formoso<\/h4>\r\n  <p><strong>Escola Municipal Francisca Jeremias<\/strong><br>Rua Ala\u00edde de Menezes, s\/n\u00ba \u2013 Vila Formoso<\/p><\/div>\r\n\r\n  <div class=\"bairro\"><h4>\ud83d\udccd Vila Norma<\/h4>\r\n  <p><strong>Escola Municipal Iracema Campos Fernandes<\/strong><br>Rua Elis\u00e1rio de Souza, 600 \u2013 Vila Norma<\/p>\r\n  <p><strong>Escola Municipal Roberto Bonif\u00e1cio de Queiroz<\/strong><br>Rua Ant\u00f4nio Gonzaga, s\/n\u00ba \u2013 Vila Norma<\/p><\/div>\r\n\r\n  <div class=\"bairro\"><h4>\ud83d\udccd Vila Rosali<\/h4>\r\n  <p><strong>E.M. Prof. Virg\u00edlio Machado<\/strong><br>R. Delfim Moreira, s\/n\u00ba \u2013 Vila Rosali<\/p>\r\n  <p><strong>Escola Municipal S\u00e3o Jo\u00e3o Batista<\/strong><br>Av. Fluminense, 45 \u2013 Vila Rosali<\/p><\/div>\r\n\r\n  <div class=\"bairro\"><h4>\ud83d\udccd Vila S\u00e3o Jo\u00e3o<\/h4>\r\n  <p><strong>Escola Municipal Jos\u00e9 Marques Castanheiras<\/strong><br>Av. Fagundes Varella, s\/n\u00ba \u2013 Vila S\u00e3o Jo\u00e3o<\/p>\r\n  <p><strong>Escola Municipal Vila S\u00e3o Jo\u00e3o<\/strong><br>Rua Lisboa, s\/n\u00ba \u2013 Vila S\u00e3o Jo\u00e3o<\/p><\/div>\r\n\r\n  <div class=\"bairro\"><h4>\ud83d\udccd Vila S\u00e3o Jos\u00e9<\/h4>\r\n  <p><strong>Escola Municipal Prof.\u00aa M\u00e1rcia Branquinho<\/strong><br>Av. Get\u00falio Vargas, s\/n\u00ba \u2013 Vila S\u00e3o Jos\u00e9<\/p><\/div>\r\n\r\n  <div class=\"bairro\"><h4>\ud83d\udccd Vilar dos Teles<\/h4>\r\n  <p><strong>Escola Municipal Santo Ant\u00f4nio<\/strong><br>Pra\u00e7a Itanaj\u00e9, s\/n\u00ba \u2013 Vilar dos Teles<\/p>\r\n  <p><strong>Escola Municipal Dr. Jo\u00e3o Alves Martins<\/strong><br>Av. Canal, s\/n\u00ba \u2013 Vilar dos Teles<\/p>\r\n  <p><strong>Escola Municipal Presidente Kennedy<\/strong><br>Rua Botafogo, 60 \u2013 Vilar dos Teles<\/p><\/div>\r\n\r\n  <div class=\"bairro\"><h4>\ud83d\udccd Vila Tiradentes<\/h4>\r\n  <p><strong>CIEP 138 Municipal Dauta Jobert Barreto<\/strong><br>Rua Joaquim Coelho \u00c1lamo, s\/n\u00ba \u2013 Vila Tiradentes<\/p><\/div>\r\n\r\n  <div class=\"bairro\"><h4>\ud83d\udccd Venda Velha<\/h4>\r\n  <p><strong>Escola Municipal Deputado Lucas de Andrade Figueira<\/strong><br>Rua Queluz, 23 \u2013 Venda Velha<\/p><\/div>\r\n\r\n<\/div>\r\n\r\n<script>\r\nfunction normalizar(texto){\r\n  return texto.toLowerCase()\r\n    .normalize(\"NFD\")\r\n    .replace(\/[\\u0300-\\u036f]\/g, \"\");\r\n}\r\n\r\ndocument.getElementById('buscaBairro').addEventListener('keyup', function(){\r\n  var filtro = normalizar(this.value);\r\n  var bairros = document.querySelectorAll('#listaBairros .bairro');\r\n\r\n  bairros.forEach(function(bairro){\r\n    var titulo = normalizar(bairro.querySelector('h4').textContent);\r\n    bairro.style.display = titulo.includes(filtro) ? \"\" : \"none\";\r\n  });\r\n});\r\n<\/script>\t\t\t\t<\/div>\n\t\t\t\t<\/div>\n\t\t\t\t\t<\/div>\n\t\t\t\t<\/div>\n\t\t\t\t<\/div>\n\t\t","protected":false},"excerpt":{"rendered":"<p>Prefeitura disponibiliza Pontos de Apoio para a emerg\u00eancia causada pelas chuvas Devido \u00e0s fortes chuvas, a Prefeitura disponibilizou Pontos de Apoio nas Escolas Municipais de&hellip;<\/p>\n","protected":false},"author":5,"featured_media":0,"parent":0,"menu_order":0,"comment_status":"closed","ping_status":"closed","template":"","meta":{"footnotes":""},"class_list":["post-21606","page","type-page","status-publish","hentry"],"yoast_head":"<!-- This site is optimized with the Yoast SEO plugin v27.2 - https:\/\/yoast.com\/product\/yoast-seo-wordpress\/ -->\n<title>Pontos de Apoio para Emerg\u00eancia das Chuvas - Prefeitura Municipal de S\u00e3o Jo\u00e3o de Meriti<\/title>\n<meta name=\"robots\" content=\"index, follow, max-snippet:-1, max-image-preview:large, max-video-preview:-1\" \/>\n<link rel=\"canonical\" href=\"https:\/\/meriti.rj.gov.br\/inicio\/pontos-de-apoio-para-emergencia-chuvas\/\" \/>\n<meta property=\"og:locale\" content=\"pt_BR\" \/>\n<meta property=\"og:type\" content=\"article\" \/>\n<meta property=\"og:title\" content=\"Pontos de Apoio para Emerg\u00eancia das Chuvas - Prefeitura Municipal de S\u00e3o Jo\u00e3o de Meriti\" \/>\n<meta property=\"og:description\" content=\"Prefeitura disponibiliza Pontos de Apoio para a emerg\u00eancia causada pelas chuvas Devido \u00e0s fortes chuvas, a Prefeitura disponibilizou Pontos de Apoio nas Escolas Municipais de&hellip;\" \/>\n<meta property=\"og:url\" content=\"https:\/\/meriti.rj.gov.br\/inicio\/pontos-de-apoio-para-emergencia-chuvas\/\" \/>\n<meta property=\"og:site_name\" content=\"Prefeitura Municipal de S\u00e3o Jo\u00e3o de Meriti\" \/>\n<meta property=\"article:modified_time\" content=\"2026-02-25T01:04:21+00:00\" \/>\n<meta property=\"og:image\" content=\"https:\/\/meriti.rj.gov.br\/inicio\/wp-content\/uploads\/2026\/02\/PONTOS-DE-APOIO-DESKTOP.png\" \/>\n\t<meta property=\"og:image:width\" content=\"1600\" \/>\n\t<meta property=\"og:image:height\" content=\"520\" \/>\n\t<meta property=\"og:image:type\" content=\"image\/png\" \/>\n<meta name=\"twitter:card\" content=\"summary_large_image\" \/>\n<meta name=\"twitter:label1\" content=\"Est. tempo de leitura\" \/>\n\t<meta name=\"twitter:data1\" content=\"10 minutos\" \/>\n<script type=\"application\/ld+json\" class=\"yoast-schema-graph\">{\"@context\":\"https:\/\/schema.org\",\"@graph\":[{\"@type\":\"WebPage\",\"@id\":\"https:\/\/meriti.rj.gov.br\/inicio\/pontos-de-apoio-para-emergencia-chuvas\/\",\"url\":\"https:\/\/meriti.rj.gov.br\/inicio\/pontos-de-apoio-para-emergencia-chuvas\/\",\"name\":\"Pontos de Apoio para Emerg\u00eancia das Chuvas - Prefeitura Municipal de S\u00e3o Jo\u00e3o de Meriti\",\"isPartOf\":{\"@id\":\"https:\/\/meriti.rj.gov.br\/inicio\/#website\"},\"primaryImageOfPage\":{\"@id\":\"https:\/\/meriti.rj.gov.br\/inicio\/pontos-de-apoio-para-emergencia-chuvas\/#primaryimage\"},\"image\":{\"@id\":\"https:\/\/meriti.rj.gov.br\/inicio\/pontos-de-apoio-para-emergencia-chuvas\/#primaryimage\"},\"thumbnailUrl\":\"https:\/\/meriti.rj.gov.br\/inicio\/wp-content\/uploads\/2026\/02\/PONTOS-DE-APOIO-DESKTOP.png\",\"datePublished\":\"2026-02-24T23:16:34+00:00\",\"dateModified\":\"2026-02-25T01:04:21+00:00\",\"breadcrumb\":{\"@id\":\"https:\/\/meriti.rj.gov.br\/inicio\/pontos-de-apoio-para-emergencia-chuvas\/#breadcrumb\"},\"inLanguage\":\"pt-BR\",\"potentialAction\":[{\"@type\":\"ReadAction\",\"target\":[\"https:\/\/meriti.rj.gov.br\/inicio\/pontos-de-apoio-para-emergencia-chuvas\/\"]}]},{\"@type\":\"ImageObject\",\"inLanguage\":\"pt-BR\",\"@id\":\"https:\/\/meriti.rj.gov.br\/inicio\/pontos-de-apoio-para-emergencia-chuvas\/#primaryimage\",\"url\":\"https:\/\/meriti.rj.gov.br\/inicio\/wp-content\/uploads\/2026\/02\/PONTOS-DE-APOIO-DESKTOP.png\",\"contentUrl\":\"https:\/\/meriti.rj.gov.br\/inicio\/wp-content\/uploads\/2026\/02\/PONTOS-DE-APOIO-DESKTOP.png\",\"width\":1600,\"height\":520},{\"@type\":\"BreadcrumbList\",\"@id\":\"https:\/\/meriti.rj.gov.br\/inicio\/pontos-de-apoio-para-emergencia-chuvas\/#breadcrumb\",\"itemListElement\":[{\"@type\":\"ListItem\",\"position\":1,\"name\":\"In\u00edcio\",\"item\":\"https:\/\/meriti.rj.gov.br\/inicio\/\"},{\"@type\":\"ListItem\",\"position\":2,\"name\":\"Pontos de Apoio para Emerg\u00eancia das Chuvas\"}]},{\"@type\":\"WebSite\",\"@id\":\"https:\/\/meriti.rj.gov.br\/inicio\/#website\",\"url\":\"https:\/\/meriti.rj.gov.br\/inicio\/\",\"name\":\"portal.meriti\",\"description\":\"Prefeitura Municipal de S\u00e3o Jo\u00e3o de Meriti\",\"publisher\":{\"@id\":\"https:\/\/meriti.rj.gov.br\/inicio\/#organization\"},\"potentialAction\":[{\"@type\":\"SearchAction\",\"target\":{\"@type\":\"EntryPoint\",\"urlTemplate\":\"https:\/\/meriti.rj.gov.br\/inicio\/?s={search_term_string}\"},\"query-input\":{\"@type\":\"PropertyValueSpecification\",\"valueRequired\":true,\"valueName\":\"search_term_string\"}}],\"inLanguage\":\"pt-BR\"},{\"@type\":\"Organization\",\"@id\":\"https:\/\/meriti.rj.gov.br\/inicio\/#organization\",\"name\":\"Prefeitura Municipal de S\u00e3o Jo\u00e3o de Meriti\",\"url\":\"https:\/\/meriti.rj.gov.br\/inicio\/\",\"logo\":{\"@type\":\"ImageObject\",\"inLanguage\":\"pt-BR\",\"@id\":\"https:\/\/meriti.rj.gov.br\/inicio\/#\/schema\/logo\/image\/\",\"url\":\"https:\/\/meriti.rj.gov.br\/inicio\/wp-content\/uploads\/2023\/04\/cropped-logo.png\",\"contentUrl\":\"https:\/\/meriti.rj.gov.br\/inicio\/wp-content\/uploads\/2023\/04\/cropped-logo.png\",\"width\":512,\"height\":512,\"caption\":\"Prefeitura Municipal de S\u00e3o Jo\u00e3o de Meriti\"},\"image\":{\"@id\":\"https:\/\/meriti.rj.gov.br\/inicio\/#\/schema\/logo\/image\/\"}}]}<\/script>\n<!-- \/ Yoast SEO plugin. -->","yoast_head_json":{"title":"Pontos de Apoio para Emerg\u00eancia das Chuvas - Prefeitura Municipal de S\u00e3o Jo\u00e3o de Meriti","robots":{"index":"index","follow":"follow","max-snippet":"max-snippet:-1","max-image-preview":"max-image-preview:large","max-video-preview":"max-video-preview:-1"},"canonical":"https:\/\/meriti.rj.gov.br\/inicio\/pontos-de-apoio-para-emergencia-chuvas\/","og_locale":"pt_BR","og_type":"article","og_title":"Pontos de Apoio para Emerg\u00eancia das Chuvas - Prefeitura Municipal de S\u00e3o Jo\u00e3o de Meriti","og_description":"Prefeitura disponibiliza Pontos de Apoio para a emerg\u00eancia causada pelas chuvas Devido \u00e0s fortes chuvas, a Prefeitura disponibilizou Pontos de Apoio nas Escolas Municipais de&hellip;","og_url":"https:\/\/meriti.rj.gov.br\/inicio\/pontos-de-apoio-para-emergencia-chuvas\/","og_site_name":"Prefeitura Municipal de S\u00e3o Jo\u00e3o de Meriti","article_modified_time":"2026-02-25T01:04:21+00:00","og_image":[{"width":1600,"height":520,"url":"https:\/\/meriti.rj.gov.br\/inicio\/wp-content\/uploads\/2026\/02\/PONTOS-DE-APOIO-DESKTOP.png","type":"image\/png"}],"twitter_card":"summary_large_image","twitter_misc":{"Est. tempo de leitura":"10 minutos"},"schema":{"@context":"https:\/\/schema.org","@graph":[{"@type":"WebPage","@id":"https:\/\/meriti.rj.gov.br\/inicio\/pontos-de-apoio-para-emergencia-chuvas\/","url":"https:\/\/meriti.rj.gov.br\/inicio\/pontos-de-apoio-para-emergencia-chuvas\/","name":"Pontos de Apoio para Emerg\u00eancia das Chuvas - Prefeitura Municipal de S\u00e3o Jo\u00e3o de Meriti","isPartOf":{"@id":"https:\/\/meriti.rj.gov.br\/inicio\/#website"},"primaryImageOfPage":{"@id":"https:\/\/meriti.rj.gov.br\/inicio\/pontos-de-apoio-para-emergencia-chuvas\/#primaryimage"},"image":{"@id":"https:\/\/meriti.rj.gov.br\/inicio\/pontos-de-apoio-para-emergencia-chuvas\/#primaryimage"},"thumbnailUrl":"https:\/\/meriti.rj.gov.br\/inicio\/wp-content\/uploads\/2026\/02\/PONTOS-DE-APOIO-DESKTOP.png","datePublished":"2026-02-24T23:16:34+00:00","dateModified":"2026-02-25T01:04:21+00:00","breadcrumb":{"@id":"https:\/\/meriti.rj.gov.br\/inicio\/pontos-de-apoio-para-emergencia-chuvas\/#breadcrumb"},"inLanguage":"pt-BR","potentialAction":[{"@type":"ReadAction","target":["https:\/\/meriti.rj.gov.br\/inicio\/pontos-de-apoio-para-emergencia-chuvas\/"]}]},{"@type":"ImageObject","inLanguage":"pt-BR","@id":"https:\/\/meriti.rj.gov.br\/inicio\/pontos-de-apoio-para-emergencia-chuvas\/#primaryimage","url":"https:\/\/meriti.rj.gov.br\/inicio\/wp-content\/uploads\/2026\/02\/PONTOS-DE-APOIO-DESKTOP.png","contentUrl":"https:\/\/meriti.rj.gov.br\/inicio\/wp-content\/uploads\/2026\/02\/PONTOS-DE-APOIO-DESKTOP.png","width":1600,"height":520},{"@type":"BreadcrumbList","@id":"https:\/\/meriti.rj.gov.br\/inicio\/pontos-de-apoio-para-emergencia-chuvas\/#breadcrumb","itemListElement":[{"@type":"ListItem","position":1,"name":"In\u00edcio","item":"https:\/\/meriti.rj.gov.br\/inicio\/"},{"@type":"ListItem","position":2,"name":"Pontos de Apoio para Emerg\u00eancia das Chuvas"}]},{"@type":"WebSite","@id":"https:\/\/meriti.rj.gov.br\/inicio\/#website","url":"https:\/\/meriti.rj.gov.br\/inicio\/","name":"portal.meriti","description":"Prefeitura Municipal de S\u00e3o Jo\u00e3o de Meriti","publisher":{"@id":"https:\/\/meriti.rj.gov.br\/inicio\/#organization"},"potentialAction":[{"@type":"SearchAction","target":{"@type":"EntryPoint","urlTemplate":"https:\/\/meriti.rj.gov.br\/inicio\/?s={search_term_string}"},"query-input":{"@type":"PropertyValueSpecification","valueRequired":true,"valueName":"search_term_string"}}],"inLanguage":"pt-BR"},{"@type":"Organization","@id":"https:\/\/meriti.rj.gov.br\/inicio\/#organization","name":"Prefeitura Municipal de S\u00e3o Jo\u00e3o de Meriti","url":"https:\/\/meriti.rj.gov.br\/inicio\/","logo":{"@type":"ImageObject","inLanguage":"pt-BR","@id":"https:\/\/meriti.rj.gov.br\/inicio\/#\/schema\/logo\/image\/","url":"https:\/\/meriti.rj.gov.br\/inicio\/wp-content\/uploads\/2023\/04\/cropped-logo.png","contentUrl":"https:\/\/meriti.rj.gov.br\/inicio\/wp-content\/uploads\/2023\/04\/cropped-logo.png","width":512,"height":512,"caption":"Prefeitura Municipal de S\u00e3o Jo\u00e3o de Meriti"},"image":{"@id":"https:\/\/meriti.rj.gov.br\/inicio\/#\/schema\/logo\/image\/"}}]}},"_links":{"self":[{"href":"https:\/\/meriti.rj.gov.br\/inicio\/wp-json\/wp\/v2\/pages\/21606","targetHints":{"allow":["GET"]}}],"collection":[{"href":"https:\/\/meriti.rj.gov.br\/inicio\/wp-json\/wp\/v2\/pages"}],"about":[{"href":"https:\/\/meriti.rj.gov.br\/inicio\/wp-json\/wp\/v2\/types\/page"}],"author":[{"embeddable":true,"href":"https:\/\/meriti.rj.gov.br\/inicio\/wp-json\/wp\/v2\/users\/5"}],"replies":[{"embeddable":true,"href":"https:\/\/meriti.rj.gov.br\/inicio\/wp-json\/wp\/v2\/comments?post=21606"}],"version-history":[{"count":50,"href":"https:\/\/meriti.rj.gov.br\/inicio\/wp-json\/wp\/v2\/pages\/21606\/revisions"}],"predecessor-version":[{"id":21697,"href":"https:\/\/meriti.rj.gov.br\/inicio\/wp-json\/wp\/v2\/pages\/21606\/revisions\/21697"}],"wp:attachment":[{"href":"https:\/\/meriti.rj.gov.br\/inicio\/wp-json\/wp\/v2\/media?parent=21606"}],"curies":[{"name":"wp","href":"https:\/\/api.w.org\/{rel}","templated":true}]}}