{"id":18463,"date":"2025-08-18T16:38:17","date_gmt":"2025-08-18T19:38:17","guid":{"rendered":"https:\/\/meriti.rj.gov.br\/inicio\/?page_id=18463"},"modified":"2025-08-18T17:11:23","modified_gmt":"2025-08-18T20:11:23","slug":"conselho-municipal-de-pol","status":"publish","type":"page","link":"https:\/\/meriti.rj.gov.br\/inicio\/conselho-municipal-de-pol\/","title":{"rendered":"Conselho Municipal de Pol"},"content":{"rendered":"\t\t<div data-elementor-type=\"wp-page\" data-elementor-id=\"18463\" class=\"elementor elementor-18463\" data-elementor-post-type=\"page\">\n\t\t\t\t<div class=\"elementor-element elementor-element-16136ad e-flex e-con-boxed e-con e-parent\" data-id=\"16136ad\" data-element_type=\"container\" data-e-type=\"container\">\n\t\t\t\t\t<div class=\"e-con-inner\">\n\t\t\t\t<div class=\"elementor-element elementor-element-ded81c5 elementor-widget elementor-widget-heading\" data-id=\"ded81c5\" data-element_type=\"widget\" data-e-type=\"widget\" data-widget_type=\"heading.default\">\n\t\t\t\t<div class=\"elementor-widget-container\">\n\t\t\t\t\t<h2 class=\"elementor-heading-title elementor-size-default\">Conselho Municipal de Pol\u00edtica Cultural<\/h2>\t\t\t\t<\/div>\n\t\t\t\t<\/div>\n\t\t\t\t\t<\/div>\n\t\t\t\t<\/div>\n\t\t<div class=\"elementor-element elementor-element-c049a1e e-flex e-con-boxed e-con e-parent\" data-id=\"c049a1e\" data-element_type=\"container\" data-e-type=\"container\">\n\t\t\t\t\t<div class=\"e-con-inner\">\n\t\t\t\t<div class=\"elementor-element elementor-element-ed91490 elementor-widget elementor-widget-text-editor\" data-id=\"ed91490\" data-element_type=\"widget\" data-e-type=\"widget\" data-widget_type=\"text-editor.default\">\n\t\t\t\t<div class=\"elementor-widget-container\">\n\t\t\t\t\t\t\t\t\t<p><strong>Lorem Ipsum<\/strong>\u00a0is simply dummy text of the printing and typesetting industry. Lorem Ipsum has been the industry&#8217;s standard dummy text ever since the 1500s, when an unknown printer took a galley of type and scrambled it to make a type specimen book. It has survived not only five centuries, but also the leap into electronic typesetting, remaining essentially unchanged. It was popularised in the 1960s with the release of Letraset sheets containing Lorem Ipsum passages, and more recently with desktop publishing software like Aldus PageMaker including versions of Lorem Ipsum.<\/p>\t\t\t\t\t\t\t\t<\/div>\n\t\t\t\t<\/div>\n\t\t\t\t\t<\/div>\n\t\t\t\t<\/div>\n\t\t<div class=\"elementor-element elementor-element-4c23037 e-flex e-con-boxed e-con e-parent\" data-id=\"4c23037\" data-element_type=\"container\" data-e-type=\"container\">\n\t\t\t\t\t<div class=\"e-con-inner\">\n\t\t\t\t<div class=\"elementor-element elementor-element-c7e7523 elementor-widget elementor-widget-text-editor\" data-id=\"c7e7523\" data-element_type=\"widget\" data-e-type=\"widget\" data-widget_type=\"text-editor.default\">\n\t\t\t\t<div class=\"elementor-widget-container\">\n\t\t\t\t\t\t\t\t\t<p><span style=\"text-decoration: underline;\"><strong><a href=\"https:\/\/meriti.rj.gov.br\/inicio\/wp-content\/uploads\/2025\/08\/001-Calendario-das-reunioes-do-Conselho-Municipal-de-Politicas-Cultural.pdf\">001 CALEND\u00c1RIO DAS REUNI\u00d5ES DO CONSELHO MUNICIPAL DE POL\u00cdTICA CULTURAL<\/a><\/strong><\/span><\/p><p><span style=\"text-decoration: underline;\"><strong><a href=\"https:\/\/meriti.rj.gov.br\/inicio\/wp-content\/uploads\/2025\/08\/002-DECRETO-7.421-ELEICAO-CONSELHO.pdf\">002 DECRETO 7.421 ELEI\u00c7\u00c3O CONSELHO<\/a><\/strong><\/span><\/p><p><span style=\"text-decoration: underline;\"><strong><a href=\"https:\/\/meriti.rj.gov.br\/inicio\/wp-content\/uploads\/2025\/08\/003-PORTARIA-DE-NOMEACAO-DA-COMISSAO.pdf\">003 PORTARIA DE NOMEA\u00c7\u00c3O DA COMISS\u00c3O<\/a><\/strong><\/span><\/p><p><span style=\"text-decoration: underline;\"><strong><a href=\"https:\/\/meriti.rj.gov.br\/inicio\/wp-content\/uploads\/2025\/08\/004-EDITAL-001-SMCT-PARA-ELEICAO-DO-CONSELHO-MUNICIPAL-DE-POLITICA-CULTURAL.pdf\">004 EDITAL 001-SMCT PARA ELEI\u00c7\u00c3O DO CONSELHO MUNICIPAL DE POL\u00cdTICA CULTURALINSCRI\u00c7\u00c3O PARA CANDIDATOS NA ELEI\u00c7\u00c3O DO CONSELHO<\/a><\/strong><\/span><\/p><p><span style=\"text-decoration: underline;\"><strong><a href=\"https:\/\/meriti.rj.gov.br\/inicio\/wp-content\/uploads\/2025\/08\/005-Nota-Tecnica-001-SMCT-alteracao-do-formato-da-eleicao.pdf\">005 NOTA\u00a0 T\u00c9CNICA 001 SMTC ALTERA\u00c7\u00c3O DO FORMATO DA ELEI\u00c7\u00c3O\u00a0<\/a><\/strong><\/span><\/p><p><span style=\"text-decoration: underline;\"><strong><a href=\"https:\/\/meriti.rj.gov.br\/inicio\/wp-content\/uploads\/2025\/08\/006-CALENDARIO-PRORROGACAO-DAS-INCRICOES.pdf\">006 CALEND\u00c1RIO PRORROGA\u00c7\u00c3O DAS INCRI\u00c7\u00d5ES<\/a><\/strong><\/span><\/p><p><span style=\"text-decoration: underline;\"><strong><a href=\"https:\/\/meriti.rj.gov.br\/inicio\/wp-content\/uploads\/2025\/08\/007-LISTAGEM-DE-TODOS-CANDIDATOS-INSCRITOS-.pdf\">007 LISTAGEM DE TODOS CANDIDATOS INSCRITOS<\/a><\/strong><\/span><\/p><p><span style=\"text-decoration: underline;\"><strong><a href=\"https:\/\/meriti.rj.gov.br\/inicio\/wp-content\/uploads\/2025\/08\/007-LISTAGEM-DE-TODOS-ELEITORES-.pdf\">007 LISTAGEM DE TODOS ELEITORES<\/a><\/strong><\/span><\/p><p><span style=\"text-decoration: underline;\"><strong><a href=\"https:\/\/meriti.rj.gov.br\/inicio\/wp-content\/uploads\/2025\/08\/008-ELEITORES-INABILITADOS-CMPC.pdf\">008 ELEITORES INABILITADOS &#8211; CMP<\/a><\/strong><\/span><\/p><p><span style=\"text-decoration: underline;\"><strong><a href=\"https:\/\/meriti.rj.gov.br\/inicio\/wp-content\/uploads\/2025\/08\/009-RESULTADO-DOS-CANDIDATOS-HABILITADOS-SJM-1.pdf\">009 RESULTADO DOS CANDIDATOS HABILITADOS SJM<\/a><\/strong><\/span><\/p><p><span style=\"text-decoration: underline;\"><strong><a href=\"https:\/\/meriti.rj.gov.br\/inicio\/wp-content\/uploads\/2025\/08\/010-Ata-Eleicao-do-Conselho-de-Cultura-2025.pdf\">010 ATA ELEI\u00c7\u00c3O DO CONSELHO DE CULTURA<\/a><\/strong><\/span><\/p>\t\t\t\t\t\t\t\t<\/div>\n\t\t\t\t<\/div>\n\t\t\t\t\t<\/div>\n\t\t\t\t<\/div>\n\t\t\t\t<\/div>\n\t\t","protected":false},"excerpt":{"rendered":"<p>Conselho Municipal de Pol\u00edtica Cultural Lorem Ipsum\u00a0is simply dummy text of the printing and typesetting industry. Lorem Ipsum has been the industry&#8217;s standard dummy text&hellip;<\/p>\n","protected":false},"author":2,"featured_media":0,"parent":0,"menu_order":0,"comment_status":"closed","ping_status":"closed","template":"","meta":{"footnotes":""},"class_list":["post-18463","page","type-page","status-publish","hentry"],"yoast_head":"<!-- This site is optimized with the Yoast SEO plugin v27.3 - https:\/\/yoast.com\/product\/yoast-seo-wordpress\/ -->\n<title>Conselho Municipal de Pol - Prefeitura Municipal de S\u00e3o Jo\u00e3o de Meriti<\/title>\n<meta name=\"robots\" content=\"index, follow, max-snippet:-1, max-image-preview:large, max-video-preview:-1\" \/>\n<link rel=\"canonical\" href=\"https:\/\/meriti.rj.gov.br\/inicio\/conselho-municipal-de-pol\/\" \/>\n<meta property=\"og:locale\" content=\"pt_BR\" \/>\n<meta property=\"og:type\" content=\"article\" \/>\n<meta property=\"og:title\" content=\"Conselho Municipal de Pol - Prefeitura Municipal de S\u00e3o Jo\u00e3o de Meriti\" \/>\n<meta property=\"og:description\" content=\"Conselho Municipal de Pol\u00edtica Cultural Lorem Ipsum\u00a0is simply dummy text of the printing and typesetting industry. Lorem Ipsum has been the industry&#8217;s standard dummy text&hellip;\" \/>\n<meta property=\"og:url\" content=\"https:\/\/meriti.rj.gov.br\/inicio\/conselho-municipal-de-pol\/\" \/>\n<meta property=\"og:site_name\" content=\"Prefeitura Municipal de S\u00e3o Jo\u00e3o de Meriti\" \/>\n<meta property=\"article:modified_time\" content=\"2025-08-18T20:11:23+00:00\" \/>\n<meta name=\"twitter:card\" content=\"summary_large_image\" \/>\n<meta name=\"twitter:label1\" content=\"Est. tempo de leitura\" \/>\n\t<meta name=\"twitter:data1\" content=\"1 minuto\" \/>\n<script type=\"application\/ld+json\" class=\"yoast-schema-graph\">{\"@context\":\"https:\\\/\\\/schema.org\",\"@graph\":[{\"@type\":\"WebPage\",\"@id\":\"https:\\\/\\\/meriti.rj.gov.br\\\/inicio\\\/conselho-municipal-de-pol\\\/\",\"url\":\"https:\\\/\\\/meriti.rj.gov.br\\\/inicio\\\/conselho-municipal-de-pol\\\/\",\"name\":\"Conselho Municipal de Pol - Prefeitura Municipal de S\u00e3o Jo\u00e3o de Meriti\",\"isPartOf\":{\"@id\":\"https:\\\/\\\/meriti.rj.gov.br\\\/inicio\\\/#website\"},\"datePublished\":\"2025-08-18T19:38:17+00:00\",\"dateModified\":\"2025-08-18T20:11:23+00:00\",\"breadcrumb\":{\"@id\":\"https:\\\/\\\/meriti.rj.gov.br\\\/inicio\\\/conselho-municipal-de-pol\\\/#breadcrumb\"},\"inLanguage\":\"pt-BR\",\"potentialAction\":[{\"@type\":\"ReadAction\",\"target\":[\"https:\\\/\\\/meriti.rj.gov.br\\\/inicio\\\/conselho-municipal-de-pol\\\/\"]}]},{\"@type\":\"BreadcrumbList\",\"@id\":\"https:\\\/\\\/meriti.rj.gov.br\\\/inicio\\\/conselho-municipal-de-pol\\\/#breadcrumb\",\"itemListElement\":[{\"@type\":\"ListItem\",\"position\":1,\"name\":\"In\u00edcio\",\"item\":\"https:\\\/\\\/meriti.rj.gov.br\\\/inicio\\\/\"},{\"@type\":\"ListItem\",\"position\":2,\"name\":\"Conselho Municipal de Pol\"}]},{\"@type\":\"WebSite\",\"@id\":\"https:\\\/\\\/meriti.rj.gov.br\\\/inicio\\\/#website\",\"url\":\"https:\\\/\\\/meriti.rj.gov.br\\\/inicio\\\/\",\"name\":\"portal.meriti\",\"description\":\"Prefeitura Municipal de S\u00e3o Jo\u00e3o de Meriti\",\"publisher\":{\"@id\":\"https:\\\/\\\/meriti.rj.gov.br\\\/inicio\\\/#organization\"},\"potentialAction\":[{\"@type\":\"SearchAction\",\"target\":{\"@type\":\"EntryPoint\",\"urlTemplate\":\"https:\\\/\\\/meriti.rj.gov.br\\\/inicio\\\/?s={search_term_string}\"},\"query-input\":{\"@type\":\"PropertyValueSpecification\",\"valueRequired\":true,\"valueName\":\"search_term_string\"}}],\"inLanguage\":\"pt-BR\"},{\"@type\":\"Organization\",\"@id\":\"https:\\\/\\\/meriti.rj.gov.br\\\/inicio\\\/#organization\",\"name\":\"Prefeitura Municipal de S\u00e3o Jo\u00e3o de Meriti\",\"url\":\"https:\\\/\\\/meriti.rj.gov.br\\\/inicio\\\/\",\"logo\":{\"@type\":\"ImageObject\",\"inLanguage\":\"pt-BR\",\"@id\":\"https:\\\/\\\/meriti.rj.gov.br\\\/inicio\\\/#\\\/schema\\\/logo\\\/image\\\/\",\"url\":\"https:\\\/\\\/meriti.rj.gov.br\\\/inicio\\\/wp-content\\\/uploads\\\/2023\\\/04\\\/cropped-logo.png\",\"contentUrl\":\"https:\\\/\\\/meriti.rj.gov.br\\\/inicio\\\/wp-content\\\/uploads\\\/2023\\\/04\\\/cropped-logo.png\",\"width\":512,\"height\":512,\"caption\":\"Prefeitura Municipal de S\u00e3o Jo\u00e3o de Meriti\"},\"image\":{\"@id\":\"https:\\\/\\\/meriti.rj.gov.br\\\/inicio\\\/#\\\/schema\\\/logo\\\/image\\\/\"}}]}<\/script>\n<!-- \/ Yoast SEO plugin. -->","yoast_head_json":{"title":"Conselho Municipal de Pol - Prefeitura Municipal de S\u00e3o Jo\u00e3o de Meriti","robots":{"index":"index","follow":"follow","max-snippet":"max-snippet:-1","max-image-preview":"max-image-preview:large","max-video-preview":"max-video-preview:-1"},"canonical":"https:\/\/meriti.rj.gov.br\/inicio\/conselho-municipal-de-pol\/","og_locale":"pt_BR","og_type":"article","og_title":"Conselho Municipal de Pol - Prefeitura Municipal de S\u00e3o Jo\u00e3o de Meriti","og_description":"Conselho Municipal de Pol\u00edtica Cultural Lorem Ipsum\u00a0is simply dummy text of the printing and typesetting industry. Lorem Ipsum has been the industry&#8217;s standard dummy text&hellip;","og_url":"https:\/\/meriti.rj.gov.br\/inicio\/conselho-municipal-de-pol\/","og_site_name":"Prefeitura Municipal de S\u00e3o Jo\u00e3o de Meriti","article_modified_time":"2025-08-18T20:11:23+00:00","twitter_card":"summary_large_image","twitter_misc":{"Est. tempo de leitura":"1 minuto"},"schema":{"@context":"https:\/\/schema.org","@graph":[{"@type":"WebPage","@id":"https:\/\/meriti.rj.gov.br\/inicio\/conselho-municipal-de-pol\/","url":"https:\/\/meriti.rj.gov.br\/inicio\/conselho-municipal-de-pol\/","name":"Conselho Municipal de Pol - Prefeitura Municipal de S\u00e3o Jo\u00e3o de Meriti","isPartOf":{"@id":"https:\/\/meriti.rj.gov.br\/inicio\/#website"},"datePublished":"2025-08-18T19:38:17+00:00","dateModified":"2025-08-18T20:11:23+00:00","breadcrumb":{"@id":"https:\/\/meriti.rj.gov.br\/inicio\/conselho-municipal-de-pol\/#breadcrumb"},"inLanguage":"pt-BR","potentialAction":[{"@type":"ReadAction","target":["https:\/\/meriti.rj.gov.br\/inicio\/conselho-municipal-de-pol\/"]}]},{"@type":"BreadcrumbList","@id":"https:\/\/meriti.rj.gov.br\/inicio\/conselho-municipal-de-pol\/#breadcrumb","itemListElement":[{"@type":"ListItem","position":1,"name":"In\u00edcio","item":"https:\/\/meriti.rj.gov.br\/inicio\/"},{"@type":"ListItem","position":2,"name":"Conselho Municipal de Pol"}]},{"@type":"WebSite","@id":"https:\/\/meriti.rj.gov.br\/inicio\/#website","url":"https:\/\/meriti.rj.gov.br\/inicio\/","name":"portal.meriti","description":"Prefeitura Municipal de S\u00e3o Jo\u00e3o de Meriti","publisher":{"@id":"https:\/\/meriti.rj.gov.br\/inicio\/#organization"},"potentialAction":[{"@type":"SearchAction","target":{"@type":"EntryPoint","urlTemplate":"https:\/\/meriti.rj.gov.br\/inicio\/?s={search_term_string}"},"query-input":{"@type":"PropertyValueSpecification","valueRequired":true,"valueName":"search_term_string"}}],"inLanguage":"pt-BR"},{"@type":"Organization","@id":"https:\/\/meriti.rj.gov.br\/inicio\/#organization","name":"Prefeitura Municipal de S\u00e3o Jo\u00e3o de Meriti","url":"https:\/\/meriti.rj.gov.br\/inicio\/","logo":{"@type":"ImageObject","inLanguage":"pt-BR","@id":"https:\/\/meriti.rj.gov.br\/inicio\/#\/schema\/logo\/image\/","url":"https:\/\/meriti.rj.gov.br\/inicio\/wp-content\/uploads\/2023\/04\/cropped-logo.png","contentUrl":"https:\/\/meriti.rj.gov.br\/inicio\/wp-content\/uploads\/2023\/04\/cropped-logo.png","width":512,"height":512,"caption":"Prefeitura Municipal de S\u00e3o Jo\u00e3o de Meriti"},"image":{"@id":"https:\/\/meriti.rj.gov.br\/inicio\/#\/schema\/logo\/image\/"}}]}},"_links":{"self":[{"href":"https:\/\/meriti.rj.gov.br\/inicio\/wp-json\/wp\/v2\/pages\/18463","targetHints":{"allow":["GET"]}}],"collection":[{"href":"https:\/\/meriti.rj.gov.br\/inicio\/wp-json\/wp\/v2\/pages"}],"about":[{"href":"https:\/\/meriti.rj.gov.br\/inicio\/wp-json\/wp\/v2\/types\/page"}],"author":[{"embeddable":true,"href":"https:\/\/meriti.rj.gov.br\/inicio\/wp-json\/wp\/v2\/users\/2"}],"replies":[{"embeddable":true,"href":"https:\/\/meriti.rj.gov.br\/inicio\/wp-json\/wp\/v2\/comments?post=18463"}],"version-history":[{"count":57,"href":"https:\/\/meriti.rj.gov.br\/inicio\/wp-json\/wp\/v2\/pages\/18463\/revisions"}],"predecessor-version":[{"id":18540,"href":"https:\/\/meriti.rj.gov.br\/inicio\/wp-json\/wp\/v2\/pages\/18463\/revisions\/18540"}],"wp:attachment":[{"href":"https:\/\/meriti.rj.gov.br\/inicio\/wp-json\/wp\/v2\/media?parent=18463"}],"curies":[{"name":"wp","href":"https:\/\/api.w.org\/{rel}","templated":true}]}}