{"id":16419,"date":"2025-04-25T17:12:37","date_gmt":"2025-04-25T20:12:37","guid":{"rendered":"https:\/\/meriti.rj.gov.br\/inicio\/?page_id=16419"},"modified":"2025-04-25T17:16:25","modified_gmt":"2025-04-25T20:16:25","slug":"elementor-16419","status":"publish","type":"page","link":"https:\/\/meriti.rj.gov.br\/inicio\/elementor-16419\/","title":{"rendered":"Elementor #16419"},"content":{"rendered":"\t\t<div data-elementor-type=\"wp-post\" data-elementor-id=\"16419\" class=\"elementor elementor-16419\" data-elementor-post-type=\"page\">\n\t\t\t\t<div class=\"elementor-element elementor-element-43fabbf e-flex e-con-boxed e-con e-parent\" data-id=\"43fabbf\" data-element_type=\"container\" data-e-type=\"container\">\n\t\t\t\t\t<div class=\"e-con-inner\">\n\t\t\t\t<div class=\"elementor-element elementor-element-8a5b4a3 elementor-widget elementor-widget-heading\" data-id=\"8a5b4a3\" data-element_type=\"widget\" data-e-type=\"widget\" data-widget_type=\"heading.default\">\n\t\t\t\t<div class=\"elementor-widget-container\">\n\t\t\t\t\t<h2 class=\"elementor-heading-title elementor-size-default\">Prefeito L\u00e9o Vieira divulga calend\u00e1rio in\u00e9dito de pagamento para servidores de Meriti<br><\/h2>\t\t\t\t<\/div>\n\t\t\t\t<\/div>\n\t\t\t\t<div class=\"elementor-element elementor-element-fc8b0c6 elementor-widget elementor-widget-image\" data-id=\"fc8b0c6\" data-element_type=\"widget\" data-e-type=\"widget\" data-widget_type=\"image.default\">\n\t\t\t\t<div class=\"elementor-widget-container\">\n\t\t\t\t\t\t\t\t\t\t\t\t<figure class=\"wp-caption\">\n\t\t\t\t\t\t\t\t\t\t<img fetchpriority=\"high\" decoding=\"async\" width=\"843\" height=\"543\" src=\"https:\/\/meriti.rj.gov.br\/inicio\/wp-content\/uploads\/2025\/04\/Foto-Divulgacao-Calendario-1024x659.jpeg\" class=\"attachment-large size-large wp-image-16425\" alt=\"\" srcset=\"https:\/\/meriti.rj.gov.br\/inicio\/wp-content\/uploads\/2025\/04\/Foto-Divulgacao-Calendario-1024x659.jpeg 1024w, https:\/\/meriti.rj.gov.br\/inicio\/wp-content\/uploads\/2025\/04\/Foto-Divulgacao-Calendario-300x193.jpeg 300w, https:\/\/meriti.rj.gov.br\/inicio\/wp-content\/uploads\/2025\/04\/Foto-Divulgacao-Calendario-768x494.jpeg 768w, https:\/\/meriti.rj.gov.br\/inicio\/wp-content\/uploads\/2025\/04\/Foto-Divulgacao-Calendario-1536x988.jpeg 1536w, https:\/\/meriti.rj.gov.br\/inicio\/wp-content\/uploads\/2025\/04\/Foto-Divulgacao-Calendario-2048x1317.jpeg 2048w\" sizes=\"(max-width: 843px) 100vw, 843px\" \/>\t\t\t\t\t\t\t\t\t\t\t<figcaption class=\"widget-image-caption wp-caption-text\">O prefeito L\u00e9o Vieira (dir) e o secret\u00e1rio de Fazenda, Paulo C\u00e9sar, divulgaram o calend\u00e1rio de pagamento pela primeira vez na hist\u00f3ria da cidade Fotos: Gilberto Rocha<\/figcaption>\n\t\t\t\t\t\t\t\t\t\t<\/figure>\n\t\t\t\t\t\t\t\t\t<\/div>\n\t\t\t\t<\/div>\n\t\t\t\t<div class=\"elementor-element elementor-element-a9e2e90 elementor-widget elementor-widget-text-editor\" data-id=\"a9e2e90\" data-element_type=\"widget\" data-e-type=\"widget\" data-widget_type=\"text-editor.default\">\n\t\t\t\t<div class=\"elementor-widget-container\">\n\t\t\t\t\t\t\t\t\t<p>O prefeito de S\u00e3o Jo\u00e3o de Meriti, L\u00e9o Vieira, anunciou na sexta-feira (25-04), o calend\u00e1rio oficial de pagamento dos servidores p\u00fablicos municipais para o ano de 2025. Esta \u00e9 a primeira vez na hist\u00f3ria da cidade que um cronograma anual \u00e9 divulgado antecipadamente, com o objetivo de organizar a vida financeira dos trabalhadores da ativa, aposentados e pensionistas.<\/p><p>O calend\u00e1rio foi elaborado pelo prefeito L\u00e9o Vieira e pelo secret\u00e1rio municipal de Fazenda, Paulo C\u00e9sar Alves Meireles. De acordo com a programa\u00e7\u00e3o, os pagamentos mensais ocorrer\u00e3o entre o 7\u00ba e o 9\u00ba dia \u00fatil de cada m\u00eas. J\u00e1 o 13\u00ba sal\u00e1rio ser\u00e1 depositado no dia 19 de dezembro.<\/p><p>\u201cMesmo diante de todas as dificuldades financeiras, estamos firmando esse compromisso com o servidor, atrav\u00e9s de uma gest\u00e3o respons\u00e1vel dos recursos p\u00fablicos. Sabemos como a previsibilidade faz diferen\u00e7a na vida de quem trabalha para o munic\u00edpio. Continuaremos avan\u00e7ando para garantir mais respeito e valoriza\u00e7\u00e3o aos nossos profissionais\u201d, afirmou o prefeito L\u00e9o Vieira.<\/p><p>Segundo o secret\u00e1rio municipal de Fazenda, Paulo C\u00e9sar Alves Meireles, a cria\u00e7\u00e3o do calend\u00e1rio era uma demanda antiga dos colaboradores. \u201cTrata-se de um passo importante rumo \u00e0 transpar\u00eancia e ao planejamento financeiro. Os servidores agora t\u00eam a possibilidade de se organizar ao longo do ano, com mais tranquilidade e seguran\u00e7a\u201d, ressaltou Paulo C\u00e9sar.<\/p><p>O prefeito L\u00e9o Vieira tamb\u00e9m informou que o calend\u00e1rio de pagamentos referente ao ano de 2026 ser\u00e1 divulgado em dezembro deste ano, mantendo a pol\u00edtica de planejamento.<\/p><p><b>Veja as datas:<\/b><br \/>\u2022 Abril &#8211; 13\/05\/2025<br \/>\u2022 Maio &#8211; 11\/06\/2025<br \/>\u2022 Junho &#8211; 11\/07\/2025<br \/>\u2022 Julho &#8211; 11\/08\/2025<br \/>\u2022 Agosto &#8211; 11\/09\/2025<br \/>\u2022 Setembro &#8211; 13\/10\/2025<br \/>\u2022 Outubro &#8211; 11\/11\/2025<br \/>\u2022 Novembro &#8211; 11\/12\/2025<br \/>\u2022 Dezembro &#8211; 12\/01\/2025<br \/>\u2022 D\u00e9cimo Terceiro Sal\u00e1rio &#8211; 19\/12\/2025<\/p>\t\t\t\t\t\t\t\t<\/div>\n\t\t\t\t<\/div>\n\t\t\t\t\t<\/div>\n\t\t\t\t<\/div>\n\t\t\t\t<\/div>\n\t\t","protected":false},"excerpt":{"rendered":"<p>Prefeito L\u00e9o Vieira divulga calend\u00e1rio in\u00e9dito de pagamento para servidores de Meriti O prefeito L\u00e9o Vieira (dir) e o secret\u00e1rio de Fazenda, Paulo C\u00e9sar, divulgaram&hellip;<\/p>\n","protected":false},"author":14,"featured_media":0,"parent":0,"menu_order":0,"comment_status":"closed","ping_status":"closed","template":"","meta":{"footnotes":""},"class_list":["post-16419","page","type-page","status-publish","hentry"],"yoast_head":"<!-- This site is optimized with the Yoast SEO plugin v27.3 - https:\/\/yoast.com\/product\/yoast-seo-wordpress\/ -->\n<title>Elementor #16419 - Prefeitura Municipal de S\u00e3o Jo\u00e3o de Meriti<\/title>\n<meta name=\"robots\" content=\"index, follow, max-snippet:-1, max-image-preview:large, max-video-preview:-1\" \/>\n<link rel=\"canonical\" href=\"https:\/\/meriti.rj.gov.br\/inicio\/elementor-16419\/\" \/>\n<meta property=\"og:locale\" content=\"pt_BR\" \/>\n<meta property=\"og:type\" content=\"article\" \/>\n<meta property=\"og:title\" content=\"Elementor #16419 - Prefeitura Municipal de S\u00e3o Jo\u00e3o de Meriti\" \/>\n<meta property=\"og:description\" content=\"Prefeito L\u00e9o Vieira divulga calend\u00e1rio in\u00e9dito de pagamento para servidores de Meriti O prefeito L\u00e9o Vieira (dir) e o secret\u00e1rio de Fazenda, Paulo C\u00e9sar, divulgaram&hellip;\" \/>\n<meta property=\"og:url\" content=\"https:\/\/meriti.rj.gov.br\/inicio\/elementor-16419\/\" \/>\n<meta property=\"og:site_name\" content=\"Prefeitura Municipal de S\u00e3o Jo\u00e3o de Meriti\" \/>\n<meta property=\"article:modified_time\" content=\"2025-04-25T20:16:25+00:00\" \/>\n<meta property=\"og:image\" content=\"https:\/\/meriti.rj.gov.br\/inicio\/wp-content\/uploads\/2025\/04\/Foto-Divulgacao-Calendario-scaled.jpeg\" \/>\n\t<meta property=\"og:image:width\" content=\"2560\" \/>\n\t<meta property=\"og:image:height\" content=\"1647\" \/>\n\t<meta property=\"og:image:type\" content=\"image\/jpeg\" \/>\n<meta name=\"twitter:card\" content=\"summary_large_image\" \/>\n<meta name=\"twitter:label1\" content=\"Est. tempo de leitura\" \/>\n\t<meta name=\"twitter:data1\" content=\"2 minutos\" \/>\n<script type=\"application\/ld+json\" class=\"yoast-schema-graph\">{\"@context\":\"https:\\\/\\\/schema.org\",\"@graph\":[{\"@type\":\"WebPage\",\"@id\":\"https:\\\/\\\/meriti.rj.gov.br\\\/inicio\\\/elementor-16419\\\/\",\"url\":\"https:\\\/\\\/meriti.rj.gov.br\\\/inicio\\\/elementor-16419\\\/\",\"name\":\"Elementor #16419 - Prefeitura Municipal de S\u00e3o Jo\u00e3o de Meriti\",\"isPartOf\":{\"@id\":\"https:\\\/\\\/meriti.rj.gov.br\\\/inicio\\\/#website\"},\"primaryImageOfPage\":{\"@id\":\"https:\\\/\\\/meriti.rj.gov.br\\\/inicio\\\/elementor-16419\\\/#primaryimage\"},\"image\":{\"@id\":\"https:\\\/\\\/meriti.rj.gov.br\\\/inicio\\\/elementor-16419\\\/#primaryimage\"},\"thumbnailUrl\":\"https:\\\/\\\/meriti.rj.gov.br\\\/inicio\\\/wp-content\\\/uploads\\\/2025\\\/04\\\/Foto-Divulgacao-Calendario-1024x659.jpeg\",\"datePublished\":\"2025-04-25T20:12:37+00:00\",\"dateModified\":\"2025-04-25T20:16:25+00:00\",\"breadcrumb\":{\"@id\":\"https:\\\/\\\/meriti.rj.gov.br\\\/inicio\\\/elementor-16419\\\/#breadcrumb\"},\"inLanguage\":\"pt-BR\",\"potentialAction\":[{\"@type\":\"ReadAction\",\"target\":[\"https:\\\/\\\/meriti.rj.gov.br\\\/inicio\\\/elementor-16419\\\/\"]}]},{\"@type\":\"ImageObject\",\"inLanguage\":\"pt-BR\",\"@id\":\"https:\\\/\\\/meriti.rj.gov.br\\\/inicio\\\/elementor-16419\\\/#primaryimage\",\"url\":\"https:\\\/\\\/meriti.rj.gov.br\\\/inicio\\\/wp-content\\\/uploads\\\/2025\\\/04\\\/Foto-Divulgacao-Calendario-scaled.jpeg\",\"contentUrl\":\"https:\\\/\\\/meriti.rj.gov.br\\\/inicio\\\/wp-content\\\/uploads\\\/2025\\\/04\\\/Foto-Divulgacao-Calendario-scaled.jpeg\",\"width\":2560,\"height\":1647},{\"@type\":\"BreadcrumbList\",\"@id\":\"https:\\\/\\\/meriti.rj.gov.br\\\/inicio\\\/elementor-16419\\\/#breadcrumb\",\"itemListElement\":[{\"@type\":\"ListItem\",\"position\":1,\"name\":\"In\u00edcio\",\"item\":\"https:\\\/\\\/meriti.rj.gov.br\\\/inicio\\\/\"},{\"@type\":\"ListItem\",\"position\":2,\"name\":\"Elementor #16419\"}]},{\"@type\":\"WebSite\",\"@id\":\"https:\\\/\\\/meriti.rj.gov.br\\\/inicio\\\/#website\",\"url\":\"https:\\\/\\\/meriti.rj.gov.br\\\/inicio\\\/\",\"name\":\"portal.meriti\",\"description\":\"Prefeitura Municipal de S\u00e3o Jo\u00e3o de Meriti\",\"publisher\":{\"@id\":\"https:\\\/\\\/meriti.rj.gov.br\\\/inicio\\\/#organization\"},\"potentialAction\":[{\"@type\":\"SearchAction\",\"target\":{\"@type\":\"EntryPoint\",\"urlTemplate\":\"https:\\\/\\\/meriti.rj.gov.br\\\/inicio\\\/?s={search_term_string}\"},\"query-input\":{\"@type\":\"PropertyValueSpecification\",\"valueRequired\":true,\"valueName\":\"search_term_string\"}}],\"inLanguage\":\"pt-BR\"},{\"@type\":\"Organization\",\"@id\":\"https:\\\/\\\/meriti.rj.gov.br\\\/inicio\\\/#organization\",\"name\":\"Prefeitura Municipal de S\u00e3o Jo\u00e3o de Meriti\",\"url\":\"https:\\\/\\\/meriti.rj.gov.br\\\/inicio\\\/\",\"logo\":{\"@type\":\"ImageObject\",\"inLanguage\":\"pt-BR\",\"@id\":\"https:\\\/\\\/meriti.rj.gov.br\\\/inicio\\\/#\\\/schema\\\/logo\\\/image\\\/\",\"url\":\"https:\\\/\\\/meriti.rj.gov.br\\\/inicio\\\/wp-content\\\/uploads\\\/2023\\\/04\\\/cropped-logo.png\",\"contentUrl\":\"https:\\\/\\\/meriti.rj.gov.br\\\/inicio\\\/wp-content\\\/uploads\\\/2023\\\/04\\\/cropped-logo.png\",\"width\":512,\"height\":512,\"caption\":\"Prefeitura Municipal de S\u00e3o Jo\u00e3o de Meriti\"},\"image\":{\"@id\":\"https:\\\/\\\/meriti.rj.gov.br\\\/inicio\\\/#\\\/schema\\\/logo\\\/image\\\/\"}}]}<\/script>\n<!-- \/ Yoast SEO plugin. -->","yoast_head_json":{"title":"Elementor #16419 - Prefeitura Municipal de S\u00e3o Jo\u00e3o de Meriti","robots":{"index":"index","follow":"follow","max-snippet":"max-snippet:-1","max-image-preview":"max-image-preview:large","max-video-preview":"max-video-preview:-1"},"canonical":"https:\/\/meriti.rj.gov.br\/inicio\/elementor-16419\/","og_locale":"pt_BR","og_type":"article","og_title":"Elementor #16419 - Prefeitura Municipal de S\u00e3o Jo\u00e3o de Meriti","og_description":"Prefeito L\u00e9o Vieira divulga calend\u00e1rio in\u00e9dito de pagamento para servidores de Meriti O prefeito L\u00e9o Vieira (dir) e o secret\u00e1rio de Fazenda, Paulo C\u00e9sar, divulgaram&hellip;","og_url":"https:\/\/meriti.rj.gov.br\/inicio\/elementor-16419\/","og_site_name":"Prefeitura Municipal de S\u00e3o Jo\u00e3o de Meriti","article_modified_time":"2025-04-25T20:16:25+00:00","og_image":[{"width":2560,"height":1647,"url":"https:\/\/meriti.rj.gov.br\/inicio\/wp-content\/uploads\/2025\/04\/Foto-Divulgacao-Calendario-scaled.jpeg","type":"image\/jpeg"}],"twitter_card":"summary_large_image","twitter_misc":{"Est. tempo de leitura":"2 minutos"},"schema":{"@context":"https:\/\/schema.org","@graph":[{"@type":"WebPage","@id":"https:\/\/meriti.rj.gov.br\/inicio\/elementor-16419\/","url":"https:\/\/meriti.rj.gov.br\/inicio\/elementor-16419\/","name":"Elementor #16419 - Prefeitura Municipal de S\u00e3o Jo\u00e3o de Meriti","isPartOf":{"@id":"https:\/\/meriti.rj.gov.br\/inicio\/#website"},"primaryImageOfPage":{"@id":"https:\/\/meriti.rj.gov.br\/inicio\/elementor-16419\/#primaryimage"},"image":{"@id":"https:\/\/meriti.rj.gov.br\/inicio\/elementor-16419\/#primaryimage"},"thumbnailUrl":"https:\/\/meriti.rj.gov.br\/inicio\/wp-content\/uploads\/2025\/04\/Foto-Divulgacao-Calendario-1024x659.jpeg","datePublished":"2025-04-25T20:12:37+00:00","dateModified":"2025-04-25T20:16:25+00:00","breadcrumb":{"@id":"https:\/\/meriti.rj.gov.br\/inicio\/elementor-16419\/#breadcrumb"},"inLanguage":"pt-BR","potentialAction":[{"@type":"ReadAction","target":["https:\/\/meriti.rj.gov.br\/inicio\/elementor-16419\/"]}]},{"@type":"ImageObject","inLanguage":"pt-BR","@id":"https:\/\/meriti.rj.gov.br\/inicio\/elementor-16419\/#primaryimage","url":"https:\/\/meriti.rj.gov.br\/inicio\/wp-content\/uploads\/2025\/04\/Foto-Divulgacao-Calendario-scaled.jpeg","contentUrl":"https:\/\/meriti.rj.gov.br\/inicio\/wp-content\/uploads\/2025\/04\/Foto-Divulgacao-Calendario-scaled.jpeg","width":2560,"height":1647},{"@type":"BreadcrumbList","@id":"https:\/\/meriti.rj.gov.br\/inicio\/elementor-16419\/#breadcrumb","itemListElement":[{"@type":"ListItem","position":1,"name":"In\u00edcio","item":"https:\/\/meriti.rj.gov.br\/inicio\/"},{"@type":"ListItem","position":2,"name":"Elementor #16419"}]},{"@type":"WebSite","@id":"https:\/\/meriti.rj.gov.br\/inicio\/#website","url":"https:\/\/meriti.rj.gov.br\/inicio\/","name":"portal.meriti","description":"Prefeitura Municipal de S\u00e3o Jo\u00e3o de Meriti","publisher":{"@id":"https:\/\/meriti.rj.gov.br\/inicio\/#organization"},"potentialAction":[{"@type":"SearchAction","target":{"@type":"EntryPoint","urlTemplate":"https:\/\/meriti.rj.gov.br\/inicio\/?s={search_term_string}"},"query-input":{"@type":"PropertyValueSpecification","valueRequired":true,"valueName":"search_term_string"}}],"inLanguage":"pt-BR"},{"@type":"Organization","@id":"https:\/\/meriti.rj.gov.br\/inicio\/#organization","name":"Prefeitura Municipal de S\u00e3o Jo\u00e3o de Meriti","url":"https:\/\/meriti.rj.gov.br\/inicio\/","logo":{"@type":"ImageObject","inLanguage":"pt-BR","@id":"https:\/\/meriti.rj.gov.br\/inicio\/#\/schema\/logo\/image\/","url":"https:\/\/meriti.rj.gov.br\/inicio\/wp-content\/uploads\/2023\/04\/cropped-logo.png","contentUrl":"https:\/\/meriti.rj.gov.br\/inicio\/wp-content\/uploads\/2023\/04\/cropped-logo.png","width":512,"height":512,"caption":"Prefeitura Municipal de S\u00e3o Jo\u00e3o de Meriti"},"image":{"@id":"https:\/\/meriti.rj.gov.br\/inicio\/#\/schema\/logo\/image\/"}}]}},"_links":{"self":[{"href":"https:\/\/meriti.rj.gov.br\/inicio\/wp-json\/wp\/v2\/pages\/16419","targetHints":{"allow":["GET"]}}],"collection":[{"href":"https:\/\/meriti.rj.gov.br\/inicio\/wp-json\/wp\/v2\/pages"}],"about":[{"href":"https:\/\/meriti.rj.gov.br\/inicio\/wp-json\/wp\/v2\/types\/page"}],"author":[{"embeddable":true,"href":"https:\/\/meriti.rj.gov.br\/inicio\/wp-json\/wp\/v2\/users\/14"}],"replies":[{"embeddable":true,"href":"https:\/\/meriti.rj.gov.br\/inicio\/wp-json\/wp\/v2\/comments?post=16419"}],"version-history":[{"count":13,"href":"https:\/\/meriti.rj.gov.br\/inicio\/wp-json\/wp\/v2\/pages\/16419\/revisions"}],"predecessor-version":[{"id":16437,"href":"https:\/\/meriti.rj.gov.br\/inicio\/wp-json\/wp\/v2\/pages\/16419\/revisions\/16437"}],"wp:attachment":[{"href":"https:\/\/meriti.rj.gov.br\/inicio\/wp-json\/wp\/v2\/media?parent=16419"}],"curies":[{"name":"wp","href":"https:\/\/api.w.org\/{rel}","templated":true}]}}