{"id":15067,"date":"2025-02-03T17:15:04","date_gmt":"2025-02-03T20:15:04","guid":{"rendered":"https:\/\/meriti.rj.gov.br\/inicio\/?page_id=15067"},"modified":"2025-02-03T17:19:19","modified_gmt":"2025-02-03T20:19:19","slug":"sao-joao-de-meriti-adere-ao-programa-rj-digital-para-acelerar-a-transformacao-digital","status":"publish","type":"page","link":"https:\/\/meriti.rj.gov.br\/inicio\/sao-joao-de-meriti-adere-ao-programa-rj-digital-para-acelerar-a-transformacao-digital\/","title":{"rendered":"S\u00e3o Jo\u00e3o de Meriti adere ao Programa RJ Digital para acelerar a transforma\u00e7\u00e3o digital"},"content":{"rendered":"\t\t<div data-elementor-type=\"wp-page\" data-elementor-id=\"15067\" class=\"elementor elementor-15067\" data-elementor-post-type=\"page\">\n\t\t\t\t<div class=\"elementor-element elementor-element-54bb413 e-flex e-con-boxed e-con e-parent\" data-id=\"54bb413\" data-element_type=\"container\" data-e-type=\"container\">\n\t\t\t\t\t<div class=\"e-con-inner\">\n\t\t\t\t<div class=\"elementor-element elementor-element-ba1e836 elementor-widget elementor-widget-heading\" data-id=\"ba1e836\" data-element_type=\"widget\" data-e-type=\"widget\" data-widget_type=\"heading.default\">\n\t\t\t\t<div class=\"elementor-widget-container\">\n\t\t\t\t\t<h2 class=\"elementor-heading-title elementor-size-default\">S\u00e3o Jo\u00e3o de Meriti adere ao Programa RJ Digital para acelerar a transforma\u00e7\u00e3o digital<br><\/h2>\t\t\t\t<\/div>\n\t\t\t\t<\/div>\n\t\t\t\t<div class=\"elementor-element elementor-element-24d7199 elementor-widget elementor-widget-image\" data-id=\"24d7199\" data-element_type=\"widget\" data-e-type=\"widget\" data-widget_type=\"image.default\">\n\t\t\t\t<div class=\"elementor-widget-container\">\n\t\t\t\t\t\t\t\t\t\t\t\t<figure class=\"wp-caption\">\n\t\t\t\t\t\t\t\t\t\t<img fetchpriority=\"high\" decoding=\"async\" width=\"2560\" height=\"1686\" src=\"https:\/\/meriti.rj.gov.br\/inicio\/wp-content\/uploads\/2025\/02\/Foto-1-Assinatura-scaled.jpeg\" class=\"attachment-full size-full wp-image-15069\" alt=\"\" srcset=\"https:\/\/meriti.rj.gov.br\/inicio\/wp-content\/uploads\/2025\/02\/Foto-1-Assinatura-scaled.jpeg 2560w, https:\/\/meriti.rj.gov.br\/inicio\/wp-content\/uploads\/2025\/02\/Foto-1-Assinatura-300x198.jpeg 300w, https:\/\/meriti.rj.gov.br\/inicio\/wp-content\/uploads\/2025\/02\/Foto-1-Assinatura-1024x674.jpeg 1024w, https:\/\/meriti.rj.gov.br\/inicio\/wp-content\/uploads\/2025\/02\/Foto-1-Assinatura-768x506.jpeg 768w, https:\/\/meriti.rj.gov.br\/inicio\/wp-content\/uploads\/2025\/02\/Foto-1-Assinatura-1536x1012.jpeg 1536w, https:\/\/meriti.rj.gov.br\/inicio\/wp-content\/uploads\/2025\/02\/Foto-1-Assinatura-2048x1349.jpeg 2048w\" sizes=\"(max-width: 2560px) 100vw, 2560px\" \/>\t\t\t\t\t\t\t\t\t\t\t<figcaption class=\"widget-image-caption wp-caption-text\">Prefeito L\u00e9o Vieira assinou o acordo de coopera\u00e7\u00e3o t\u00e9cnica para a implanta\u00e7\u00e3o do SEI, ao lado do secret\u00e1rio estadual Feu Braga (esq), secretariado municipal e equipe t\u00e9cnica <\/figcaption>\n\t\t\t\t\t\t\t\t\t\t<\/figure>\n\t\t\t\t\t\t\t\t\t<\/div>\n\t\t\t\t<\/div>\n\t\t\t\t<div class=\"elementor-element elementor-element-fe98a9d elementor-widget elementor-widget-text-editor\" data-id=\"fe98a9d\" data-element_type=\"widget\" data-e-type=\"widget\" data-widget_type=\"text-editor.default\">\n\t\t\t\t<div class=\"elementor-widget-container\">\n\t\t\t\t\t\t\t\t\t<p>Na tarde de sexta-feira (31), o prefeito de S\u00e3o Jo\u00e3o de Meriti, L\u00e9o Vieira, e o secret\u00e1rio estadual de Transforma\u00e7\u00e3o Digital do Rio, Feu Braga, assinaram o acordo de coopera\u00e7\u00e3o t\u00e9cnica para a implanta\u00e7\u00e3o do Sistema Eletr\u00f4nico de Informa\u00e7\u00f5es (SEI). Esse sistema faz parte do Programa RJ Digital Munic\u00edpios, que promove a gest\u00e3o digital de documentos e processos.<\/p><p>O acordo \u00e9 o pontap\u00e9 inicial na migra\u00e7\u00e3o do anal\u00f3gico para o digital em Meriti, acelerando a transforma\u00e7\u00e3o digital em todos os procedimentos da rotina administrativa, al\u00e9m de reduzir custos e gastos com o uso de papel e impressoras. O pr\u00f3ximo passo do programa \u00e9 a implanta\u00e7\u00e3o e a capacita\u00e7\u00e3o dos servidores para a utiliza\u00e7\u00e3o do sistema.<\/p><p>O prefeito L\u00e9o Vieira enfatizou a import\u00e2ncia da transforma\u00e7\u00e3o digital na cidade. \u201cEssa parceria \u00e9 uma conquista para a moderniza\u00e7\u00e3o da gest\u00e3o p\u00fablica. \u00c9 inova\u00e7\u00e3o, transpar\u00eancia e agilidade nos processos. Al\u00e9m disso, proporciona mais seguran\u00e7a, facilita o acompanhamento das demandas e reduz a burocracia\u201d, ressaltou L\u00e9o Vieira.<\/p><p>O secret\u00e1rio estadual de Transforma\u00e7\u00e3o Digital do Rio, Feu Braga, comentou sobre a ades\u00e3o de Meriti ao programa. \u201cVamos juntos trazer maior efic\u00e1cia e efici\u00eancia nos atos administrativos. Qualquer mun\u00edcipe poder\u00e1 fazer requerimentos e acompanhar as solicita\u00e7\u00f5es a partir de qualquer computador com acesso \u00e0 internet&#8221;, frisou Feu Braga.<\/p><p>Participaram tamb\u00e9m da reuni\u00e3o, o secret\u00e1rio municipal de Planejamento e Inova\u00e7\u00e3o, Armando Uema e o subsecret\u00e1rio municipal de Inova\u00e7\u00e3o, Gl\u00e1ucio Burle.<\/p><p>Fotos: Gilberto Rocha<\/p>\t\t\t\t\t\t\t\t<\/div>\n\t\t\t\t<\/div>\n\t\t\t\t<div class=\"elementor-element elementor-element-5d44d85 elementor-widget elementor-widget-image\" data-id=\"5d44d85\" data-element_type=\"widget\" data-e-type=\"widget\" data-widget_type=\"image.default\">\n\t\t\t\t<div class=\"elementor-widget-container\">\n\t\t\t\t\t\t\t\t\t\t\t\t<figure class=\"wp-caption\">\n\t\t\t\t\t\t\t\t\t\t<img decoding=\"async\" width=\"2560\" height=\"1725\" src=\"https:\/\/meriti.rj.gov.br\/inicio\/wp-content\/uploads\/2025\/02\/Foto-2-Assinatura-scaled.jpeg\" class=\"attachment-full size-full wp-image-15070\" alt=\"\" srcset=\"https:\/\/meriti.rj.gov.br\/inicio\/wp-content\/uploads\/2025\/02\/Foto-2-Assinatura-scaled.jpeg 2560w, https:\/\/meriti.rj.gov.br\/inicio\/wp-content\/uploads\/2025\/02\/Foto-2-Assinatura-300x202.jpeg 300w, https:\/\/meriti.rj.gov.br\/inicio\/wp-content\/uploads\/2025\/02\/Foto-2-Assinatura-1024x690.jpeg 1024w, https:\/\/meriti.rj.gov.br\/inicio\/wp-content\/uploads\/2025\/02\/Foto-2-Assinatura-768x517.jpeg 768w, https:\/\/meriti.rj.gov.br\/inicio\/wp-content\/uploads\/2025\/02\/Foto-2-Assinatura-1536x1035.jpeg 1536w, https:\/\/meriti.rj.gov.br\/inicio\/wp-content\/uploads\/2025\/02\/Foto-2-Assinatura-2048x1380.jpeg 2048w\" sizes=\"(max-width: 2560px) 100vw, 2560px\" \/>\t\t\t\t\t\t\t\t\t\t\t<figcaption class=\"widget-image-caption wp-caption-text\">O acordo \u00e9 o pontap\u00e9 inicial na migra\u00e7\u00e3o do anal\u00f3gico para o digital em Meriti, acelerando a transforma\u00e7\u00e3o digital em todos os procedimentos da rotina administrativa<\/figcaption>\n\t\t\t\t\t\t\t\t\t\t<\/figure>\n\t\t\t\t\t\t\t\t\t<\/div>\n\t\t\t\t<\/div>\n\t\t\t\t<div class=\"elementor-element elementor-element-e2f7bf9 elementor-widget elementor-widget-image\" data-id=\"e2f7bf9\" data-element_type=\"widget\" data-e-type=\"widget\" data-widget_type=\"image.default\">\n\t\t\t\t<div class=\"elementor-widget-container\">\n\t\t\t\t\t\t\t\t\t\t\t\t<figure class=\"wp-caption\">\n\t\t\t\t\t\t\t\t\t\t<img decoding=\"async\" width=\"2560\" height=\"1653\" src=\"https:\/\/meriti.rj.gov.br\/inicio\/wp-content\/uploads\/2025\/02\/Foto-3-Assinatura-scaled.jpeg\" class=\"attachment-full size-full wp-image-15071\" alt=\"\" srcset=\"https:\/\/meriti.rj.gov.br\/inicio\/wp-content\/uploads\/2025\/02\/Foto-3-Assinatura-scaled.jpeg 2560w, https:\/\/meriti.rj.gov.br\/inicio\/wp-content\/uploads\/2025\/02\/Foto-3-Assinatura-300x194.jpeg 300w, https:\/\/meriti.rj.gov.br\/inicio\/wp-content\/uploads\/2025\/02\/Foto-3-Assinatura-1024x661.jpeg 1024w, https:\/\/meriti.rj.gov.br\/inicio\/wp-content\/uploads\/2025\/02\/Foto-3-Assinatura-768x496.jpeg 768w, https:\/\/meriti.rj.gov.br\/inicio\/wp-content\/uploads\/2025\/02\/Foto-3-Assinatura-1536x992.jpeg 1536w, https:\/\/meriti.rj.gov.br\/inicio\/wp-content\/uploads\/2025\/02\/Foto-3-Assinatura-2048x1322.jpeg 2048w\" sizes=\"(max-width: 2560px) 100vw, 2560px\" \/>\t\t\t\t\t\t\t\t\t\t\t<figcaption class=\"widget-image-caption wp-caption-text\">Prefeito L\u00e9o Vieira e secret\u00e1rio estadual Feu Braga formalizaram o acordo que visa a moderniza\u00e7\u00e3o, inova\u00e7\u00e3o, transpar\u00eancia e agilidade nos processos da prefeitura<\/figcaption>\n\t\t\t\t\t\t\t\t\t\t<\/figure>\n\t\t\t\t\t\t\t\t\t<\/div>\n\t\t\t\t<\/div>\n\t\t\t\t<div class=\"elementor-element elementor-element-77aa1ba elementor-widget elementor-widget-image\" data-id=\"77aa1ba\" data-element_type=\"widget\" data-e-type=\"widget\" data-widget_type=\"image.default\">\n\t\t\t\t<div class=\"elementor-widget-container\">\n\t\t\t\t\t\t\t\t\t\t\t\t<figure class=\"wp-caption\">\n\t\t\t\t\t\t\t\t\t\t<img loading=\"lazy\" decoding=\"async\" width=\"2560\" height=\"1666\" src=\"https:\/\/meriti.rj.gov.br\/inicio\/wp-content\/uploads\/2025\/02\/Foto-4-Assinatura-scaled.jpeg\" class=\"attachment-full size-full wp-image-15072\" alt=\"\" srcset=\"https:\/\/meriti.rj.gov.br\/inicio\/wp-content\/uploads\/2025\/02\/Foto-4-Assinatura-scaled.jpeg 2560w, https:\/\/meriti.rj.gov.br\/inicio\/wp-content\/uploads\/2025\/02\/Foto-4-Assinatura-300x195.jpeg 300w, https:\/\/meriti.rj.gov.br\/inicio\/wp-content\/uploads\/2025\/02\/Foto-4-Assinatura-1024x666.jpeg 1024w, https:\/\/meriti.rj.gov.br\/inicio\/wp-content\/uploads\/2025\/02\/Foto-4-Assinatura-768x500.jpeg 768w, https:\/\/meriti.rj.gov.br\/inicio\/wp-content\/uploads\/2025\/02\/Foto-4-Assinatura-1536x1000.jpeg 1536w, https:\/\/meriti.rj.gov.br\/inicio\/wp-content\/uploads\/2025\/02\/Foto-4-Assinatura-2048x1333.jpeg 2048w\" sizes=\"(max-width: 2560px) 100vw, 2560px\" \/>\t\t\t\t\t\t\t\t\t\t\t<figcaption class=\"widget-image-caption wp-caption-text\">A ades\u00e3o de Meriti ao programa significa maior efic\u00e1cia e efici\u00eancia nos atos administrativos  <\/figcaption>\n\t\t\t\t\t\t\t\t\t\t<\/figure>\n\t\t\t\t\t\t\t\t\t<\/div>\n\t\t\t\t<\/div>\n\t\t\t\t\t<\/div>\n\t\t\t\t<\/div>\n\t\t\t\t<\/div>\n\t\t","protected":false},"excerpt":{"rendered":"<p>S\u00e3o Jo\u00e3o de Meriti adere ao Programa RJ Digital para acelerar a transforma\u00e7\u00e3o digital Prefeito L\u00e9o Vieira assinou o acordo de coopera\u00e7\u00e3o t\u00e9cnica para a&hellip;<\/p>\n","protected":false},"author":12,"featured_media":15069,"parent":0,"menu_order":0,"comment_status":"closed","ping_status":"closed","template":"","meta":{"footnotes":""},"class_list":["post-15067","page","type-page","status-publish","has-post-thumbnail","hentry"],"yoast_head":"<!-- This site is optimized with the Yoast SEO plugin v27.3 - https:\/\/yoast.com\/product\/yoast-seo-wordpress\/ -->\n<title>S\u00e3o Jo\u00e3o de Meriti adere ao Programa RJ Digital para acelerar a transforma\u00e7\u00e3o digital - Prefeitura Municipal de S\u00e3o Jo\u00e3o de Meriti<\/title>\n<meta name=\"robots\" content=\"index, follow, max-snippet:-1, max-image-preview:large, max-video-preview:-1\" \/>\n<link rel=\"canonical\" href=\"https:\/\/meriti.rj.gov.br\/inicio\/sao-joao-de-meriti-adere-ao-programa-rj-digital-para-acelerar-a-transformacao-digital\/\" \/>\n<meta property=\"og:locale\" content=\"pt_BR\" \/>\n<meta property=\"og:type\" content=\"article\" \/>\n<meta property=\"og:title\" content=\"S\u00e3o Jo\u00e3o de Meriti adere ao Programa RJ Digital para acelerar a transforma\u00e7\u00e3o digital - Prefeitura Municipal de S\u00e3o Jo\u00e3o de Meriti\" \/>\n<meta property=\"og:description\" content=\"S\u00e3o Jo\u00e3o de Meriti adere ao Programa RJ Digital para acelerar a transforma\u00e7\u00e3o digital Prefeito L\u00e9o Vieira assinou o acordo de coopera\u00e7\u00e3o t\u00e9cnica para a&hellip;\" \/>\n<meta property=\"og:url\" content=\"https:\/\/meriti.rj.gov.br\/inicio\/sao-joao-de-meriti-adere-ao-programa-rj-digital-para-acelerar-a-transformacao-digital\/\" \/>\n<meta property=\"og:site_name\" content=\"Prefeitura Municipal de S\u00e3o Jo\u00e3o de Meriti\" \/>\n<meta property=\"article:modified_time\" content=\"2025-02-03T20:19:19+00:00\" \/>\n<meta property=\"og:image\" content=\"https:\/\/meriti.rj.gov.br\/inicio\/wp-content\/uploads\/2025\/02\/Foto-1-Assinatura-scaled.jpeg\" \/>\n\t<meta property=\"og:image:width\" content=\"2560\" \/>\n\t<meta property=\"og:image:height\" content=\"1686\" \/>\n\t<meta property=\"og:image:type\" content=\"image\/jpeg\" \/>\n<meta name=\"twitter:card\" content=\"summary_large_image\" \/>\n<meta name=\"twitter:label1\" content=\"Est. tempo de leitura\" \/>\n\t<meta name=\"twitter:data1\" content=\"2 minutos\" \/>\n<script type=\"application\/ld+json\" class=\"yoast-schema-graph\">{\"@context\":\"https:\\\/\\\/schema.org\",\"@graph\":[{\"@type\":\"WebPage\",\"@id\":\"https:\\\/\\\/meriti.rj.gov.br\\\/inicio\\\/sao-joao-de-meriti-adere-ao-programa-rj-digital-para-acelerar-a-transformacao-digital\\\/\",\"url\":\"https:\\\/\\\/meriti.rj.gov.br\\\/inicio\\\/sao-joao-de-meriti-adere-ao-programa-rj-digital-para-acelerar-a-transformacao-digital\\\/\",\"name\":\"S\u00e3o Jo\u00e3o de Meriti adere ao Programa RJ Digital para acelerar a transforma\u00e7\u00e3o digital - Prefeitura Municipal de S\u00e3o Jo\u00e3o de Meriti\",\"isPartOf\":{\"@id\":\"https:\\\/\\\/meriti.rj.gov.br\\\/inicio\\\/#website\"},\"primaryImageOfPage\":{\"@id\":\"https:\\\/\\\/meriti.rj.gov.br\\\/inicio\\\/sao-joao-de-meriti-adere-ao-programa-rj-digital-para-acelerar-a-transformacao-digital\\\/#primaryimage\"},\"image\":{\"@id\":\"https:\\\/\\\/meriti.rj.gov.br\\\/inicio\\\/sao-joao-de-meriti-adere-ao-programa-rj-digital-para-acelerar-a-transformacao-digital\\\/#primaryimage\"},\"thumbnailUrl\":\"https:\\\/\\\/meriti.rj.gov.br\\\/inicio\\\/wp-content\\\/uploads\\\/2025\\\/02\\\/Foto-1-Assinatura-scaled.jpeg\",\"datePublished\":\"2025-02-03T20:15:04+00:00\",\"dateModified\":\"2025-02-03T20:19:19+00:00\",\"breadcrumb\":{\"@id\":\"https:\\\/\\\/meriti.rj.gov.br\\\/inicio\\\/sao-joao-de-meriti-adere-ao-programa-rj-digital-para-acelerar-a-transformacao-digital\\\/#breadcrumb\"},\"inLanguage\":\"pt-BR\",\"potentialAction\":[{\"@type\":\"ReadAction\",\"target\":[\"https:\\\/\\\/meriti.rj.gov.br\\\/inicio\\\/sao-joao-de-meriti-adere-ao-programa-rj-digital-para-acelerar-a-transformacao-digital\\\/\"]}]},{\"@type\":\"ImageObject\",\"inLanguage\":\"pt-BR\",\"@id\":\"https:\\\/\\\/meriti.rj.gov.br\\\/inicio\\\/sao-joao-de-meriti-adere-ao-programa-rj-digital-para-acelerar-a-transformacao-digital\\\/#primaryimage\",\"url\":\"https:\\\/\\\/meriti.rj.gov.br\\\/inicio\\\/wp-content\\\/uploads\\\/2025\\\/02\\\/Foto-1-Assinatura-scaled.jpeg\",\"contentUrl\":\"https:\\\/\\\/meriti.rj.gov.br\\\/inicio\\\/wp-content\\\/uploads\\\/2025\\\/02\\\/Foto-1-Assinatura-scaled.jpeg\",\"width\":2560,\"height\":1686},{\"@type\":\"BreadcrumbList\",\"@id\":\"https:\\\/\\\/meriti.rj.gov.br\\\/inicio\\\/sao-joao-de-meriti-adere-ao-programa-rj-digital-para-acelerar-a-transformacao-digital\\\/#breadcrumb\",\"itemListElement\":[{\"@type\":\"ListItem\",\"position\":1,\"name\":\"In\u00edcio\",\"item\":\"https:\\\/\\\/meriti.rj.gov.br\\\/inicio\\\/\"},{\"@type\":\"ListItem\",\"position\":2,\"name\":\"S\u00e3o Jo\u00e3o de Meriti adere ao Programa RJ Digital para acelerar a transforma\u00e7\u00e3o digital\"}]},{\"@type\":\"WebSite\",\"@id\":\"https:\\\/\\\/meriti.rj.gov.br\\\/inicio\\\/#website\",\"url\":\"https:\\\/\\\/meriti.rj.gov.br\\\/inicio\\\/\",\"name\":\"portal.meriti\",\"description\":\"Prefeitura Municipal de S\u00e3o Jo\u00e3o de Meriti\",\"publisher\":{\"@id\":\"https:\\\/\\\/meriti.rj.gov.br\\\/inicio\\\/#organization\"},\"potentialAction\":[{\"@type\":\"SearchAction\",\"target\":{\"@type\":\"EntryPoint\",\"urlTemplate\":\"https:\\\/\\\/meriti.rj.gov.br\\\/inicio\\\/?s={search_term_string}\"},\"query-input\":{\"@type\":\"PropertyValueSpecification\",\"valueRequired\":true,\"valueName\":\"search_term_string\"}}],\"inLanguage\":\"pt-BR\"},{\"@type\":\"Organization\",\"@id\":\"https:\\\/\\\/meriti.rj.gov.br\\\/inicio\\\/#organization\",\"name\":\"Prefeitura Municipal de S\u00e3o Jo\u00e3o de Meriti\",\"url\":\"https:\\\/\\\/meriti.rj.gov.br\\\/inicio\\\/\",\"logo\":{\"@type\":\"ImageObject\",\"inLanguage\":\"pt-BR\",\"@id\":\"https:\\\/\\\/meriti.rj.gov.br\\\/inicio\\\/#\\\/schema\\\/logo\\\/image\\\/\",\"url\":\"https:\\\/\\\/meriti.rj.gov.br\\\/inicio\\\/wp-content\\\/uploads\\\/2023\\\/04\\\/cropped-logo.png\",\"contentUrl\":\"https:\\\/\\\/meriti.rj.gov.br\\\/inicio\\\/wp-content\\\/uploads\\\/2023\\\/04\\\/cropped-logo.png\",\"width\":512,\"height\":512,\"caption\":\"Prefeitura Municipal de S\u00e3o Jo\u00e3o de Meriti\"},\"image\":{\"@id\":\"https:\\\/\\\/meriti.rj.gov.br\\\/inicio\\\/#\\\/schema\\\/logo\\\/image\\\/\"}}]}<\/script>\n<!-- \/ Yoast SEO plugin. -->","yoast_head_json":{"title":"S\u00e3o Jo\u00e3o de Meriti adere ao Programa RJ Digital para acelerar a transforma\u00e7\u00e3o digital - Prefeitura Municipal de S\u00e3o Jo\u00e3o de Meriti","robots":{"index":"index","follow":"follow","max-snippet":"max-snippet:-1","max-image-preview":"max-image-preview:large","max-video-preview":"max-video-preview:-1"},"canonical":"https:\/\/meriti.rj.gov.br\/inicio\/sao-joao-de-meriti-adere-ao-programa-rj-digital-para-acelerar-a-transformacao-digital\/","og_locale":"pt_BR","og_type":"article","og_title":"S\u00e3o Jo\u00e3o de Meriti adere ao Programa RJ Digital para acelerar a transforma\u00e7\u00e3o digital - Prefeitura Municipal de S\u00e3o Jo\u00e3o de Meriti","og_description":"S\u00e3o Jo\u00e3o de Meriti adere ao Programa RJ Digital para acelerar a transforma\u00e7\u00e3o digital Prefeito L\u00e9o Vieira assinou o acordo de coopera\u00e7\u00e3o t\u00e9cnica para a&hellip;","og_url":"https:\/\/meriti.rj.gov.br\/inicio\/sao-joao-de-meriti-adere-ao-programa-rj-digital-para-acelerar-a-transformacao-digital\/","og_site_name":"Prefeitura Municipal de S\u00e3o Jo\u00e3o de Meriti","article_modified_time":"2025-02-03T20:19:19+00:00","og_image":[{"width":2560,"height":1686,"url":"https:\/\/meriti.rj.gov.br\/inicio\/wp-content\/uploads\/2025\/02\/Foto-1-Assinatura-scaled.jpeg","type":"image\/jpeg"}],"twitter_card":"summary_large_image","twitter_misc":{"Est. tempo de leitura":"2 minutos"},"schema":{"@context":"https:\/\/schema.org","@graph":[{"@type":"WebPage","@id":"https:\/\/meriti.rj.gov.br\/inicio\/sao-joao-de-meriti-adere-ao-programa-rj-digital-para-acelerar-a-transformacao-digital\/","url":"https:\/\/meriti.rj.gov.br\/inicio\/sao-joao-de-meriti-adere-ao-programa-rj-digital-para-acelerar-a-transformacao-digital\/","name":"S\u00e3o Jo\u00e3o de Meriti adere ao Programa RJ Digital para acelerar a transforma\u00e7\u00e3o digital - Prefeitura Municipal de S\u00e3o Jo\u00e3o de Meriti","isPartOf":{"@id":"https:\/\/meriti.rj.gov.br\/inicio\/#website"},"primaryImageOfPage":{"@id":"https:\/\/meriti.rj.gov.br\/inicio\/sao-joao-de-meriti-adere-ao-programa-rj-digital-para-acelerar-a-transformacao-digital\/#primaryimage"},"image":{"@id":"https:\/\/meriti.rj.gov.br\/inicio\/sao-joao-de-meriti-adere-ao-programa-rj-digital-para-acelerar-a-transformacao-digital\/#primaryimage"},"thumbnailUrl":"https:\/\/meriti.rj.gov.br\/inicio\/wp-content\/uploads\/2025\/02\/Foto-1-Assinatura-scaled.jpeg","datePublished":"2025-02-03T20:15:04+00:00","dateModified":"2025-02-03T20:19:19+00:00","breadcrumb":{"@id":"https:\/\/meriti.rj.gov.br\/inicio\/sao-joao-de-meriti-adere-ao-programa-rj-digital-para-acelerar-a-transformacao-digital\/#breadcrumb"},"inLanguage":"pt-BR","potentialAction":[{"@type":"ReadAction","target":["https:\/\/meriti.rj.gov.br\/inicio\/sao-joao-de-meriti-adere-ao-programa-rj-digital-para-acelerar-a-transformacao-digital\/"]}]},{"@type":"ImageObject","inLanguage":"pt-BR","@id":"https:\/\/meriti.rj.gov.br\/inicio\/sao-joao-de-meriti-adere-ao-programa-rj-digital-para-acelerar-a-transformacao-digital\/#primaryimage","url":"https:\/\/meriti.rj.gov.br\/inicio\/wp-content\/uploads\/2025\/02\/Foto-1-Assinatura-scaled.jpeg","contentUrl":"https:\/\/meriti.rj.gov.br\/inicio\/wp-content\/uploads\/2025\/02\/Foto-1-Assinatura-scaled.jpeg","width":2560,"height":1686},{"@type":"BreadcrumbList","@id":"https:\/\/meriti.rj.gov.br\/inicio\/sao-joao-de-meriti-adere-ao-programa-rj-digital-para-acelerar-a-transformacao-digital\/#breadcrumb","itemListElement":[{"@type":"ListItem","position":1,"name":"In\u00edcio","item":"https:\/\/meriti.rj.gov.br\/inicio\/"},{"@type":"ListItem","position":2,"name":"S\u00e3o Jo\u00e3o de Meriti adere ao Programa RJ Digital para acelerar a transforma\u00e7\u00e3o digital"}]},{"@type":"WebSite","@id":"https:\/\/meriti.rj.gov.br\/inicio\/#website","url":"https:\/\/meriti.rj.gov.br\/inicio\/","name":"portal.meriti","description":"Prefeitura Municipal de S\u00e3o Jo\u00e3o de Meriti","publisher":{"@id":"https:\/\/meriti.rj.gov.br\/inicio\/#organization"},"potentialAction":[{"@type":"SearchAction","target":{"@type":"EntryPoint","urlTemplate":"https:\/\/meriti.rj.gov.br\/inicio\/?s={search_term_string}"},"query-input":{"@type":"PropertyValueSpecification","valueRequired":true,"valueName":"search_term_string"}}],"inLanguage":"pt-BR"},{"@type":"Organization","@id":"https:\/\/meriti.rj.gov.br\/inicio\/#organization","name":"Prefeitura Municipal de S\u00e3o Jo\u00e3o de Meriti","url":"https:\/\/meriti.rj.gov.br\/inicio\/","logo":{"@type":"ImageObject","inLanguage":"pt-BR","@id":"https:\/\/meriti.rj.gov.br\/inicio\/#\/schema\/logo\/image\/","url":"https:\/\/meriti.rj.gov.br\/inicio\/wp-content\/uploads\/2023\/04\/cropped-logo.png","contentUrl":"https:\/\/meriti.rj.gov.br\/inicio\/wp-content\/uploads\/2023\/04\/cropped-logo.png","width":512,"height":512,"caption":"Prefeitura Municipal de S\u00e3o Jo\u00e3o de Meriti"},"image":{"@id":"https:\/\/meriti.rj.gov.br\/inicio\/#\/schema\/logo\/image\/"}}]}},"_links":{"self":[{"href":"https:\/\/meriti.rj.gov.br\/inicio\/wp-json\/wp\/v2\/pages\/15067","targetHints":{"allow":["GET"]}}],"collection":[{"href":"https:\/\/meriti.rj.gov.br\/inicio\/wp-json\/wp\/v2\/pages"}],"about":[{"href":"https:\/\/meriti.rj.gov.br\/inicio\/wp-json\/wp\/v2\/types\/page"}],"author":[{"embeddable":true,"href":"https:\/\/meriti.rj.gov.br\/inicio\/wp-json\/wp\/v2\/users\/12"}],"replies":[{"embeddable":true,"href":"https:\/\/meriti.rj.gov.br\/inicio\/wp-json\/wp\/v2\/comments?post=15067"}],"version-history":[{"count":4,"href":"https:\/\/meriti.rj.gov.br\/inicio\/wp-json\/wp\/v2\/pages\/15067\/revisions"}],"predecessor-version":[{"id":15075,"href":"https:\/\/meriti.rj.gov.br\/inicio\/wp-json\/wp\/v2\/pages\/15067\/revisions\/15075"}],"wp:featuredmedia":[{"embeddable":true,"href":"https:\/\/meriti.rj.gov.br\/inicio\/wp-json\/wp\/v2\/media\/15069"}],"wp:attachment":[{"href":"https:\/\/meriti.rj.gov.br\/inicio\/wp-json\/wp\/v2\/media?parent=15067"}],"curies":[{"name":"wp","href":"https:\/\/api.w.org\/{rel}","templated":true}]}}