{"id":13777,"date":"2025-01-07T09:27:39","date_gmt":"2025-01-07T12:27:39","guid":{"rendered":"https:\/\/meriti.rj.gov.br\/inicio\/?page_id=13777"},"modified":"2025-12-18T13:09:52","modified_gmt":"2025-12-18T16:09:52","slug":"secretaria-municipal-de-habitacao-urbanismo-e-iluminacao-publica","status":"publish","type":"page","link":"https:\/\/meriti.rj.gov.br\/inicio\/secretaria-municipal-de-habitacao-urbanismo-e-iluminacao-publica\/","title":{"rendered":"Secretaria Municipal de Habita\u00e7\u00e3o, Urbanismo e Ilumina\u00e7\u00e3o P\u00fablica"},"content":{"rendered":"\t\t<div data-elementor-type=\"wp-page\" data-elementor-id=\"13777\" class=\"elementor elementor-13777\" data-elementor-post-type=\"page\">\n\t\t\t\t<div class=\"elementor-element elementor-element-191fcb4 e-flex e-con-boxed e-con e-parent\" data-id=\"191fcb4\" data-element_type=\"container\" data-e-type=\"container\">\n\t\t\t\t\t<div class=\"e-con-inner\">\n\t\t\t\t<div class=\"elementor-element elementor-element-f74822d elementor-widget elementor-widget-image\" data-id=\"f74822d\" data-element_type=\"widget\" data-e-type=\"widget\" data-widget_type=\"image.default\">\n\t\t\t\t<div class=\"elementor-widget-container\">\n\t\t\t\t\t\t\t\t\t\t\t\t\t\t\t<img fetchpriority=\"high\" decoding=\"async\" width=\"1536\" height=\"247\" src=\"https:\/\/meriti.rj.gov.br\/inicio\/wp-content\/uploads\/2025\/01\/Secretaria-Municipal-de-Habitacao-Urbanismo-e-Iluminacao-Publica.png\" class=\"attachment-full size-full wp-image-13476\" alt=\"\" srcset=\"https:\/\/meriti.rj.gov.br\/inicio\/wp-content\/uploads\/2025\/01\/Secretaria-Municipal-de-Habitacao-Urbanismo-e-Iluminacao-Publica.png 1536w, https:\/\/meriti.rj.gov.br\/inicio\/wp-content\/uploads\/2025\/01\/Secretaria-Municipal-de-Habitacao-Urbanismo-e-Iluminacao-Publica-300x48.png 300w, https:\/\/meriti.rj.gov.br\/inicio\/wp-content\/uploads\/2025\/01\/Secretaria-Municipal-de-Habitacao-Urbanismo-e-Iluminacao-Publica-1024x165.png 1024w, https:\/\/meriti.rj.gov.br\/inicio\/wp-content\/uploads\/2025\/01\/Secretaria-Municipal-de-Habitacao-Urbanismo-e-Iluminacao-Publica-768x124.png 768w\" sizes=\"(max-width: 1536px) 100vw, 1536px\" \/>\t\t\t\t\t\t\t\t\t\t\t\t\t\t\t<\/div>\n\t\t\t\t<\/div>\n\t\t\t\t\t<\/div>\n\t\t\t\t<\/div>\n\t\t<div class=\"elementor-element elementor-element-024e85a e-con-full e-flex e-con e-parent\" data-id=\"024e85a\" data-element_type=\"container\" data-e-type=\"container\">\n\t\t\t\t<div class=\"elementor-element elementor-element-78b58a2 elementor-widget-mobile__width-initial elementor-widget elementor-widget-html\" data-id=\"78b58a2\" data-element_type=\"widget\" data-e-type=\"widget\" data-widget_type=\"html.default\">\n\t\t\t\t<div class=\"elementor-widget-container\">\n\t\t\t\t\t<body> <!-- Inicio do corpo da p\u00e1gina -->\r\n\r\n   <!-- Conte\u00fado da p\u00e1gina -->\r\n\r\n  <div vw class=\"enabled\">\r\n    <div vw-access-button class=\"active\"><\/div>\r\n    <div vw-plugin-wrapper>\r\n      <div class=\"vw-plugin-top-wrapper\"><\/div>\r\n    <\/div>\r\n  <\/div>\r\n  <script src=\"https:\/\/vlibras.gov.br\/app\/vlibras-plugin.js\"><\/script>\r\n  <script>\r\n    new window.VLibras.Widget('https:\/\/vlibras.gov.br\/app');\r\n  <\/script>\r\n<\/body> <!-- Fim do corpo da p\u00e1gina -->\t\t\t\t<\/div>\n\t\t\t\t<\/div>\n\t\t\t\t<\/div>\n\t\t<div class=\"elementor-element elementor-element-c8bbe9c e-flex e-con-boxed e-con e-parent\" data-id=\"c8bbe9c\" data-element_type=\"container\" data-e-type=\"container\">\n\t\t\t\t\t<div class=\"e-con-inner\">\n\t\t<div class=\"elementor-element elementor-element-fab3398 e-con-full e-flex e-con e-child\" data-id=\"fab3398\" data-element_type=\"container\" data-e-type=\"container\">\n\t\t\t\t<div class=\"elementor-element elementor-element-7556308 elementor-widget elementor-widget-image\" data-id=\"7556308\" data-element_type=\"widget\" data-e-type=\"widget\" data-widget_type=\"image.default\">\n\t\t\t\t<div class=\"elementor-widget-container\">\n\t\t\t\t\t\t\t\t\t\t\t\t\t\t\t<img decoding=\"async\" width=\"300\" height=\"300\" src=\"https:\/\/meriti.rj.gov.br\/inicio\/wp-content\/uploads\/2025\/08\/LEOZINHO-300x300.png\" class=\"attachment-medium size-medium wp-image-18068\" alt=\"\" srcset=\"https:\/\/meriti.rj.gov.br\/inicio\/wp-content\/uploads\/2025\/08\/LEOZINHO-300x300.png 300w, https:\/\/meriti.rj.gov.br\/inicio\/wp-content\/uploads\/2025\/08\/LEOZINHO-150x150.png 150w, https:\/\/meriti.rj.gov.br\/inicio\/wp-content\/uploads\/2025\/08\/LEOZINHO.png 768w\" sizes=\"(max-width: 300px) 100vw, 300px\" \/>\t\t\t\t\t\t\t\t\t\t\t\t\t\t\t<\/div>\n\t\t\t\t<\/div>\n\t\t\t\t<\/div>\n\t\t<div class=\"elementor-element elementor-element-17132d3 e-con-full e-flex e-con e-child\" data-id=\"17132d3\" data-element_type=\"container\" data-e-type=\"container\">\n\t\t\t\t<div class=\"elementor-element elementor-element-eb85751 elementor-widget elementor-widget-text-editor\" data-id=\"eb85751\" data-element_type=\"widget\" data-e-type=\"widget\" data-widget_type=\"text-editor.default\">\n\t\t\t\t<div class=\"elementor-widget-container\">\n\t\t\t\t\t\t\t\t\t<h4 style=\"text-align: left;\"><strong><span style=\"color: #000080;\">Secret\u00e1rio<\/span><\/strong><\/h4><h3>Leonardo Braga Vieira Mendes<\/h3><h4 style=\"text-align: left;\"><span style=\"color: #000080;\"><strong>Biografia<\/strong><\/span><\/h4><p><span style=\"color: #000000;\">Graduando em Direito, atualmente cursa especializa\u00e7\u00f5es em lideran\u00e7a p\u00fablica, or\u00e7amento p\u00fablico e inova\u00e7\u00e3o em gest\u00e3o. Atua nas \u00e1reas de desenvolvimento urbano e ordenamento territorial.<\/span><\/p><p><span style=\"color: #000000;\">Respons\u00e1vel pelos projetos de habita\u00e7\u00e3o e urbanismo na cidade, com destaque para o programa Minha Terra em Meriti, iniciativa pioneira de regulariza\u00e7\u00e3o fundi\u00e1ria que garante seguran\u00e7a jur\u00eddica aos moradores e promove inclus\u00e3o social por meio da entrega de t\u00edtulos de propriedade.<\/span><\/p><p><span style=\"color: #000000;\">Tamb\u00e9m atua na moderniza\u00e7\u00e3o da ilumina\u00e7\u00e3o p\u00fablica, na melhoria da infraestrutura urbana e na implementa\u00e7\u00e3o de pol\u00edticas que visam o crescimento e a valoriza\u00e7\u00e3o dos espa\u00e7os p\u00fablicos.<\/span><\/p>\t\t\t\t\t\t\t\t<\/div>\n\t\t\t\t<\/div>\n\t\t\t\t<\/div>\n\t\t\t\t\t<\/div>\n\t\t\t\t<\/div>\n\t\t<div class=\"elementor-element elementor-element-3cdad12 e-flex e-con-boxed e-con e-parent\" data-id=\"3cdad12\" data-element_type=\"container\" data-e-type=\"container\">\n\t\t\t\t\t<div class=\"e-con-inner\">\n\t\t\t\t<div class=\"elementor-element elementor-element-33c50a0 elementor-widget elementor-widget-text-editor\" data-id=\"33c50a0\" data-element_type=\"widget\" data-e-type=\"widget\" data-widget_type=\"text-editor.default\">\n\t\t\t\t<div class=\"elementor-widget-container\">\n\t\t\t\t\t\t\t\t\t<h4><span style=\"color: #000080;\"><strong>Atribui\u00e7\u00f5es<\/strong><\/span><\/h4>\t\t\t\t\t\t\t\t<\/div>\n\t\t\t\t<\/div>\n\t\t\t\t\t<\/div>\n\t\t\t\t<\/div>\n\t\t<div class=\"elementor-element elementor-element-f865689 e-flex e-con-boxed e-con e-parent\" data-id=\"f865689\" data-element_type=\"container\" data-e-type=\"container\">\n\t\t\t\t\t<div class=\"e-con-inner\">\n\t\t\t\t<div class=\"elementor-element elementor-element-71f2b30 elementor-widget elementor-widget-text-editor\" data-id=\"71f2b30\" data-element_type=\"widget\" data-e-type=\"widget\" data-widget_type=\"text-editor.default\">\n\t\t\t\t<div class=\"elementor-widget-container\">\n\t\t\t\t\t\t\t\t\t<p style=\"text-align: left;\">A<strong> Secretaria Municipal de Habita\u00e7\u00e3o, Urbanismo e Ilumina\u00e7\u00e3o P\u00fablica<\/strong> \u00e9 respons\u00e1vel por elaborar, planejar, fiscalizar e executar as pol\u00edticas, projetos e programas de planejamento urbano, infra- estrutura, pol\u00edticas de ilumina\u00e7\u00e3o p\u00fablica, habita\u00e7\u00e3o, organiza\u00e7\u00e3o fundi\u00e1ria e urbana do munic\u00edpio, tendo ainda as seguintes atribui\u00e7\u00f5es:<\/p><ul><li style=\"text-align: left;\">representar o munic\u00edpio na lavratura de documentos p\u00fablicos pertinentes ao Programa de Habita\u00e7\u00e3o do munic\u00edpio;<\/li><li style=\"text-align: left;\">realizar, em articula\u00e7\u00e3o com outros \u00f3rg\u00e3os e entidades municipais, atividades afetas a cada um dos programas, projetos e a\u00e7\u00f5es estrat\u00e9gicas com vistas \u00e0 efici\u00eancia na presta\u00e7\u00e3o dos servi\u00e7os p\u00fablicos na \u00e1rea de habita\u00e7\u00e3o;<\/li><li style=\"text-align: left;\">coordenar, acompanhar e avaliar a implementa\u00e7\u00e3o dos instrumentos e dos programas de apoio \u00e0 gest\u00e3o e ao planejamento urbanos e ao manejo do solo urbano;<\/li><li style=\"text-align: left;\">estabelecer diretrizes visando ao desenvolvimento urbano regular e integrado;<\/li><li style=\"text-align: left;\">promover a implementa\u00e7\u00e3o dos instrumentos direcionados para a universaliza\u00e7\u00e3o do acesso \u00e0 terra urbanizada e para garantir a fun\u00e7\u00e3o social da propriedade;<\/li><li style=\"text-align: left;\">estabelecer diretrizes de desenvolvimento urbano articuladas com as pol\u00edticas urbanas setoriais, voltadas para a gest\u00e3o das aglomera\u00e7\u00f5es urbanas e das microrregi\u00f5es;<\/li><li style=\"text-align: left;\">fomentar e promover a regulariza\u00e7\u00e3o das \u00e1reas ocupa- das e consequente melhoria das condi\u00e7\u00f5es de vida em seus arredores;<\/li><li style=\"text-align: left;\">propor conv\u00eanios que visem \u00e0 capta\u00e7\u00e3o de recursos a serem utilizados em programas habitacionais;<\/li><li style=\"text-align: left;\">propor conv\u00eanios com objetivo de intermediar financia- mentos que visem \u00e0 aquisi\u00e7\u00e3o da casa pr\u00f3pria ou a melhoria das condi\u00e7\u00f5es de habita\u00e7\u00e3o;<\/li><li style=\"text-align: left;\">executar as obras e\/ou reparos solicitados pelas demais Secretarias, em articula\u00e7\u00e3o com seus setores espec\u00edficos de pr\u00e9dios e equipamentos;<\/li><li style=\"text-align: left;\">promover a execu\u00e7\u00e3o de desenhos das obras projetadas, mapas e gr\u00e1ficos necess\u00e1rios aos servi\u00e7os;<\/li><li style=\"text-align: left;\">elaborar as especifica\u00e7\u00f5es dos materiais a serem aplicados na execu\u00e7\u00e3o das obras projetadas, tendo em vista o<br \/>tipo de acabamento da obra;<\/li><li style=\"text-align: left;\">promover a elabora\u00e7\u00e3o de projetos para o munic\u00edpio;<\/li><li style=\"text-align: left;\">encaminhar, estudar e orientar a aprova\u00e7\u00e3o de projetos de loteamento, desmembramento e remembramento de terrenos de interesse social;<\/li><li style=\"text-align: left;\">orientar e executar as atividades de planejamento f\u00edsico do munic\u00edpio;<\/li><li style=\"text-align: left;\">realizar a gest\u00e3o estrat\u00e9gica e coordenar as atividades relativas ao planejamento, programa\u00e7\u00e3o e fiscaliza\u00e7\u00e3o da amplia\u00e7\u00e3o, remodela\u00e7\u00e3o, manuten\u00e7\u00e3o e conserva\u00e7\u00e3o da rede de ilumina\u00e7\u00e3o p\u00fablica de vias e logradouros p\u00fablicos municipais, observando as legisla\u00e7\u00f5es e normativas pertinentes;<\/li><li style=\"text-align: left;\">gerenciar o cadastro da rede de ilumina\u00e7\u00e3o p\u00fablica municipal;<\/li><li style=\"text-align: left;\">gerir e acompanhar a execu\u00e7\u00e3o da presta\u00e7\u00e3o de ser- vi\u00e7os de ilumina\u00e7\u00e3o p\u00fablica do munic\u00edpio;<\/li><li style=\"text-align: left;\">estabelecer diretrizes, especifica\u00e7\u00f5es t\u00e9cnicas e de controle de qualidade do material utilizado no sistema de ilumina\u00e7\u00e3o p\u00fablica municipal, observando o disposto em legisla\u00e7\u00e3o e normativas pertinentes;<\/li><li style=\"text-align: left;\">elaborar normas, procedimentos e prestar suporte t\u00e9cnico aos \u00f3rg\u00e3os municipais, relativos \u00e0 ilumina\u00e7\u00e3o p\u00fablica;<\/li><li style=\"text-align: left;\">outras atribui\u00e7\u00f5es correlatas.<\/li><\/ul>\t\t\t\t\t\t\t\t<\/div>\n\t\t\t\t<\/div>\n\t\t\t\t\t<\/div>\n\t\t\t\t<\/div>\n\t\t<div class=\"elementor-element elementor-element-3abe701 e-flex e-con-boxed e-con e-parent\" data-id=\"3abe701\" data-element_type=\"container\" data-e-type=\"container\">\n\t\t\t\t\t<div class=\"e-con-inner\">\n\t\t\t\t<div class=\"elementor-element elementor-element-74ac2db elementor-widget elementor-widget-text-editor\" data-id=\"74ac2db\" data-element_type=\"widget\" data-e-type=\"widget\" data-widget_type=\"text-editor.default\">\n\t\t\t\t<div class=\"elementor-widget-container\">\n\t\t\t\t\t\t\t\t\t<h4><span style=\"color: #000080;\"><strong>Contato<\/strong><\/span><\/h4>\t\t\t\t\t\t\t\t<\/div>\n\t\t\t\t<\/div>\n\t\t\t\t\t<\/div>\n\t\t\t\t<\/div>\n\t\t<div class=\"elementor-element elementor-element-54aa6d0 e-flex e-con-boxed e-con e-parent\" data-id=\"54aa6d0\" data-element_type=\"container\" data-e-type=\"container\">\n\t\t\t\t\t<div class=\"e-con-inner\">\n\t\t\t\t<div class=\"elementor-element elementor-element-3af7586 elementor-widget elementor-widget-text-editor\" data-id=\"3af7586\" data-element_type=\"widget\" data-e-type=\"widget\" data-widget_type=\"text-editor.default\">\n\t\t\t\t<div class=\"elementor-widget-container\">\n\t\t\t\t\t\t\t\t\t<p><span style=\"color: #2e2d2d;\"><strong>Endere\u00e7o:<\/strong> Av. Presidente Lincoln, 899 \u2013 Jardim Meriti &#8211; S\u00e3o Jo\u00e3o de Meriti \u2013 RJ \u2013 CEP 25555-201<\/span><\/p><p><span style=\"color: #000000;\"><a href=\"https:\/\/maps.app.goo.gl\/7GgkXZy4P8CcU22t5\"><strong>\u27a1\ufe0fCOMO CHEGAR<\/strong><\/a><\/span><\/p><p><span style=\"color: #2e2d2d;\"><strong>Telefone:<\/strong><\/span><\/p><p><span style=\"color: #000000;\"><b>E-mail:<\/b> <a href=\"mailto:semug@meriti.rj.gov.br\">smhu@meriti.rj.gov.br<\/a><\/span><\/p><p><strong>Hor\u00e1rio de Funcionamento<\/strong>: de segunda a sexta-feira das 8:30h \u00e0s 17:30h<\/p>\t\t\t\t\t\t\t\t<\/div>\n\t\t\t\t<\/div>\n\t\t\t\t\t<\/div>\n\t\t\t\t<\/div>\n\t\t\t\t<\/div>\n\t\t","protected":false},"excerpt":{"rendered":"<p>Secret\u00e1rio Leonardo Braga Vieira Mendes Biografia Graduando em Direito, atualmente cursa especializa\u00e7\u00f5es em lideran\u00e7a p\u00fablica, or\u00e7amento p\u00fablico e inova\u00e7\u00e3o em gest\u00e3o. Atua nas \u00e1reas de&hellip;<\/p>\n","protected":false},"author":3,"featured_media":0,"parent":0,"menu_order":0,"comment_status":"closed","ping_status":"closed","template":"","meta":{"footnotes":""},"class_list":["post-13777","page","type-page","status-publish","hentry"],"yoast_head":"<!-- This site is optimized with the Yoast SEO plugin v27.2 - https:\/\/yoast.com\/product\/yoast-seo-wordpress\/ -->\n<title>Secretaria Municipal de Habita\u00e7\u00e3o, Urbanismo e Ilumina\u00e7\u00e3o P\u00fablica - Prefeitura Municipal de S\u00e3o Jo\u00e3o de Meriti<\/title>\n<meta name=\"robots\" content=\"index, follow, max-snippet:-1, max-image-preview:large, max-video-preview:-1\" \/>\n<link rel=\"canonical\" href=\"https:\/\/meriti.rj.gov.br\/inicio\/secretaria-municipal-de-habitacao-urbanismo-e-iluminacao-publica\/\" \/>\n<meta property=\"og:locale\" content=\"pt_BR\" \/>\n<meta property=\"og:type\" content=\"article\" \/>\n<meta property=\"og:title\" content=\"Secretaria Municipal de Habita\u00e7\u00e3o, Urbanismo e Ilumina\u00e7\u00e3o P\u00fablica - Prefeitura Municipal de S\u00e3o Jo\u00e3o de Meriti\" \/>\n<meta property=\"og:description\" content=\"Secret\u00e1rio Leonardo Braga Vieira Mendes Biografia Graduando em Direito, atualmente cursa especializa\u00e7\u00f5es em lideran\u00e7a p\u00fablica, or\u00e7amento p\u00fablico e inova\u00e7\u00e3o em gest\u00e3o. Atua nas \u00e1reas de&hellip;\" \/>\n<meta property=\"og:url\" content=\"https:\/\/meriti.rj.gov.br\/inicio\/secretaria-municipal-de-habitacao-urbanismo-e-iluminacao-publica\/\" \/>\n<meta property=\"og:site_name\" content=\"Prefeitura Municipal de S\u00e3o Jo\u00e3o de Meriti\" \/>\n<meta property=\"article:modified_time\" content=\"2025-12-18T16:09:52+00:00\" \/>\n<meta property=\"og:image\" content=\"https:\/\/meriti.rj.gov.br\/inicio\/wp-content\/uploads\/2025\/01\/Secretaria-Municipal-de-Habitacao-Urbanismo-e-Iluminacao-Publica.png\" \/>\n\t<meta property=\"og:image:width\" content=\"1536\" \/>\n\t<meta property=\"og:image:height\" content=\"247\" \/>\n\t<meta property=\"og:image:type\" content=\"image\/png\" \/>\n<meta name=\"twitter:card\" content=\"summary_large_image\" \/>\n<meta name=\"twitter:label1\" content=\"Est. tempo de leitura\" \/>\n\t<meta name=\"twitter:data1\" content=\"4 minutos\" \/>\n<script type=\"application\/ld+json\" class=\"yoast-schema-graph\">{\"@context\":\"https:\/\/schema.org\",\"@graph\":[{\"@type\":\"WebPage\",\"@id\":\"https:\/\/meriti.rj.gov.br\/inicio\/secretaria-municipal-de-habitacao-urbanismo-e-iluminacao-publica\/\",\"url\":\"https:\/\/meriti.rj.gov.br\/inicio\/secretaria-municipal-de-habitacao-urbanismo-e-iluminacao-publica\/\",\"name\":\"Secretaria Municipal de Habita\u00e7\u00e3o, Urbanismo e Ilumina\u00e7\u00e3o P\u00fablica - Prefeitura Municipal de S\u00e3o Jo\u00e3o de Meriti\",\"isPartOf\":{\"@id\":\"https:\/\/meriti.rj.gov.br\/inicio\/#website\"},\"primaryImageOfPage\":{\"@id\":\"https:\/\/meriti.rj.gov.br\/inicio\/secretaria-municipal-de-habitacao-urbanismo-e-iluminacao-publica\/#primaryimage\"},\"image\":{\"@id\":\"https:\/\/meriti.rj.gov.br\/inicio\/secretaria-municipal-de-habitacao-urbanismo-e-iluminacao-publica\/#primaryimage\"},\"thumbnailUrl\":\"https:\/\/meriti.rj.gov.br\/inicio\/wp-content\/uploads\/2025\/01\/Secretaria-Municipal-de-Habitacao-Urbanismo-e-Iluminacao-Publica.png\",\"datePublished\":\"2025-01-07T12:27:39+00:00\",\"dateModified\":\"2025-12-18T16:09:52+00:00\",\"breadcrumb\":{\"@id\":\"https:\/\/meriti.rj.gov.br\/inicio\/secretaria-municipal-de-habitacao-urbanismo-e-iluminacao-publica\/#breadcrumb\"},\"inLanguage\":\"pt-BR\",\"potentialAction\":[{\"@type\":\"ReadAction\",\"target\":[\"https:\/\/meriti.rj.gov.br\/inicio\/secretaria-municipal-de-habitacao-urbanismo-e-iluminacao-publica\/\"]}]},{\"@type\":\"ImageObject\",\"inLanguage\":\"pt-BR\",\"@id\":\"https:\/\/meriti.rj.gov.br\/inicio\/secretaria-municipal-de-habitacao-urbanismo-e-iluminacao-publica\/#primaryimage\",\"url\":\"https:\/\/meriti.rj.gov.br\/inicio\/wp-content\/uploads\/2025\/01\/Secretaria-Municipal-de-Habitacao-Urbanismo-e-Iluminacao-Publica.png\",\"contentUrl\":\"https:\/\/meriti.rj.gov.br\/inicio\/wp-content\/uploads\/2025\/01\/Secretaria-Municipal-de-Habitacao-Urbanismo-e-Iluminacao-Publica.png\",\"width\":1536,\"height\":247},{\"@type\":\"BreadcrumbList\",\"@id\":\"https:\/\/meriti.rj.gov.br\/inicio\/secretaria-municipal-de-habitacao-urbanismo-e-iluminacao-publica\/#breadcrumb\",\"itemListElement\":[{\"@type\":\"ListItem\",\"position\":1,\"name\":\"In\u00edcio\",\"item\":\"https:\/\/meriti.rj.gov.br\/inicio\/\"},{\"@type\":\"ListItem\",\"position\":2,\"name\":\"Secretaria Municipal de Habita\u00e7\u00e3o, Urbanismo e Ilumina\u00e7\u00e3o P\u00fablica\"}]},{\"@type\":\"WebSite\",\"@id\":\"https:\/\/meriti.rj.gov.br\/inicio\/#website\",\"url\":\"https:\/\/meriti.rj.gov.br\/inicio\/\",\"name\":\"portal.meriti\",\"description\":\"Prefeitura Municipal de S\u00e3o Jo\u00e3o de Meriti\",\"publisher\":{\"@id\":\"https:\/\/meriti.rj.gov.br\/inicio\/#organization\"},\"potentialAction\":[{\"@type\":\"SearchAction\",\"target\":{\"@type\":\"EntryPoint\",\"urlTemplate\":\"https:\/\/meriti.rj.gov.br\/inicio\/?s={search_term_string}\"},\"query-input\":{\"@type\":\"PropertyValueSpecification\",\"valueRequired\":true,\"valueName\":\"search_term_string\"}}],\"inLanguage\":\"pt-BR\"},{\"@type\":\"Organization\",\"@id\":\"https:\/\/meriti.rj.gov.br\/inicio\/#organization\",\"name\":\"Prefeitura Municipal de S\u00e3o Jo\u00e3o de Meriti\",\"url\":\"https:\/\/meriti.rj.gov.br\/inicio\/\",\"logo\":{\"@type\":\"ImageObject\",\"inLanguage\":\"pt-BR\",\"@id\":\"https:\/\/meriti.rj.gov.br\/inicio\/#\/schema\/logo\/image\/\",\"url\":\"https:\/\/meriti.rj.gov.br\/inicio\/wp-content\/uploads\/2023\/04\/cropped-logo.png\",\"contentUrl\":\"https:\/\/meriti.rj.gov.br\/inicio\/wp-content\/uploads\/2023\/04\/cropped-logo.png\",\"width\":512,\"height\":512,\"caption\":\"Prefeitura Municipal de S\u00e3o Jo\u00e3o de Meriti\"},\"image\":{\"@id\":\"https:\/\/meriti.rj.gov.br\/inicio\/#\/schema\/logo\/image\/\"}}]}<\/script>\n<!-- \/ Yoast SEO plugin. -->","yoast_head_json":{"title":"Secretaria Municipal de Habita\u00e7\u00e3o, Urbanismo e Ilumina\u00e7\u00e3o P\u00fablica - Prefeitura Municipal de S\u00e3o Jo\u00e3o de Meriti","robots":{"index":"index","follow":"follow","max-snippet":"max-snippet:-1","max-image-preview":"max-image-preview:large","max-video-preview":"max-video-preview:-1"},"canonical":"https:\/\/meriti.rj.gov.br\/inicio\/secretaria-municipal-de-habitacao-urbanismo-e-iluminacao-publica\/","og_locale":"pt_BR","og_type":"article","og_title":"Secretaria Municipal de Habita\u00e7\u00e3o, Urbanismo e Ilumina\u00e7\u00e3o P\u00fablica - Prefeitura Municipal de S\u00e3o Jo\u00e3o de Meriti","og_description":"Secret\u00e1rio Leonardo Braga Vieira Mendes Biografia Graduando em Direito, atualmente cursa especializa\u00e7\u00f5es em lideran\u00e7a p\u00fablica, or\u00e7amento p\u00fablico e inova\u00e7\u00e3o em gest\u00e3o. Atua nas \u00e1reas de&hellip;","og_url":"https:\/\/meriti.rj.gov.br\/inicio\/secretaria-municipal-de-habitacao-urbanismo-e-iluminacao-publica\/","og_site_name":"Prefeitura Municipal de S\u00e3o Jo\u00e3o de Meriti","article_modified_time":"2025-12-18T16:09:52+00:00","og_image":[{"width":1536,"height":247,"url":"https:\/\/meriti.rj.gov.br\/inicio\/wp-content\/uploads\/2025\/01\/Secretaria-Municipal-de-Habitacao-Urbanismo-e-Iluminacao-Publica.png","type":"image\/png"}],"twitter_card":"summary_large_image","twitter_misc":{"Est. tempo de leitura":"4 minutos"},"schema":{"@context":"https:\/\/schema.org","@graph":[{"@type":"WebPage","@id":"https:\/\/meriti.rj.gov.br\/inicio\/secretaria-municipal-de-habitacao-urbanismo-e-iluminacao-publica\/","url":"https:\/\/meriti.rj.gov.br\/inicio\/secretaria-municipal-de-habitacao-urbanismo-e-iluminacao-publica\/","name":"Secretaria Municipal de Habita\u00e7\u00e3o, Urbanismo e Ilumina\u00e7\u00e3o P\u00fablica - Prefeitura Municipal de S\u00e3o Jo\u00e3o de Meriti","isPartOf":{"@id":"https:\/\/meriti.rj.gov.br\/inicio\/#website"},"primaryImageOfPage":{"@id":"https:\/\/meriti.rj.gov.br\/inicio\/secretaria-municipal-de-habitacao-urbanismo-e-iluminacao-publica\/#primaryimage"},"image":{"@id":"https:\/\/meriti.rj.gov.br\/inicio\/secretaria-municipal-de-habitacao-urbanismo-e-iluminacao-publica\/#primaryimage"},"thumbnailUrl":"https:\/\/meriti.rj.gov.br\/inicio\/wp-content\/uploads\/2025\/01\/Secretaria-Municipal-de-Habitacao-Urbanismo-e-Iluminacao-Publica.png","datePublished":"2025-01-07T12:27:39+00:00","dateModified":"2025-12-18T16:09:52+00:00","breadcrumb":{"@id":"https:\/\/meriti.rj.gov.br\/inicio\/secretaria-municipal-de-habitacao-urbanismo-e-iluminacao-publica\/#breadcrumb"},"inLanguage":"pt-BR","potentialAction":[{"@type":"ReadAction","target":["https:\/\/meriti.rj.gov.br\/inicio\/secretaria-municipal-de-habitacao-urbanismo-e-iluminacao-publica\/"]}]},{"@type":"ImageObject","inLanguage":"pt-BR","@id":"https:\/\/meriti.rj.gov.br\/inicio\/secretaria-municipal-de-habitacao-urbanismo-e-iluminacao-publica\/#primaryimage","url":"https:\/\/meriti.rj.gov.br\/inicio\/wp-content\/uploads\/2025\/01\/Secretaria-Municipal-de-Habitacao-Urbanismo-e-Iluminacao-Publica.png","contentUrl":"https:\/\/meriti.rj.gov.br\/inicio\/wp-content\/uploads\/2025\/01\/Secretaria-Municipal-de-Habitacao-Urbanismo-e-Iluminacao-Publica.png","width":1536,"height":247},{"@type":"BreadcrumbList","@id":"https:\/\/meriti.rj.gov.br\/inicio\/secretaria-municipal-de-habitacao-urbanismo-e-iluminacao-publica\/#breadcrumb","itemListElement":[{"@type":"ListItem","position":1,"name":"In\u00edcio","item":"https:\/\/meriti.rj.gov.br\/inicio\/"},{"@type":"ListItem","position":2,"name":"Secretaria Municipal de Habita\u00e7\u00e3o, Urbanismo e Ilumina\u00e7\u00e3o P\u00fablica"}]},{"@type":"WebSite","@id":"https:\/\/meriti.rj.gov.br\/inicio\/#website","url":"https:\/\/meriti.rj.gov.br\/inicio\/","name":"portal.meriti","description":"Prefeitura Municipal de S\u00e3o Jo\u00e3o de Meriti","publisher":{"@id":"https:\/\/meriti.rj.gov.br\/inicio\/#organization"},"potentialAction":[{"@type":"SearchAction","target":{"@type":"EntryPoint","urlTemplate":"https:\/\/meriti.rj.gov.br\/inicio\/?s={search_term_string}"},"query-input":{"@type":"PropertyValueSpecification","valueRequired":true,"valueName":"search_term_string"}}],"inLanguage":"pt-BR"},{"@type":"Organization","@id":"https:\/\/meriti.rj.gov.br\/inicio\/#organization","name":"Prefeitura Municipal de S\u00e3o Jo\u00e3o de Meriti","url":"https:\/\/meriti.rj.gov.br\/inicio\/","logo":{"@type":"ImageObject","inLanguage":"pt-BR","@id":"https:\/\/meriti.rj.gov.br\/inicio\/#\/schema\/logo\/image\/","url":"https:\/\/meriti.rj.gov.br\/inicio\/wp-content\/uploads\/2023\/04\/cropped-logo.png","contentUrl":"https:\/\/meriti.rj.gov.br\/inicio\/wp-content\/uploads\/2023\/04\/cropped-logo.png","width":512,"height":512,"caption":"Prefeitura Municipal de S\u00e3o Jo\u00e3o de Meriti"},"image":{"@id":"https:\/\/meriti.rj.gov.br\/inicio\/#\/schema\/logo\/image\/"}}]}},"_links":{"self":[{"href":"https:\/\/meriti.rj.gov.br\/inicio\/wp-json\/wp\/v2\/pages\/13777","targetHints":{"allow":["GET"]}}],"collection":[{"href":"https:\/\/meriti.rj.gov.br\/inicio\/wp-json\/wp\/v2\/pages"}],"about":[{"href":"https:\/\/meriti.rj.gov.br\/inicio\/wp-json\/wp\/v2\/types\/page"}],"author":[{"embeddable":true,"href":"https:\/\/meriti.rj.gov.br\/inicio\/wp-json\/wp\/v2\/users\/3"}],"replies":[{"embeddable":true,"href":"https:\/\/meriti.rj.gov.br\/inicio\/wp-json\/wp\/v2\/comments?post=13777"}],"version-history":[{"count":31,"href":"https:\/\/meriti.rj.gov.br\/inicio\/wp-json\/wp\/v2\/pages\/13777\/revisions"}],"predecessor-version":[{"id":20710,"href":"https:\/\/meriti.rj.gov.br\/inicio\/wp-json\/wp\/v2\/pages\/13777\/revisions\/20710"}],"wp:attachment":[{"href":"https:\/\/meriti.rj.gov.br\/inicio\/wp-json\/wp\/v2\/media?parent=13777"}],"curies":[{"name":"wp","href":"https:\/\/api.w.org\/{rel}","templated":true}]}}