{"id":13775,"date":"2025-01-07T09:26:10","date_gmt":"2025-01-07T12:26:10","guid":{"rendered":"https:\/\/meriti.rj.gov.br\/inicio\/?page_id=13775"},"modified":"2025-12-18T11:10:37","modified_gmt":"2025-12-18T14:10:37","slug":"secretaria-de-apoio-tecnico-ao-prefeito","status":"publish","type":"page","link":"https:\/\/meriti.rj.gov.br\/inicio\/secretaria-de-apoio-tecnico-ao-prefeito\/","title":{"rendered":"Secretaria de Apoio T\u00e9cnico ao Prefeito"},"content":{"rendered":"\t\t<div data-elementor-type=\"wp-page\" data-elementor-id=\"13775\" class=\"elementor elementor-13775\" data-elementor-post-type=\"page\">\n\t\t\t\t<div class=\"elementor-element elementor-element-191fcb4 e-flex e-con-boxed e-con e-parent\" data-id=\"191fcb4\" data-element_type=\"container\" data-e-type=\"container\">\n\t\t\t\t\t<div class=\"e-con-inner\">\n\t\t\t\t<div class=\"elementor-element elementor-element-f74822d elementor-widget elementor-widget-image\" data-id=\"f74822d\" data-element_type=\"widget\" data-e-type=\"widget\" data-widget_type=\"image.default\">\n\t\t\t\t<div class=\"elementor-widget-container\">\n\t\t\t\t\t\t\t\t\t\t\t\t\t\t\t<img fetchpriority=\"high\" decoding=\"async\" width=\"1536\" height=\"247\" src=\"https:\/\/meriti.rj.gov.br\/inicio\/wp-content\/uploads\/2025\/01\/Secretaria-de-Apoio-Tecnico-ao-Prefeito-2.png\" class=\"attachment-full size-full wp-image-13484\" alt=\"\" srcset=\"https:\/\/meriti.rj.gov.br\/inicio\/wp-content\/uploads\/2025\/01\/Secretaria-de-Apoio-Tecnico-ao-Prefeito-2.png 1536w, https:\/\/meriti.rj.gov.br\/inicio\/wp-content\/uploads\/2025\/01\/Secretaria-de-Apoio-Tecnico-ao-Prefeito-2-300x48.png 300w, https:\/\/meriti.rj.gov.br\/inicio\/wp-content\/uploads\/2025\/01\/Secretaria-de-Apoio-Tecnico-ao-Prefeito-2-1024x165.png 1024w, https:\/\/meriti.rj.gov.br\/inicio\/wp-content\/uploads\/2025\/01\/Secretaria-de-Apoio-Tecnico-ao-Prefeito-2-768x124.png 768w\" sizes=\"(max-width: 1536px) 100vw, 1536px\" \/>\t\t\t\t\t\t\t\t\t\t\t\t\t\t\t<\/div>\n\t\t\t\t<\/div>\n\t\t\t\t\t<\/div>\n\t\t\t\t<\/div>\n\t\t<div class=\"elementor-element elementor-element-024e85a e-con-full e-flex e-con e-parent\" data-id=\"024e85a\" data-element_type=\"container\" data-e-type=\"container\">\n\t\t\t\t<div class=\"elementor-element elementor-element-78b58a2 elementor-widget-mobile__width-initial elementor-widget elementor-widget-html\" data-id=\"78b58a2\" data-element_type=\"widget\" data-e-type=\"widget\" data-widget_type=\"html.default\">\n\t\t\t\t<div class=\"elementor-widget-container\">\n\t\t\t\t\t<body> <!-- Inicio do corpo da p\u00e1gina -->\r\n\r\n   <!-- Conte\u00fado da p\u00e1gina -->\r\n\r\n  <div vw class=\"enabled\">\r\n    <div vw-access-button class=\"active\"><\/div>\r\n    <div vw-plugin-wrapper>\r\n      <div class=\"vw-plugin-top-wrapper\"><\/div>\r\n    <\/div>\r\n  <\/div>\r\n  <script src=\"https:\/\/vlibras.gov.br\/app\/vlibras-plugin.js\"><\/script>\r\n  <script>\r\n    new window.VLibras.Widget('https:\/\/vlibras.gov.br\/app');\r\n  <\/script>\r\n<\/body> <!-- Fim do corpo da p\u00e1gina -->\t\t\t\t<\/div>\n\t\t\t\t<\/div>\n\t\t\t\t<\/div>\n\t\t<div class=\"elementor-element elementor-element-c8bbe9c e-flex e-con-boxed e-con e-parent\" data-id=\"c8bbe9c\" data-element_type=\"container\" data-e-type=\"container\">\n\t\t\t\t\t<div class=\"e-con-inner\">\n\t\t<div class=\"elementor-element elementor-element-fab3398 e-con-full e-flex e-con e-child\" data-id=\"fab3398\" data-element_type=\"container\" data-e-type=\"container\">\n\t\t\t\t<div class=\"elementor-element elementor-element-7556308 elementor-widget elementor-widget-image\" data-id=\"7556308\" data-element_type=\"widget\" data-e-type=\"widget\" data-widget_type=\"image.default\">\n\t\t\t\t<div class=\"elementor-widget-container\">\n\t\t\t\t\t\t\t\t\t\t\t\t\t\t\t<img decoding=\"async\" width=\"300\" height=\"300\" src=\"https:\/\/meriti.rj.gov.br\/inicio\/wp-content\/uploads\/2025\/01\/Avatar_Secretarios-1-300x300.png\" class=\"attachment-medium size-medium wp-image-12690\" alt=\"\" srcset=\"https:\/\/meriti.rj.gov.br\/inicio\/wp-content\/uploads\/2025\/01\/Avatar_Secretarios-1-300x300.png 300w, https:\/\/meriti.rj.gov.br\/inicio\/wp-content\/uploads\/2025\/01\/Avatar_Secretarios-1-150x150.png 150w, https:\/\/meriti.rj.gov.br\/inicio\/wp-content\/uploads\/2025\/01\/Avatar_Secretarios-1-768x768.png 768w, https:\/\/meriti.rj.gov.br\/inicio\/wp-content\/uploads\/2025\/01\/Avatar_Secretarios-1.png 800w\" sizes=\"(max-width: 300px) 100vw, 300px\" \/>\t\t\t\t\t\t\t\t\t\t\t\t\t\t\t<\/div>\n\t\t\t\t<\/div>\n\t\t\t\t<\/div>\n\t\t<div class=\"elementor-element elementor-element-17132d3 e-con-full e-flex e-con e-child\" data-id=\"17132d3\" data-element_type=\"container\" data-e-type=\"container\">\n\t\t\t\t<div class=\"elementor-element elementor-element-eb85751 elementor-widget elementor-widget-text-editor\" data-id=\"eb85751\" data-element_type=\"widget\" data-e-type=\"widget\" data-widget_type=\"text-editor.default\">\n\t\t\t\t<div class=\"elementor-widget-container\">\n\t\t\t\t\t\t\t\t\t<h4 style=\"text-align: left;\"><strong><span style=\"color: #000080;\">Secret\u00e1rio<\/span><\/strong><\/h4><h3>Emanuel Ant\u00f4nio Santiago de Menezes<\/h3><h4 style=\"text-align: left;\"><span style=\"color: #000080;\"><strong>Biografia<\/strong><\/span><\/h4><p><span style=\"color: #333333;\">Graduado em Direito pela Universidade do Estado do Rio de Janeiro (UERJ), com forma\u00e7\u00e3o em Ci\u00eancias Cont\u00e1beis pela Faculdade Moraes J\u00fanior e p\u00f3s-gradua\u00e7\u00e3o em Administra\u00e7\u00e3o P\u00fablica, com especializa\u00e7\u00e3o em Contas P\u00fablicas e Controle Externo e Interno pelo Tribunal de Contas do Estado do Rio de Janeiro (TCE-RJ), em conv\u00eanio com a UERJ.<\/span><\/p><p><span style=\"color: #333333;\">Atuou no TCE-RJ por mais de 30 anos, exercendo as fun\u00e7\u00f5es de auditor e analista de controle externo, al\u00e9m de integrar comiss\u00f5es t\u00e9cnicas relevantes relacionadas \u00e0 legisla\u00e7\u00e3o fiscal e administrativa. Em 2022, recebeu a Medalha de Ouro por Servi\u00e7os Merit\u00f3rios do TCE-RJ.<\/span><\/p>\t\t\t\t\t\t\t\t<\/div>\n\t\t\t\t<\/div>\n\t\t\t\t<\/div>\n\t\t\t\t\t<\/div>\n\t\t\t\t<\/div>\n\t\t<div class=\"elementor-element elementor-element-3cdad12 e-flex e-con-boxed e-con e-parent\" data-id=\"3cdad12\" data-element_type=\"container\" data-e-type=\"container\">\n\t\t\t\t\t<div class=\"e-con-inner\">\n\t\t\t\t<div class=\"elementor-element elementor-element-33c50a0 elementor-widget elementor-widget-text-editor\" data-id=\"33c50a0\" data-element_type=\"widget\" data-e-type=\"widget\" data-widget_type=\"text-editor.default\">\n\t\t\t\t<div class=\"elementor-widget-container\">\n\t\t\t\t\t\t\t\t\t<p><span style=\"color: #333333;\">Tamb\u00e9m desempenhou cargos de chefia e assessoria no DETRAN-RJ e na Assembleia Legislativa do Estado do Rio de Janeiro (ALERJ), com experi\u00eancia na chefia de gabinete, diretoria empresarial e assessorias parlamentares.<\/span><\/p><p><span style=\"color: #333333;\">Na iniciativa privada, atuou como advogado nas \u00e1reas de Direito Administrativo, Tribut\u00e1rio e Comercial, al\u00e9m de lecionar Direito Administrativo, Licita\u00e7\u00f5es e Contratos em institui\u00e7\u00f5es de ensino superior e cursos preparat\u00f3rios para concursos p\u00fablicos.<\/span><\/p>\t\t\t\t\t\t\t\t<\/div>\n\t\t\t\t<\/div>\n\t\t\t\t\t<\/div>\n\t\t\t\t<\/div>\n\t\t<div class=\"elementor-element elementor-element-671962a e-flex e-con-boxed e-con e-parent\" data-id=\"671962a\" data-element_type=\"container\" data-e-type=\"container\">\n\t\t\t\t\t<div class=\"e-con-inner\">\n\t\t\t\t<div class=\"elementor-element elementor-element-c91bb84 elementor-widget elementor-widget-text-editor\" data-id=\"c91bb84\" data-element_type=\"widget\" data-e-type=\"widget\" data-widget_type=\"text-editor.default\">\n\t\t\t\t<div class=\"elementor-widget-container\">\n\t\t\t\t\t\t\t\t\t<h4><span style=\"color: #000080;\"><strong>Atribui\u00e7\u00f5es<\/strong><\/span><\/h4>\t\t\t\t\t\t\t\t<\/div>\n\t\t\t\t<\/div>\n\t\t\t\t\t<\/div>\n\t\t\t\t<\/div>\n\t\t<div class=\"elementor-element elementor-element-f865689 e-flex e-con-boxed e-con e-parent\" data-id=\"f865689\" data-element_type=\"container\" data-e-type=\"container\">\n\t\t\t\t\t<div class=\"e-con-inner\">\n\t\t\t\t<div class=\"elementor-element elementor-element-71f2b30 elementor-widget elementor-widget-text-editor\" data-id=\"71f2b30\" data-element_type=\"widget\" data-e-type=\"widget\" data-widget_type=\"text-editor.default\">\n\t\t\t\t<div class=\"elementor-widget-container\">\n\t\t\t\t\t\t\t\t\t<p style=\"text-align: left;\"><strong>SECRET\u00c1RIO DE APOIO T\u00c9CNICO AO PREFEITO<\/strong> \u00a0tem por finalidade prestar assessoramento imediato ao Prefeito em assuntos t\u00e9cnicos, administrativos e pol\u00edticos, relacionados \u00e0 dire\u00e7\u00e3o superior da Administra\u00e7\u00e3o Municipal, tendo ainda as seguintes atribui\u00e7\u00f5es:<\/p><ul><li style=\"text-align: left;\">auxiliar e propor ao Gabinete do Prefeito em suas fun\u00e7\u00f5es administrativas e Jur\u00eddicas;<\/li><li style=\"text-align: left;\">auxiliar e orientar tecnicamente os despachos de processos;<\/li><li style=\"text-align: left;\">auxiliar e propor tecnicamente ao Prefeito e ao Secret\u00e1rio de Governo sobre os expedientes referentes ao cumpri- mento de decis\u00f5es judiciais;<\/li><li style=\"text-align: left;\">auxiliar e propor tecnicamente ao Prefeito e ao Secret\u00e1rio de Governo sobre expedientes referentes \u00e0s quest\u00f5es tribut\u00e1rias e fiscais;<\/li><li style=\"text-align: left;\">auxiliar e propor tecnicamente ao Prefeito e ao Secret\u00e1rio de Governo sobre os atos do Legislativo Municipal;<\/li><li style=\"text-align: left;\">auxiliar e propor tecnicamente ao Prefeito e ao Secret\u00e1rio de Governo sobre os atos do Controle Interno Municipal;<\/li><li style=\"text-align: left;\">\u00a0outras atribui\u00e7\u00f5es correlatas.<\/li><\/ul>\t\t\t\t\t\t\t\t<\/div>\n\t\t\t\t<\/div>\n\t\t\t\t\t<\/div>\n\t\t\t\t<\/div>\n\t\t<div class=\"elementor-element elementor-element-3abe701 e-flex e-con-boxed e-con e-parent\" data-id=\"3abe701\" data-element_type=\"container\" data-e-type=\"container\">\n\t\t\t\t\t<div class=\"e-con-inner\">\n\t\t\t\t<div class=\"elementor-element elementor-element-74ac2db elementor-widget elementor-widget-text-editor\" data-id=\"74ac2db\" data-element_type=\"widget\" data-e-type=\"widget\" data-widget_type=\"text-editor.default\">\n\t\t\t\t<div class=\"elementor-widget-container\">\n\t\t\t\t\t\t\t\t\t<h4><span style=\"color: #000080;\"><strong>Contato<\/strong><\/span><\/h4>\t\t\t\t\t\t\t\t<\/div>\n\t\t\t\t<\/div>\n\t\t\t\t\t<\/div>\n\t\t\t\t<\/div>\n\t\t<div class=\"elementor-element elementor-element-54aa6d0 e-flex e-con-boxed e-con e-parent\" data-id=\"54aa6d0\" data-element_type=\"container\" data-e-type=\"container\">\n\t\t\t\t\t<div class=\"e-con-inner\">\n\t\t\t\t<div class=\"elementor-element elementor-element-3af7586 elementor-widget elementor-widget-text-editor\" data-id=\"3af7586\" data-element_type=\"widget\" data-e-type=\"widget\" data-widget_type=\"text-editor.default\">\n\t\t\t\t<div class=\"elementor-widget-container\">\n\t\t\t\t\t\t\t\t\t<p><span style=\"color: #2e2d2d;\"><strong>Endere\u00e7o:<\/strong> Av. Presidente Lincoln, 899 \u2013 Jardim Meriti &#8211; S\u00e3o Jo\u00e3o de Meriti \u2013 RJ \u2013 CEP 25555-201<\/span><\/p><p><span style=\"color: #000000;\"><a href=\"https:\/\/maps.app.goo.gl\/kagaWP8zgQrngqGq8\"><strong>\u27a1\ufe0fCOMO CHEGAR<\/strong><\/a><\/span><\/p><p><span style=\"color: #2e2d2d;\"><strong>Telefone:<\/strong><\/span><\/p><p><span style=\"color: #2e2d2d;\"><strong>E-mail:<\/strong>\u00a0<\/span><\/p><p><strong>Hor\u00e1rio de Funcionamento<\/strong>: de segunda a sexta-feira das 8:30h \u00e0s 17:30h<\/p>\t\t\t\t\t\t\t\t<\/div>\n\t\t\t\t<\/div>\n\t\t\t\t\t<\/div>\n\t\t\t\t<\/div>\n\t\t\t\t<\/div>\n\t\t","protected":false},"excerpt":{"rendered":"<p>Secret\u00e1rio Emanuel Ant\u00f4nio Santiago de Menezes Biografia Graduado em Direito pela Universidade do Estado do Rio de Janeiro (UERJ), com forma\u00e7\u00e3o em Ci\u00eancias Cont\u00e1beis pela&hellip;<\/p>\n","protected":false},"author":3,"featured_media":0,"parent":0,"menu_order":0,"comment_status":"closed","ping_status":"closed","template":"","meta":{"footnotes":""},"class_list":["post-13775","page","type-page","status-publish","hentry"],"yoast_head":"<!-- This site is optimized with the Yoast SEO plugin v27.2 - https:\/\/yoast.com\/product\/yoast-seo-wordpress\/ -->\n<title>Secretaria de Apoio T\u00e9cnico ao Prefeito - Prefeitura Municipal de S\u00e3o Jo\u00e3o de Meriti<\/title>\n<meta name=\"robots\" content=\"index, follow, max-snippet:-1, max-image-preview:large, max-video-preview:-1\" \/>\n<link rel=\"canonical\" href=\"https:\/\/meriti.rj.gov.br\/inicio\/secretaria-de-apoio-tecnico-ao-prefeito\/\" \/>\n<meta property=\"og:locale\" content=\"pt_BR\" \/>\n<meta property=\"og:type\" content=\"article\" \/>\n<meta property=\"og:title\" content=\"Secretaria de Apoio T\u00e9cnico ao Prefeito - Prefeitura Municipal de S\u00e3o Jo\u00e3o de Meriti\" \/>\n<meta property=\"og:description\" content=\"Secret\u00e1rio Emanuel Ant\u00f4nio Santiago de Menezes Biografia Graduado em Direito pela Universidade do Estado do Rio de Janeiro (UERJ), com forma\u00e7\u00e3o em Ci\u00eancias Cont\u00e1beis pela&hellip;\" \/>\n<meta property=\"og:url\" content=\"https:\/\/meriti.rj.gov.br\/inicio\/secretaria-de-apoio-tecnico-ao-prefeito\/\" \/>\n<meta property=\"og:site_name\" content=\"Prefeitura Municipal de S\u00e3o Jo\u00e3o de Meriti\" \/>\n<meta property=\"article:modified_time\" content=\"2025-12-18T14:10:37+00:00\" \/>\n<meta property=\"og:image\" content=\"https:\/\/meriti.rj.gov.br\/inicio\/wp-content\/uploads\/2025\/01\/Secretaria-de-Apoio-Tecnico-ao-Prefeito-2.png\" \/>\n\t<meta property=\"og:image:width\" content=\"1536\" \/>\n\t<meta property=\"og:image:height\" content=\"247\" \/>\n\t<meta property=\"og:image:type\" content=\"image\/png\" \/>\n<meta name=\"twitter:card\" content=\"summary_large_image\" \/>\n<meta name=\"twitter:label1\" content=\"Est. tempo de leitura\" \/>\n\t<meta name=\"twitter:data1\" content=\"3 minutos\" \/>\n<script type=\"application\/ld+json\" class=\"yoast-schema-graph\">{\"@context\":\"https:\/\/schema.org\",\"@graph\":[{\"@type\":\"WebPage\",\"@id\":\"https:\/\/meriti.rj.gov.br\/inicio\/secretaria-de-apoio-tecnico-ao-prefeito\/\",\"url\":\"https:\/\/meriti.rj.gov.br\/inicio\/secretaria-de-apoio-tecnico-ao-prefeito\/\",\"name\":\"Secretaria de Apoio T\u00e9cnico ao Prefeito - Prefeitura Municipal de S\u00e3o Jo\u00e3o de Meriti\",\"isPartOf\":{\"@id\":\"https:\/\/meriti.rj.gov.br\/inicio\/#website\"},\"primaryImageOfPage\":{\"@id\":\"https:\/\/meriti.rj.gov.br\/inicio\/secretaria-de-apoio-tecnico-ao-prefeito\/#primaryimage\"},\"image\":{\"@id\":\"https:\/\/meriti.rj.gov.br\/inicio\/secretaria-de-apoio-tecnico-ao-prefeito\/#primaryimage\"},\"thumbnailUrl\":\"https:\/\/meriti.rj.gov.br\/inicio\/wp-content\/uploads\/2025\/01\/Secretaria-de-Apoio-Tecnico-ao-Prefeito-2.png\",\"datePublished\":\"2025-01-07T12:26:10+00:00\",\"dateModified\":\"2025-12-18T14:10:37+00:00\",\"breadcrumb\":{\"@id\":\"https:\/\/meriti.rj.gov.br\/inicio\/secretaria-de-apoio-tecnico-ao-prefeito\/#breadcrumb\"},\"inLanguage\":\"pt-BR\",\"potentialAction\":[{\"@type\":\"ReadAction\",\"target\":[\"https:\/\/meriti.rj.gov.br\/inicio\/secretaria-de-apoio-tecnico-ao-prefeito\/\"]}]},{\"@type\":\"ImageObject\",\"inLanguage\":\"pt-BR\",\"@id\":\"https:\/\/meriti.rj.gov.br\/inicio\/secretaria-de-apoio-tecnico-ao-prefeito\/#primaryimage\",\"url\":\"https:\/\/meriti.rj.gov.br\/inicio\/wp-content\/uploads\/2025\/01\/Secretaria-de-Apoio-Tecnico-ao-Prefeito-2.png\",\"contentUrl\":\"https:\/\/meriti.rj.gov.br\/inicio\/wp-content\/uploads\/2025\/01\/Secretaria-de-Apoio-Tecnico-ao-Prefeito-2.png\",\"width\":1536,\"height\":247},{\"@type\":\"BreadcrumbList\",\"@id\":\"https:\/\/meriti.rj.gov.br\/inicio\/secretaria-de-apoio-tecnico-ao-prefeito\/#breadcrumb\",\"itemListElement\":[{\"@type\":\"ListItem\",\"position\":1,\"name\":\"In\u00edcio\",\"item\":\"https:\/\/meriti.rj.gov.br\/inicio\/\"},{\"@type\":\"ListItem\",\"position\":2,\"name\":\"Secretaria de Apoio T\u00e9cnico ao Prefeito\"}]},{\"@type\":\"WebSite\",\"@id\":\"https:\/\/meriti.rj.gov.br\/inicio\/#website\",\"url\":\"https:\/\/meriti.rj.gov.br\/inicio\/\",\"name\":\"portal.meriti\",\"description\":\"Prefeitura Municipal de S\u00e3o Jo\u00e3o de Meriti\",\"publisher\":{\"@id\":\"https:\/\/meriti.rj.gov.br\/inicio\/#organization\"},\"potentialAction\":[{\"@type\":\"SearchAction\",\"target\":{\"@type\":\"EntryPoint\",\"urlTemplate\":\"https:\/\/meriti.rj.gov.br\/inicio\/?s={search_term_string}\"},\"query-input\":{\"@type\":\"PropertyValueSpecification\",\"valueRequired\":true,\"valueName\":\"search_term_string\"}}],\"inLanguage\":\"pt-BR\"},{\"@type\":\"Organization\",\"@id\":\"https:\/\/meriti.rj.gov.br\/inicio\/#organization\",\"name\":\"Prefeitura Municipal de S\u00e3o Jo\u00e3o de Meriti\",\"url\":\"https:\/\/meriti.rj.gov.br\/inicio\/\",\"logo\":{\"@type\":\"ImageObject\",\"inLanguage\":\"pt-BR\",\"@id\":\"https:\/\/meriti.rj.gov.br\/inicio\/#\/schema\/logo\/image\/\",\"url\":\"https:\/\/meriti.rj.gov.br\/inicio\/wp-content\/uploads\/2023\/04\/cropped-logo.png\",\"contentUrl\":\"https:\/\/meriti.rj.gov.br\/inicio\/wp-content\/uploads\/2023\/04\/cropped-logo.png\",\"width\":512,\"height\":512,\"caption\":\"Prefeitura Municipal de S\u00e3o Jo\u00e3o de Meriti\"},\"image\":{\"@id\":\"https:\/\/meriti.rj.gov.br\/inicio\/#\/schema\/logo\/image\/\"}}]}<\/script>\n<!-- \/ Yoast SEO plugin. -->","yoast_head_json":{"title":"Secretaria de Apoio T\u00e9cnico ao Prefeito - Prefeitura Municipal de S\u00e3o Jo\u00e3o de Meriti","robots":{"index":"index","follow":"follow","max-snippet":"max-snippet:-1","max-image-preview":"max-image-preview:large","max-video-preview":"max-video-preview:-1"},"canonical":"https:\/\/meriti.rj.gov.br\/inicio\/secretaria-de-apoio-tecnico-ao-prefeito\/","og_locale":"pt_BR","og_type":"article","og_title":"Secretaria de Apoio T\u00e9cnico ao Prefeito - Prefeitura Municipal de S\u00e3o Jo\u00e3o de Meriti","og_description":"Secret\u00e1rio Emanuel Ant\u00f4nio Santiago de Menezes Biografia Graduado em Direito pela Universidade do Estado do Rio de Janeiro (UERJ), com forma\u00e7\u00e3o em Ci\u00eancias Cont\u00e1beis pela&hellip;","og_url":"https:\/\/meriti.rj.gov.br\/inicio\/secretaria-de-apoio-tecnico-ao-prefeito\/","og_site_name":"Prefeitura Municipal de S\u00e3o Jo\u00e3o de Meriti","article_modified_time":"2025-12-18T14:10:37+00:00","og_image":[{"width":1536,"height":247,"url":"https:\/\/meriti.rj.gov.br\/inicio\/wp-content\/uploads\/2025\/01\/Secretaria-de-Apoio-Tecnico-ao-Prefeito-2.png","type":"image\/png"}],"twitter_card":"summary_large_image","twitter_misc":{"Est. tempo de leitura":"3 minutos"},"schema":{"@context":"https:\/\/schema.org","@graph":[{"@type":"WebPage","@id":"https:\/\/meriti.rj.gov.br\/inicio\/secretaria-de-apoio-tecnico-ao-prefeito\/","url":"https:\/\/meriti.rj.gov.br\/inicio\/secretaria-de-apoio-tecnico-ao-prefeito\/","name":"Secretaria de Apoio T\u00e9cnico ao Prefeito - Prefeitura Municipal de S\u00e3o Jo\u00e3o de Meriti","isPartOf":{"@id":"https:\/\/meriti.rj.gov.br\/inicio\/#website"},"primaryImageOfPage":{"@id":"https:\/\/meriti.rj.gov.br\/inicio\/secretaria-de-apoio-tecnico-ao-prefeito\/#primaryimage"},"image":{"@id":"https:\/\/meriti.rj.gov.br\/inicio\/secretaria-de-apoio-tecnico-ao-prefeito\/#primaryimage"},"thumbnailUrl":"https:\/\/meriti.rj.gov.br\/inicio\/wp-content\/uploads\/2025\/01\/Secretaria-de-Apoio-Tecnico-ao-Prefeito-2.png","datePublished":"2025-01-07T12:26:10+00:00","dateModified":"2025-12-18T14:10:37+00:00","breadcrumb":{"@id":"https:\/\/meriti.rj.gov.br\/inicio\/secretaria-de-apoio-tecnico-ao-prefeito\/#breadcrumb"},"inLanguage":"pt-BR","potentialAction":[{"@type":"ReadAction","target":["https:\/\/meriti.rj.gov.br\/inicio\/secretaria-de-apoio-tecnico-ao-prefeito\/"]}]},{"@type":"ImageObject","inLanguage":"pt-BR","@id":"https:\/\/meriti.rj.gov.br\/inicio\/secretaria-de-apoio-tecnico-ao-prefeito\/#primaryimage","url":"https:\/\/meriti.rj.gov.br\/inicio\/wp-content\/uploads\/2025\/01\/Secretaria-de-Apoio-Tecnico-ao-Prefeito-2.png","contentUrl":"https:\/\/meriti.rj.gov.br\/inicio\/wp-content\/uploads\/2025\/01\/Secretaria-de-Apoio-Tecnico-ao-Prefeito-2.png","width":1536,"height":247},{"@type":"BreadcrumbList","@id":"https:\/\/meriti.rj.gov.br\/inicio\/secretaria-de-apoio-tecnico-ao-prefeito\/#breadcrumb","itemListElement":[{"@type":"ListItem","position":1,"name":"In\u00edcio","item":"https:\/\/meriti.rj.gov.br\/inicio\/"},{"@type":"ListItem","position":2,"name":"Secretaria de Apoio T\u00e9cnico ao Prefeito"}]},{"@type":"WebSite","@id":"https:\/\/meriti.rj.gov.br\/inicio\/#website","url":"https:\/\/meriti.rj.gov.br\/inicio\/","name":"portal.meriti","description":"Prefeitura Municipal de S\u00e3o Jo\u00e3o de Meriti","publisher":{"@id":"https:\/\/meriti.rj.gov.br\/inicio\/#organization"},"potentialAction":[{"@type":"SearchAction","target":{"@type":"EntryPoint","urlTemplate":"https:\/\/meriti.rj.gov.br\/inicio\/?s={search_term_string}"},"query-input":{"@type":"PropertyValueSpecification","valueRequired":true,"valueName":"search_term_string"}}],"inLanguage":"pt-BR"},{"@type":"Organization","@id":"https:\/\/meriti.rj.gov.br\/inicio\/#organization","name":"Prefeitura Municipal de S\u00e3o Jo\u00e3o de Meriti","url":"https:\/\/meriti.rj.gov.br\/inicio\/","logo":{"@type":"ImageObject","inLanguage":"pt-BR","@id":"https:\/\/meriti.rj.gov.br\/inicio\/#\/schema\/logo\/image\/","url":"https:\/\/meriti.rj.gov.br\/inicio\/wp-content\/uploads\/2023\/04\/cropped-logo.png","contentUrl":"https:\/\/meriti.rj.gov.br\/inicio\/wp-content\/uploads\/2023\/04\/cropped-logo.png","width":512,"height":512,"caption":"Prefeitura Municipal de S\u00e3o Jo\u00e3o de Meriti"},"image":{"@id":"https:\/\/meriti.rj.gov.br\/inicio\/#\/schema\/logo\/image\/"}}]}},"_links":{"self":[{"href":"https:\/\/meriti.rj.gov.br\/inicio\/wp-json\/wp\/v2\/pages\/13775","targetHints":{"allow":["GET"]}}],"collection":[{"href":"https:\/\/meriti.rj.gov.br\/inicio\/wp-json\/wp\/v2\/pages"}],"about":[{"href":"https:\/\/meriti.rj.gov.br\/inicio\/wp-json\/wp\/v2\/types\/page"}],"author":[{"embeddable":true,"href":"https:\/\/meriti.rj.gov.br\/inicio\/wp-json\/wp\/v2\/users\/3"}],"replies":[{"embeddable":true,"href":"https:\/\/meriti.rj.gov.br\/inicio\/wp-json\/wp\/v2\/comments?post=13775"}],"version-history":[{"count":20,"href":"https:\/\/meriti.rj.gov.br\/inicio\/wp-json\/wp\/v2\/pages\/13775\/revisions"}],"predecessor-version":[{"id":20678,"href":"https:\/\/meriti.rj.gov.br\/inicio\/wp-json\/wp\/v2\/pages\/13775\/revisions\/20678"}],"wp:attachment":[{"href":"https:\/\/meriti.rj.gov.br\/inicio\/wp-json\/wp\/v2\/media?parent=13775"}],"curies":[{"name":"wp","href":"https:\/\/api.w.org\/{rel}","templated":true}]}}