{"id":13771,"date":"2025-01-07T09:23:33","date_gmt":"2025-01-07T12:23:33","guid":{"rendered":"https:\/\/meriti.rj.gov.br\/inicio\/?page_id=13771"},"modified":"2026-01-13T10:08:13","modified_gmt":"2026-01-13T13:08:13","slug":"secretaria-municipal-de-cultura-e-turismo","status":"publish","type":"page","link":"https:\/\/meriti.rj.gov.br\/inicio\/secretaria-municipal-de-cultura-e-turismo\/","title":{"rendered":"Secretaria Municipal de Cultura e Turismo"},"content":{"rendered":"\t\t<div data-elementor-type=\"wp-page\" data-elementor-id=\"13771\" class=\"elementor elementor-13771\" data-elementor-post-type=\"page\">\n\t\t\t\t<div class=\"elementor-element elementor-element-191fcb4 e-flex e-con-boxed e-con e-parent\" data-id=\"191fcb4\" data-element_type=\"container\" data-e-type=\"container\">\n\t\t\t\t\t<div class=\"e-con-inner\">\n\t\t\t\t<div class=\"elementor-element elementor-element-f74822d elementor-widget elementor-widget-image\" data-id=\"f74822d\" data-element_type=\"widget\" data-e-type=\"widget\" data-widget_type=\"image.default\">\n\t\t\t\t<div class=\"elementor-widget-container\">\n\t\t\t\t\t\t\t\t\t\t\t\t\t\t\t<img fetchpriority=\"high\" decoding=\"async\" width=\"1536\" height=\"247\" src=\"https:\/\/meriti.rj.gov.br\/inicio\/wp-content\/uploads\/2025\/01\/Secretaria-Municipal-de-Cultura-e-Turismo-1.png\" class=\"attachment-full size-full wp-image-13494\" alt=\"\" srcset=\"https:\/\/meriti.rj.gov.br\/inicio\/wp-content\/uploads\/2025\/01\/Secretaria-Municipal-de-Cultura-e-Turismo-1.png 1536w, https:\/\/meriti.rj.gov.br\/inicio\/wp-content\/uploads\/2025\/01\/Secretaria-Municipal-de-Cultura-e-Turismo-1-300x48.png 300w, https:\/\/meriti.rj.gov.br\/inicio\/wp-content\/uploads\/2025\/01\/Secretaria-Municipal-de-Cultura-e-Turismo-1-1024x165.png 1024w, https:\/\/meriti.rj.gov.br\/inicio\/wp-content\/uploads\/2025\/01\/Secretaria-Municipal-de-Cultura-e-Turismo-1-768x124.png 768w\" sizes=\"(max-width: 1536px) 100vw, 1536px\" \/>\t\t\t\t\t\t\t\t\t\t\t\t\t\t\t<\/div>\n\t\t\t\t<\/div>\n\t\t\t\t\t<\/div>\n\t\t\t\t<\/div>\n\t\t<div class=\"elementor-element elementor-element-024e85a e-con-full e-flex e-con e-parent\" data-id=\"024e85a\" data-element_type=\"container\" data-e-type=\"container\">\n\t\t\t\t<div class=\"elementor-element elementor-element-78b58a2 elementor-widget-mobile__width-initial elementor-widget elementor-widget-html\" data-id=\"78b58a2\" data-element_type=\"widget\" data-e-type=\"widget\" data-widget_type=\"html.default\">\n\t\t\t\t<div class=\"elementor-widget-container\">\n\t\t\t\t\t<body> <!-- Inicio do corpo da p\u00e1gina -->\r\n\r\n   <!-- Conte\u00fado da p\u00e1gina -->\r\n\r\n  <div vw class=\"enabled\">\r\n    <div vw-access-button class=\"active\"><\/div>\r\n    <div vw-plugin-wrapper>\r\n      <div class=\"vw-plugin-top-wrapper\"><\/div>\r\n    <\/div>\r\n  <\/div>\r\n  <script src=\"https:\/\/vlibras.gov.br\/app\/vlibras-plugin.js\"><\/script>\r\n  <script>\r\n    new window.VLibras.Widget('https:\/\/vlibras.gov.br\/app');\r\n  <\/script>\r\n<\/body> <!-- Fim do corpo da p\u00e1gina -->\t\t\t\t<\/div>\n\t\t\t\t<\/div>\n\t\t\t\t<\/div>\n\t\t<div class=\"elementor-element elementor-element-c8bbe9c e-flex e-con-boxed e-con e-parent\" data-id=\"c8bbe9c\" data-element_type=\"container\" data-e-type=\"container\">\n\t\t\t\t\t<div class=\"e-con-inner\">\n\t\t<div class=\"elementor-element elementor-element-fab3398 e-con-full e-flex e-con e-child\" data-id=\"fab3398\" data-element_type=\"container\" data-e-type=\"container\">\n\t\t\t\t<div class=\"elementor-element elementor-element-7556308 elementor-widget elementor-widget-image\" data-id=\"7556308\" data-element_type=\"widget\" data-e-type=\"widget\" data-widget_type=\"image.default\">\n\t\t\t\t<div class=\"elementor-widget-container\">\n\t\t\t\t\t\t\t\t\t\t\t\t\t\t\t<img decoding=\"async\" width=\"300\" height=\"300\" src=\"https:\/\/meriti.rj.gov.br\/inicio\/wp-content\/uploads\/2025\/12\/MARCOS-MEDINA-CULTURA-300x300.png\" class=\"attachment-medium size-medium wp-image-20321\" alt=\"\" srcset=\"https:\/\/meriti.rj.gov.br\/inicio\/wp-content\/uploads\/2025\/12\/MARCOS-MEDINA-CULTURA-300x300.png 300w, https:\/\/meriti.rj.gov.br\/inicio\/wp-content\/uploads\/2025\/12\/MARCOS-MEDINA-CULTURA-150x150.png 150w, https:\/\/meriti.rj.gov.br\/inicio\/wp-content\/uploads\/2025\/12\/MARCOS-MEDINA-CULTURA.png 768w\" sizes=\"(max-width: 300px) 100vw, 300px\" \/>\t\t\t\t\t\t\t\t\t\t\t\t\t\t\t<\/div>\n\t\t\t\t<\/div>\n\t\t\t\t<\/div>\n\t\t<div class=\"elementor-element elementor-element-17132d3 e-con-full e-flex e-con e-child\" data-id=\"17132d3\" data-element_type=\"container\" data-e-type=\"container\">\n\t\t\t\t<div class=\"elementor-element elementor-element-eb85751 elementor-widget elementor-widget-text-editor\" data-id=\"eb85751\" data-element_type=\"widget\" data-e-type=\"widget\" data-widget_type=\"text-editor.default\">\n\t\t\t\t<div class=\"elementor-widget-container\">\n\t\t\t\t\t\t\t\t\t<h4 style=\"text-align: left;\"><strong><span style=\"color: #000080;\">Secret\u00e1rio<\/span><\/strong><\/h4>\n<h3>Marcus Vinicius Medina Costa<\/h3>\n<h4 style=\"text-align: left;\"><span style=\"color: #000080;\"><strong>Biografia<\/strong><\/span><\/h4>\n<p style=\"color: #333333;\"\"text-align: left;\">Graduado em Economia pela Universidade Est\u00e1cio de S\u00e1 e especializado em Gest\u00e3o P\u00fablica, possui mais de 20 anos de experi\u00eancia nos setores p\u00fablico e privado. Tem forma\u00e7\u00e3o complementar em Gest\u00e3o de Pessoas, Mercado de Capitais, An\u00e1lise de Riscos e Rela\u00e7\u00f5es Internacionais, com cursos realizados na Funda\u00e7\u00e3o Get\u00falio Vargas (FGV), Instituto Brasileiro de Mercado de Capitais (IBMEC) e Pontif\u00edcia Universidade Cat\u00f3lica do Rio de Janeiro (PUC-Rio).Construiu uma s\u00f3lida trajet\u00f3ria na Prefeitura do Rio de Janeiro e no Governo do Estado, onde atuou como secret\u00e1rio de Habita\u00e7\u00e3o, subsecret\u00e1rio de Gest\u00e3o na Secretaria de Educa\u00e7\u00e3o, subsecret\u00e1rio de Planejamento na Secretaria de Cultura e Economia Criativa e secret\u00e1rio de Trabalho e Emprego. Destacou-se pela atua\u00e7\u00e3o em planejamento, capta\u00e7\u00e3o de recursos, implementa\u00e7\u00e3o de projetos e reestrutura\u00e7\u00e3o de gest\u00e3o.<\/p>\n<p style=\"text-align: left;\"><\/p>\t\t\t\t\t\t\t\t<\/div>\n\t\t\t\t<\/div>\n\t\t\t\t<\/div>\n\t\t\t\t\t<\/div>\n\t\t\t\t<\/div>\n\t\t<div class=\"elementor-element elementor-element-3cdad12 e-flex e-con-boxed e-con e-parent\" data-id=\"3cdad12\" data-element_type=\"container\" data-e-type=\"container\">\n\t\t\t\t\t<div class=\"e-con-inner\">\n\t\t\t\t<div class=\"elementor-element elementor-element-33c50a0 elementor-widget elementor-widget-text-editor\" data-id=\"33c50a0\" data-element_type=\"widget\" data-e-type=\"widget\" data-widget_type=\"text-editor.default\">\n\t\t\t\t<div class=\"elementor-widget-container\">\n\t\t\t\t\t\t\t\t\t<h4><span style=\"color: #000080;\"><strong>Atribui\u00e7\u00f5es<\/strong><\/span><\/h4>\t\t\t\t\t\t\t\t<\/div>\n\t\t\t\t<\/div>\n\t\t\t\t\t<\/div>\n\t\t\t\t<\/div>\n\t\t<div class=\"elementor-element elementor-element-f865689 e-flex e-con-boxed e-con e-parent\" data-id=\"f865689\" data-element_type=\"container\" data-e-type=\"container\">\n\t\t\t\t\t<div class=\"e-con-inner\">\n\t\t\t\t<div class=\"elementor-element elementor-element-71f2b30 elementor-widget elementor-widget-text-editor\" data-id=\"71f2b30\" data-element_type=\"widget\" data-e-type=\"widget\" data-widget_type=\"text-editor.default\">\n\t\t\t\t<div class=\"elementor-widget-container\">\n\t\t\t\t\t\t\t\t\t<p style=\"text-align: left;\"><span style=\"color: #333333;\"><strong>A Secretaria Municipal de Cultura e Turismo<\/strong> \u00e9 respons\u00e1vel por formular e executar a pol\u00edtica para desenvolvimento da cultura, bem como zelar pela conserva\u00e7\u00e3o do patrim\u00f4nio hist\u00f3rico e art\u00edstico do munic\u00edpio, promover, incentivar e apoiar o turismo municipal atrav\u00e9s de eventos e pol\u00edticas p\u00fablicas voltadas a cultura, tendo ainda as seguintes atribui\u00e7\u00f5es:<\/span><\/p>\n\n<ul>\n \t<li style=\"text-align: left;\"><span style=\"color: #333333;\">planejamento, organiza\u00e7\u00e3o, promo\u00e7\u00e3o, produ\u00e7\u00e3o, articula\u00e7\u00e3o, coordena\u00e7\u00e3o, integra\u00e7\u00e3o, execu\u00e7\u00e3o e avalia\u00e7\u00e3o das pol\u00edticas municipais relativas \u00e0s \u00e1reas da cultura;<\/span><\/li>\n \t<li style=\"text-align: left;\"><span style=\"color: #333333;\">propiciar apoio \u00e0 implanta\u00e7\u00e3o de programas e projetos na \u00e1rea da cultura e turismo, bem como planejar, executar e fomentar as atividades tur\u00edsticas;<\/span><\/li>\n \t<li style=\"text-align: left;\"><span style=\"color: #333333;\">planejar, coordenar e supervisionar atividades e iniciativas que propiciem a oportunidade de acesso da popula\u00e7\u00e3o aos benef\u00edcios da educa\u00e7\u00e3o art\u00edstica e cultural;<\/span><\/li>\n \t<li style=\"text-align: left;\"><span style=\"color: #333333;\">manter e administrar teatros, museus e outras institui\u00e7\u00f5es culturais de propriedade do munic\u00edpio;<\/span><\/li>\n \t<li style=\"text-align: left;\"><span style=\"color: #333333;\">criar, organizar e manter rede de bibliotecas gerais e especializadas, zelando pela atualiza\u00e7\u00e3o e amplia\u00e7\u00e3o do acervo bibliogr\u00e1fico, de acordo com o desenvolvimento da ci\u00eancia, da t\u00e9cnica, da arte e da cultura em geral;<\/span><\/li>\n \t<li style=\"text-align: left;\"><span style=\"color: #333333;\">promover, organizar, patrocinar e executar programas visando \u00e0 difus\u00e3o e ao aperfei\u00e7oamento da arte em geral e, especialmente, da m\u00fasica, do canto, da dan\u00e7a e da arte dram\u00e1tica;<\/span><\/li>\n \t<li style=\"text-align: left;\"><span style=\"color: #333333;\">planejar e executar medidas necess\u00e1rias ao levantamento, ao tombamento e defesa do patrim\u00f4nio art\u00edstico, cultural do munic\u00edpio;<\/span><\/li>\n \t<li style=\"text-align: left;\"><span style=\"color: #333333;\">incentivar e prestar assist\u00eancia art\u00edstica, t\u00e9cnica e financeira a iniciativas particulares ou de car\u00e1ter comunit\u00e1rio, que possam contribuir para a eleva\u00e7\u00e3o do n\u00edvel educacional, art\u00edstico e cultural da popula\u00e7\u00e3o;<\/span><\/li>\n \t<li style=\"text-align: left;\"><span style=\"color: #333333;\">elaborar e propor a pol\u00edtica municipal de desenvolvimento do turismo e de promo\u00e7\u00e3o da cultura no munic\u00edpio, executar e coordenar as a\u00e7\u00f5es programadas;<\/span><\/li>\n \t<li style=\"text-align: left;\"><span style=\"color: #333333;\">firmar conv\u00eanios e parcerias p\u00fablicas e privadas para desenvolvimento do turismo no munic\u00edpio como estrat\u00e9gia propulsora de seu crescimento econ\u00f4mico e social;<\/span><\/li>\n \t<li style=\"text-align: left;\"><span style=\"color: #333333;\">promover eventos com vistas a promover fluxo tur\u00edstico e proporcionar oportunidade de gera\u00e7\u00e3o de renda para a popula\u00e7\u00e3o buscando o aprimoramento constante da qualidade da recep\u00e7\u00e3o ao turista, do atendimento adequado e qualidade dos servi\u00e7os colocados a sua disposi\u00e7\u00e3o;<\/span><\/li>\n \t<li style=\"text-align: left;\"><span style=\"color: #333333;\">representar e divulgar o Munic\u00edpio em eventos de natureza diversa no \u00e2mbito da administra\u00e7\u00e3o municipal e nas rela\u00e7\u00f5es regionais com outros munic\u00edpios, com \u00f3rg\u00e3os estaduais e federais;<\/span><\/li>\n \t<li style=\"text-align: left;\"><span style=\"color: #333333;\">implantar e gerenciar, se necess\u00e1rio, os fundos municipais pertinentes \u00e0 sua pasta;<\/span><\/li>\n \t<li style=\"text-align: left;\"><span style=\"color: #333333;\">executar, promover e fiscalizar a preserva\u00e7\u00e3o do patrim\u00f4nio cultural do Munic\u00edpio;<\/span><\/li>\n \t<li style=\"text-align: left;\"><span style=\"color: #333333;\">oferecer suporte e acompanhar os Conselhos Municipais pertinentes \u00e0 sua pasta;<\/span><\/li>\n \t<li style=\"text-align: left;\"><span style=\"color: #333333;\">e outras atribui\u00e7\u00f5es correlatas.<\/span><\/li>\n<\/ul>\t\t\t\t\t\t\t\t<\/div>\n\t\t\t\t<\/div>\n\t\t\t\t\t<\/div>\n\t\t\t\t<\/div>\n\t\t<div class=\"elementor-element elementor-element-3abe701 e-flex e-con-boxed e-con e-parent\" data-id=\"3abe701\" data-element_type=\"container\" data-e-type=\"container\">\n\t\t\t\t\t<div class=\"e-con-inner\">\n\t\t\t\t<div class=\"elementor-element elementor-element-74ac2db elementor-widget elementor-widget-text-editor\" data-id=\"74ac2db\" data-element_type=\"widget\" data-e-type=\"widget\" data-widget_type=\"text-editor.default\">\n\t\t\t\t<div class=\"elementor-widget-container\">\n\t\t\t\t\t\t\t\t\t<h4><span style=\"color: #000080;\"><strong>Contato<\/strong><\/span><\/h4>\t\t\t\t\t\t\t\t<\/div>\n\t\t\t\t<\/div>\n\t\t\t\t\t<\/div>\n\t\t\t\t<\/div>\n\t\t<div class=\"elementor-element elementor-element-54aa6d0 e-flex e-con-boxed e-con e-parent\" data-id=\"54aa6d0\" data-element_type=\"container\" data-e-type=\"container\">\n\t\t\t\t\t<div class=\"e-con-inner\">\n\t\t\t\t<div class=\"elementor-element elementor-element-3af7586 elementor-widget elementor-widget-text-editor\" data-id=\"3af7586\" data-element_type=\"widget\" data-e-type=\"widget\" data-widget_type=\"text-editor.default\">\n\t\t\t\t<div class=\"elementor-widget-container\">\n\t\t\t\t\t\t\t\t\t<p><span style=\"color: #2e2d2d;\"><strong>Endere\u00e7o:<\/strong> Rua Panamense, s\/n &#8211; CENTRO CULTURAL MERITIENSE \u2013 Jardim Meriti &#8211; S\u00e3o Jo\u00e3o de Meriti \u2013 RJ \u2013 CEP 25555-201<\/span><\/p><p><span style=\"color: #000000;\"><a href=\"https:\/\/maps.app.goo.gl\/Xy7e9nLPTr9LmV4D7\"><strong>\u27a1\ufe0fCOMO CHEGAR<\/strong><\/a><\/span><\/p><p><span style=\"color: #2e2d2d;\"><strong>Telefone:<\/strong><\/span><\/p><p><span style=\"color: #000000;\"><strong>E-mail<\/strong>: <a href=\"mailto:semad@meriti.rj.gov.br\">smct@meriti.rj.gov.br<\/a><\/span><\/p><p><strong>Hor\u00e1rio de Funcionamento<\/strong>: de segunda a sexta-feira das 8:30h \u00e0s 17:30h<\/p>\t\t\t\t\t\t\t\t<\/div>\n\t\t\t\t<\/div>\n\t\t\t\t\t<\/div>\n\t\t\t\t<\/div>\n\t\t<div class=\"elementor-element elementor-element-83493ee e-flex e-con-boxed e-con e-parent\" data-id=\"83493ee\" data-element_type=\"container\" data-e-type=\"container\">\n\t\t\t\t\t<div class=\"e-con-inner\">\n\t\t\t\t<div class=\"elementor-element elementor-element-b6f705d elementor-widget elementor-widget-text-editor\" data-id=\"b6f705d\" data-element_type=\"widget\" data-e-type=\"widget\" data-widget_type=\"text-editor.default\">\n\t\t\t\t<div class=\"elementor-widget-container\">\n\t\t\t\t\t\t\t\t\t<h4><strong><span style=\"color: #000080;\">Links \u00dateis<\/span><\/strong><\/h4>\t\t\t\t\t\t\t\t<\/div>\n\t\t\t\t<\/div>\n\t\t\t\t\t<\/div>\n\t\t\t\t<\/div>\n\t\t<div class=\"elementor-element elementor-element-b251a25 e-flex e-con-boxed e-con e-parent\" data-id=\"b251a25\" data-element_type=\"container\" data-e-type=\"container\">\n\t\t\t\t\t<div class=\"e-con-inner\">\n\t\t\t\t<div class=\"elementor-element elementor-element-a097187 elementor-widget elementor-widget-text-editor\" data-id=\"a097187\" data-element_type=\"widget\" data-e-type=\"widget\" data-widget_type=\"text-editor.default\">\n\t\t\t\t<div class=\"elementor-widget-container\">\n\t\t\t\t\t\t\t\t\t<ul>\n \t<li><strong><a href=\"https:\/\/meriti.rj.gov.br\/inicio\/?page_id=10318\">Cultura<\/a><\/strong><\/li>\n<\/ul>\t\t\t\t\t\t\t\t<\/div>\n\t\t\t\t<\/div>\n\t\t\t\t\t<\/div>\n\t\t\t\t<\/div>\n\t\t\t\t<\/div>\n\t\t","protected":false},"excerpt":{"rendered":"<p>Secret\u00e1rio Marcus Vinicius Medina Costa Biografia Graduado em Economia pela Universidade Est\u00e1cio de S\u00e1 e especializado em Gest\u00e3o P\u00fablica, possui mais de 20 anos de&hellip;<\/p>\n","protected":false},"author":3,"featured_media":0,"parent":0,"menu_order":0,"comment_status":"closed","ping_status":"closed","template":"","meta":{"footnotes":""},"class_list":["post-13771","page","type-page","status-publish","hentry"],"yoast_head":"<!-- This site is optimized with the Yoast SEO plugin v27.3 - https:\/\/yoast.com\/product\/yoast-seo-wordpress\/ -->\n<title>Secretaria Municipal de Cultura e Turismo - Prefeitura Municipal de S\u00e3o Jo\u00e3o de Meriti<\/title>\n<meta name=\"robots\" content=\"index, follow, max-snippet:-1, max-image-preview:large, max-video-preview:-1\" \/>\n<link rel=\"canonical\" href=\"https:\/\/meriti.rj.gov.br\/inicio\/secretaria-municipal-de-cultura-e-turismo\/\" \/>\n<meta property=\"og:locale\" content=\"pt_BR\" \/>\n<meta property=\"og:type\" content=\"article\" \/>\n<meta property=\"og:title\" content=\"Secretaria Municipal de Cultura e Turismo - Prefeitura Municipal de S\u00e3o Jo\u00e3o de Meriti\" \/>\n<meta property=\"og:description\" content=\"Secret\u00e1rio Marcus Vinicius Medina Costa Biografia Graduado em Economia pela Universidade Est\u00e1cio de S\u00e1 e especializado em Gest\u00e3o P\u00fablica, possui mais de 20 anos de&hellip;\" \/>\n<meta property=\"og:url\" content=\"https:\/\/meriti.rj.gov.br\/inicio\/secretaria-municipal-de-cultura-e-turismo\/\" \/>\n<meta property=\"og:site_name\" content=\"Prefeitura Municipal de S\u00e3o Jo\u00e3o de Meriti\" \/>\n<meta property=\"article:modified_time\" content=\"2026-01-13T13:08:13+00:00\" \/>\n<meta property=\"og:image\" content=\"https:\/\/meriti.rj.gov.br\/inicio\/wp-content\/uploads\/2025\/01\/Secretaria-Municipal-de-Cultura-e-Turismo-1.png\" \/>\n\t<meta property=\"og:image:width\" content=\"1536\" \/>\n\t<meta property=\"og:image:height\" content=\"247\" \/>\n\t<meta property=\"og:image:type\" content=\"image\/png\" \/>\n<meta name=\"twitter:card\" content=\"summary_large_image\" \/>\n<meta name=\"twitter:label1\" content=\"Est. tempo de leitura\" \/>\n\t<meta name=\"twitter:data1\" content=\"4 minutos\" \/>\n<script type=\"application\/ld+json\" class=\"yoast-schema-graph\">{\"@context\":\"https:\\\/\\\/schema.org\",\"@graph\":[{\"@type\":\"WebPage\",\"@id\":\"https:\\\/\\\/meriti.rj.gov.br\\\/inicio\\\/secretaria-municipal-de-cultura-e-turismo\\\/\",\"url\":\"https:\\\/\\\/meriti.rj.gov.br\\\/inicio\\\/secretaria-municipal-de-cultura-e-turismo\\\/\",\"name\":\"Secretaria Municipal de Cultura e Turismo - Prefeitura Municipal de S\u00e3o Jo\u00e3o de Meriti\",\"isPartOf\":{\"@id\":\"https:\\\/\\\/meriti.rj.gov.br\\\/inicio\\\/#website\"},\"primaryImageOfPage\":{\"@id\":\"https:\\\/\\\/meriti.rj.gov.br\\\/inicio\\\/secretaria-municipal-de-cultura-e-turismo\\\/#primaryimage\"},\"image\":{\"@id\":\"https:\\\/\\\/meriti.rj.gov.br\\\/inicio\\\/secretaria-municipal-de-cultura-e-turismo\\\/#primaryimage\"},\"thumbnailUrl\":\"https:\\\/\\\/meriti.rj.gov.br\\\/inicio\\\/wp-content\\\/uploads\\\/2025\\\/01\\\/Secretaria-Municipal-de-Cultura-e-Turismo-1.png\",\"datePublished\":\"2025-01-07T12:23:33+00:00\",\"dateModified\":\"2026-01-13T13:08:13+00:00\",\"breadcrumb\":{\"@id\":\"https:\\\/\\\/meriti.rj.gov.br\\\/inicio\\\/secretaria-municipal-de-cultura-e-turismo\\\/#breadcrumb\"},\"inLanguage\":\"pt-BR\",\"potentialAction\":[{\"@type\":\"ReadAction\",\"target\":[\"https:\\\/\\\/meriti.rj.gov.br\\\/inicio\\\/secretaria-municipal-de-cultura-e-turismo\\\/\"]}]},{\"@type\":\"ImageObject\",\"inLanguage\":\"pt-BR\",\"@id\":\"https:\\\/\\\/meriti.rj.gov.br\\\/inicio\\\/secretaria-municipal-de-cultura-e-turismo\\\/#primaryimage\",\"url\":\"https:\\\/\\\/meriti.rj.gov.br\\\/inicio\\\/wp-content\\\/uploads\\\/2025\\\/01\\\/Secretaria-Municipal-de-Cultura-e-Turismo-1.png\",\"contentUrl\":\"https:\\\/\\\/meriti.rj.gov.br\\\/inicio\\\/wp-content\\\/uploads\\\/2025\\\/01\\\/Secretaria-Municipal-de-Cultura-e-Turismo-1.png\",\"width\":1536,\"height\":247},{\"@type\":\"BreadcrumbList\",\"@id\":\"https:\\\/\\\/meriti.rj.gov.br\\\/inicio\\\/secretaria-municipal-de-cultura-e-turismo\\\/#breadcrumb\",\"itemListElement\":[{\"@type\":\"ListItem\",\"position\":1,\"name\":\"In\u00edcio\",\"item\":\"https:\\\/\\\/meriti.rj.gov.br\\\/inicio\\\/\"},{\"@type\":\"ListItem\",\"position\":2,\"name\":\"Secretaria Municipal de Cultura e Turismo\"}]},{\"@type\":\"WebSite\",\"@id\":\"https:\\\/\\\/meriti.rj.gov.br\\\/inicio\\\/#website\",\"url\":\"https:\\\/\\\/meriti.rj.gov.br\\\/inicio\\\/\",\"name\":\"portal.meriti\",\"description\":\"Prefeitura Municipal de S\u00e3o Jo\u00e3o de Meriti\",\"publisher\":{\"@id\":\"https:\\\/\\\/meriti.rj.gov.br\\\/inicio\\\/#organization\"},\"potentialAction\":[{\"@type\":\"SearchAction\",\"target\":{\"@type\":\"EntryPoint\",\"urlTemplate\":\"https:\\\/\\\/meriti.rj.gov.br\\\/inicio\\\/?s={search_term_string}\"},\"query-input\":{\"@type\":\"PropertyValueSpecification\",\"valueRequired\":true,\"valueName\":\"search_term_string\"}}],\"inLanguage\":\"pt-BR\"},{\"@type\":\"Organization\",\"@id\":\"https:\\\/\\\/meriti.rj.gov.br\\\/inicio\\\/#organization\",\"name\":\"Prefeitura Municipal de S\u00e3o Jo\u00e3o de Meriti\",\"url\":\"https:\\\/\\\/meriti.rj.gov.br\\\/inicio\\\/\",\"logo\":{\"@type\":\"ImageObject\",\"inLanguage\":\"pt-BR\",\"@id\":\"https:\\\/\\\/meriti.rj.gov.br\\\/inicio\\\/#\\\/schema\\\/logo\\\/image\\\/\",\"url\":\"https:\\\/\\\/meriti.rj.gov.br\\\/inicio\\\/wp-content\\\/uploads\\\/2023\\\/04\\\/cropped-logo.png\",\"contentUrl\":\"https:\\\/\\\/meriti.rj.gov.br\\\/inicio\\\/wp-content\\\/uploads\\\/2023\\\/04\\\/cropped-logo.png\",\"width\":512,\"height\":512,\"caption\":\"Prefeitura Municipal de S\u00e3o Jo\u00e3o de Meriti\"},\"image\":{\"@id\":\"https:\\\/\\\/meriti.rj.gov.br\\\/inicio\\\/#\\\/schema\\\/logo\\\/image\\\/\"}}]}<\/script>\n<!-- \/ Yoast SEO plugin. -->","yoast_head_json":{"title":"Secretaria Municipal de Cultura e Turismo - Prefeitura Municipal de S\u00e3o Jo\u00e3o de Meriti","robots":{"index":"index","follow":"follow","max-snippet":"max-snippet:-1","max-image-preview":"max-image-preview:large","max-video-preview":"max-video-preview:-1"},"canonical":"https:\/\/meriti.rj.gov.br\/inicio\/secretaria-municipal-de-cultura-e-turismo\/","og_locale":"pt_BR","og_type":"article","og_title":"Secretaria Municipal de Cultura e Turismo - Prefeitura Municipal de S\u00e3o Jo\u00e3o de Meriti","og_description":"Secret\u00e1rio Marcus Vinicius Medina Costa Biografia Graduado em Economia pela Universidade Est\u00e1cio de S\u00e1 e especializado em Gest\u00e3o P\u00fablica, possui mais de 20 anos de&hellip;","og_url":"https:\/\/meriti.rj.gov.br\/inicio\/secretaria-municipal-de-cultura-e-turismo\/","og_site_name":"Prefeitura Municipal de S\u00e3o Jo\u00e3o de Meriti","article_modified_time":"2026-01-13T13:08:13+00:00","og_image":[{"width":1536,"height":247,"url":"https:\/\/meriti.rj.gov.br\/inicio\/wp-content\/uploads\/2025\/01\/Secretaria-Municipal-de-Cultura-e-Turismo-1.png","type":"image\/png"}],"twitter_card":"summary_large_image","twitter_misc":{"Est. tempo de leitura":"4 minutos"},"schema":{"@context":"https:\/\/schema.org","@graph":[{"@type":"WebPage","@id":"https:\/\/meriti.rj.gov.br\/inicio\/secretaria-municipal-de-cultura-e-turismo\/","url":"https:\/\/meriti.rj.gov.br\/inicio\/secretaria-municipal-de-cultura-e-turismo\/","name":"Secretaria Municipal de Cultura e Turismo - Prefeitura Municipal de S\u00e3o Jo\u00e3o de Meriti","isPartOf":{"@id":"https:\/\/meriti.rj.gov.br\/inicio\/#website"},"primaryImageOfPage":{"@id":"https:\/\/meriti.rj.gov.br\/inicio\/secretaria-municipal-de-cultura-e-turismo\/#primaryimage"},"image":{"@id":"https:\/\/meriti.rj.gov.br\/inicio\/secretaria-municipal-de-cultura-e-turismo\/#primaryimage"},"thumbnailUrl":"https:\/\/meriti.rj.gov.br\/inicio\/wp-content\/uploads\/2025\/01\/Secretaria-Municipal-de-Cultura-e-Turismo-1.png","datePublished":"2025-01-07T12:23:33+00:00","dateModified":"2026-01-13T13:08:13+00:00","breadcrumb":{"@id":"https:\/\/meriti.rj.gov.br\/inicio\/secretaria-municipal-de-cultura-e-turismo\/#breadcrumb"},"inLanguage":"pt-BR","potentialAction":[{"@type":"ReadAction","target":["https:\/\/meriti.rj.gov.br\/inicio\/secretaria-municipal-de-cultura-e-turismo\/"]}]},{"@type":"ImageObject","inLanguage":"pt-BR","@id":"https:\/\/meriti.rj.gov.br\/inicio\/secretaria-municipal-de-cultura-e-turismo\/#primaryimage","url":"https:\/\/meriti.rj.gov.br\/inicio\/wp-content\/uploads\/2025\/01\/Secretaria-Municipal-de-Cultura-e-Turismo-1.png","contentUrl":"https:\/\/meriti.rj.gov.br\/inicio\/wp-content\/uploads\/2025\/01\/Secretaria-Municipal-de-Cultura-e-Turismo-1.png","width":1536,"height":247},{"@type":"BreadcrumbList","@id":"https:\/\/meriti.rj.gov.br\/inicio\/secretaria-municipal-de-cultura-e-turismo\/#breadcrumb","itemListElement":[{"@type":"ListItem","position":1,"name":"In\u00edcio","item":"https:\/\/meriti.rj.gov.br\/inicio\/"},{"@type":"ListItem","position":2,"name":"Secretaria Municipal de Cultura e Turismo"}]},{"@type":"WebSite","@id":"https:\/\/meriti.rj.gov.br\/inicio\/#website","url":"https:\/\/meriti.rj.gov.br\/inicio\/","name":"portal.meriti","description":"Prefeitura Municipal de S\u00e3o Jo\u00e3o de Meriti","publisher":{"@id":"https:\/\/meriti.rj.gov.br\/inicio\/#organization"},"potentialAction":[{"@type":"SearchAction","target":{"@type":"EntryPoint","urlTemplate":"https:\/\/meriti.rj.gov.br\/inicio\/?s={search_term_string}"},"query-input":{"@type":"PropertyValueSpecification","valueRequired":true,"valueName":"search_term_string"}}],"inLanguage":"pt-BR"},{"@type":"Organization","@id":"https:\/\/meriti.rj.gov.br\/inicio\/#organization","name":"Prefeitura Municipal de S\u00e3o Jo\u00e3o de Meriti","url":"https:\/\/meriti.rj.gov.br\/inicio\/","logo":{"@type":"ImageObject","inLanguage":"pt-BR","@id":"https:\/\/meriti.rj.gov.br\/inicio\/#\/schema\/logo\/image\/","url":"https:\/\/meriti.rj.gov.br\/inicio\/wp-content\/uploads\/2023\/04\/cropped-logo.png","contentUrl":"https:\/\/meriti.rj.gov.br\/inicio\/wp-content\/uploads\/2023\/04\/cropped-logo.png","width":512,"height":512,"caption":"Prefeitura Municipal de S\u00e3o Jo\u00e3o de Meriti"},"image":{"@id":"https:\/\/meriti.rj.gov.br\/inicio\/#\/schema\/logo\/image\/"}}]}},"_links":{"self":[{"href":"https:\/\/meriti.rj.gov.br\/inicio\/wp-json\/wp\/v2\/pages\/13771","targetHints":{"allow":["GET"]}}],"collection":[{"href":"https:\/\/meriti.rj.gov.br\/inicio\/wp-json\/wp\/v2\/pages"}],"about":[{"href":"https:\/\/meriti.rj.gov.br\/inicio\/wp-json\/wp\/v2\/types\/page"}],"author":[{"embeddable":true,"href":"https:\/\/meriti.rj.gov.br\/inicio\/wp-json\/wp\/v2\/users\/3"}],"replies":[{"embeddable":true,"href":"https:\/\/meriti.rj.gov.br\/inicio\/wp-json\/wp\/v2\/comments?post=13771"}],"version-history":[{"count":50,"href":"https:\/\/meriti.rj.gov.br\/inicio\/wp-json\/wp\/v2\/pages\/13771\/revisions"}],"predecessor-version":[{"id":21056,"href":"https:\/\/meriti.rj.gov.br\/inicio\/wp-json\/wp\/v2\/pages\/13771\/revisions\/21056"}],"wp:attachment":[{"href":"https:\/\/meriti.rj.gov.br\/inicio\/wp-json\/wp\/v2\/media?parent=13771"}],"curies":[{"name":"wp","href":"https:\/\/api.w.org\/{rel}","templated":true}]}}