{"id":13766,"date":"2025-01-07T09:21:23","date_gmt":"2025-01-07T12:21:23","guid":{"rendered":"https:\/\/meriti.rj.gov.br\/inicio\/?page_id=13766"},"modified":"2025-12-18T12:05:31","modified_gmt":"2025-12-18T15:05:31","slug":"secretaria-municipal-de-compras-e-contratacoes-publicas","status":"publish","type":"page","link":"https:\/\/meriti.rj.gov.br\/inicio\/secretaria-municipal-de-compras-e-contratacoes-publicas\/","title":{"rendered":"Secretaria Municipal de Compras e Contrata\u00e7\u00f5es P\u00fablicas"},"content":{"rendered":"\t\t<div data-elementor-type=\"wp-page\" data-elementor-id=\"13766\" class=\"elementor elementor-13766\" data-elementor-post-type=\"page\">\n\t\t\t\t<div class=\"elementor-element elementor-element-191fcb4 e-flex e-con-boxed e-con e-parent\" data-id=\"191fcb4\" data-element_type=\"container\" data-e-type=\"container\">\n\t\t\t\t\t<div class=\"e-con-inner\">\n\t\t\t\t<div class=\"elementor-element elementor-element-f74822d elementor-widget elementor-widget-image\" data-id=\"f74822d\" data-element_type=\"widget\" data-e-type=\"widget\" data-widget_type=\"image.default\">\n\t\t\t\t<div class=\"elementor-widget-container\">\n\t\t\t\t\t\t\t\t\t\t\t\t\t\t\t<img fetchpriority=\"high\" decoding=\"async\" width=\"1536\" height=\"247\" src=\"https:\/\/meriti.rj.gov.br\/inicio\/wp-content\/uploads\/2025\/01\/Secretaria-Municipal-de-Compras-e-Contratacoes-Publicas-1.png\" class=\"attachment-full size-full wp-image-13491\" alt=\"\" srcset=\"https:\/\/meriti.rj.gov.br\/inicio\/wp-content\/uploads\/2025\/01\/Secretaria-Municipal-de-Compras-e-Contratacoes-Publicas-1.png 1536w, https:\/\/meriti.rj.gov.br\/inicio\/wp-content\/uploads\/2025\/01\/Secretaria-Municipal-de-Compras-e-Contratacoes-Publicas-1-300x48.png 300w, https:\/\/meriti.rj.gov.br\/inicio\/wp-content\/uploads\/2025\/01\/Secretaria-Municipal-de-Compras-e-Contratacoes-Publicas-1-1024x165.png 1024w, https:\/\/meriti.rj.gov.br\/inicio\/wp-content\/uploads\/2025\/01\/Secretaria-Municipal-de-Compras-e-Contratacoes-Publicas-1-768x124.png 768w\" sizes=\"(max-width: 1536px) 100vw, 1536px\" \/>\t\t\t\t\t\t\t\t\t\t\t\t\t\t\t<\/div>\n\t\t\t\t<\/div>\n\t\t\t\t\t<\/div>\n\t\t\t\t<\/div>\n\t\t<div class=\"elementor-element elementor-element-024e85a e-con-full e-flex e-con e-parent\" data-id=\"024e85a\" data-element_type=\"container\" data-e-type=\"container\">\n\t\t\t\t<div class=\"elementor-element elementor-element-78b58a2 elementor-widget-mobile__width-initial elementor-widget elementor-widget-html\" data-id=\"78b58a2\" data-element_type=\"widget\" data-e-type=\"widget\" data-widget_type=\"html.default\">\n\t\t\t\t<div class=\"elementor-widget-container\">\n\t\t\t\t\t<body> <!-- Inicio do corpo da p\u00e1gina -->\r\n\r\n   <!-- Conte\u00fado da p\u00e1gina -->\r\n\r\n  <div vw class=\"enabled\">\r\n    <div vw-access-button class=\"active\"><\/div>\r\n    <div vw-plugin-wrapper>\r\n      <div class=\"vw-plugin-top-wrapper\"><\/div>\r\n    <\/div>\r\n  <\/div>\r\n  <script src=\"https:\/\/vlibras.gov.br\/app\/vlibras-plugin.js\"><\/script>\r\n  <script>\r\n    new window.VLibras.Widget('https:\/\/vlibras.gov.br\/app');\r\n  <\/script>\r\n<\/body> <!-- Fim do corpo da p\u00e1gina -->\t\t\t\t<\/div>\n\t\t\t\t<\/div>\n\t\t\t\t<\/div>\n\t\t<div class=\"elementor-element elementor-element-c8bbe9c e-flex e-con-boxed e-con e-parent\" data-id=\"c8bbe9c\" data-element_type=\"container\" data-e-type=\"container\">\n\t\t\t\t\t<div class=\"e-con-inner\">\n\t\t<div class=\"elementor-element elementor-element-fab3398 e-con-full e-flex e-con e-child\" data-id=\"fab3398\" data-element_type=\"container\" data-e-type=\"container\">\n\t\t\t\t<div class=\"elementor-element elementor-element-7556308 elementor-widget elementor-widget-image\" data-id=\"7556308\" data-element_type=\"widget\" data-e-type=\"widget\" data-widget_type=\"image.default\">\n\t\t\t\t<div class=\"elementor-widget-container\">\n\t\t\t\t\t\t\t\t\t\t\t\t\t\t\t<img decoding=\"async\" width=\"300\" height=\"300\" src=\"https:\/\/meriti.rj.gov.br\/inicio\/wp-content\/uploads\/2025\/08\/SIMONE-300x300.png\" class=\"attachment-medium size-medium wp-image-18555\" alt=\"\" srcset=\"https:\/\/meriti.rj.gov.br\/inicio\/wp-content\/uploads\/2025\/08\/SIMONE-300x300.png 300w, https:\/\/meriti.rj.gov.br\/inicio\/wp-content\/uploads\/2025\/08\/SIMONE-150x150.png 150w, https:\/\/meriti.rj.gov.br\/inicio\/wp-content\/uploads\/2025\/08\/SIMONE.png 768w\" sizes=\"(max-width: 300px) 100vw, 300px\" \/>\t\t\t\t\t\t\t\t\t\t\t\t\t\t\t<\/div>\n\t\t\t\t<\/div>\n\t\t\t\t<\/div>\n\t\t<div class=\"elementor-element elementor-element-17132d3 e-con-full e-flex e-con e-child\" data-id=\"17132d3\" data-element_type=\"container\" data-e-type=\"container\">\n\t\t\t\t<div class=\"elementor-element elementor-element-eb85751 elementor-widget elementor-widget-text-editor\" data-id=\"eb85751\" data-element_type=\"widget\" data-e-type=\"widget\" data-widget_type=\"text-editor.default\">\n\t\t\t\t<div class=\"elementor-widget-container\">\n\t\t\t\t\t\t\t\t\t<h4 style=\"text-align: left;\"><strong><span style=\"color: #000080;\">Secret\u00e1ria<\/span><\/strong><\/h4><h3>Simone Cruz da Silva<\/h3><h4 style=\"text-align: left;\"><span style=\"color: #000080;\"><strong>Biografia<\/strong><\/span><\/h4><p data-start=\"93\" data-end=\"210\"><span style=\"color: #000000;\">P\u00f3s-graduada em Direito P\u00fablico e graduada em Direito, concluiu mais de 30 cursos na \u00e1rea da Administra\u00e7\u00e3o P\u00fablica.<\/span><\/p><p data-start=\"218\" data-end=\"454\"><span style=\"color: #000000;\">J\u00e1 exerceu os cargos de Chefe de Gabinete e Coordenadora de Licita\u00e7\u00f5es, al\u00e9m de ter atuado como Subsecret\u00e1ria Municipal de Controle Interno. Tamb\u00e9m foi Secret\u00e1ria Municipal de Governo e Secret\u00e1ria Municipal de Compras em Belford Roxo.<\/span><\/p>\t\t\t\t\t\t\t\t<\/div>\n\t\t\t\t<\/div>\n\t\t\t\t<\/div>\n\t\t\t\t\t<\/div>\n\t\t\t\t<\/div>\n\t\t<div class=\"elementor-element elementor-element-3cdad12 e-flex e-con-boxed e-con e-parent\" data-id=\"3cdad12\" data-element_type=\"container\" data-e-type=\"container\">\n\t\t\t\t\t<div class=\"e-con-inner\">\n\t\t\t\t<div class=\"elementor-element elementor-element-33c50a0 elementor-widget elementor-widget-text-editor\" data-id=\"33c50a0\" data-element_type=\"widget\" data-e-type=\"widget\" data-widget_type=\"text-editor.default\">\n\t\t\t\t<div class=\"elementor-widget-container\">\n\t\t\t\t\t\t\t\t\t<h4><span style=\"color: #000080;\"><strong>Atribui\u00e7\u00f5es<\/strong><\/span><\/h4>\t\t\t\t\t\t\t\t<\/div>\n\t\t\t\t<\/div>\n\t\t\t\t\t<\/div>\n\t\t\t\t<\/div>\n\t\t<div class=\"elementor-element elementor-element-f865689 e-flex e-con-boxed e-con e-parent\" data-id=\"f865689\" data-element_type=\"container\" data-e-type=\"container\">\n\t\t\t\t\t<div class=\"e-con-inner\">\n\t\t\t\t<div class=\"elementor-element elementor-element-71f2b30 elementor-widget elementor-widget-text-editor\" data-id=\"71f2b30\" data-element_type=\"widget\" data-e-type=\"widget\" data-widget_type=\"text-editor.default\">\n\t\t\t\t<div class=\"elementor-widget-container\">\n\t\t\t\t\t\t\t\t\t<p style=\"text-align: left;\"><strong>A Secretaria Municipal de Compras e Contrata\u00e7\u00f5es P\u00fablicas<\/strong> \u00e9\u00a0\u00f3rg\u00e3o respons\u00e1vel por exercer, com qualidade e efici\u00eancia, a administra\u00e7\u00e3o centralizada de licita\u00e7\u00f5es, contratos e compras governamentais, para aquisi\u00e7\u00e3o de materiais e servi\u00e7os, mediante a condu\u00e7\u00e3o, a realiza\u00e7\u00e3o e o acompanhamento dos procedimentos licitat\u00f3rios, tendo ainda as seguintes atribui\u00e7\u00f5es:<\/p><ul><li>atribui\u00e7\u00f5es gerenciar a realiza\u00e7\u00e3o dos procedimentos licitat\u00f3rios visando \u00e0 contrata\u00e7\u00e3o de obras, servi\u00e7os e \u00e0 aquisi\u00e7\u00e3o de bens de consumo e permanente para o munic\u00edpio;<\/li><li>organizar e manter atualizado o cadastro de fornecedores;<\/li><li>gerenciar os servi\u00e7os pertinentes \u00e0 elabora\u00e7\u00e3o de editais de licita\u00e7\u00f5es, analisando seus enquadramentos legais e respeitando as inova\u00e7\u00f5es da legisla\u00e7\u00e3o, definindo a modalidade licitat\u00f3ria mais adequada para cada processo;<\/li><li>realizar processos de compra com dispensa de licita\u00e7\u00e3o, conforme dispositivos em Lei;<\/li><li>elaborar pesquisas de pre\u00e7os para a instaura\u00e7\u00e3o de processos de licita\u00e7\u00e3o;<\/li><li>elaborar processos de dispensa e inexigibilidade de licita\u00e7\u00e3o;<\/li><li>publicar extratos de contratos, conv\u00eanios, resultados de licita\u00e7\u00e3o, dispensa e inexigibilidades;<\/li><li>prestar assist\u00eancia e assessoramento direto e imediato ao Chefe do Poder Executivo Municipal na revis\u00e3o e implanta\u00e7\u00e3o de normas e procedimentos relativos \u00e0s atividades de compras e aquisi\u00e7\u00f5es da Administra\u00e7\u00e3o Municipal;<\/li><li>programar, executar, supervisionar, controlar e coordenar os procedimentos de compras da Administra\u00e7\u00e3o, de acordo com as normas e diretrizes superiores do Governo Municipal, pertinentes \u00e0 Diretoria de Compras e Licita\u00e7\u00f5es;<\/li><li>prestar suporte administrativo necess\u00e1rio para o funcionamento eficaz da Comiss\u00e3o de Licita\u00e7\u00e3o;<\/li><li>e outras atribui\u00e7\u00f5es correlatas.<\/li><\/ul>\t\t\t\t\t\t\t\t<\/div>\n\t\t\t\t<\/div>\n\t\t\t\t\t<\/div>\n\t\t\t\t<\/div>\n\t\t<div class=\"elementor-element elementor-element-3abe701 e-flex e-con-boxed e-con e-parent\" data-id=\"3abe701\" data-element_type=\"container\" data-e-type=\"container\">\n\t\t\t\t\t<div class=\"e-con-inner\">\n\t\t\t\t<div class=\"elementor-element elementor-element-74ac2db elementor-widget elementor-widget-text-editor\" data-id=\"74ac2db\" data-element_type=\"widget\" data-e-type=\"widget\" data-widget_type=\"text-editor.default\">\n\t\t\t\t<div class=\"elementor-widget-container\">\n\t\t\t\t\t\t\t\t\t<h4><span style=\"color: #000080;\"><strong>Contato<\/strong><\/span><\/h4>\t\t\t\t\t\t\t\t<\/div>\n\t\t\t\t<\/div>\n\t\t\t\t\t<\/div>\n\t\t\t\t<\/div>\n\t\t<div class=\"elementor-element elementor-element-54aa6d0 e-flex e-con-boxed e-con e-parent\" data-id=\"54aa6d0\" data-element_type=\"container\" data-e-type=\"container\">\n\t\t\t\t\t<div class=\"e-con-inner\">\n\t\t\t\t<div class=\"elementor-element elementor-element-3af7586 elementor-widget elementor-widget-text-editor\" data-id=\"3af7586\" data-element_type=\"widget\" data-e-type=\"widget\" data-widget_type=\"text-editor.default\">\n\t\t\t\t<div class=\"elementor-widget-container\">\n\t\t\t\t\t\t\t\t\t<p><span style=\"color: #2e2d2d;\"><strong>Endere\u00e7o:<\/strong> Av. Presidente Lincoln, 899 \u2013 Jardim Meriti &#8211; S\u00e3o Jo\u00e3o de Meriti \u2013 RJ \u2013 CEP 25555-201<\/span><\/p><p><span style=\"color: #000000;\"><a href=\"https:\/\/maps.app.goo.gl\/7GgkXZy4P8CcU22t5\"><strong>\u27a1\ufe0fCOMO CHEGAR<\/strong><\/a><\/span><\/p><p><span style=\"color: #2e2d2d;\"><strong>Telefone:<\/strong><\/span><\/p><p><span style=\"color: #000000;\"><strong>E-mail<\/strong>: <a href=\"mailto:semad@meriti.rj.gov.br\">smcc@meriti.rj.gov.br<\/a><\/span><\/p><p><strong>Hor\u00e1rio de Funcionamento<\/strong>: de segunda a sexta-feira das 8:30h \u00e0s 17:30h<\/p>\t\t\t\t\t\t\t\t<\/div>\n\t\t\t\t<\/div>\n\t\t\t\t\t<\/div>\n\t\t\t\t<\/div>\n\t\t\t\t<\/div>\n\t\t","protected":false},"excerpt":{"rendered":"<p>Secret\u00e1ria Simone Cruz da Silva Biografia P\u00f3s-graduada em Direito P\u00fablico e graduada em Direito, concluiu mais de 30 cursos na \u00e1rea da Administra\u00e7\u00e3o P\u00fablica. J\u00e1&hellip;<\/p>\n","protected":false},"author":3,"featured_media":0,"parent":0,"menu_order":0,"comment_status":"closed","ping_status":"closed","template":"","meta":{"footnotes":""},"class_list":["post-13766","page","type-page","status-publish","hentry"],"yoast_head":"<!-- This site is optimized with the Yoast SEO plugin v27.2 - https:\/\/yoast.com\/product\/yoast-seo-wordpress\/ -->\n<title>Secretaria Municipal de Compras e Contrata\u00e7\u00f5es P\u00fablicas - Prefeitura Municipal de S\u00e3o Jo\u00e3o de Meriti<\/title>\n<meta name=\"robots\" content=\"index, follow, max-snippet:-1, max-image-preview:large, max-video-preview:-1\" \/>\n<link rel=\"canonical\" href=\"https:\/\/meriti.rj.gov.br\/inicio\/secretaria-municipal-de-compras-e-contratacoes-publicas\/\" \/>\n<meta property=\"og:locale\" content=\"pt_BR\" \/>\n<meta property=\"og:type\" content=\"article\" \/>\n<meta property=\"og:title\" content=\"Secretaria Municipal de Compras e Contrata\u00e7\u00f5es P\u00fablicas - Prefeitura Municipal de S\u00e3o Jo\u00e3o de Meriti\" \/>\n<meta property=\"og:description\" content=\"Secret\u00e1ria Simone Cruz da Silva Biografia P\u00f3s-graduada em Direito P\u00fablico e graduada em Direito, concluiu mais de 30 cursos na \u00e1rea da Administra\u00e7\u00e3o P\u00fablica. J\u00e1&hellip;\" \/>\n<meta property=\"og:url\" content=\"https:\/\/meriti.rj.gov.br\/inicio\/secretaria-municipal-de-compras-e-contratacoes-publicas\/\" \/>\n<meta property=\"og:site_name\" content=\"Prefeitura Municipal de S\u00e3o Jo\u00e3o de Meriti\" \/>\n<meta property=\"article:modified_time\" content=\"2025-12-18T15:05:31+00:00\" \/>\n<meta property=\"og:image\" content=\"https:\/\/meriti.rj.gov.br\/inicio\/wp-content\/uploads\/2025\/01\/Secretaria-Municipal-de-Compras-e-Contratacoes-Publicas-1.png\" \/>\n\t<meta property=\"og:image:width\" content=\"1536\" \/>\n\t<meta property=\"og:image:height\" content=\"247\" \/>\n\t<meta property=\"og:image:type\" content=\"image\/png\" \/>\n<meta name=\"twitter:card\" content=\"summary_large_image\" \/>\n<meta name=\"twitter:label1\" content=\"Est. tempo de leitura\" \/>\n\t<meta name=\"twitter:data1\" content=\"3 minutos\" \/>\n<script type=\"application\/ld+json\" class=\"yoast-schema-graph\">{\"@context\":\"https:\/\/schema.org\",\"@graph\":[{\"@type\":\"WebPage\",\"@id\":\"https:\/\/meriti.rj.gov.br\/inicio\/secretaria-municipal-de-compras-e-contratacoes-publicas\/\",\"url\":\"https:\/\/meriti.rj.gov.br\/inicio\/secretaria-municipal-de-compras-e-contratacoes-publicas\/\",\"name\":\"Secretaria Municipal de Compras e Contrata\u00e7\u00f5es P\u00fablicas - Prefeitura Municipal de S\u00e3o Jo\u00e3o de Meriti\",\"isPartOf\":{\"@id\":\"https:\/\/meriti.rj.gov.br\/inicio\/#website\"},\"primaryImageOfPage\":{\"@id\":\"https:\/\/meriti.rj.gov.br\/inicio\/secretaria-municipal-de-compras-e-contratacoes-publicas\/#primaryimage\"},\"image\":{\"@id\":\"https:\/\/meriti.rj.gov.br\/inicio\/secretaria-municipal-de-compras-e-contratacoes-publicas\/#primaryimage\"},\"thumbnailUrl\":\"https:\/\/meriti.rj.gov.br\/inicio\/wp-content\/uploads\/2025\/01\/Secretaria-Municipal-de-Compras-e-Contratacoes-Publicas-1.png\",\"datePublished\":\"2025-01-07T12:21:23+00:00\",\"dateModified\":\"2025-12-18T15:05:31+00:00\",\"breadcrumb\":{\"@id\":\"https:\/\/meriti.rj.gov.br\/inicio\/secretaria-municipal-de-compras-e-contratacoes-publicas\/#breadcrumb\"},\"inLanguage\":\"pt-BR\",\"potentialAction\":[{\"@type\":\"ReadAction\",\"target\":[\"https:\/\/meriti.rj.gov.br\/inicio\/secretaria-municipal-de-compras-e-contratacoes-publicas\/\"]}]},{\"@type\":\"ImageObject\",\"inLanguage\":\"pt-BR\",\"@id\":\"https:\/\/meriti.rj.gov.br\/inicio\/secretaria-municipal-de-compras-e-contratacoes-publicas\/#primaryimage\",\"url\":\"https:\/\/meriti.rj.gov.br\/inicio\/wp-content\/uploads\/2025\/01\/Secretaria-Municipal-de-Compras-e-Contratacoes-Publicas-1.png\",\"contentUrl\":\"https:\/\/meriti.rj.gov.br\/inicio\/wp-content\/uploads\/2025\/01\/Secretaria-Municipal-de-Compras-e-Contratacoes-Publicas-1.png\",\"width\":1536,\"height\":247},{\"@type\":\"BreadcrumbList\",\"@id\":\"https:\/\/meriti.rj.gov.br\/inicio\/secretaria-municipal-de-compras-e-contratacoes-publicas\/#breadcrumb\",\"itemListElement\":[{\"@type\":\"ListItem\",\"position\":1,\"name\":\"In\u00edcio\",\"item\":\"https:\/\/meriti.rj.gov.br\/inicio\/\"},{\"@type\":\"ListItem\",\"position\":2,\"name\":\"Secretaria Municipal de Compras e Contrata\u00e7\u00f5es P\u00fablicas\"}]},{\"@type\":\"WebSite\",\"@id\":\"https:\/\/meriti.rj.gov.br\/inicio\/#website\",\"url\":\"https:\/\/meriti.rj.gov.br\/inicio\/\",\"name\":\"portal.meriti\",\"description\":\"Prefeitura Municipal de S\u00e3o Jo\u00e3o de Meriti\",\"publisher\":{\"@id\":\"https:\/\/meriti.rj.gov.br\/inicio\/#organization\"},\"potentialAction\":[{\"@type\":\"SearchAction\",\"target\":{\"@type\":\"EntryPoint\",\"urlTemplate\":\"https:\/\/meriti.rj.gov.br\/inicio\/?s={search_term_string}\"},\"query-input\":{\"@type\":\"PropertyValueSpecification\",\"valueRequired\":true,\"valueName\":\"search_term_string\"}}],\"inLanguage\":\"pt-BR\"},{\"@type\":\"Organization\",\"@id\":\"https:\/\/meriti.rj.gov.br\/inicio\/#organization\",\"name\":\"Prefeitura Municipal de S\u00e3o Jo\u00e3o de Meriti\",\"url\":\"https:\/\/meriti.rj.gov.br\/inicio\/\",\"logo\":{\"@type\":\"ImageObject\",\"inLanguage\":\"pt-BR\",\"@id\":\"https:\/\/meriti.rj.gov.br\/inicio\/#\/schema\/logo\/image\/\",\"url\":\"https:\/\/meriti.rj.gov.br\/inicio\/wp-content\/uploads\/2023\/04\/cropped-logo.png\",\"contentUrl\":\"https:\/\/meriti.rj.gov.br\/inicio\/wp-content\/uploads\/2023\/04\/cropped-logo.png\",\"width\":512,\"height\":512,\"caption\":\"Prefeitura Municipal de S\u00e3o Jo\u00e3o de Meriti\"},\"image\":{\"@id\":\"https:\/\/meriti.rj.gov.br\/inicio\/#\/schema\/logo\/image\/\"}}]}<\/script>\n<!-- \/ Yoast SEO plugin. -->","yoast_head_json":{"title":"Secretaria Municipal de Compras e Contrata\u00e7\u00f5es P\u00fablicas - Prefeitura Municipal de S\u00e3o Jo\u00e3o de Meriti","robots":{"index":"index","follow":"follow","max-snippet":"max-snippet:-1","max-image-preview":"max-image-preview:large","max-video-preview":"max-video-preview:-1"},"canonical":"https:\/\/meriti.rj.gov.br\/inicio\/secretaria-municipal-de-compras-e-contratacoes-publicas\/","og_locale":"pt_BR","og_type":"article","og_title":"Secretaria Municipal de Compras e Contrata\u00e7\u00f5es P\u00fablicas - Prefeitura Municipal de S\u00e3o Jo\u00e3o de Meriti","og_description":"Secret\u00e1ria Simone Cruz da Silva Biografia P\u00f3s-graduada em Direito P\u00fablico e graduada em Direito, concluiu mais de 30 cursos na \u00e1rea da Administra\u00e7\u00e3o P\u00fablica. J\u00e1&hellip;","og_url":"https:\/\/meriti.rj.gov.br\/inicio\/secretaria-municipal-de-compras-e-contratacoes-publicas\/","og_site_name":"Prefeitura Municipal de S\u00e3o Jo\u00e3o de Meriti","article_modified_time":"2025-12-18T15:05:31+00:00","og_image":[{"width":1536,"height":247,"url":"https:\/\/meriti.rj.gov.br\/inicio\/wp-content\/uploads\/2025\/01\/Secretaria-Municipal-de-Compras-e-Contratacoes-Publicas-1.png","type":"image\/png"}],"twitter_card":"summary_large_image","twitter_misc":{"Est. tempo de leitura":"3 minutos"},"schema":{"@context":"https:\/\/schema.org","@graph":[{"@type":"WebPage","@id":"https:\/\/meriti.rj.gov.br\/inicio\/secretaria-municipal-de-compras-e-contratacoes-publicas\/","url":"https:\/\/meriti.rj.gov.br\/inicio\/secretaria-municipal-de-compras-e-contratacoes-publicas\/","name":"Secretaria Municipal de Compras e Contrata\u00e7\u00f5es P\u00fablicas - Prefeitura Municipal de S\u00e3o Jo\u00e3o de Meriti","isPartOf":{"@id":"https:\/\/meriti.rj.gov.br\/inicio\/#website"},"primaryImageOfPage":{"@id":"https:\/\/meriti.rj.gov.br\/inicio\/secretaria-municipal-de-compras-e-contratacoes-publicas\/#primaryimage"},"image":{"@id":"https:\/\/meriti.rj.gov.br\/inicio\/secretaria-municipal-de-compras-e-contratacoes-publicas\/#primaryimage"},"thumbnailUrl":"https:\/\/meriti.rj.gov.br\/inicio\/wp-content\/uploads\/2025\/01\/Secretaria-Municipal-de-Compras-e-Contratacoes-Publicas-1.png","datePublished":"2025-01-07T12:21:23+00:00","dateModified":"2025-12-18T15:05:31+00:00","breadcrumb":{"@id":"https:\/\/meriti.rj.gov.br\/inicio\/secretaria-municipal-de-compras-e-contratacoes-publicas\/#breadcrumb"},"inLanguage":"pt-BR","potentialAction":[{"@type":"ReadAction","target":["https:\/\/meriti.rj.gov.br\/inicio\/secretaria-municipal-de-compras-e-contratacoes-publicas\/"]}]},{"@type":"ImageObject","inLanguage":"pt-BR","@id":"https:\/\/meriti.rj.gov.br\/inicio\/secretaria-municipal-de-compras-e-contratacoes-publicas\/#primaryimage","url":"https:\/\/meriti.rj.gov.br\/inicio\/wp-content\/uploads\/2025\/01\/Secretaria-Municipal-de-Compras-e-Contratacoes-Publicas-1.png","contentUrl":"https:\/\/meriti.rj.gov.br\/inicio\/wp-content\/uploads\/2025\/01\/Secretaria-Municipal-de-Compras-e-Contratacoes-Publicas-1.png","width":1536,"height":247},{"@type":"BreadcrumbList","@id":"https:\/\/meriti.rj.gov.br\/inicio\/secretaria-municipal-de-compras-e-contratacoes-publicas\/#breadcrumb","itemListElement":[{"@type":"ListItem","position":1,"name":"In\u00edcio","item":"https:\/\/meriti.rj.gov.br\/inicio\/"},{"@type":"ListItem","position":2,"name":"Secretaria Municipal de Compras e Contrata\u00e7\u00f5es P\u00fablicas"}]},{"@type":"WebSite","@id":"https:\/\/meriti.rj.gov.br\/inicio\/#website","url":"https:\/\/meriti.rj.gov.br\/inicio\/","name":"portal.meriti","description":"Prefeitura Municipal de S\u00e3o Jo\u00e3o de Meriti","publisher":{"@id":"https:\/\/meriti.rj.gov.br\/inicio\/#organization"},"potentialAction":[{"@type":"SearchAction","target":{"@type":"EntryPoint","urlTemplate":"https:\/\/meriti.rj.gov.br\/inicio\/?s={search_term_string}"},"query-input":{"@type":"PropertyValueSpecification","valueRequired":true,"valueName":"search_term_string"}}],"inLanguage":"pt-BR"},{"@type":"Organization","@id":"https:\/\/meriti.rj.gov.br\/inicio\/#organization","name":"Prefeitura Municipal de S\u00e3o Jo\u00e3o de Meriti","url":"https:\/\/meriti.rj.gov.br\/inicio\/","logo":{"@type":"ImageObject","inLanguage":"pt-BR","@id":"https:\/\/meriti.rj.gov.br\/inicio\/#\/schema\/logo\/image\/","url":"https:\/\/meriti.rj.gov.br\/inicio\/wp-content\/uploads\/2023\/04\/cropped-logo.png","contentUrl":"https:\/\/meriti.rj.gov.br\/inicio\/wp-content\/uploads\/2023\/04\/cropped-logo.png","width":512,"height":512,"caption":"Prefeitura Municipal de S\u00e3o Jo\u00e3o de Meriti"},"image":{"@id":"https:\/\/meriti.rj.gov.br\/inicio\/#\/schema\/logo\/image\/"}}]}},"_links":{"self":[{"href":"https:\/\/meriti.rj.gov.br\/inicio\/wp-json\/wp\/v2\/pages\/13766","targetHints":{"allow":["GET"]}}],"collection":[{"href":"https:\/\/meriti.rj.gov.br\/inicio\/wp-json\/wp\/v2\/pages"}],"about":[{"href":"https:\/\/meriti.rj.gov.br\/inicio\/wp-json\/wp\/v2\/types\/page"}],"author":[{"embeddable":true,"href":"https:\/\/meriti.rj.gov.br\/inicio\/wp-json\/wp\/v2\/users\/3"}],"replies":[{"embeddable":true,"href":"https:\/\/meriti.rj.gov.br\/inicio\/wp-json\/wp\/v2\/comments?post=13766"}],"version-history":[{"count":37,"href":"https:\/\/meriti.rj.gov.br\/inicio\/wp-json\/wp\/v2\/pages\/13766\/revisions"}],"predecessor-version":[{"id":20662,"href":"https:\/\/meriti.rj.gov.br\/inicio\/wp-json\/wp\/v2\/pages\/13766\/revisions\/20662"}],"wp:attachment":[{"href":"https:\/\/meriti.rj.gov.br\/inicio\/wp-json\/wp\/v2\/media?parent=13766"}],"curies":[{"name":"wp","href":"https:\/\/api.w.org\/{rel}","templated":true}]}}