{"id":13762,"date":"2025-01-07T09:18:30","date_gmt":"2025-01-07T12:18:30","guid":{"rendered":"https:\/\/meriti.rj.gov.br\/inicio\/?page_id=13762"},"modified":"2025-12-18T15:24:56","modified_gmt":"2025-12-18T18:24:56","slug":"secretaria-municipal-de-atencao-ao-idoso-e-a-pessoa-com-deficiencia","status":"publish","type":"page","link":"https:\/\/meriti.rj.gov.br\/inicio\/secretaria-municipal-de-atencao-ao-idoso-e-a-pessoa-com-deficiencia\/","title":{"rendered":"Secretaria Municipal de Aten\u00e7\u00e3o ao Idoso e \u00e0 Pessoa com Defici\u00eancia"},"content":{"rendered":"\t\t<div data-elementor-type=\"wp-page\" data-elementor-id=\"13762\" class=\"elementor elementor-13762\" data-elementor-post-type=\"page\">\n\t\t\t\t<div class=\"elementor-element elementor-element-191fcb4 e-flex e-con-boxed e-con e-parent\" data-id=\"191fcb4\" data-element_type=\"container\" data-e-type=\"container\">\n\t\t\t\t\t<div class=\"e-con-inner\">\n\t\t\t\t<div class=\"elementor-element elementor-element-f74822d elementor-widget elementor-widget-image\" data-id=\"f74822d\" data-element_type=\"widget\" data-e-type=\"widget\" data-widget_type=\"image.default\">\n\t\t\t\t<div class=\"elementor-widget-container\">\n\t\t\t\t\t\t\t\t\t\t\t\t\t\t\t<img fetchpriority=\"high\" decoding=\"async\" width=\"1536\" height=\"247\" src=\"https:\/\/meriti.rj.gov.br\/inicio\/wp-content\/uploads\/2025\/01\/Secretaria-Municipal-de-Atencao-ao-Idoso-e-a-Pessoa-com-Deficiencia-1.png\" class=\"attachment-full size-full wp-image-13489\" alt=\"\" srcset=\"https:\/\/meriti.rj.gov.br\/inicio\/wp-content\/uploads\/2025\/01\/Secretaria-Municipal-de-Atencao-ao-Idoso-e-a-Pessoa-com-Deficiencia-1.png 1536w, https:\/\/meriti.rj.gov.br\/inicio\/wp-content\/uploads\/2025\/01\/Secretaria-Municipal-de-Atencao-ao-Idoso-e-a-Pessoa-com-Deficiencia-1-300x48.png 300w, https:\/\/meriti.rj.gov.br\/inicio\/wp-content\/uploads\/2025\/01\/Secretaria-Municipal-de-Atencao-ao-Idoso-e-a-Pessoa-com-Deficiencia-1-1024x165.png 1024w, https:\/\/meriti.rj.gov.br\/inicio\/wp-content\/uploads\/2025\/01\/Secretaria-Municipal-de-Atencao-ao-Idoso-e-a-Pessoa-com-Deficiencia-1-768x124.png 768w\" sizes=\"(max-width: 1536px) 100vw, 1536px\" \/>\t\t\t\t\t\t\t\t\t\t\t\t\t\t\t<\/div>\n\t\t\t\t<\/div>\n\t\t\t\t\t<\/div>\n\t\t\t\t<\/div>\n\t\t<div class=\"elementor-element elementor-element-024e85a e-con-full e-flex e-con e-parent\" data-id=\"024e85a\" data-element_type=\"container\" data-e-type=\"container\">\n\t\t\t\t<div class=\"elementor-element elementor-element-78b58a2 elementor-widget-mobile__width-initial elementor-widget elementor-widget-html\" data-id=\"78b58a2\" data-element_type=\"widget\" data-e-type=\"widget\" data-widget_type=\"html.default\">\n\t\t\t\t<div class=\"elementor-widget-container\">\n\t\t\t\t\t<body> <!-- Inicio do corpo da p\u00e1gina -->\r\n\r\n   <!-- Conte\u00fado da p\u00e1gina -->\r\n\r\n  <div vw class=\"enabled\">\r\n    <div vw-access-button class=\"active\"><\/div>\r\n    <div vw-plugin-wrapper>\r\n      <div class=\"vw-plugin-top-wrapper\"><\/div>\r\n    <\/div>\r\n  <\/div>\r\n  <script src=\"https:\/\/vlibras.gov.br\/app\/vlibras-plugin.js\"><\/script>\r\n  <script>\r\n    new window.VLibras.Widget('https:\/\/vlibras.gov.br\/app');\r\n  <\/script>\r\n<\/body> <!-- Fim do corpo da p\u00e1gina -->\t\t\t\t<\/div>\n\t\t\t\t<\/div>\n\t\t\t\t<\/div>\n\t\t<div class=\"elementor-element elementor-element-c8bbe9c e-flex e-con-boxed e-con e-parent\" data-id=\"c8bbe9c\" data-element_type=\"container\" data-e-type=\"container\">\n\t\t\t\t\t<div class=\"e-con-inner\">\n\t\t<div class=\"elementor-element elementor-element-fab3398 e-con-full e-flex e-con e-child\" data-id=\"fab3398\" data-element_type=\"container\" data-e-type=\"container\">\n\t\t\t\t<div class=\"elementor-element elementor-element-7556308 elementor-widget elementor-widget-image\" data-id=\"7556308\" data-element_type=\"widget\" data-e-type=\"widget\" data-widget_type=\"image.default\">\n\t\t\t\t<div class=\"elementor-widget-container\">\n\t\t\t\t\t\t\t\t\t\t\t\t\t\t\t<img decoding=\"async\" width=\"300\" height=\"300\" src=\"https:\/\/meriti.rj.gov.br\/inicio\/wp-content\/uploads\/2025\/08\/LORIVAL-300x300.png\" class=\"attachment-medium size-medium wp-image-18070\" alt=\"\" srcset=\"https:\/\/meriti.rj.gov.br\/inicio\/wp-content\/uploads\/2025\/08\/LORIVAL-300x300.png 300w, https:\/\/meriti.rj.gov.br\/inicio\/wp-content\/uploads\/2025\/08\/LORIVAL-150x150.png 150w, https:\/\/meriti.rj.gov.br\/inicio\/wp-content\/uploads\/2025\/08\/LORIVAL.png 768w\" sizes=\"(max-width: 300px) 100vw, 300px\" \/>\t\t\t\t\t\t\t\t\t\t\t\t\t\t\t<\/div>\n\t\t\t\t<\/div>\n\t\t\t\t<\/div>\n\t\t<div class=\"elementor-element elementor-element-17132d3 e-con-full e-flex e-con e-child\" data-id=\"17132d3\" data-element_type=\"container\" data-e-type=\"container\">\n\t\t\t\t<div class=\"elementor-element elementor-element-eb85751 elementor-widget elementor-widget-text-editor\" data-id=\"eb85751\" data-element_type=\"widget\" data-e-type=\"widget\" data-widget_type=\"text-editor.default\">\n\t\t\t\t<div class=\"elementor-widget-container\">\n\t\t\t\t\t\t\t\t\t<h4 style=\"text-align: left;\"><strong><span style=\"color: #000080;\">Secret\u00e1rio<\/span><\/strong><\/h4><h3>Lorival Almeida de Oliveira<\/h3><h4 style=\"text-align: left;\"><span style=\"color: #000080;\"><strong>Biografia<\/strong><\/span><\/h4><p data-start=\"83\" data-end=\"532\"><span style=\"color: #000000;\">Graduado em Direito e p\u00f3s-graduado em Direito Processual Civil, possui forma\u00e7\u00e3o complementar nas \u00e1reas jur\u00eddica e administrativa, com cursos de extens\u00e3o em Medidas Liminares, Or\u00e7amento P\u00fablico (PRODASEN) e Contabilidade P\u00fablica sob a \u00e9gide da Lei de Responsabilidade Fiscal (CEBRAM). Tamb\u00e9m realizou diversos cursos livres em Chefia e Lideran\u00e7a, Administra\u00e7\u00e3o do Tempo, Contabilidade, Auditoria, Recursos Humanos (IOB) e Controle Interno (TCE\/RJ).<\/span><\/p><p data-start=\"540\" data-end=\"775\"><span style=\"color: #000000;\">Atuou como Diretor-Geral da C\u00e2mara Municipal de Belford Roxo (1995-1999), Consultor-Geral do Munic\u00edpio (2001-2004), Procurador-Geral do Munic\u00edpio (2005-2008) e Procurador-Geral do Instituto de Previd\u00eancia de Belford Roxo (2018-2024).<\/span><\/p>\t\t\t\t\t\t\t\t<\/div>\n\t\t\t\t<\/div>\n\t\t\t\t<\/div>\n\t\t\t\t\t<\/div>\n\t\t\t\t<\/div>\n\t\t<div class=\"elementor-element elementor-element-3cdad12 e-flex e-con-boxed e-con e-parent\" data-id=\"3cdad12\" data-element_type=\"container\" data-e-type=\"container\">\n\t\t\t\t\t<div class=\"e-con-inner\">\n\t\t\t\t<div class=\"elementor-element elementor-element-33c50a0 elementor-widget elementor-widget-text-editor\" data-id=\"33c50a0\" data-element_type=\"widget\" data-e-type=\"widget\" data-widget_type=\"text-editor.default\">\n\t\t\t\t<div class=\"elementor-widget-container\">\n\t\t\t\t\t\t\t\t\t<p><span style=\"color: #333333;\"><strong>A Secretaria Municipal de Aten\u00e7\u00e3o ao Idoso e \u00e0 Pessoa com Defici\u00eancia <\/strong>\u00e9 <span style=\"color: #000000;\">o \u00f3rg\u00e3o respons\u00e1vel por pol\u00edticas de inclus\u00e3o, prote\u00e7\u00e3o, e desenvolvimento de servi\u00e7os p\u00fablicos voltados \u00e0 prote\u00e7\u00e3o ao idoso e das pessoas com necessidades especiais, tendo como objetivos a articula\u00e7\u00e3o intersetorial para facilita\u00e7\u00e3o do acesso ao servi\u00e7o p\u00fablico municipal, tendo ainda as seguintes atribui\u00e7\u00f5es:<\/span><\/span><\/p><ul><li><span style=\"color: #000000;\">desenvolver, implementar, monitorar e avaliar programas e projetos destinados \u00e0 promo\u00e7\u00e3o e \u00e0 defesa dos direitos da pessoa idosa;<\/span><\/li><li><span style=\"color: #000000;\">propor a adequa\u00e7\u00e3o e o aperfei\u00e7oamento da legisla\u00e7\u00e3o relativa aos temas de sua compet\u00eancia;<\/span><\/li><li><span style=\"color: #000000;\">formular, apoiar, articular e avaliar pol\u00edticas p\u00fablicas de promo\u00e7\u00e3o dos direitos da pessoa idosa, considerados a perspectiva da fam\u00edlia, o fortalecimento de v\u00ednculos familiares e a solidariedade;<\/span><\/li><li><span style=\"color: #000000;\">analisar propostas de conv\u00eanios, termos de parceria, acordos, ajustes e instrumentos cong\u00eaneres na \u00e1rea dos direitos da pessoa idosa, al\u00e9m de acompanhar, analisar e fiscalizar sua execu\u00e7\u00e3o.<\/span><\/li><li><span style=\"color: #000000;\">assistir ao Prefeito nas quest\u00f5es relativas aos direitos da pessoa idosa e fazer valer o Estatuto do Idoso;<\/span><\/li><li><span style=\"color: #000000;\">coordenar os assuntos, as a\u00e7\u00f5es governamentais e as medidas referentes \u00e0 pessoa idosa e das pessoas com defici\u00eancia;<\/span><\/li><li><span style=\"color: #000000;\">coordenar e propor a\u00e7\u00f5es de aperfei\u00e7oamento e fortalecimento da pol\u00edtica municipal de inclus\u00e3o do idoso e das pessoas com defici\u00eancia;<\/span><\/li><li><span style=\"color: #000000;\">coordenar, orientar e acompanhar as a\u00e7\u00f5es e as medidas para promo\u00e7\u00e3o, garantia e defesa da pessoa idosa e das pessoas com defici\u00eancia;<\/span><\/li><li><span style=\"color: #000000;\">estimular a inclus\u00e3o da prote\u00e7\u00e3o e da defesa dos direitos da pessoa com defici\u00eancia nas pol\u00edticas p\u00fablicas;<\/span><\/li><li><span style=\"color: #000000;\">coordenar a implanta\u00e7\u00e3o no munic\u00edpio do Programa Nacional de Acessibilidade e o Programa de Promo\u00e7\u00e3o e Defesa dos Direitos das Pessoas com Defici\u00eancia;<\/span><\/li><li><span style=\"color: #000000;\">desenvolver articula\u00e7\u00f5es com \u00f3rg\u00e3os governamentais, n\u00e3o governamentais e com as associa\u00e7\u00f5es representativas de pessoas com defici\u00eancia para a implementa\u00e7\u00e3o da pol\u00edtica de promo\u00e7\u00e3o e defesa dos direitos da pessoa com defici\u00eancia;<\/span><\/li><li><span style=\"color: #000000;\">fomentar a ado\u00e7\u00e3o de medidas para a prote\u00e7\u00e3o da integridade f\u00edsica e mental da pessoa com defici\u00eancia;<\/span><\/li><li><span style=\"color: #000000;\">coordenar as a\u00e7\u00f5es de preven\u00e7\u00e3o e de enfrentamento de todas as formas de explora\u00e7\u00e3o, viol\u00eancia e abuso de pessoas com defici\u00eancia;<\/span><\/li><li><span style=\"color: #000000;\">coordenar a\u00e7\u00f5es e pol\u00edticas para pessoas com transtorno do espectro autista;<\/span><\/li><li><span style=\"color: #000000;\">apoiar e estimular a forma\u00e7\u00e3o, a atua\u00e7\u00e3o e a articula\u00e7\u00e3o da rede de Conselhos de Direitos das Pessoas com Defici\u00eancia;<\/span><\/li><li><span style=\"color: #000000;\">propor e incentivar a realiza\u00e7\u00e3o de campanhas de conscientiza\u00e7\u00e3o p\u00fablica, com vistas ao respeito pela autonomia, equipara\u00e7\u00e3o de oportunidades e inclus\u00e3o social da pessoa com defici\u00eancia;<\/span><\/li><li><span style=\"color: #000000;\">implementa\u00e7\u00e3o e a coordena\u00e7\u00e3o do Grupo Condutor Municipal;<\/span><\/li><li><span style=\"color: #000000;\">coordenar a contratualiza\u00e7\u00e3o dos pontos de aten\u00e7\u00e3o \u00e0 sa\u00fade sob a sua gest\u00e3o, inclu\u00eddo o respectivo financiamento;<\/span><\/li><li><span style=\"color: #000000;\">coordenar o monitoramento e a avalia\u00e7\u00e3o da Rede de Cuidados \u00e0 Pessoa com Defici\u00eancia no territ\u00f3rio municipal;<\/span><\/li><li><span style=\"color: #000000;\">outras atribui\u00e7\u00f5es correlatas.<\/span><\/li><\/ul>\t\t\t\t\t\t\t\t<\/div>\n\t\t\t\t<\/div>\n\t\t\t\t\t<\/div>\n\t\t\t\t<\/div>\n\t\t<div class=\"elementor-element elementor-element-f865689 e-flex e-con-boxed e-con e-parent\" data-id=\"f865689\" data-element_type=\"container\" data-e-type=\"container\">\n\t\t\t\t\t<div class=\"e-con-inner\">\n\t\t\t\t\t<\/div>\n\t\t\t\t<\/div>\n\t\t<div class=\"elementor-element elementor-element-3abe701 e-flex e-con-boxed e-con e-parent\" data-id=\"3abe701\" data-element_type=\"container\" data-e-type=\"container\">\n\t\t\t\t\t<div class=\"e-con-inner\">\n\t\t\t\t<div class=\"elementor-element elementor-element-74ac2db elementor-widget elementor-widget-text-editor\" data-id=\"74ac2db\" data-element_type=\"widget\" data-e-type=\"widget\" data-widget_type=\"text-editor.default\">\n\t\t\t\t<div class=\"elementor-widget-container\">\n\t\t\t\t\t\t\t\t\t<h4><span style=\"color: #000080;\"><strong>Contato<\/strong><\/span><\/h4>\t\t\t\t\t\t\t\t<\/div>\n\t\t\t\t<\/div>\n\t\t\t\t\t<\/div>\n\t\t\t\t<\/div>\n\t\t<div class=\"elementor-element elementor-element-54aa6d0 e-flex e-con-boxed e-con e-parent\" data-id=\"54aa6d0\" data-element_type=\"container\" data-e-type=\"container\">\n\t\t\t\t\t<div class=\"e-con-inner\">\n\t\t\t\t<div class=\"elementor-element elementor-element-3af7586 elementor-widget elementor-widget-text-editor\" data-id=\"3af7586\" data-element_type=\"widget\" data-e-type=\"widget\" data-widget_type=\"text-editor.default\">\n\t\t\t\t<div class=\"elementor-widget-container\">\n\t\t\t\t\t\t\t\t\t<p><span style=\"color: #2e2d2d;\"><strong>Endere\u00e7o:<\/strong> Rua Joana Kalil, 19 \u2013 Jardim Meriti &#8211; S\u00e3o Jo\u00e3o de Meriti \u2013 RJ \u2013 CEP 25555-100<\/span><\/p><p><span style=\"color: #000000;\"><a href=\"https:\/\/maps.app.goo.gl\/Udbem4EgZAMZzhTj9\"><strong>\u27a1\ufe0fCOMO CHEGAR<\/strong><\/a><\/span><\/p><p><span style=\"color: #2e2d2d;\"><strong>Telefone:<\/strong><\/span><\/p><p><span style=\"color: #000000;\"><strong>Email<\/strong>: <a href=\"mailto:semad@meriti.rj.gov.br\">smaipd@meriti.rj.gov.br<\/a><\/span><\/p><p><strong>Hor\u00e1rio de Funcionamento<\/strong>: de segunda a sexta-feira das 8:30h \u00e0s 16h<\/p>\t\t\t\t\t\t\t\t<\/div>\n\t\t\t\t<\/div>\n\t\t\t\t\t<\/div>\n\t\t\t\t<\/div>\n\t\t\t\t<\/div>\n\t\t","protected":false},"excerpt":{"rendered":"<p>Secret\u00e1rio Lorival Almeida de Oliveira Biografia Graduado em Direito e p\u00f3s-graduado em Direito Processual Civil, possui forma\u00e7\u00e3o complementar nas \u00e1reas jur\u00eddica e administrativa, com cursos&hellip;<\/p>\n","protected":false},"author":3,"featured_media":0,"parent":0,"menu_order":0,"comment_status":"closed","ping_status":"closed","template":"","meta":{"footnotes":""},"class_list":["post-13762","page","type-page","status-publish","hentry"],"yoast_head":"<!-- This site is optimized with the Yoast SEO plugin v27.2 - https:\/\/yoast.com\/product\/yoast-seo-wordpress\/ -->\n<title>Secretaria Municipal de Aten\u00e7\u00e3o ao Idoso e \u00e0 Pessoa com Defici\u00eancia - Prefeitura Municipal de S\u00e3o Jo\u00e3o de Meriti<\/title>\n<meta name=\"robots\" content=\"index, follow, max-snippet:-1, max-image-preview:large, max-video-preview:-1\" \/>\n<link rel=\"canonical\" href=\"https:\/\/meriti.rj.gov.br\/inicio\/secretaria-municipal-de-atencao-ao-idoso-e-a-pessoa-com-deficiencia\/\" \/>\n<meta property=\"og:locale\" content=\"pt_BR\" \/>\n<meta property=\"og:type\" content=\"article\" \/>\n<meta property=\"og:title\" content=\"Secretaria Municipal de Aten\u00e7\u00e3o ao Idoso e \u00e0 Pessoa com Defici\u00eancia - Prefeitura Municipal de S\u00e3o Jo\u00e3o de Meriti\" \/>\n<meta property=\"og:description\" content=\"Secret\u00e1rio Lorival Almeida de Oliveira Biografia Graduado em Direito e p\u00f3s-graduado em Direito Processual Civil, possui forma\u00e7\u00e3o complementar nas \u00e1reas jur\u00eddica e administrativa, com cursos&hellip;\" \/>\n<meta property=\"og:url\" content=\"https:\/\/meriti.rj.gov.br\/inicio\/secretaria-municipal-de-atencao-ao-idoso-e-a-pessoa-com-deficiencia\/\" \/>\n<meta property=\"og:site_name\" content=\"Prefeitura Municipal de S\u00e3o Jo\u00e3o de Meriti\" \/>\n<meta property=\"article:modified_time\" content=\"2025-12-18T18:24:56+00:00\" \/>\n<meta property=\"og:image\" content=\"https:\/\/meriti.rj.gov.br\/inicio\/wp-content\/uploads\/2025\/01\/Secretaria-Municipal-de-Atencao-ao-Idoso-e-a-Pessoa-com-Deficiencia-1.png\" \/>\n\t<meta property=\"og:image:width\" content=\"1536\" \/>\n\t<meta property=\"og:image:height\" content=\"247\" \/>\n\t<meta property=\"og:image:type\" content=\"image\/png\" \/>\n<meta name=\"twitter:card\" content=\"summary_large_image\" \/>\n<meta name=\"twitter:label1\" content=\"Est. tempo de leitura\" \/>\n\t<meta name=\"twitter:data1\" content=\"4 minutos\" \/>\n<script type=\"application\/ld+json\" class=\"yoast-schema-graph\">{\"@context\":\"https:\/\/schema.org\",\"@graph\":[{\"@type\":\"WebPage\",\"@id\":\"https:\/\/meriti.rj.gov.br\/inicio\/secretaria-municipal-de-atencao-ao-idoso-e-a-pessoa-com-deficiencia\/\",\"url\":\"https:\/\/meriti.rj.gov.br\/inicio\/secretaria-municipal-de-atencao-ao-idoso-e-a-pessoa-com-deficiencia\/\",\"name\":\"Secretaria Municipal de Aten\u00e7\u00e3o ao Idoso e \u00e0 Pessoa com Defici\u00eancia - Prefeitura Municipal de S\u00e3o Jo\u00e3o de Meriti\",\"isPartOf\":{\"@id\":\"https:\/\/meriti.rj.gov.br\/inicio\/#website\"},\"primaryImageOfPage\":{\"@id\":\"https:\/\/meriti.rj.gov.br\/inicio\/secretaria-municipal-de-atencao-ao-idoso-e-a-pessoa-com-deficiencia\/#primaryimage\"},\"image\":{\"@id\":\"https:\/\/meriti.rj.gov.br\/inicio\/secretaria-municipal-de-atencao-ao-idoso-e-a-pessoa-com-deficiencia\/#primaryimage\"},\"thumbnailUrl\":\"https:\/\/meriti.rj.gov.br\/inicio\/wp-content\/uploads\/2025\/01\/Secretaria-Municipal-de-Atencao-ao-Idoso-e-a-Pessoa-com-Deficiencia-1.png\",\"datePublished\":\"2025-01-07T12:18:30+00:00\",\"dateModified\":\"2025-12-18T18:24:56+00:00\",\"breadcrumb\":{\"@id\":\"https:\/\/meriti.rj.gov.br\/inicio\/secretaria-municipal-de-atencao-ao-idoso-e-a-pessoa-com-deficiencia\/#breadcrumb\"},\"inLanguage\":\"pt-BR\",\"potentialAction\":[{\"@type\":\"ReadAction\",\"target\":[\"https:\/\/meriti.rj.gov.br\/inicio\/secretaria-municipal-de-atencao-ao-idoso-e-a-pessoa-com-deficiencia\/\"]}]},{\"@type\":\"ImageObject\",\"inLanguage\":\"pt-BR\",\"@id\":\"https:\/\/meriti.rj.gov.br\/inicio\/secretaria-municipal-de-atencao-ao-idoso-e-a-pessoa-com-deficiencia\/#primaryimage\",\"url\":\"https:\/\/meriti.rj.gov.br\/inicio\/wp-content\/uploads\/2025\/01\/Secretaria-Municipal-de-Atencao-ao-Idoso-e-a-Pessoa-com-Deficiencia-1.png\",\"contentUrl\":\"https:\/\/meriti.rj.gov.br\/inicio\/wp-content\/uploads\/2025\/01\/Secretaria-Municipal-de-Atencao-ao-Idoso-e-a-Pessoa-com-Deficiencia-1.png\",\"width\":1536,\"height\":247},{\"@type\":\"BreadcrumbList\",\"@id\":\"https:\/\/meriti.rj.gov.br\/inicio\/secretaria-municipal-de-atencao-ao-idoso-e-a-pessoa-com-deficiencia\/#breadcrumb\",\"itemListElement\":[{\"@type\":\"ListItem\",\"position\":1,\"name\":\"In\u00edcio\",\"item\":\"https:\/\/meriti.rj.gov.br\/inicio\/\"},{\"@type\":\"ListItem\",\"position\":2,\"name\":\"Secretaria Municipal de Aten\u00e7\u00e3o ao Idoso e \u00e0 Pessoa com Defici\u00eancia\"}]},{\"@type\":\"WebSite\",\"@id\":\"https:\/\/meriti.rj.gov.br\/inicio\/#website\",\"url\":\"https:\/\/meriti.rj.gov.br\/inicio\/\",\"name\":\"portal.meriti\",\"description\":\"Prefeitura Municipal de S\u00e3o Jo\u00e3o de Meriti\",\"publisher\":{\"@id\":\"https:\/\/meriti.rj.gov.br\/inicio\/#organization\"},\"potentialAction\":[{\"@type\":\"SearchAction\",\"target\":{\"@type\":\"EntryPoint\",\"urlTemplate\":\"https:\/\/meriti.rj.gov.br\/inicio\/?s={search_term_string}\"},\"query-input\":{\"@type\":\"PropertyValueSpecification\",\"valueRequired\":true,\"valueName\":\"search_term_string\"}}],\"inLanguage\":\"pt-BR\"},{\"@type\":\"Organization\",\"@id\":\"https:\/\/meriti.rj.gov.br\/inicio\/#organization\",\"name\":\"Prefeitura Municipal de S\u00e3o Jo\u00e3o de Meriti\",\"url\":\"https:\/\/meriti.rj.gov.br\/inicio\/\",\"logo\":{\"@type\":\"ImageObject\",\"inLanguage\":\"pt-BR\",\"@id\":\"https:\/\/meriti.rj.gov.br\/inicio\/#\/schema\/logo\/image\/\",\"url\":\"https:\/\/meriti.rj.gov.br\/inicio\/wp-content\/uploads\/2023\/04\/cropped-logo.png\",\"contentUrl\":\"https:\/\/meriti.rj.gov.br\/inicio\/wp-content\/uploads\/2023\/04\/cropped-logo.png\",\"width\":512,\"height\":512,\"caption\":\"Prefeitura Municipal de S\u00e3o Jo\u00e3o de Meriti\"},\"image\":{\"@id\":\"https:\/\/meriti.rj.gov.br\/inicio\/#\/schema\/logo\/image\/\"}}]}<\/script>\n<!-- \/ Yoast SEO plugin. -->","yoast_head_json":{"title":"Secretaria Municipal de Aten\u00e7\u00e3o ao Idoso e \u00e0 Pessoa com Defici\u00eancia - Prefeitura Municipal de S\u00e3o Jo\u00e3o de Meriti","robots":{"index":"index","follow":"follow","max-snippet":"max-snippet:-1","max-image-preview":"max-image-preview:large","max-video-preview":"max-video-preview:-1"},"canonical":"https:\/\/meriti.rj.gov.br\/inicio\/secretaria-municipal-de-atencao-ao-idoso-e-a-pessoa-com-deficiencia\/","og_locale":"pt_BR","og_type":"article","og_title":"Secretaria Municipal de Aten\u00e7\u00e3o ao Idoso e \u00e0 Pessoa com Defici\u00eancia - Prefeitura Municipal de S\u00e3o Jo\u00e3o de Meriti","og_description":"Secret\u00e1rio Lorival Almeida de Oliveira Biografia Graduado em Direito e p\u00f3s-graduado em Direito Processual Civil, possui forma\u00e7\u00e3o complementar nas \u00e1reas jur\u00eddica e administrativa, com cursos&hellip;","og_url":"https:\/\/meriti.rj.gov.br\/inicio\/secretaria-municipal-de-atencao-ao-idoso-e-a-pessoa-com-deficiencia\/","og_site_name":"Prefeitura Municipal de S\u00e3o Jo\u00e3o de Meriti","article_modified_time":"2025-12-18T18:24:56+00:00","og_image":[{"width":1536,"height":247,"url":"https:\/\/meriti.rj.gov.br\/inicio\/wp-content\/uploads\/2025\/01\/Secretaria-Municipal-de-Atencao-ao-Idoso-e-a-Pessoa-com-Deficiencia-1.png","type":"image\/png"}],"twitter_card":"summary_large_image","twitter_misc":{"Est. tempo de leitura":"4 minutos"},"schema":{"@context":"https:\/\/schema.org","@graph":[{"@type":"WebPage","@id":"https:\/\/meriti.rj.gov.br\/inicio\/secretaria-municipal-de-atencao-ao-idoso-e-a-pessoa-com-deficiencia\/","url":"https:\/\/meriti.rj.gov.br\/inicio\/secretaria-municipal-de-atencao-ao-idoso-e-a-pessoa-com-deficiencia\/","name":"Secretaria Municipal de Aten\u00e7\u00e3o ao Idoso e \u00e0 Pessoa com Defici\u00eancia - Prefeitura Municipal de S\u00e3o Jo\u00e3o de Meriti","isPartOf":{"@id":"https:\/\/meriti.rj.gov.br\/inicio\/#website"},"primaryImageOfPage":{"@id":"https:\/\/meriti.rj.gov.br\/inicio\/secretaria-municipal-de-atencao-ao-idoso-e-a-pessoa-com-deficiencia\/#primaryimage"},"image":{"@id":"https:\/\/meriti.rj.gov.br\/inicio\/secretaria-municipal-de-atencao-ao-idoso-e-a-pessoa-com-deficiencia\/#primaryimage"},"thumbnailUrl":"https:\/\/meriti.rj.gov.br\/inicio\/wp-content\/uploads\/2025\/01\/Secretaria-Municipal-de-Atencao-ao-Idoso-e-a-Pessoa-com-Deficiencia-1.png","datePublished":"2025-01-07T12:18:30+00:00","dateModified":"2025-12-18T18:24:56+00:00","breadcrumb":{"@id":"https:\/\/meriti.rj.gov.br\/inicio\/secretaria-municipal-de-atencao-ao-idoso-e-a-pessoa-com-deficiencia\/#breadcrumb"},"inLanguage":"pt-BR","potentialAction":[{"@type":"ReadAction","target":["https:\/\/meriti.rj.gov.br\/inicio\/secretaria-municipal-de-atencao-ao-idoso-e-a-pessoa-com-deficiencia\/"]}]},{"@type":"ImageObject","inLanguage":"pt-BR","@id":"https:\/\/meriti.rj.gov.br\/inicio\/secretaria-municipal-de-atencao-ao-idoso-e-a-pessoa-com-deficiencia\/#primaryimage","url":"https:\/\/meriti.rj.gov.br\/inicio\/wp-content\/uploads\/2025\/01\/Secretaria-Municipal-de-Atencao-ao-Idoso-e-a-Pessoa-com-Deficiencia-1.png","contentUrl":"https:\/\/meriti.rj.gov.br\/inicio\/wp-content\/uploads\/2025\/01\/Secretaria-Municipal-de-Atencao-ao-Idoso-e-a-Pessoa-com-Deficiencia-1.png","width":1536,"height":247},{"@type":"BreadcrumbList","@id":"https:\/\/meriti.rj.gov.br\/inicio\/secretaria-municipal-de-atencao-ao-idoso-e-a-pessoa-com-deficiencia\/#breadcrumb","itemListElement":[{"@type":"ListItem","position":1,"name":"In\u00edcio","item":"https:\/\/meriti.rj.gov.br\/inicio\/"},{"@type":"ListItem","position":2,"name":"Secretaria Municipal de Aten\u00e7\u00e3o ao Idoso e \u00e0 Pessoa com Defici\u00eancia"}]},{"@type":"WebSite","@id":"https:\/\/meriti.rj.gov.br\/inicio\/#website","url":"https:\/\/meriti.rj.gov.br\/inicio\/","name":"portal.meriti","description":"Prefeitura Municipal de S\u00e3o Jo\u00e3o de Meriti","publisher":{"@id":"https:\/\/meriti.rj.gov.br\/inicio\/#organization"},"potentialAction":[{"@type":"SearchAction","target":{"@type":"EntryPoint","urlTemplate":"https:\/\/meriti.rj.gov.br\/inicio\/?s={search_term_string}"},"query-input":{"@type":"PropertyValueSpecification","valueRequired":true,"valueName":"search_term_string"}}],"inLanguage":"pt-BR"},{"@type":"Organization","@id":"https:\/\/meriti.rj.gov.br\/inicio\/#organization","name":"Prefeitura Municipal de S\u00e3o Jo\u00e3o de Meriti","url":"https:\/\/meriti.rj.gov.br\/inicio\/","logo":{"@type":"ImageObject","inLanguage":"pt-BR","@id":"https:\/\/meriti.rj.gov.br\/inicio\/#\/schema\/logo\/image\/","url":"https:\/\/meriti.rj.gov.br\/inicio\/wp-content\/uploads\/2023\/04\/cropped-logo.png","contentUrl":"https:\/\/meriti.rj.gov.br\/inicio\/wp-content\/uploads\/2023\/04\/cropped-logo.png","width":512,"height":512,"caption":"Prefeitura Municipal de S\u00e3o Jo\u00e3o de Meriti"},"image":{"@id":"https:\/\/meriti.rj.gov.br\/inicio\/#\/schema\/logo\/image\/"}}]}},"_links":{"self":[{"href":"https:\/\/meriti.rj.gov.br\/inicio\/wp-json\/wp\/v2\/pages\/13762","targetHints":{"allow":["GET"]}}],"collection":[{"href":"https:\/\/meriti.rj.gov.br\/inicio\/wp-json\/wp\/v2\/pages"}],"about":[{"href":"https:\/\/meriti.rj.gov.br\/inicio\/wp-json\/wp\/v2\/types\/page"}],"author":[{"embeddable":true,"href":"https:\/\/meriti.rj.gov.br\/inicio\/wp-json\/wp\/v2\/users\/3"}],"replies":[{"embeddable":true,"href":"https:\/\/meriti.rj.gov.br\/inicio\/wp-json\/wp\/v2\/comments?post=13762"}],"version-history":[{"count":46,"href":"https:\/\/meriti.rj.gov.br\/inicio\/wp-json\/wp\/v2\/pages\/13762\/revisions"}],"predecessor-version":[{"id":20727,"href":"https:\/\/meriti.rj.gov.br\/inicio\/wp-json\/wp\/v2\/pages\/13762\/revisions\/20727"}],"wp:attachment":[{"href":"https:\/\/meriti.rj.gov.br\/inicio\/wp-json\/wp\/v2\/media?parent=13762"}],"curies":[{"name":"wp","href":"https:\/\/api.w.org\/{rel}","templated":true}]}}