{"id":13760,"date":"2025-01-07T09:16:58","date_gmt":"2025-01-07T12:16:58","guid":{"rendered":"https:\/\/meriti.rj.gov.br\/inicio\/?page_id=13760"},"modified":"2026-02-03T12:40:58","modified_gmt":"2026-02-03T15:40:58","slug":"secretaria-municipal-de-cidadania-e-direitos-humanos","status":"publish","type":"page","link":"https:\/\/meriti.rj.gov.br\/inicio\/secretaria-municipal-de-cidadania-e-direitos-humanos\/","title":{"rendered":"Secretaria Municipal de Cidadania e Direitos Humanos"},"content":{"rendered":"\t\t<div data-elementor-type=\"wp-page\" data-elementor-id=\"13760\" class=\"elementor elementor-13760\" data-elementor-post-type=\"page\">\n\t\t\t\t<div class=\"elementor-element elementor-element-191fcb4 e-flex e-con-boxed e-con e-parent\" data-id=\"191fcb4\" data-element_type=\"container\" data-e-type=\"container\">\n\t\t\t\t\t<div class=\"e-con-inner\">\n\t\t\t\t<div class=\"elementor-element elementor-element-f74822d elementor-widget elementor-widget-image\" data-id=\"f74822d\" data-element_type=\"widget\" data-e-type=\"widget\" data-widget_type=\"image.default\">\n\t\t\t\t<div class=\"elementor-widget-container\">\n\t\t\t\t\t\t\t\t\t\t\t\t\t\t\t<img fetchpriority=\"high\" decoding=\"async\" width=\"1536\" height=\"247\" src=\"https:\/\/meriti.rj.gov.br\/inicio\/wp-content\/uploads\/2025\/09\/Banner-Secretaria-Municipal-de-Cidadania-2.jpg\" class=\"attachment-full size-full wp-image-19222\" alt=\"\" srcset=\"https:\/\/meriti.rj.gov.br\/inicio\/wp-content\/uploads\/2025\/09\/Banner-Secretaria-Municipal-de-Cidadania-2.jpg 1536w, https:\/\/meriti.rj.gov.br\/inicio\/wp-content\/uploads\/2025\/09\/Banner-Secretaria-Municipal-de-Cidadania-2-300x48.jpg 300w, https:\/\/meriti.rj.gov.br\/inicio\/wp-content\/uploads\/2025\/09\/Banner-Secretaria-Municipal-de-Cidadania-2-1024x165.jpg 1024w, https:\/\/meriti.rj.gov.br\/inicio\/wp-content\/uploads\/2025\/09\/Banner-Secretaria-Municipal-de-Cidadania-2-768x124.jpg 768w\" sizes=\"(max-width: 1536px) 100vw, 1536px\" \/>\t\t\t\t\t\t\t\t\t\t\t\t\t\t\t<\/div>\n\t\t\t\t<\/div>\n\t\t\t\t\t<\/div>\n\t\t\t\t<\/div>\n\t\t<div class=\"elementor-element elementor-element-024e85a e-con-full e-flex e-con e-parent\" data-id=\"024e85a\" data-element_type=\"container\" data-e-type=\"container\">\n\t\t\t\t<div class=\"elementor-element elementor-element-78b58a2 elementor-widget-mobile__width-initial elementor-widget elementor-widget-html\" data-id=\"78b58a2\" data-element_type=\"widget\" data-e-type=\"widget\" data-widget_type=\"html.default\">\n\t\t\t\t<div class=\"elementor-widget-container\">\n\t\t\t\t\t<body> <!-- Inicio do corpo da p\u00e1gina -->\r\n\r\n   <!-- Conte\u00fado da p\u00e1gina -->\r\n\r\n  <div vw class=\"enabled\">\r\n    <div vw-access-button class=\"active\"><\/div>\r\n    <div vw-plugin-wrapper>\r\n      <div class=\"vw-plugin-top-wrapper\"><\/div>\r\n    <\/div>\r\n  <\/div>\r\n  <script src=\"https:\/\/vlibras.gov.br\/app\/vlibras-plugin.js\"><\/script>\r\n  <script>\r\n    new window.VLibras.Widget('https:\/\/vlibras.gov.br\/app');\r\n  <\/script>\r\n<\/body> <!-- Fim do corpo da p\u00e1gina -->\t\t\t\t<\/div>\n\t\t\t\t<\/div>\n\t\t\t\t<\/div>\n\t\t<div class=\"elementor-element elementor-element-c8bbe9c e-flex e-con-boxed e-con e-parent\" data-id=\"c8bbe9c\" data-element_type=\"container\" data-e-type=\"container\">\n\t\t\t\t\t<div class=\"e-con-inner\">\n\t\t<div class=\"elementor-element elementor-element-fab3398 e-con-full e-flex e-con e-child\" data-id=\"fab3398\" data-element_type=\"container\" data-e-type=\"container\">\n\t\t\t\t<div class=\"elementor-element elementor-element-7556308 elementor-widget elementor-widget-image\" data-id=\"7556308\" data-element_type=\"widget\" data-e-type=\"widget\" data-widget_type=\"image.default\">\n\t\t\t\t<div class=\"elementor-widget-container\">\n\t\t\t\t\t\t\t\t\t\t\t\t\t\t\t<img decoding=\"async\" width=\"300\" height=\"300\" src=\"https:\/\/meriti.rj.gov.br\/inicio\/wp-content\/uploads\/2025\/08\/LETICIA-COSTA-300x300.png\" class=\"attachment-medium size-medium wp-image-18069\" alt=\"\" srcset=\"https:\/\/meriti.rj.gov.br\/inicio\/wp-content\/uploads\/2025\/08\/LETICIA-COSTA-300x300.png 300w, https:\/\/meriti.rj.gov.br\/inicio\/wp-content\/uploads\/2025\/08\/LETICIA-COSTA-150x150.png 150w, https:\/\/meriti.rj.gov.br\/inicio\/wp-content\/uploads\/2025\/08\/LETICIA-COSTA.png 768w\" sizes=\"(max-width: 300px) 100vw, 300px\" \/>\t\t\t\t\t\t\t\t\t\t\t\t\t\t\t<\/div>\n\t\t\t\t<\/div>\n\t\t\t\t<\/div>\n\t\t<div class=\"elementor-element elementor-element-17132d3 e-con-full e-flex e-con e-child\" data-id=\"17132d3\" data-element_type=\"container\" data-e-type=\"container\">\n\t\t\t\t<div class=\"elementor-element elementor-element-eb85751 elementor-widget elementor-widget-text-editor\" data-id=\"eb85751\" data-element_type=\"widget\" data-e-type=\"widget\" data-widget_type=\"text-editor.default\">\n\t\t\t\t<div class=\"elementor-widget-container\">\n\t\t\t\t\t\t\t\t\t<h4 style=\"text-align: left;\"><strong><span style=\"color: #000080;\">Secret\u00e1ria<\/span><\/strong><\/h4><h3>Let\u00edcia Alves Pereira Entrago de Andrade<\/h3><h4 style=\"text-align: left;\"><span style=\"color: #000080;\"><strong>Biografia<\/strong><\/span><\/h4><p><span style=\"color: #333333;\">M\u00e9dica especializada em Cardiologia e Cl\u00ednica M\u00e9dica, com trajet\u00f3ria marcada pelo compromisso com a sa\u00fade p\u00fablica. Filha de professores, entre eles o ex-vereador Francisco Costa, que exerceu cinco mandatos no munic\u00edpio.<\/span><\/p><p><span style=\"color: #333333;\">Foi eleita vereadora para o mandato (2021-2024), destacando-se por sua atua\u00e7\u00e3o nas \u00e1reas da sa\u00fade, inclus\u00e3o e direitos sociais.<\/span><\/p>\t\t\t\t\t\t\t\t<\/div>\n\t\t\t\t<\/div>\n\t\t\t\t<\/div>\n\t\t\t\t\t<\/div>\n\t\t\t\t<\/div>\n\t\t<div class=\"elementor-element elementor-element-3cdad12 e-flex e-con-boxed e-con e-parent\" data-id=\"3cdad12\" data-element_type=\"container\" data-e-type=\"container\">\n\t\t\t\t\t<div class=\"e-con-inner\">\n\t\t\t\t<div class=\"elementor-element elementor-element-33c50a0 elementor-widget elementor-widget-text-editor\" data-id=\"33c50a0\" data-element_type=\"widget\" data-e-type=\"widget\" data-widget_type=\"text-editor.default\">\n\t\t\t\t<div class=\"elementor-widget-container\">\n\t\t\t\t\t\t\t\t\t<h4><span style=\"color: #000080;\"><strong>Atribui\u00e7\u00f5es<\/strong><\/span><\/h4>\t\t\t\t\t\t\t\t<\/div>\n\t\t\t\t<\/div>\n\t\t\t\t\t<\/div>\n\t\t\t\t<\/div>\n\t\t<div class=\"elementor-element elementor-element-f865689 e-flex e-con-boxed e-con e-parent\" data-id=\"f865689\" data-element_type=\"container\" data-e-type=\"container\">\n\t\t\t\t\t<div class=\"e-con-inner\">\n\t\t\t\t<div class=\"elementor-element elementor-element-71f2b30 elementor-widget elementor-widget-text-editor\" data-id=\"71f2b30\" data-element_type=\"widget\" data-e-type=\"widget\" data-widget_type=\"text-editor.default\">\n\t\t\t\t<div class=\"elementor-widget-container\">\n\t\t\t\t\t\t\t\t\t<p style=\"text-align: left;\"><span style=\"color: #333333;\"><strong>A Secretaria Municipal de Cidadania e Direitos Humanos <\/strong>\u00e9 o \u00f3rg\u00e3o respons\u00e1vel por promover o exerc\u00edcio da cidadania atrav\u00e9s de pol\u00edticas de inclus\u00e3o, prote\u00e7\u00e3o, e desenvolvimento de servi\u00e7os p\u00fablicos voltados \u00e0 prote\u00e7\u00e3o das mulheres e da juventude, tendo como objetivos a articula\u00e7\u00e3o, o fortalecimento de redes e a\u00e7\u00f5es comunit\u00e1rias para cidadania e direitos humanos, tendo ainda as seguintes atribui\u00e7\u00f5es:<\/span><\/p><ul><li style=\"text-align: left;\"><span style=\"color: #333333;\">formula\u00e7\u00e3o e implementa\u00e7\u00e3o de pol\u00edticas p\u00fablicas que contribuam com o empoderamento, cidadania e participa\u00e7\u00e3o pol\u00edtica das mulheres;<\/span><\/li><li style=\"text-align: left;\"><span style=\"color: #333333;\">elaborar o planejamento de g\u00eanero que contribua na a\u00e7\u00e3o do governo municipal com a promo\u00e7\u00e3o da igualdade entre os sexos;<\/span><\/li><li style=\"text-align: left;\"><span style=\"color: #333333;\">articular, promover e executar programas de coopera\u00e7\u00e3o entre organismos nacionais e internacionais, p\u00fablicos e privados, voltados \u00e0 implementa\u00e7\u00e3o de pol\u00edticas para as mulheres;<\/span><\/li><li style=\"text-align: left;\"><span style=\"color: #333333;\">articular as pol\u00edticas transversais de g\u00eanero do governo municipal;<\/span><\/li><li style=\"text-align: left;\"><span style=\"color: #333333;\">implementar e coordenar pol\u00edticas de prote\u00e7\u00e3o \u00e0s mulheres em situa\u00e7\u00e3o de vulnerabilidade;<\/span><\/li><li style=\"text-align: left;\"><span style=\"color: #333333;\">implementar, coordenar, monitorar e avaliar o Plano Municipal de Pol\u00edticas para as Mulheres;<\/span><\/li><li style=\"text-align: left;\"><span style=\"color: #333333;\">assegurar a transversalidade das pol\u00edticas para as mulheres, a partir de programas desenvolvidos em parceria com os demais \u00f3rg\u00e3os e entidades da Administra\u00e7\u00e3o P\u00fablica Municipal;<\/span><\/li><li style=\"text-align: left;\"><span style=\"color: #333333;\">implementar programas para a constru\u00e7\u00e3o da autonomia econ\u00f4mica das mulheres;<\/span><\/li><li style=\"text-align: left;\"><span style=\"color: #333333;\">estabelecer a\u00e7\u00f5es visando ao fortalecimento e \u00e0 participa\u00e7\u00e3o das organiza\u00e7\u00f5es do movimento de mulheres;<\/span><\/li><li style=\"text-align: left;\"><span style=\"color: #333333;\">estabelecer parcerias com entidades p\u00fablicas e privadas, nacionais e internacionais, com vistas a promover projetos voltados \u00e0 implementa\u00e7\u00e3o de pol\u00edticas para as mulheres;<\/span><\/li><li style=\"text-align: left;\"><span style=\"color: #333333;\">promover a formula\u00e7\u00e3o de pol\u00edticas e a proposi\u00e7\u00e3o de diretrizes ao Governo Municipal voltadas para a juventude;<\/span><\/li><li style=\"text-align: left;\"><span style=\"color: #333333;\">coordenar o centro de acolhimento e de pol\u00edticas volta- das aos jovens em situa\u00e7\u00e3o de vulnerabilidade;<\/span><\/li><li style=\"text-align: left;\"><span style=\"color: #333333;\">promover em coopera\u00e7\u00e3o com o<\/span><\/li><li style=\"text-align: left;\"><span style=\"color: #333333;\">coordenar a implementa\u00e7\u00e3o das a\u00e7\u00f5es municipais voltadas para o atendimento aos jovens;<\/span><\/li><li style=\"text-align: left;\"><span style=\"color: #333333;\">formular a execu\u00e7\u00e3o, direta ou indiretamente, com parceria com entidades p\u00fablicas e privadas, de programas, projetos e atividades para jovens;<\/span><\/li><li style=\"text-align: left;\"><span style=\"color: #333333;\">promover o apoio a iniciativa da sociedade civil destinados a fortalecer a auto organiza\u00e7\u00e3o dos jovens;<\/span><\/li><li style=\"text-align: left;\"><span style=\"color: #333333;\">promover e incentivar interc\u00e2mbio e entendimento com organiza\u00e7\u00f5es e institui\u00e7\u00f5es afins, de car\u00e1ter nacional ou internacional;<\/span><\/li><li style=\"text-align: left;\"><span style=\"color: #333333;\">promover o desenvolvimento de estudos, debates e pesquisas sobre a vida e a realidade da juventude;<\/span><\/li><li style=\"text-align: left;\"><span style=\"color: #333333;\">conscientizar os diversos setores da sociedade sobre a realidade da juventude, os problemas que enfrenta, suas necessidades e potencialidades;<\/span><\/li><li style=\"text-align: left;\"><span style=\"color: #333333;\">promover campanhas de conscientiza\u00e7\u00e3o e programas educativos junto a Institui\u00e7\u00f5es de ensino e pesquisa, ve\u00edculos de comunica\u00e7\u00e3o e outras entidades, sobre problemas, necessidades, direitos e deveres dos jovens;<\/span><\/li><li style=\"text-align: left;\"><span style=\"color: #333333;\">promover cursos visando a forma\u00e7\u00e3o de t\u00e9cnica de jovens em suas aptid\u00f5es;<\/span><\/li><li style=\"text-align: left;\"><span style=\"color: #333333;\">estabelecer prioridades na implanta\u00e7\u00e3o de projetos e pol\u00edticas p\u00fablicas e programas voltados para a juventude;<\/span><\/li><li style=\"text-align: left;\"><span style=\"color: #333333;\">coordenar, juntamente com a comunidade organizada, e demais secretarias o desenvolvimento de a\u00e7\u00f5es volta- das para a pr\u00e1tica da recrea\u00e7\u00e3o e ao lazer;<\/span><\/li><li style=\"text-align: left;\"><span style=\"color: #333333;\">outras atribui\u00e7\u00f5es correlatas.<\/span><\/li><\/ul>\t\t\t\t\t\t\t\t<\/div>\n\t\t\t\t<\/div>\n\t\t\t\t\t<\/div>\n\t\t\t\t<\/div>\n\t\t<div class=\"elementor-element elementor-element-3abe701 e-flex e-con-boxed e-con e-parent\" data-id=\"3abe701\" data-element_type=\"container\" data-e-type=\"container\">\n\t\t\t\t\t<div class=\"e-con-inner\">\n\t\t\t\t<div class=\"elementor-element elementor-element-74ac2db elementor-widget elementor-widget-text-editor\" data-id=\"74ac2db\" data-element_type=\"widget\" data-e-type=\"widget\" data-widget_type=\"text-editor.default\">\n\t\t\t\t<div class=\"elementor-widget-container\">\n\t\t\t\t\t\t\t\t\t<h4><span style=\"color: #000080;\"><strong>Contato<\/strong><\/span><\/h4>\t\t\t\t\t\t\t\t<\/div>\n\t\t\t\t<\/div>\n\t\t\t\t\t<\/div>\n\t\t\t\t<\/div>\n\t\t<div class=\"elementor-element elementor-element-54aa6d0 e-flex e-con-boxed e-con e-parent\" data-id=\"54aa6d0\" data-element_type=\"container\" data-e-type=\"container\">\n\t\t\t\t\t<div class=\"e-con-inner\">\n\t\t\t\t<div class=\"elementor-element elementor-element-3af7586 elementor-widget elementor-widget-text-editor\" data-id=\"3af7586\" data-element_type=\"widget\" data-e-type=\"widget\" data-widget_type=\"text-editor.default\">\n\t\t\t\t<div class=\"elementor-widget-container\">\n\t\t\t\t\t\t\t\t\t<p><span style=\"color: #2e2d2d;\"><strong>Endere\u00e7o:<\/strong> Av. Presidente Lincoln, 899 \u2013 Jardim Meriti &#8211; S\u00e3o Jo\u00e3o de Meriti \u2013 RJ \u2013 CEP 25555-201<\/span><\/p><p><span style=\"color: #000000;\"><a href=\"https:\/\/maps.app.goo.gl\/7GgkXZy4P8CcU22t5\"><strong>\u27a1\ufe0fCOMO CHEGAR<\/strong><\/a><\/span><\/p><p><span style=\"color: #2e2d2d;\"><strong>Telefone:<\/strong><\/span><\/p><p><span style=\"color: #000000;\"><strong>E-mail<\/strong>: <a href=\"mailto:semad@meriti.rj.gov.br\">smcida@meriti.rj.gov.br<\/a><\/span><\/p><p><strong>Hor\u00e1rio de Funcionamento<\/strong>: de segunda a sexta-feira das 8:30h \u00e0s 17:30h<\/p>\t\t\t\t\t\t\t\t<\/div>\n\t\t\t\t<\/div>\n\t\t\t\t\t<\/div>\n\t\t\t\t<\/div>\n\t\t\t\t<\/div>\n\t\t","protected":false},"excerpt":{"rendered":"<p>Secret\u00e1ria Let\u00edcia Alves Pereira Entrago de Andrade Biografia M\u00e9dica especializada em Cardiologia e Cl\u00ednica M\u00e9dica, com trajet\u00f3ria marcada pelo compromisso com a sa\u00fade p\u00fablica. Filha&hellip;<\/p>\n","protected":false},"author":3,"featured_media":0,"parent":0,"menu_order":0,"comment_status":"closed","ping_status":"closed","template":"","meta":{"footnotes":""},"class_list":["post-13760","page","type-page","status-publish","hentry"],"yoast_head":"<!-- This site is optimized with the Yoast SEO plugin v27.2 - https:\/\/yoast.com\/product\/yoast-seo-wordpress\/ -->\n<title>Secretaria Municipal de Cidadania e Direitos Humanos - Prefeitura Municipal de S\u00e3o Jo\u00e3o de Meriti<\/title>\n<meta name=\"robots\" content=\"index, follow, max-snippet:-1, max-image-preview:large, max-video-preview:-1\" \/>\n<link rel=\"canonical\" href=\"https:\/\/meriti.rj.gov.br\/inicio\/secretaria-municipal-de-cidadania-e-direitos-humanos\/\" \/>\n<meta property=\"og:locale\" content=\"pt_BR\" \/>\n<meta property=\"og:type\" content=\"article\" \/>\n<meta property=\"og:title\" content=\"Secretaria Municipal de Cidadania e Direitos Humanos - Prefeitura Municipal de S\u00e3o Jo\u00e3o de Meriti\" \/>\n<meta property=\"og:description\" content=\"Secret\u00e1ria Let\u00edcia Alves Pereira Entrago de Andrade Biografia M\u00e9dica especializada em Cardiologia e Cl\u00ednica M\u00e9dica, com trajet\u00f3ria marcada pelo compromisso com a sa\u00fade p\u00fablica. Filha&hellip;\" \/>\n<meta property=\"og:url\" content=\"https:\/\/meriti.rj.gov.br\/inicio\/secretaria-municipal-de-cidadania-e-direitos-humanos\/\" \/>\n<meta property=\"og:site_name\" content=\"Prefeitura Municipal de S\u00e3o Jo\u00e3o de Meriti\" \/>\n<meta property=\"article:modified_time\" content=\"2026-02-03T15:40:58+00:00\" \/>\n<meta property=\"og:image\" content=\"https:\/\/meriti.rj.gov.br\/inicio\/wp-content\/uploads\/2025\/09\/Banner-Secretaria-Municipal-de-Cidadania-2.jpg\" \/>\n<meta name=\"twitter:card\" content=\"summary_large_image\" \/>\n<meta name=\"twitter:label1\" content=\"Est. tempo de leitura\" \/>\n\t<meta name=\"twitter:data1\" content=\"4 minutos\" \/>\n<script type=\"application\/ld+json\" class=\"yoast-schema-graph\">{\"@context\":\"https:\/\/schema.org\",\"@graph\":[{\"@type\":\"WebPage\",\"@id\":\"https:\/\/meriti.rj.gov.br\/inicio\/secretaria-municipal-de-cidadania-e-direitos-humanos\/\",\"url\":\"https:\/\/meriti.rj.gov.br\/inicio\/secretaria-municipal-de-cidadania-e-direitos-humanos\/\",\"name\":\"Secretaria Municipal de Cidadania e Direitos Humanos - Prefeitura Municipal de S\u00e3o Jo\u00e3o de Meriti\",\"isPartOf\":{\"@id\":\"https:\/\/meriti.rj.gov.br\/inicio\/#website\"},\"primaryImageOfPage\":{\"@id\":\"https:\/\/meriti.rj.gov.br\/inicio\/secretaria-municipal-de-cidadania-e-direitos-humanos\/#primaryimage\"},\"image\":{\"@id\":\"https:\/\/meriti.rj.gov.br\/inicio\/secretaria-municipal-de-cidadania-e-direitos-humanos\/#primaryimage\"},\"thumbnailUrl\":\"https:\/\/meriti.rj.gov.br\/inicio\/wp-content\/uploads\/2025\/09\/Banner-Secretaria-Municipal-de-Cidadania-2.jpg\",\"datePublished\":\"2025-01-07T12:16:58+00:00\",\"dateModified\":\"2026-02-03T15:40:58+00:00\",\"breadcrumb\":{\"@id\":\"https:\/\/meriti.rj.gov.br\/inicio\/secretaria-municipal-de-cidadania-e-direitos-humanos\/#breadcrumb\"},\"inLanguage\":\"pt-BR\",\"potentialAction\":[{\"@type\":\"ReadAction\",\"target\":[\"https:\/\/meriti.rj.gov.br\/inicio\/secretaria-municipal-de-cidadania-e-direitos-humanos\/\"]}]},{\"@type\":\"ImageObject\",\"inLanguage\":\"pt-BR\",\"@id\":\"https:\/\/meriti.rj.gov.br\/inicio\/secretaria-municipal-de-cidadania-e-direitos-humanos\/#primaryimage\",\"url\":\"https:\/\/meriti.rj.gov.br\/inicio\/wp-content\/uploads\/2025\/09\/Banner-Secretaria-Municipal-de-Cidadania-2.jpg\",\"contentUrl\":\"https:\/\/meriti.rj.gov.br\/inicio\/wp-content\/uploads\/2025\/09\/Banner-Secretaria-Municipal-de-Cidadania-2.jpg\",\"width\":1536,\"height\":247},{\"@type\":\"BreadcrumbList\",\"@id\":\"https:\/\/meriti.rj.gov.br\/inicio\/secretaria-municipal-de-cidadania-e-direitos-humanos\/#breadcrumb\",\"itemListElement\":[{\"@type\":\"ListItem\",\"position\":1,\"name\":\"In\u00edcio\",\"item\":\"https:\/\/meriti.rj.gov.br\/inicio\/\"},{\"@type\":\"ListItem\",\"position\":2,\"name\":\"Secretaria Municipal de Cidadania e Direitos Humanos\"}]},{\"@type\":\"WebSite\",\"@id\":\"https:\/\/meriti.rj.gov.br\/inicio\/#website\",\"url\":\"https:\/\/meriti.rj.gov.br\/inicio\/\",\"name\":\"portal.meriti\",\"description\":\"Prefeitura Municipal de S\u00e3o Jo\u00e3o de Meriti\",\"publisher\":{\"@id\":\"https:\/\/meriti.rj.gov.br\/inicio\/#organization\"},\"potentialAction\":[{\"@type\":\"SearchAction\",\"target\":{\"@type\":\"EntryPoint\",\"urlTemplate\":\"https:\/\/meriti.rj.gov.br\/inicio\/?s={search_term_string}\"},\"query-input\":{\"@type\":\"PropertyValueSpecification\",\"valueRequired\":true,\"valueName\":\"search_term_string\"}}],\"inLanguage\":\"pt-BR\"},{\"@type\":\"Organization\",\"@id\":\"https:\/\/meriti.rj.gov.br\/inicio\/#organization\",\"name\":\"Prefeitura Municipal de S\u00e3o Jo\u00e3o de Meriti\",\"url\":\"https:\/\/meriti.rj.gov.br\/inicio\/\",\"logo\":{\"@type\":\"ImageObject\",\"inLanguage\":\"pt-BR\",\"@id\":\"https:\/\/meriti.rj.gov.br\/inicio\/#\/schema\/logo\/image\/\",\"url\":\"https:\/\/meriti.rj.gov.br\/inicio\/wp-content\/uploads\/2023\/04\/cropped-logo.png\",\"contentUrl\":\"https:\/\/meriti.rj.gov.br\/inicio\/wp-content\/uploads\/2023\/04\/cropped-logo.png\",\"width\":512,\"height\":512,\"caption\":\"Prefeitura Municipal de S\u00e3o Jo\u00e3o de Meriti\"},\"image\":{\"@id\":\"https:\/\/meriti.rj.gov.br\/inicio\/#\/schema\/logo\/image\/\"}}]}<\/script>\n<!-- \/ Yoast SEO plugin. -->","yoast_head_json":{"title":"Secretaria Municipal de Cidadania e Direitos Humanos - Prefeitura Municipal de S\u00e3o Jo\u00e3o de Meriti","robots":{"index":"index","follow":"follow","max-snippet":"max-snippet:-1","max-image-preview":"max-image-preview:large","max-video-preview":"max-video-preview:-1"},"canonical":"https:\/\/meriti.rj.gov.br\/inicio\/secretaria-municipal-de-cidadania-e-direitos-humanos\/","og_locale":"pt_BR","og_type":"article","og_title":"Secretaria Municipal de Cidadania e Direitos Humanos - Prefeitura Municipal de S\u00e3o Jo\u00e3o de Meriti","og_description":"Secret\u00e1ria Let\u00edcia Alves Pereira Entrago de Andrade Biografia M\u00e9dica especializada em Cardiologia e Cl\u00ednica M\u00e9dica, com trajet\u00f3ria marcada pelo compromisso com a sa\u00fade p\u00fablica. Filha&hellip;","og_url":"https:\/\/meriti.rj.gov.br\/inicio\/secretaria-municipal-de-cidadania-e-direitos-humanos\/","og_site_name":"Prefeitura Municipal de S\u00e3o Jo\u00e3o de Meriti","article_modified_time":"2026-02-03T15:40:58+00:00","og_image":[{"url":"https:\/\/meriti.rj.gov.br\/inicio\/wp-content\/uploads\/2025\/09\/Banner-Secretaria-Municipal-de-Cidadania-2.jpg","type":"","width":"","height":""}],"twitter_card":"summary_large_image","twitter_misc":{"Est. tempo de leitura":"4 minutos"},"schema":{"@context":"https:\/\/schema.org","@graph":[{"@type":"WebPage","@id":"https:\/\/meriti.rj.gov.br\/inicio\/secretaria-municipal-de-cidadania-e-direitos-humanos\/","url":"https:\/\/meriti.rj.gov.br\/inicio\/secretaria-municipal-de-cidadania-e-direitos-humanos\/","name":"Secretaria Municipal de Cidadania e Direitos Humanos - Prefeitura Municipal de S\u00e3o Jo\u00e3o de Meriti","isPartOf":{"@id":"https:\/\/meriti.rj.gov.br\/inicio\/#website"},"primaryImageOfPage":{"@id":"https:\/\/meriti.rj.gov.br\/inicio\/secretaria-municipal-de-cidadania-e-direitos-humanos\/#primaryimage"},"image":{"@id":"https:\/\/meriti.rj.gov.br\/inicio\/secretaria-municipal-de-cidadania-e-direitos-humanos\/#primaryimage"},"thumbnailUrl":"https:\/\/meriti.rj.gov.br\/inicio\/wp-content\/uploads\/2025\/09\/Banner-Secretaria-Municipal-de-Cidadania-2.jpg","datePublished":"2025-01-07T12:16:58+00:00","dateModified":"2026-02-03T15:40:58+00:00","breadcrumb":{"@id":"https:\/\/meriti.rj.gov.br\/inicio\/secretaria-municipal-de-cidadania-e-direitos-humanos\/#breadcrumb"},"inLanguage":"pt-BR","potentialAction":[{"@type":"ReadAction","target":["https:\/\/meriti.rj.gov.br\/inicio\/secretaria-municipal-de-cidadania-e-direitos-humanos\/"]}]},{"@type":"ImageObject","inLanguage":"pt-BR","@id":"https:\/\/meriti.rj.gov.br\/inicio\/secretaria-municipal-de-cidadania-e-direitos-humanos\/#primaryimage","url":"https:\/\/meriti.rj.gov.br\/inicio\/wp-content\/uploads\/2025\/09\/Banner-Secretaria-Municipal-de-Cidadania-2.jpg","contentUrl":"https:\/\/meriti.rj.gov.br\/inicio\/wp-content\/uploads\/2025\/09\/Banner-Secretaria-Municipal-de-Cidadania-2.jpg","width":1536,"height":247},{"@type":"BreadcrumbList","@id":"https:\/\/meriti.rj.gov.br\/inicio\/secretaria-municipal-de-cidadania-e-direitos-humanos\/#breadcrumb","itemListElement":[{"@type":"ListItem","position":1,"name":"In\u00edcio","item":"https:\/\/meriti.rj.gov.br\/inicio\/"},{"@type":"ListItem","position":2,"name":"Secretaria Municipal de Cidadania e Direitos Humanos"}]},{"@type":"WebSite","@id":"https:\/\/meriti.rj.gov.br\/inicio\/#website","url":"https:\/\/meriti.rj.gov.br\/inicio\/","name":"portal.meriti","description":"Prefeitura Municipal de S\u00e3o Jo\u00e3o de Meriti","publisher":{"@id":"https:\/\/meriti.rj.gov.br\/inicio\/#organization"},"potentialAction":[{"@type":"SearchAction","target":{"@type":"EntryPoint","urlTemplate":"https:\/\/meriti.rj.gov.br\/inicio\/?s={search_term_string}"},"query-input":{"@type":"PropertyValueSpecification","valueRequired":true,"valueName":"search_term_string"}}],"inLanguage":"pt-BR"},{"@type":"Organization","@id":"https:\/\/meriti.rj.gov.br\/inicio\/#organization","name":"Prefeitura Municipal de S\u00e3o Jo\u00e3o de Meriti","url":"https:\/\/meriti.rj.gov.br\/inicio\/","logo":{"@type":"ImageObject","inLanguage":"pt-BR","@id":"https:\/\/meriti.rj.gov.br\/inicio\/#\/schema\/logo\/image\/","url":"https:\/\/meriti.rj.gov.br\/inicio\/wp-content\/uploads\/2023\/04\/cropped-logo.png","contentUrl":"https:\/\/meriti.rj.gov.br\/inicio\/wp-content\/uploads\/2023\/04\/cropped-logo.png","width":512,"height":512,"caption":"Prefeitura Municipal de S\u00e3o Jo\u00e3o de Meriti"},"image":{"@id":"https:\/\/meriti.rj.gov.br\/inicio\/#\/schema\/logo\/image\/"}}]}},"_links":{"self":[{"href":"https:\/\/meriti.rj.gov.br\/inicio\/wp-json\/wp\/v2\/pages\/13760","targetHints":{"allow":["GET"]}}],"collection":[{"href":"https:\/\/meriti.rj.gov.br\/inicio\/wp-json\/wp\/v2\/pages"}],"about":[{"href":"https:\/\/meriti.rj.gov.br\/inicio\/wp-json\/wp\/v2\/types\/page"}],"author":[{"embeddable":true,"href":"https:\/\/meriti.rj.gov.br\/inicio\/wp-json\/wp\/v2\/users\/3"}],"replies":[{"embeddable":true,"href":"https:\/\/meriti.rj.gov.br\/inicio\/wp-json\/wp\/v2\/comments?post=13760"}],"version-history":[{"count":44,"href":"https:\/\/meriti.rj.gov.br\/inicio\/wp-json\/wp\/v2\/pages\/13760\/revisions"}],"predecessor-version":[{"id":21372,"href":"https:\/\/meriti.rj.gov.br\/inicio\/wp-json\/wp\/v2\/pages\/13760\/revisions\/21372"}],"wp:attachment":[{"href":"https:\/\/meriti.rj.gov.br\/inicio\/wp-json\/wp\/v2\/media?parent=13760"}],"curies":[{"name":"wp","href":"https:\/\/api.w.org\/{rel}","templated":true}]}}