{"id":1121,"date":"2023-04-24T09:58:14","date_gmt":"2023-04-24T12:58:14","guid":{"rendered":"http:\/\/localhost\/wordpress\/?page_id=1121"},"modified":"2026-01-19T12:29:42","modified_gmt":"2026-01-19T15:29:42","slug":"secretaria-municipal-de-administracao","status":"publish","type":"page","link":"https:\/\/meriti.rj.gov.br\/inicio\/secretaria-municipal-de-administracao\/","title":{"rendered":"Secretaria Municipal de Administra\u00e7\u00e3o"},"content":{"rendered":"\t\t<div data-elementor-type=\"wp-page\" data-elementor-id=\"1121\" class=\"elementor elementor-1121\" data-elementor-post-type=\"page\">\n\t\t\t\t\t\t<section class=\"elementor-section elementor-top-section elementor-element elementor-element-10ced86 elementor-section-boxed elementor-section-height-default elementor-section-height-default\" data-id=\"10ced86\" data-element_type=\"section\" data-e-type=\"section\">\n\t\t\t\t\t\t<div class=\"elementor-container elementor-column-gap-no\">\n\t\t\t\t\t<div class=\"elementor-column elementor-col-100 elementor-top-column elementor-element elementor-element-01e818e\" data-id=\"01e818e\" data-element_type=\"column\" data-e-type=\"column\">\n\t\t\t<div class=\"elementor-widget-wrap elementor-element-populated\">\n\t\t\t\t\t\t<div class=\"elementor-element elementor-element-fabea31 elementor-widget elementor-widget-image\" data-id=\"fabea31\" data-element_type=\"widget\" data-e-type=\"widget\" data-widget_type=\"image.default\">\n\t\t\t\t<div class=\"elementor-widget-container\">\n\t\t\t\t\t\t\t\t\t\t\t\t\t\t\t<img fetchpriority=\"high\" decoding=\"async\" width=\"1536\" height=\"247\" src=\"https:\/\/meriti.rj.gov.br\/inicio\/wp-content\/uploads\/2025\/01\/Secretaria-Municipal-de-Administracao.png\" class=\"attachment-full size-full wp-image-13462\" alt=\"\" srcset=\"https:\/\/meriti.rj.gov.br\/inicio\/wp-content\/uploads\/2025\/01\/Secretaria-Municipal-de-Administracao.png 1536w, https:\/\/meriti.rj.gov.br\/inicio\/wp-content\/uploads\/2025\/01\/Secretaria-Municipal-de-Administracao-300x48.png 300w, https:\/\/meriti.rj.gov.br\/inicio\/wp-content\/uploads\/2025\/01\/Secretaria-Municipal-de-Administracao-1024x165.png 1024w, https:\/\/meriti.rj.gov.br\/inicio\/wp-content\/uploads\/2025\/01\/Secretaria-Municipal-de-Administracao-768x124.png 768w\" sizes=\"(max-width: 1536px) 100vw, 1536px\" \/>\t\t\t\t\t\t\t\t\t\t\t\t\t\t\t<\/div>\n\t\t\t\t<\/div>\n\t\t\t\t<div class=\"elementor-element elementor-element-a74be8f elementor-widget-mobile__width-initial elementor-widget elementor-widget-html\" data-id=\"a74be8f\" data-element_type=\"widget\" data-e-type=\"widget\" data-widget_type=\"html.default\">\n\t\t\t\t<div class=\"elementor-widget-container\">\n\t\t\t\t\t<body> <!-- Inicio do corpo da p\u00e1gina -->\r\n\r\n   <!-- Conte\u00fado da p\u00e1gina -->\r\n\r\n  <div vw class=\"enabled\">\r\n    <div vw-access-button class=\"active\"><\/div>\r\n    <div vw-plugin-wrapper>\r\n      <div class=\"vw-plugin-top-wrapper\"><\/div>\r\n    <\/div>\r\n  <\/div>\r\n  <script src=\"https:\/\/vlibras.gov.br\/app\/vlibras-plugin.js\"><\/script>\r\n  <script>\r\n    new window.VLibras.Widget('https:\/\/vlibras.gov.br\/app');\r\n  <\/script>\r\n<\/body> <!-- Fim do corpo da p\u00e1gina -->\t\t\t\t<\/div>\n\t\t\t\t<\/div>\n\t\t\t\t\t<\/div>\n\t\t<\/div>\n\t\t\t\t\t<\/div>\n\t\t<\/section>\n\t\t<div class=\"elementor-element elementor-element-4fdce02 e-flex e-con-boxed e-con e-parent\" data-id=\"4fdce02\" data-element_type=\"container\" data-e-type=\"container\">\n\t\t\t\t\t<div class=\"e-con-inner\">\n\t\t<div class=\"elementor-element elementor-element-8731076 e-con-full e-flex e-con e-child\" data-id=\"8731076\" data-element_type=\"container\" data-e-type=\"container\">\n\t\t\t\t<div class=\"elementor-element elementor-element-8d0ada8 elementor-widget elementor-widget-image\" data-id=\"8d0ada8\" data-element_type=\"widget\" data-e-type=\"widget\" data-widget_type=\"image.default\">\n\t\t\t\t<div class=\"elementor-widget-container\">\n\t\t\t\t\t\t\t\t\t\t\t\t\t\t\t<img decoding=\"async\" width=\"300\" height=\"300\" src=\"https:\/\/meriti.rj.gov.br\/inicio\/wp-content\/uploads\/2026\/01\/LUCIANO-ROLIM-SEC-ADM-300x300.png\" class=\"attachment-medium size-medium wp-image-21091\" alt=\"\" srcset=\"https:\/\/meriti.rj.gov.br\/inicio\/wp-content\/uploads\/2026\/01\/LUCIANO-ROLIM-SEC-ADM-300x300.png 300w, https:\/\/meriti.rj.gov.br\/inicio\/wp-content\/uploads\/2026\/01\/LUCIANO-ROLIM-SEC-ADM-150x150.png 150w, https:\/\/meriti.rj.gov.br\/inicio\/wp-content\/uploads\/2026\/01\/LUCIANO-ROLIM-SEC-ADM.png 768w\" sizes=\"(max-width: 300px) 100vw, 300px\" \/>\t\t\t\t\t\t\t\t\t\t\t\t\t\t\t<\/div>\n\t\t\t\t<\/div>\n\t\t\t\t<\/div>\n\t\t<div class=\"elementor-element elementor-element-ea1727c e-con-full e-flex e-con e-child\" data-id=\"ea1727c\" data-element_type=\"container\" data-e-type=\"container\">\n\t\t\t\t<div class=\"elementor-element elementor-element-df09b37 elementor-widget elementor-widget-text-editor\" data-id=\"df09b37\" data-element_type=\"widget\" data-e-type=\"widget\" data-widget_type=\"text-editor.default\">\n\t\t\t\t<div class=\"elementor-widget-container\">\n\t\t\t\t\t\t\t\t\t<h4 style=\"text-align: left;\"><strong><span style=\"color: #000080;\">Secret\u00e1rio<\/span><\/strong><\/h4>\n<h3 style=\"text-align: left;\">Luciano Jose Lopes Rolim<\/h3>\n<h4 style=\"text-align: left;\"><span style=\"color: #000080;\"><strong>Biografia<\/strong><\/span><\/h4><p style=\"color: #333333;\">Graduado em Administra\u00e7\u00e3o, com p\u00f3s-gradua\u00e7\u00e3o e MBA Executivo pela Funda\u00e7\u00e3o Get\u00falio Vargas (FGV), possui forma\u00e7\u00e3o voltada \u00e0 Gest\u00e3o Estrat\u00e9gica, Empreendedorismo e Desenvolvimento de Neg\u00f3cios. Atua h\u00e1 mais de duas d\u00e9cadas na administra\u00e7\u00e3o p\u00fablica e na iniciativa privada, com experi\u00eancia em dire\u00e7\u00e3o superior, planejamento institucional e coordena\u00e7\u00e3o administrativa.\n\nExerceu fun\u00e7\u00f5es como secret\u00e1rio municipal de Fazenda e Planejamento em S\u00e3o Jo\u00e3o de Meriti, presidente do Gabinete de Apoio T\u00e9cnico ao Prefeito, e secret\u00e1rio de Gest\u00e3o e Moderniza\u00e7\u00e3o Administrativa.\n\nDestaca-se pela atua\u00e7\u00e3o t\u00e9cnica na elabora\u00e7\u00e3o, revis\u00e3o e moderniza\u00e7\u00e3o de marcos legais municipais, com participa\u00e7\u00e3o direta na constru\u00e7\u00e3o do C\u00f3digo Tribut\u00e1rio Municipal, Planta Gen\u00e9rica de Valores (PGV), C\u00f3digo de Posturas, C\u00f3digo de Obras e Plano Diretor de Desenvolvimento Urbano, em munic\u00edpios do Estado do Rio de Janeiro e de outras unidades da Federa\u00e7\u00e3o. Tamb\u00e9m atua na integra\u00e7\u00e3o de tecnologias digitais, geoprocessamento e solu\u00e7\u00f5es baseadas em Intelig\u00eancia Artificial.\n\n&nbsp;\t\t\t\t\t\t\t\t<\/div>\n\t\t\t\t<\/div>\n\t\t\t\t<\/div>\n\t\t\t\t\t<\/div>\n\t\t\t\t<\/div>\n\t\t<div class=\"elementor-element elementor-element-2f1d16b e-flex e-con-boxed e-con e-parent\" data-id=\"2f1d16b\" data-element_type=\"container\" data-e-type=\"container\">\n\t\t\t\t\t<div class=\"e-con-inner\">\n\t\t\t\t<div class=\"elementor-element elementor-element-0b67807 elementor-widget elementor-widget-text-editor\" data-id=\"0b67807\" data-element_type=\"widget\" data-e-type=\"widget\" data-widget_type=\"text-editor.default\">\n\t\t\t\t<div class=\"elementor-widget-container\">\n\t\t\t\t\t\t\t\t\t<h3><span style=\"color: #000080;\"><strong>Atribui\u00e7\u00f5es<\/strong><\/span><\/h3>\t\t\t\t\t\t\t\t<\/div>\n\t\t\t\t<\/div>\n\t\t\t\t\t<\/div>\n\t\t\t\t<\/div>\n\t\t<div class=\"elementor-element elementor-element-9256850 e-flex e-con-boxed e-con e-parent\" data-id=\"9256850\" data-element_type=\"container\" data-e-type=\"container\">\n\t\t\t\t\t<div class=\"e-con-inner\">\n\t\t<div class=\"elementor-element elementor-element-687e912 e-con-full e-flex e-con e-child\" data-id=\"687e912\" data-element_type=\"container\" data-e-type=\"container\">\n\t\t\t\t<div class=\"elementor-element elementor-element-16a80dd elementor-widget-laptop__width-initial elementor-widget-mobile__width-initial elementor-widget elementor-widget-text-editor\" data-id=\"16a80dd\" data-element_type=\"widget\" data-e-type=\"widget\" data-widget_type=\"text-editor.default\">\n\t\t\t\t<div class=\"elementor-widget-container\">\n\t\t\t\t\t\t\t\t\t<p><span style=\"color: #333333;\"><strong>A Secretaria de Administra\u00e7\u00e3o do Munic\u00edpio<\/strong>\u00a0<!--StartFragment --><span class=\"cf0\">\u00e9 respons\u00e1vel em formular e implementar pol\u00edticas e\u00a0<\/span><span class=\"cf0\">diretrizes administrativas, no \u00e2mbito da prefeitura, para a\u00a0<\/span><span class=\"cf0\">gest\u00e3o de pessoas, de bens e patrim\u00f4nio, na moderniza\u00e7\u00e3o\u00a0<\/span><span class=\"cf0\">administrativa, na seguran\u00e7a e medicina do trabalho, com\u00a0<\/span><span class=\"cf0\">\u00eanfase na valoriza\u00e7\u00e3o do servidor, tendo ainda as seguintes\u00a0<\/span><span class=\"cf0\">atribui\u00e7\u00f5es:<\/span><\/span><\/p><ul><li><span class=\"cf0\" style=\"color: #333333;\">supervisionar, coordenar e implementar as atividades referentes \u00e0 administra\u00e7\u00e3o de pessoal;<\/span><\/li><li><span class=\"cf0\" style=\"color: #333333;\">promover a gest\u00e3o da folha de pagamento dos servidores;<\/span><\/li><li><span class=\"cf0\" style=\"color: #333333;\">assegurar a observ\u00e2ncia da legisla\u00e7\u00e3o atinente ao pessoal, propondo as altera\u00e7\u00f5es que julgar necess\u00e1rias;<\/span><\/li><li><span class=\"cf0\" style=\"color: #333333;\">examinar e opinar em quest\u00f5es relativas a direitos, deveres e vantagens dos servidores, submetendo- as \u00e0 aprecia\u00e7\u00e3o da Procuradoria Geral do Munic\u00edpio, quando pertinente;<\/span><\/li><li><span style=\"color: #333333;\"><span class=\"cf0\">propor a admiss\u00e3o, exonera\u00e7\u00e3o, demiss\u00e3o, dispensa e <\/span><span class=\"cf0\">disponibilidade de servidores, diligenciando quanto \u00e0 realiza\u00e7\u00e3o de concurso p\u00fablico;<\/span><\/span><\/li><li><span class=\"cf0\" style=\"color: #333333;\">promover e executar as pol\u00edticas de forma\u00e7\u00e3o, capacita\u00e7\u00e3o e aperfei\u00e7oamento do servidor p\u00fablico municipal, fortalecendo o sistema de m\u00e9rito para os casos de promo\u00e7\u00e3o funcional;<\/span><\/li><li><span class=\"cf0\" style=\"color: #333333;\">coordenar a execu\u00e7\u00e3o dos programas de desenvolvimento da administra\u00e7\u00e3o de pessoal, definidos pelo Conselho de Pol\u00edtica de Administra\u00e7\u00e3o e Remunera\u00e7\u00e3o de Pessoal;<\/span><\/li><li><span class=\"cf0\" style=\"color: #333333;\">incentivar e promover a descentraliza\u00e7\u00e3o dos servi\u00e7os, facilitando e racionalizando as rotinas de trabalho, a formaliza\u00e7\u00e3o de atos administrativos e o cumprimento de metas;<\/span><\/li><li><span class=\"cf0\" style=\"color: #333333;\">estabelecer normas, crit\u00e9rios, programas e princ\u00edpios de observ\u00e2ncia obrigat\u00f3ria, para a execu\u00e7\u00e3o de servi\u00e7os de rotina, atrav\u00e9s de modernas t\u00e9cnicas de organiza\u00e7\u00e3o e m\u00e9todos;<\/span><\/li><li><span class=\"cf0\" style=\"color: #333333;\">avaliar o comportamento administrativo dos \u00f3rg\u00e3os da estrutura municipal, diligenciando no sentido de uniformizar procedimentos e normas de car\u00e1ter geral;<\/span><\/li><li><span class=\"cf0\" style=\"color: #333333;\">providenciar a divulga\u00e7\u00e3o dos atos da Secretaria e de mat\u00e9rias de interesse do servidor;<\/span><\/li><li><span class=\"cf0\" style=\"color: #333333;\">implantar e coordenar o sistema de avalia\u00e7\u00e3o peri\u00f3dica de desempenho do servidor, atrav\u00e9s de comiss\u00e3o institu\u00edda para essa finalidade;<\/span><\/li><li><span class=\"cf0\" style=\"color: #333333;\">manter em permanente atua\u00e7\u00e3o a Medicina do Trabalho;<\/span><\/li><li><span class=\"cf0\" style=\"color: #333333;\">articular a\u00e7\u00f5es de relacionamento com as demais Secretarias e unidades administrativas do munic\u00edpio com vistas \u00e0 divulga\u00e7\u00e3o de assuntos de interesse do p\u00fablico interno;<\/span><\/li><li><span class=\"cf0\" style=\"color: #333333;\">efetuar o controle do Almoxarifado Central para atender \u00e0s necessidades da Administra\u00e7\u00e3o P\u00fablica, devendo haver rigoroso controle de estoques, tanto na movimenta\u00e7\u00e3o de mercadorias e na reserva t\u00e9cnica, como no acondicionamento dos itens segundo as suas especificidades.<\/span><\/li><li><span class=\"cf0\" style=\"color: #333333;\">providenciar a manuten\u00e7\u00e3o e a recupera\u00e7\u00e3o de m\u00e1quinas e equipamentos;<\/span><\/li><li><span class=\"cf0\" style=\"color: #333333;\">desempenhar as atividades inerentes ao controle do patrim\u00f4nio p\u00fablico municipal, bem como, anualmente, proceder \u00e0 presta\u00e7\u00e3o de contas;<\/span><\/li><li><span class=\"cf0\" style=\"color: #333333;\">coordenar e supervisionar o sistema de telecomunica\u00e7\u00e3o da Administra\u00e7\u00e3o P\u00fablica municipal;<\/span><\/li><li><span class=\"cf0\" style=\"color: #333333;\">apoiar os processos internos e em especial nos processos ligados \u00e0s atividades fins dos \u00f3rg\u00e3os buscando a melhoria cont\u00ednua dos mesmos;<\/span><\/li><li><span style=\"color: #333333;\"><span class=\"cf0\">propor e implantar pol\u00edticas, diretrizes para planejamento de aquisi\u00e7\u00e3o de bens e servi\u00e7os de forma a assegurar <\/span><span class=\"cf0\">o abastecimento das unidades administrativas, com o objetivo de garantir economicidade para munic\u00edpio;<\/span><\/span><\/li><li><span class=\"cf0\" style=\"color: #333333;\">assegurar a confiabilidade das entregas de bens e servi\u00e7os;<\/span><\/li><li><span class=\"cf0\" style=\"color: #333333;\">outras atribui\u00e7\u00f5es correlatas.<\/span><\/li><\/ul><p><span style=\"color: #333333;\"><!--EndFragment --><\/span><\/p>\t\t\t\t\t\t\t\t<\/div>\n\t\t\t\t<\/div>\n\t\t\t\t<\/div>\n\t\t\t\t\t<\/div>\n\t\t\t\t<\/div>\n\t\t<div class=\"elementor-element elementor-element-362b4b3 e-flex e-con-boxed e-con e-parent\" data-id=\"362b4b3\" data-element_type=\"container\" data-e-type=\"container\">\n\t\t\t\t\t<div class=\"e-con-inner\">\n\t\t\t\t<div class=\"elementor-element elementor-element-259e028 elementor-widget elementor-widget-text-editor\" data-id=\"259e028\" data-element_type=\"widget\" data-e-type=\"widget\" data-widget_type=\"text-editor.default\">\n\t\t\t\t<div class=\"elementor-widget-container\">\n\t\t\t\t\t\t\t\t\t<h3><span style=\"color: #000080;\"><strong>Contato<\/strong><\/span><\/h3>\t\t\t\t\t\t\t\t<\/div>\n\t\t\t\t<\/div>\n\t\t\t\t\t<\/div>\n\t\t\t\t<\/div>\n\t\t<div class=\"elementor-element elementor-element-b396488 e-flex e-con-boxed e-con e-parent\" data-id=\"b396488\" data-element_type=\"container\" data-e-type=\"container\">\n\t\t\t\t\t<div class=\"e-con-inner\">\n\t\t\t\t<div class=\"elementor-element elementor-element-4d60f5b elementor-widget elementor-widget-text-editor\" data-id=\"4d60f5b\" data-element_type=\"widget\" data-e-type=\"widget\" data-widget_type=\"text-editor.default\">\n\t\t\t\t<div class=\"elementor-widget-container\">\n\t\t\t\t\t\t\t\t\t<p><span style=\"color: #000000;\"><strong>Endere\u00e7o :<\/strong>\u00a0Av. Presidente Lincoln, 899 \u2013 3\u00ba andar \u2013 Jardim Meriti \u2013 S\u00e3o Jo\u00e3o de Meriti \u2013 RJ \u2013 CEP 25555-201<\/span><\/p><p><span style=\"color: #000000;\"><a href=\"https:\/\/maps.app.goo.gl\/kagaWP8zgQrngqGq8\"><strong>\u27a1\ufe0fCOMO CHEGAR<\/strong><\/a><\/span><\/p><p><span style=\"color: #000000;\"><strong>Telefone:<\/strong>\u00a0<\/span><\/p><p><span style=\"color: #000000;\"><strong>Email<\/strong>: <a href=\"mailto:semad@meriti.rj.gov.br\">semad@meriti.rj.gov.br<\/a><\/span><\/p><p><span style=\"color: #000000;\"><strong>Hor\u00e1rio de Funcionamento:<\/strong> de segunda a sexta-feira das 8:30h \u00e0s 17:30h<\/span><\/p>\t\t\t\t\t\t\t\t<\/div>\n\t\t\t\t<\/div>\n\t\t\t\t\t<\/div>\n\t\t\t\t<\/div>\n\t\t\t\t<\/div>\n\t\t","protected":false},"excerpt":{"rendered":"<p>Secret\u00e1rio Luciano Jose Lopes Rolim Biografia Graduado em Administra\u00e7\u00e3o, com p\u00f3s-gradua\u00e7\u00e3o e MBA Executivo pela Funda\u00e7\u00e3o Get\u00falio Vargas (FGV), possui forma\u00e7\u00e3o voltada \u00e0 Gest\u00e3o Estrat\u00e9gica,&hellip;<\/p>\n","protected":false},"author":1,"featured_media":0,"parent":0,"menu_order":0,"comment_status":"closed","ping_status":"closed","template":"","meta":{"footnotes":""},"class_list":["post-1121","page","type-page","status-publish","hentry"],"yoast_head":"<!-- This site is optimized with the Yoast SEO plugin v27.2 - https:\/\/yoast.com\/product\/yoast-seo-wordpress\/ -->\n<title>Secretaria Municipal de Administra\u00e7\u00e3o - Prefeitura Municipal de S\u00e3o Jo\u00e3o de Meriti<\/title>\n<meta name=\"robots\" content=\"index, follow, max-snippet:-1, max-image-preview:large, max-video-preview:-1\" \/>\n<link rel=\"canonical\" href=\"https:\/\/meriti.rj.gov.br\/inicio\/secretaria-municipal-de-administracao\/\" \/>\n<meta property=\"og:locale\" content=\"pt_BR\" \/>\n<meta property=\"og:type\" content=\"article\" \/>\n<meta property=\"og:title\" content=\"Secretaria Municipal de Administra\u00e7\u00e3o - Prefeitura Municipal de S\u00e3o Jo\u00e3o de Meriti\" \/>\n<meta property=\"og:description\" content=\"Secret\u00e1rio Luciano Jose Lopes Rolim Biografia Graduado em Administra\u00e7\u00e3o, com p\u00f3s-gradua\u00e7\u00e3o e MBA Executivo pela Funda\u00e7\u00e3o Get\u00falio Vargas (FGV), possui forma\u00e7\u00e3o voltada \u00e0 Gest\u00e3o Estrat\u00e9gica,&hellip;\" \/>\n<meta property=\"og:url\" content=\"https:\/\/meriti.rj.gov.br\/inicio\/secretaria-municipal-de-administracao\/\" \/>\n<meta property=\"og:site_name\" content=\"Prefeitura Municipal de S\u00e3o Jo\u00e3o de Meriti\" \/>\n<meta property=\"article:modified_time\" content=\"2026-01-19T15:29:42+00:00\" \/>\n<meta property=\"og:image\" content=\"https:\/\/meriti.rj.gov.br\/inicio\/wp-content\/uploads\/2025\/01\/Secretaria-Municipal-de-Administracao.png\" \/>\n\t<meta property=\"og:image:width\" content=\"1536\" \/>\n\t<meta property=\"og:image:height\" content=\"247\" \/>\n\t<meta property=\"og:image:type\" content=\"image\/png\" \/>\n<meta name=\"twitter:card\" content=\"summary_large_image\" \/>\n<meta name=\"twitter:label1\" content=\"Est. tempo de leitura\" \/>\n\t<meta name=\"twitter:data1\" content=\"5 minutos\" \/>\n<script type=\"application\/ld+json\" class=\"yoast-schema-graph\">{\"@context\":\"https:\/\/schema.org\",\"@graph\":[{\"@type\":\"WebPage\",\"@id\":\"https:\/\/meriti.rj.gov.br\/inicio\/secretaria-municipal-de-administracao\/\",\"url\":\"https:\/\/meriti.rj.gov.br\/inicio\/secretaria-municipal-de-administracao\/\",\"name\":\"Secretaria Municipal de Administra\u00e7\u00e3o - Prefeitura Municipal de S\u00e3o Jo\u00e3o de Meriti\",\"isPartOf\":{\"@id\":\"https:\/\/meriti.rj.gov.br\/inicio\/#website\"},\"primaryImageOfPage\":{\"@id\":\"https:\/\/meriti.rj.gov.br\/inicio\/secretaria-municipal-de-administracao\/#primaryimage\"},\"image\":{\"@id\":\"https:\/\/meriti.rj.gov.br\/inicio\/secretaria-municipal-de-administracao\/#primaryimage\"},\"thumbnailUrl\":\"https:\/\/meriti.rj.gov.br\/inicio\/wp-content\/uploads\/2025\/01\/Secretaria-Municipal-de-Administracao.png\",\"datePublished\":\"2023-04-24T12:58:14+00:00\",\"dateModified\":\"2026-01-19T15:29:42+00:00\",\"breadcrumb\":{\"@id\":\"https:\/\/meriti.rj.gov.br\/inicio\/secretaria-municipal-de-administracao\/#breadcrumb\"},\"inLanguage\":\"pt-BR\",\"potentialAction\":[{\"@type\":\"ReadAction\",\"target\":[\"https:\/\/meriti.rj.gov.br\/inicio\/secretaria-municipal-de-administracao\/\"]}]},{\"@type\":\"ImageObject\",\"inLanguage\":\"pt-BR\",\"@id\":\"https:\/\/meriti.rj.gov.br\/inicio\/secretaria-municipal-de-administracao\/#primaryimage\",\"url\":\"https:\/\/meriti.rj.gov.br\/inicio\/wp-content\/uploads\/2025\/01\/Secretaria-Municipal-de-Administracao.png\",\"contentUrl\":\"https:\/\/meriti.rj.gov.br\/inicio\/wp-content\/uploads\/2025\/01\/Secretaria-Municipal-de-Administracao.png\",\"width\":1536,\"height\":247},{\"@type\":\"BreadcrumbList\",\"@id\":\"https:\/\/meriti.rj.gov.br\/inicio\/secretaria-municipal-de-administracao\/#breadcrumb\",\"itemListElement\":[{\"@type\":\"ListItem\",\"position\":1,\"name\":\"In\u00edcio\",\"item\":\"https:\/\/meriti.rj.gov.br\/inicio\/\"},{\"@type\":\"ListItem\",\"position\":2,\"name\":\"Secretaria Municipal de Administra\u00e7\u00e3o\"}]},{\"@type\":\"WebSite\",\"@id\":\"https:\/\/meriti.rj.gov.br\/inicio\/#website\",\"url\":\"https:\/\/meriti.rj.gov.br\/inicio\/\",\"name\":\"portal.meriti\",\"description\":\"Prefeitura Municipal de S\u00e3o Jo\u00e3o de Meriti\",\"publisher\":{\"@id\":\"https:\/\/meriti.rj.gov.br\/inicio\/#organization\"},\"potentialAction\":[{\"@type\":\"SearchAction\",\"target\":{\"@type\":\"EntryPoint\",\"urlTemplate\":\"https:\/\/meriti.rj.gov.br\/inicio\/?s={search_term_string}\"},\"query-input\":{\"@type\":\"PropertyValueSpecification\",\"valueRequired\":true,\"valueName\":\"search_term_string\"}}],\"inLanguage\":\"pt-BR\"},{\"@type\":\"Organization\",\"@id\":\"https:\/\/meriti.rj.gov.br\/inicio\/#organization\",\"name\":\"Prefeitura Municipal de S\u00e3o Jo\u00e3o de Meriti\",\"url\":\"https:\/\/meriti.rj.gov.br\/inicio\/\",\"logo\":{\"@type\":\"ImageObject\",\"inLanguage\":\"pt-BR\",\"@id\":\"https:\/\/meriti.rj.gov.br\/inicio\/#\/schema\/logo\/image\/\",\"url\":\"https:\/\/meriti.rj.gov.br\/inicio\/wp-content\/uploads\/2023\/04\/cropped-logo.png\",\"contentUrl\":\"https:\/\/meriti.rj.gov.br\/inicio\/wp-content\/uploads\/2023\/04\/cropped-logo.png\",\"width\":512,\"height\":512,\"caption\":\"Prefeitura Municipal de S\u00e3o Jo\u00e3o de Meriti\"},\"image\":{\"@id\":\"https:\/\/meriti.rj.gov.br\/inicio\/#\/schema\/logo\/image\/\"}}]}<\/script>\n<!-- \/ Yoast SEO plugin. -->","yoast_head_json":{"title":"Secretaria Municipal de Administra\u00e7\u00e3o - Prefeitura Municipal de S\u00e3o Jo\u00e3o de Meriti","robots":{"index":"index","follow":"follow","max-snippet":"max-snippet:-1","max-image-preview":"max-image-preview:large","max-video-preview":"max-video-preview:-1"},"canonical":"https:\/\/meriti.rj.gov.br\/inicio\/secretaria-municipal-de-administracao\/","og_locale":"pt_BR","og_type":"article","og_title":"Secretaria Municipal de Administra\u00e7\u00e3o - Prefeitura Municipal de S\u00e3o Jo\u00e3o de Meriti","og_description":"Secret\u00e1rio Luciano Jose Lopes Rolim Biografia Graduado em Administra\u00e7\u00e3o, com p\u00f3s-gradua\u00e7\u00e3o e MBA Executivo pela Funda\u00e7\u00e3o Get\u00falio Vargas (FGV), possui forma\u00e7\u00e3o voltada \u00e0 Gest\u00e3o Estrat\u00e9gica,&hellip;","og_url":"https:\/\/meriti.rj.gov.br\/inicio\/secretaria-municipal-de-administracao\/","og_site_name":"Prefeitura Municipal de S\u00e3o Jo\u00e3o de Meriti","article_modified_time":"2026-01-19T15:29:42+00:00","og_image":[{"width":1536,"height":247,"url":"https:\/\/meriti.rj.gov.br\/inicio\/wp-content\/uploads\/2025\/01\/Secretaria-Municipal-de-Administracao.png","type":"image\/png"}],"twitter_card":"summary_large_image","twitter_misc":{"Est. tempo de leitura":"5 minutos"},"schema":{"@context":"https:\/\/schema.org","@graph":[{"@type":"WebPage","@id":"https:\/\/meriti.rj.gov.br\/inicio\/secretaria-municipal-de-administracao\/","url":"https:\/\/meriti.rj.gov.br\/inicio\/secretaria-municipal-de-administracao\/","name":"Secretaria Municipal de Administra\u00e7\u00e3o - Prefeitura Municipal de S\u00e3o Jo\u00e3o de Meriti","isPartOf":{"@id":"https:\/\/meriti.rj.gov.br\/inicio\/#website"},"primaryImageOfPage":{"@id":"https:\/\/meriti.rj.gov.br\/inicio\/secretaria-municipal-de-administracao\/#primaryimage"},"image":{"@id":"https:\/\/meriti.rj.gov.br\/inicio\/secretaria-municipal-de-administracao\/#primaryimage"},"thumbnailUrl":"https:\/\/meriti.rj.gov.br\/inicio\/wp-content\/uploads\/2025\/01\/Secretaria-Municipal-de-Administracao.png","datePublished":"2023-04-24T12:58:14+00:00","dateModified":"2026-01-19T15:29:42+00:00","breadcrumb":{"@id":"https:\/\/meriti.rj.gov.br\/inicio\/secretaria-municipal-de-administracao\/#breadcrumb"},"inLanguage":"pt-BR","potentialAction":[{"@type":"ReadAction","target":["https:\/\/meriti.rj.gov.br\/inicio\/secretaria-municipal-de-administracao\/"]}]},{"@type":"ImageObject","inLanguage":"pt-BR","@id":"https:\/\/meriti.rj.gov.br\/inicio\/secretaria-municipal-de-administracao\/#primaryimage","url":"https:\/\/meriti.rj.gov.br\/inicio\/wp-content\/uploads\/2025\/01\/Secretaria-Municipal-de-Administracao.png","contentUrl":"https:\/\/meriti.rj.gov.br\/inicio\/wp-content\/uploads\/2025\/01\/Secretaria-Municipal-de-Administracao.png","width":1536,"height":247},{"@type":"BreadcrumbList","@id":"https:\/\/meriti.rj.gov.br\/inicio\/secretaria-municipal-de-administracao\/#breadcrumb","itemListElement":[{"@type":"ListItem","position":1,"name":"In\u00edcio","item":"https:\/\/meriti.rj.gov.br\/inicio\/"},{"@type":"ListItem","position":2,"name":"Secretaria Municipal de Administra\u00e7\u00e3o"}]},{"@type":"WebSite","@id":"https:\/\/meriti.rj.gov.br\/inicio\/#website","url":"https:\/\/meriti.rj.gov.br\/inicio\/","name":"portal.meriti","description":"Prefeitura Municipal de S\u00e3o Jo\u00e3o de Meriti","publisher":{"@id":"https:\/\/meriti.rj.gov.br\/inicio\/#organization"},"potentialAction":[{"@type":"SearchAction","target":{"@type":"EntryPoint","urlTemplate":"https:\/\/meriti.rj.gov.br\/inicio\/?s={search_term_string}"},"query-input":{"@type":"PropertyValueSpecification","valueRequired":true,"valueName":"search_term_string"}}],"inLanguage":"pt-BR"},{"@type":"Organization","@id":"https:\/\/meriti.rj.gov.br\/inicio\/#organization","name":"Prefeitura Municipal de S\u00e3o Jo\u00e3o de Meriti","url":"https:\/\/meriti.rj.gov.br\/inicio\/","logo":{"@type":"ImageObject","inLanguage":"pt-BR","@id":"https:\/\/meriti.rj.gov.br\/inicio\/#\/schema\/logo\/image\/","url":"https:\/\/meriti.rj.gov.br\/inicio\/wp-content\/uploads\/2023\/04\/cropped-logo.png","contentUrl":"https:\/\/meriti.rj.gov.br\/inicio\/wp-content\/uploads\/2023\/04\/cropped-logo.png","width":512,"height":512,"caption":"Prefeitura Municipal de S\u00e3o Jo\u00e3o de Meriti"},"image":{"@id":"https:\/\/meriti.rj.gov.br\/inicio\/#\/schema\/logo\/image\/"}}]}},"_links":{"self":[{"href":"https:\/\/meriti.rj.gov.br\/inicio\/wp-json\/wp\/v2\/pages\/1121","targetHints":{"allow":["GET"]}}],"collection":[{"href":"https:\/\/meriti.rj.gov.br\/inicio\/wp-json\/wp\/v2\/pages"}],"about":[{"href":"https:\/\/meriti.rj.gov.br\/inicio\/wp-json\/wp\/v2\/types\/page"}],"author":[{"embeddable":true,"href":"https:\/\/meriti.rj.gov.br\/inicio\/wp-json\/wp\/v2\/users\/1"}],"replies":[{"embeddable":true,"href":"https:\/\/meriti.rj.gov.br\/inicio\/wp-json\/wp\/v2\/comments?post=1121"}],"version-history":[{"count":463,"href":"https:\/\/meriti.rj.gov.br\/inicio\/wp-json\/wp\/v2\/pages\/1121\/revisions"}],"predecessor-version":[{"id":21095,"href":"https:\/\/meriti.rj.gov.br\/inicio\/wp-json\/wp\/v2\/pages\/1121\/revisions\/21095"}],"wp:attachment":[{"href":"https:\/\/meriti.rj.gov.br\/inicio\/wp-json\/wp\/v2\/media?parent=1121"}],"curies":[{"name":"wp","href":"https:\/\/api.w.org\/{rel}","templated":true}]}}