{"id":1120,"date":"2023-04-24T09:58:14","date_gmt":"2023-04-24T12:58:14","guid":{"rendered":"http:\/\/localhost\/wordpress\/?page_id=1120"},"modified":"2025-12-18T10:44:46","modified_gmt":"2025-12-18T13:44:46","slug":"procuradoria-geral-do-municipio","status":"publish","type":"page","link":"https:\/\/meriti.rj.gov.br\/inicio\/procuradoria-geral-do-municipio\/","title":{"rendered":"Procuradoria Geral do Munic\u00edpio"},"content":{"rendered":"\t\t<div data-elementor-type=\"wp-page\" data-elementor-id=\"1120\" class=\"elementor elementor-1120\" data-elementor-post-type=\"page\">\n\t\t\t\t<div class=\"elementor-element elementor-element-191fcb4 e-flex e-con-boxed e-con e-parent\" data-id=\"191fcb4\" data-element_type=\"container\" data-e-type=\"container\">\n\t\t\t\t\t<div class=\"e-con-inner\">\n\t\t\t\t<div class=\"elementor-element elementor-element-f74822d elementor-widget elementor-widget-image\" data-id=\"f74822d\" data-element_type=\"widget\" data-e-type=\"widget\" data-widget_type=\"image.default\">\n\t\t\t\t<div class=\"elementor-widget-container\">\n\t\t\t\t\t\t\t\t\t\t\t\t\t\t\t<img fetchpriority=\"high\" decoding=\"async\" width=\"1536\" height=\"247\" src=\"https:\/\/meriti.rj.gov.br\/inicio\/wp-content\/uploads\/2025\/01\/Procuradoria-Geral-do-Municipio-2.png\" class=\"attachment-full size-full wp-image-13483\" alt=\"\" srcset=\"https:\/\/meriti.rj.gov.br\/inicio\/wp-content\/uploads\/2025\/01\/Procuradoria-Geral-do-Municipio-2.png 1536w, https:\/\/meriti.rj.gov.br\/inicio\/wp-content\/uploads\/2025\/01\/Procuradoria-Geral-do-Municipio-2-300x48.png 300w, https:\/\/meriti.rj.gov.br\/inicio\/wp-content\/uploads\/2025\/01\/Procuradoria-Geral-do-Municipio-2-1024x165.png 1024w, https:\/\/meriti.rj.gov.br\/inicio\/wp-content\/uploads\/2025\/01\/Procuradoria-Geral-do-Municipio-2-768x124.png 768w\" sizes=\"(max-width: 1536px) 100vw, 1536px\" \/>\t\t\t\t\t\t\t\t\t\t\t\t\t\t\t<\/div>\n\t\t\t\t<\/div>\n\t\t\t\t\t<\/div>\n\t\t\t\t<\/div>\n\t\t<div class=\"elementor-element elementor-element-024e85a e-con-full e-flex e-con e-parent\" data-id=\"024e85a\" data-element_type=\"container\" data-e-type=\"container\">\n\t\t\t\t<div class=\"elementor-element elementor-element-78b58a2 elementor-widget-mobile__width-initial elementor-widget elementor-widget-html\" data-id=\"78b58a2\" data-element_type=\"widget\" data-e-type=\"widget\" data-widget_type=\"html.default\">\n\t\t\t\t<div class=\"elementor-widget-container\">\n\t\t\t\t\t<body> <!-- Inicio do corpo da p\u00e1gina -->\r\n\r\n   <!-- Conte\u00fado da p\u00e1gina -->\r\n\r\n  <div vw class=\"enabled\">\r\n    <div vw-access-button class=\"active\"><\/div>\r\n    <div vw-plugin-wrapper>\r\n      <div class=\"vw-plugin-top-wrapper\"><\/div>\r\n    <\/div>\r\n  <\/div>\r\n  <script src=\"https:\/\/vlibras.gov.br\/app\/vlibras-plugin.js\"><\/script>\r\n  <script>\r\n    new window.VLibras.Widget('https:\/\/vlibras.gov.br\/app');\r\n  <\/script>\r\n<\/body> <!-- Fim do corpo da p\u00e1gina -->\t\t\t\t<\/div>\n\t\t\t\t<\/div>\n\t\t\t\t<\/div>\n\t\t<div class=\"elementor-element elementor-element-c8bbe9c e-flex e-con-boxed e-con e-parent\" data-id=\"c8bbe9c\" data-element_type=\"container\" data-e-type=\"container\">\n\t\t\t\t\t<div class=\"e-con-inner\">\n\t\t<div class=\"elementor-element elementor-element-fab3398 e-con-full e-flex e-con e-child\" data-id=\"fab3398\" data-element_type=\"container\" data-e-type=\"container\">\n\t\t\t\t<div class=\"elementor-element elementor-element-7556308 elementor-widget elementor-widget-image\" data-id=\"7556308\" data-element_type=\"widget\" data-e-type=\"widget\" data-widget_type=\"image.default\">\n\t\t\t\t<div class=\"elementor-widget-container\">\n\t\t\t\t\t\t\t\t\t\t\t\t\t\t\t<img decoding=\"async\" width=\"300\" height=\"300\" src=\"https:\/\/meriti.rj.gov.br\/inicio\/wp-content\/uploads\/2025\/09\/LEANDRO-GOES-PROCURADOR-300x300.png\" class=\"attachment-medium size-medium wp-image-18812\" alt=\"\" srcset=\"https:\/\/meriti.rj.gov.br\/inicio\/wp-content\/uploads\/2025\/09\/LEANDRO-GOES-PROCURADOR-300x300.png 300w, https:\/\/meriti.rj.gov.br\/inicio\/wp-content\/uploads\/2025\/09\/LEANDRO-GOES-PROCURADOR-150x150.png 150w, https:\/\/meriti.rj.gov.br\/inicio\/wp-content\/uploads\/2025\/09\/LEANDRO-GOES-PROCURADOR.png 768w\" sizes=\"(max-width: 300px) 100vw, 300px\" \/>\t\t\t\t\t\t\t\t\t\t\t\t\t\t\t<\/div>\n\t\t\t\t<\/div>\n\t\t\t\t<\/div>\n\t\t<div class=\"elementor-element elementor-element-17132d3 e-con-full e-flex e-con e-child\" data-id=\"17132d3\" data-element_type=\"container\" data-e-type=\"container\">\n\t\t\t\t<div class=\"elementor-element elementor-element-eb85751 elementor-widget elementor-widget-text-editor\" data-id=\"eb85751\" data-element_type=\"widget\" data-e-type=\"widget\" data-widget_type=\"text-editor.default\">\n\t\t\t\t<div class=\"elementor-widget-container\">\n\t\t\t\t\t\t\t\t\t<h4 style=\"text-align: left;\"><strong><span style=\"color: #000080;\">Procurador<\/span><\/strong><\/h4><h3>Leandro G\u00f3es Weber<\/h3><h4 style=\"text-align: left;\"><span style=\"color: #000080;\"><strong>Biografia<\/strong><\/span><\/h4><p><span style=\"color: #333333;\">Graduado em Direito pela Pontif\u00edcia Universidade Cat\u00f3lica do Rio de Janeiro (PUC-Rio), advogado com mais de 20 anos de experi\u00eancia. Possui especializa\u00e7\u00f5es em Direito do Estado e da Regula\u00e7\u00e3o pela Funda\u00e7\u00e3o Get\u00falio Vargas (FGV) e em Direito Eleitoral e Partid\u00e1rio pela Universidade Candido Mendes (UCAM).<\/span><\/p>\t\t\t\t\t\t\t\t<\/div>\n\t\t\t\t<\/div>\n\t\t\t\t<\/div>\n\t\t\t\t\t<\/div>\n\t\t\t\t<\/div>\n\t\t<div class=\"elementor-element elementor-element-b510abc e-flex e-con-boxed e-con e-parent\" data-id=\"b510abc\" data-element_type=\"container\" data-e-type=\"container\">\n\t\t\t\t\t<div class=\"e-con-inner\">\n\t\t\t\t<div class=\"elementor-element elementor-element-6c807d5 elementor-widget elementor-widget-text-editor\" data-id=\"6c807d5\" data-element_type=\"widget\" data-e-type=\"widget\" data-widget_type=\"text-editor.default\">\n\t\t\t\t<div class=\"elementor-widget-container\">\n\t\t\t\t\t\t\t\t\t<p style=\"text-align: left;\"><span style=\"color: #333333;\">J\u00e1 foi Procurador-Geral em diversas administra\u00e7\u00f5es municipais e desempenhou fun\u00e7\u00f5es jur\u00eddicas e de assessoramento em Prefeituras, C\u00e2maras Municipais e entidades p\u00fablicas e privadas, como a GEAP-Sa\u00fade e a FGV Projetos. Al\u00e9m disso, exerceu atividades na advocacia privada, com foco em Direito Eleitoral, Administrativo e C\u00edvel. Tamb\u00e9m foi presidente da Comiss\u00e3o de Direito Municipal da 35\u00aa Subse\u00e7\u00e3o e recebeu o conjunto de medalhas Pedro Ernesto, concedido pela C\u00e2mara de Vereadores do Rio de Janeiro.<\/span><\/p>\t\t\t\t\t\t\t\t<\/div>\n\t\t\t\t<\/div>\n\t\t\t\t\t<\/div>\n\t\t\t\t<\/div>\n\t\t<div class=\"elementor-element elementor-element-3cdad12 e-flex e-con-boxed e-con e-parent\" data-id=\"3cdad12\" data-element_type=\"container\" data-e-type=\"container\">\n\t\t\t\t\t<div class=\"e-con-inner\">\n\t\t\t\t<div class=\"elementor-element elementor-element-33c50a0 elementor-widget elementor-widget-text-editor\" data-id=\"33c50a0\" data-element_type=\"widget\" data-e-type=\"widget\" data-widget_type=\"text-editor.default\">\n\t\t\t\t<div class=\"elementor-widget-container\">\n\t\t\t\t\t\t\t\t\t<h4><span style=\"color: #000080;\"><strong>Atribui\u00e7\u00f5es<\/strong><\/span><\/h4>\t\t\t\t\t\t\t\t<\/div>\n\t\t\t\t<\/div>\n\t\t\t\t\t<\/div>\n\t\t\t\t<\/div>\n\t\t<div class=\"elementor-element elementor-element-f865689 e-flex e-con-boxed e-con e-parent\" data-id=\"f865689\" data-element_type=\"container\" data-e-type=\"container\">\n\t\t\t\t\t<div class=\"e-con-inner\">\n\t\t\t\t<div class=\"elementor-element elementor-element-71f2b30 elementor-widget elementor-widget-text-editor\" data-id=\"71f2b30\" data-element_type=\"widget\" data-e-type=\"widget\" data-widget_type=\"text-editor.default\">\n\t\t\t\t<div class=\"elementor-widget-container\">\n\t\t\t\t\t\t\t\t\t<p style=\"text-align: left;\"><strong>A Procuradoria Geral do Munic\u00edpio<\/strong> \u00e9 institui\u00e7\u00e3o essencial e respons\u00e1vel pelo exerc\u00edcio das fun\u00e7\u00f5es administrativa e jurisdicional no \u00e2mbito do Munic\u00edpio de S\u00e3o Jo\u00e3o de Meriti, diretamente vinculada ao Prefeito Municipal, sendo respons\u00e1vel, em toda sua plenitude, pela defesa dos interesses judiciais e extrajudiciais, bem como pelas fun\u00e7\u00f5es de consultoria jur\u00eddica e, com exclusividade, da inscri\u00e7\u00e3o, cobran\u00e7a, e, execu\u00e7\u00e3o da d\u00edvida ativa, orientada pelos princ\u00edpios da legalidade, moralidade e da indisponibilidade dos interesses p\u00fablicos, tendo ainda as seguintes atribui\u00e7\u00f5es:<\/p><ul><li style=\"text-align: left;\">zelar pelo cumprimento da Constitui\u00e7\u00e3o Federal, da Constitui\u00e7\u00e3o do Estado do Rio de Janeiro e da Lei Org\u00e2nica do Munic\u00edpio de S\u00e3o Jo\u00e3o de Meriti, assim como pelos preceitos delas decorrentes;<\/li><li style=\"text-align: left;\">representar judicial e extrajudicialmente o Munic\u00edpio, promovendo a defesa de seus interesses, em qualquer inst\u00e2ncia judicial, nas causas em que for autor, r\u00e9u, terceiro interveniente ou, por qualquer forma interessado;<\/li><li style=\"text-align: left;\">efetuar o controle de legalidade da inscri\u00e7\u00e3o e da cobran\u00e7a da d\u00edvida ativa;<\/li><li style=\"text-align: left;\">analisar a reda\u00e7\u00e3o de projetos de leis, vetos, justificativas, atos normativos, editais, contratos, conv\u00eanios, acordos, ajustes e outros documentos similares;<\/li><li style=\"text-align: left;\">assessorar o Poder Executivo e os \u00f3rg\u00e3os da Administra\u00e7\u00e3o Direta e Indireta do Munic\u00edpio em atribui\u00e7\u00f5es de natureza consultiva;<\/li><li style=\"text-align: left;\">exercer o controle da legalidade e da moralidade dos atos administrativos;<\/li><li style=\"text-align: left;\">orientar a administra\u00e7\u00e3o p\u00fablica acerca dos instrumentos jur\u00eddicos h\u00e1beis \u00e0 implementa\u00e7\u00e3o das pol\u00edticas p\u00fablicas;<\/li><li style=\"text-align: left;\">atuar nos processos de licita\u00e7\u00f5es, desapropria\u00e7\u00f5es, aliena\u00e7\u00f5es, aquisi\u00e7\u00e3o, permiss\u00e3o ou concess\u00e3o de uso e a loca\u00e7\u00e3o de im\u00f3veis;<\/li><li style=\"text-align: left;\">promover a unifica\u00e7\u00e3o da jurisprud\u00eancia administrativa do munic\u00edpio;<\/li><li style=\"text-align: left;\">zelar pela probidade administrativa e exercer fun\u00e7\u00e3o correcional no \u00e2mbito da administra\u00e7\u00e3o p\u00fablica municipal direta e indireta;<\/li><li style=\"text-align: left;\">representar os interesses da administra\u00e7\u00e3o p\u00fablica municipal perante o Tribunal de Contas da Uni\u00e3o e o Tribunal de Contas do Estado;<\/li><li style=\"text-align: left;\">promover processos administrativo-disciplinares no \u00e2mbito da administra\u00e7\u00e3o p\u00fablica municipal emitindo parecer naqueles que devam ser encaminhados \u00e0 decis\u00e3o final do Prefeito;<\/li><li style=\"text-align: left;\">orientar o procedimento administrativo de indeniza\u00e7\u00e3o extrajudicial em face de danos decorrentes de atos da administra\u00e7\u00e3o p\u00fablica municipal;<\/li><li style=\"text-align: left;\">privativamente, promover a inscri\u00e7\u00e3o da D\u00edvida Ativa do Munic\u00edpio, bem como, proceder sua cobran\u00e7a judicial e extrajudicial, objetivando assegurar a preval\u00eancia do interesse p\u00fablico;<\/li><li style=\"text-align: left;\">praticar atos pr\u00f3prios de gest\u00e3o, administrar os fundos vinculados \u00e0 Procuradoria Geral do Munic\u00edpio, expedindo os competentes demonstrativos, adquirir bens e contratar servi\u00e7os, efetuando a respectiva contabiliza\u00e7\u00e3o;<\/li><li style=\"text-align: left;\">ajuizar as medidas judiciais visando \u00e0 prote\u00e7\u00e3o do meio ambiente, patrim\u00f4nio hist\u00f3rico, art\u00edstico-cultural, tur\u00edstico, finan\u00e7as p\u00fablicas, consumidor, probidade administrativa, al\u00e9m de outras no interesse do munic\u00edpio;<\/li><li style=\"text-align: left;\">prestar orienta\u00e7\u00e3o t\u00e9cnica e jur\u00eddica \u00e0s assessorias jur\u00eddicas das secretarias municipais e dos \u00f3rg\u00e3os e entidades da administra\u00e7\u00e3o direta e indireta;<\/li><li style=\"text-align: left;\">manter est\u00e1gio de estudantes universit\u00e1rios, na forma da legisla\u00e7\u00e3o pertinente;<\/li><li style=\"text-align: left;\">desenvolver atividades de relevante interesse municipal, das quais especificamente a encarregue o Prefeito Municipal;<\/li><li style=\"text-align: left;\">celebrar conv\u00eanios com \u00f3rg\u00e3os semelhantes dos demais munic\u00edpios que tenham por objetivo a troca de informa\u00e7\u00f5es e o exerc\u00edcio de atividade de interesse comum, bem como o aperfei\u00e7oamento e a especializa\u00e7\u00e3o dos Procuradores do Munic\u00edpio;<\/li><li style=\"text-align: left;\">propor medidas de car\u00e1ter jur\u00eddico que visem proteger o patrim\u00f4nio do munic\u00edpio ou aperfei\u00e7oar as pr\u00e1ticas administrativas;<\/li><li style=\"text-align: left;\">outras atribui\u00e7\u00f5es correlatas.<\/li><\/ul>\t\t\t\t\t\t\t\t<\/div>\n\t\t\t\t<\/div>\n\t\t\t\t\t<\/div>\n\t\t\t\t<\/div>\n\t\t<div class=\"elementor-element elementor-element-3abe701 e-flex e-con-boxed e-con e-parent\" data-id=\"3abe701\" data-element_type=\"container\" data-e-type=\"container\">\n\t\t\t\t\t<div class=\"e-con-inner\">\n\t\t\t\t<div class=\"elementor-element elementor-element-74ac2db elementor-widget elementor-widget-text-editor\" data-id=\"74ac2db\" data-element_type=\"widget\" data-e-type=\"widget\" data-widget_type=\"text-editor.default\">\n\t\t\t\t<div class=\"elementor-widget-container\">\n\t\t\t\t\t\t\t\t\t<h4><span style=\"color: #000080;\"><strong>Contato<\/strong><\/span><\/h4>\t\t\t\t\t\t\t\t<\/div>\n\t\t\t\t<\/div>\n\t\t\t\t\t<\/div>\n\t\t\t\t<\/div>\n\t\t<div class=\"elementor-element elementor-element-54aa6d0 e-flex e-con-boxed e-con e-parent\" data-id=\"54aa6d0\" data-element_type=\"container\" data-e-type=\"container\">\n\t\t\t\t\t<div class=\"e-con-inner\">\n\t\t\t\t<div class=\"elementor-element elementor-element-3af7586 elementor-widget elementor-widget-text-editor\" data-id=\"3af7586\" data-element_type=\"widget\" data-e-type=\"widget\" data-widget_type=\"text-editor.default\">\n\t\t\t\t<div class=\"elementor-widget-container\">\n\t\t\t\t\t\t\t\t\t<p><span style=\"color: #2e2d2d;\"><strong>Endere\u00e7o:<\/strong> Av. Presidente Lincoln, 1001 \u2013 Jardim Meriti &#8211; S\u00e3o Jo\u00e3o de Meriti \u2013 RJ \u2013 CEP 25555-201<\/span><\/p><p><span style=\"color: #000000;\"><a href=\"https:\/\/maps.app.goo.gl\/yBJRbNrNTEpV5WYM6\"><strong>\u27a1\ufe0fCOMO CHEGAR<\/strong><\/a><\/span><\/p><p><span style=\"color: #2e2d2d;\"><strong>Telefone:<\/strong><\/span><\/p><p><span style=\"color: #2e2d2d;\"><strong>E-mail:<\/strong> <a href=\"mailto:pgm@meriti.rj.gov.br\">pgm@meriti.rj.gov.br<\/a><\/span><\/p><p><strong>Hor\u00e1rio de Funcionamento<\/strong>: de segunda a sexta-feira das 8:30h \u00e0s 17:30h<\/p>\t\t\t\t\t\t\t\t<\/div>\n\t\t\t\t<\/div>\n\t\t\t\t\t<\/div>\n\t\t\t\t<\/div>\n\t\t\t\t<\/div>\n\t\t","protected":false},"excerpt":{"rendered":"<p>Procurador Leandro G\u00f3es Weber Biografia Graduado em Direito pela Pontif\u00edcia Universidade Cat\u00f3lica do Rio de Janeiro (PUC-Rio), advogado com mais de 20 anos de experi\u00eancia.&hellip;<\/p>\n","protected":false},"author":1,"featured_media":0,"parent":0,"menu_order":0,"comment_status":"closed","ping_status":"closed","template":"","meta":{"footnotes":""},"class_list":["post-1120","page","type-page","status-publish","hentry"],"yoast_head":"<!-- This site is optimized with the Yoast SEO plugin v27.3 - https:\/\/yoast.com\/product\/yoast-seo-wordpress\/ -->\n<title>Procuradoria Geral do Munic\u00edpio - Prefeitura Municipal de S\u00e3o Jo\u00e3o de Meriti<\/title>\n<meta name=\"robots\" content=\"index, follow, max-snippet:-1, max-image-preview:large, max-video-preview:-1\" \/>\n<link rel=\"canonical\" href=\"https:\/\/meriti.rj.gov.br\/inicio\/procuradoria-geral-do-municipio\/\" \/>\n<meta property=\"og:locale\" content=\"pt_BR\" \/>\n<meta property=\"og:type\" content=\"article\" \/>\n<meta property=\"og:title\" content=\"Procuradoria Geral do Munic\u00edpio - Prefeitura Municipal de S\u00e3o Jo\u00e3o de Meriti\" \/>\n<meta property=\"og:description\" content=\"Procurador Leandro G\u00f3es Weber Biografia Graduado em Direito pela Pontif\u00edcia Universidade Cat\u00f3lica do Rio de Janeiro (PUC-Rio), advogado com mais de 20 anos de experi\u00eancia.&hellip;\" \/>\n<meta property=\"og:url\" content=\"https:\/\/meriti.rj.gov.br\/inicio\/procuradoria-geral-do-municipio\/\" \/>\n<meta property=\"og:site_name\" content=\"Prefeitura Municipal de S\u00e3o Jo\u00e3o de Meriti\" \/>\n<meta property=\"article:modified_time\" content=\"2025-12-18T13:44:46+00:00\" \/>\n<meta property=\"og:image\" content=\"https:\/\/meriti.rj.gov.br\/inicio\/wp-content\/uploads\/2025\/01\/Procuradoria-Geral-do-Municipio-2.png\" \/>\n\t<meta property=\"og:image:width\" content=\"1536\" \/>\n\t<meta property=\"og:image:height\" content=\"247\" \/>\n\t<meta property=\"og:image:type\" content=\"image\/png\" \/>\n<meta name=\"twitter:card\" content=\"summary_large_image\" \/>\n<meta name=\"twitter:label1\" content=\"Est. tempo de leitura\" \/>\n\t<meta name=\"twitter:data1\" content=\"5 minutos\" \/>\n<script type=\"application\/ld+json\" class=\"yoast-schema-graph\">{\"@context\":\"https:\\\/\\\/schema.org\",\"@graph\":[{\"@type\":\"WebPage\",\"@id\":\"https:\\\/\\\/meriti.rj.gov.br\\\/inicio\\\/procuradoria-geral-do-municipio\\\/\",\"url\":\"https:\\\/\\\/meriti.rj.gov.br\\\/inicio\\\/procuradoria-geral-do-municipio\\\/\",\"name\":\"Procuradoria Geral do Munic\u00edpio - Prefeitura Municipal de S\u00e3o Jo\u00e3o de Meriti\",\"isPartOf\":{\"@id\":\"https:\\\/\\\/meriti.rj.gov.br\\\/inicio\\\/#website\"},\"primaryImageOfPage\":{\"@id\":\"https:\\\/\\\/meriti.rj.gov.br\\\/inicio\\\/procuradoria-geral-do-municipio\\\/#primaryimage\"},\"image\":{\"@id\":\"https:\\\/\\\/meriti.rj.gov.br\\\/inicio\\\/procuradoria-geral-do-municipio\\\/#primaryimage\"},\"thumbnailUrl\":\"https:\\\/\\\/meriti.rj.gov.br\\\/inicio\\\/wp-content\\\/uploads\\\/2025\\\/01\\\/Procuradoria-Geral-do-Municipio-2.png\",\"datePublished\":\"2023-04-24T12:58:14+00:00\",\"dateModified\":\"2025-12-18T13:44:46+00:00\",\"breadcrumb\":{\"@id\":\"https:\\\/\\\/meriti.rj.gov.br\\\/inicio\\\/procuradoria-geral-do-municipio\\\/#breadcrumb\"},\"inLanguage\":\"pt-BR\",\"potentialAction\":[{\"@type\":\"ReadAction\",\"target\":[\"https:\\\/\\\/meriti.rj.gov.br\\\/inicio\\\/procuradoria-geral-do-municipio\\\/\"]}]},{\"@type\":\"ImageObject\",\"inLanguage\":\"pt-BR\",\"@id\":\"https:\\\/\\\/meriti.rj.gov.br\\\/inicio\\\/procuradoria-geral-do-municipio\\\/#primaryimage\",\"url\":\"https:\\\/\\\/meriti.rj.gov.br\\\/inicio\\\/wp-content\\\/uploads\\\/2025\\\/01\\\/Procuradoria-Geral-do-Municipio-2.png\",\"contentUrl\":\"https:\\\/\\\/meriti.rj.gov.br\\\/inicio\\\/wp-content\\\/uploads\\\/2025\\\/01\\\/Procuradoria-Geral-do-Municipio-2.png\",\"width\":1536,\"height\":247},{\"@type\":\"BreadcrumbList\",\"@id\":\"https:\\\/\\\/meriti.rj.gov.br\\\/inicio\\\/procuradoria-geral-do-municipio\\\/#breadcrumb\",\"itemListElement\":[{\"@type\":\"ListItem\",\"position\":1,\"name\":\"In\u00edcio\",\"item\":\"https:\\\/\\\/meriti.rj.gov.br\\\/inicio\\\/\"},{\"@type\":\"ListItem\",\"position\":2,\"name\":\"Procuradoria Geral do Munic\u00edpio\"}]},{\"@type\":\"WebSite\",\"@id\":\"https:\\\/\\\/meriti.rj.gov.br\\\/inicio\\\/#website\",\"url\":\"https:\\\/\\\/meriti.rj.gov.br\\\/inicio\\\/\",\"name\":\"portal.meriti\",\"description\":\"Prefeitura Municipal de S\u00e3o Jo\u00e3o de Meriti\",\"publisher\":{\"@id\":\"https:\\\/\\\/meriti.rj.gov.br\\\/inicio\\\/#organization\"},\"potentialAction\":[{\"@type\":\"SearchAction\",\"target\":{\"@type\":\"EntryPoint\",\"urlTemplate\":\"https:\\\/\\\/meriti.rj.gov.br\\\/inicio\\\/?s={search_term_string}\"},\"query-input\":{\"@type\":\"PropertyValueSpecification\",\"valueRequired\":true,\"valueName\":\"search_term_string\"}}],\"inLanguage\":\"pt-BR\"},{\"@type\":\"Organization\",\"@id\":\"https:\\\/\\\/meriti.rj.gov.br\\\/inicio\\\/#organization\",\"name\":\"Prefeitura Municipal de S\u00e3o Jo\u00e3o de Meriti\",\"url\":\"https:\\\/\\\/meriti.rj.gov.br\\\/inicio\\\/\",\"logo\":{\"@type\":\"ImageObject\",\"inLanguage\":\"pt-BR\",\"@id\":\"https:\\\/\\\/meriti.rj.gov.br\\\/inicio\\\/#\\\/schema\\\/logo\\\/image\\\/\",\"url\":\"https:\\\/\\\/meriti.rj.gov.br\\\/inicio\\\/wp-content\\\/uploads\\\/2023\\\/04\\\/cropped-logo.png\",\"contentUrl\":\"https:\\\/\\\/meriti.rj.gov.br\\\/inicio\\\/wp-content\\\/uploads\\\/2023\\\/04\\\/cropped-logo.png\",\"width\":512,\"height\":512,\"caption\":\"Prefeitura Municipal de S\u00e3o Jo\u00e3o de Meriti\"},\"image\":{\"@id\":\"https:\\\/\\\/meriti.rj.gov.br\\\/inicio\\\/#\\\/schema\\\/logo\\\/image\\\/\"}}]}<\/script>\n<!-- \/ Yoast SEO plugin. -->","yoast_head_json":{"title":"Procuradoria Geral do Munic\u00edpio - Prefeitura Municipal de S\u00e3o Jo\u00e3o de Meriti","robots":{"index":"index","follow":"follow","max-snippet":"max-snippet:-1","max-image-preview":"max-image-preview:large","max-video-preview":"max-video-preview:-1"},"canonical":"https:\/\/meriti.rj.gov.br\/inicio\/procuradoria-geral-do-municipio\/","og_locale":"pt_BR","og_type":"article","og_title":"Procuradoria Geral do Munic\u00edpio - Prefeitura Municipal de S\u00e3o Jo\u00e3o de Meriti","og_description":"Procurador Leandro G\u00f3es Weber Biografia Graduado em Direito pela Pontif\u00edcia Universidade Cat\u00f3lica do Rio de Janeiro (PUC-Rio), advogado com mais de 20 anos de experi\u00eancia.&hellip;","og_url":"https:\/\/meriti.rj.gov.br\/inicio\/procuradoria-geral-do-municipio\/","og_site_name":"Prefeitura Municipal de S\u00e3o Jo\u00e3o de Meriti","article_modified_time":"2025-12-18T13:44:46+00:00","og_image":[{"width":1536,"height":247,"url":"https:\/\/meriti.rj.gov.br\/inicio\/wp-content\/uploads\/2025\/01\/Procuradoria-Geral-do-Municipio-2.png","type":"image\/png"}],"twitter_card":"summary_large_image","twitter_misc":{"Est. tempo de leitura":"5 minutos"},"schema":{"@context":"https:\/\/schema.org","@graph":[{"@type":"WebPage","@id":"https:\/\/meriti.rj.gov.br\/inicio\/procuradoria-geral-do-municipio\/","url":"https:\/\/meriti.rj.gov.br\/inicio\/procuradoria-geral-do-municipio\/","name":"Procuradoria Geral do Munic\u00edpio - Prefeitura Municipal de S\u00e3o Jo\u00e3o de Meriti","isPartOf":{"@id":"https:\/\/meriti.rj.gov.br\/inicio\/#website"},"primaryImageOfPage":{"@id":"https:\/\/meriti.rj.gov.br\/inicio\/procuradoria-geral-do-municipio\/#primaryimage"},"image":{"@id":"https:\/\/meriti.rj.gov.br\/inicio\/procuradoria-geral-do-municipio\/#primaryimage"},"thumbnailUrl":"https:\/\/meriti.rj.gov.br\/inicio\/wp-content\/uploads\/2025\/01\/Procuradoria-Geral-do-Municipio-2.png","datePublished":"2023-04-24T12:58:14+00:00","dateModified":"2025-12-18T13:44:46+00:00","breadcrumb":{"@id":"https:\/\/meriti.rj.gov.br\/inicio\/procuradoria-geral-do-municipio\/#breadcrumb"},"inLanguage":"pt-BR","potentialAction":[{"@type":"ReadAction","target":["https:\/\/meriti.rj.gov.br\/inicio\/procuradoria-geral-do-municipio\/"]}]},{"@type":"ImageObject","inLanguage":"pt-BR","@id":"https:\/\/meriti.rj.gov.br\/inicio\/procuradoria-geral-do-municipio\/#primaryimage","url":"https:\/\/meriti.rj.gov.br\/inicio\/wp-content\/uploads\/2025\/01\/Procuradoria-Geral-do-Municipio-2.png","contentUrl":"https:\/\/meriti.rj.gov.br\/inicio\/wp-content\/uploads\/2025\/01\/Procuradoria-Geral-do-Municipio-2.png","width":1536,"height":247},{"@type":"BreadcrumbList","@id":"https:\/\/meriti.rj.gov.br\/inicio\/procuradoria-geral-do-municipio\/#breadcrumb","itemListElement":[{"@type":"ListItem","position":1,"name":"In\u00edcio","item":"https:\/\/meriti.rj.gov.br\/inicio\/"},{"@type":"ListItem","position":2,"name":"Procuradoria Geral do Munic\u00edpio"}]},{"@type":"WebSite","@id":"https:\/\/meriti.rj.gov.br\/inicio\/#website","url":"https:\/\/meriti.rj.gov.br\/inicio\/","name":"portal.meriti","description":"Prefeitura Municipal de S\u00e3o Jo\u00e3o de Meriti","publisher":{"@id":"https:\/\/meriti.rj.gov.br\/inicio\/#organization"},"potentialAction":[{"@type":"SearchAction","target":{"@type":"EntryPoint","urlTemplate":"https:\/\/meriti.rj.gov.br\/inicio\/?s={search_term_string}"},"query-input":{"@type":"PropertyValueSpecification","valueRequired":true,"valueName":"search_term_string"}}],"inLanguage":"pt-BR"},{"@type":"Organization","@id":"https:\/\/meriti.rj.gov.br\/inicio\/#organization","name":"Prefeitura Municipal de S\u00e3o Jo\u00e3o de Meriti","url":"https:\/\/meriti.rj.gov.br\/inicio\/","logo":{"@type":"ImageObject","inLanguage":"pt-BR","@id":"https:\/\/meriti.rj.gov.br\/inicio\/#\/schema\/logo\/image\/","url":"https:\/\/meriti.rj.gov.br\/inicio\/wp-content\/uploads\/2023\/04\/cropped-logo.png","contentUrl":"https:\/\/meriti.rj.gov.br\/inicio\/wp-content\/uploads\/2023\/04\/cropped-logo.png","width":512,"height":512,"caption":"Prefeitura Municipal de S\u00e3o Jo\u00e3o de Meriti"},"image":{"@id":"https:\/\/meriti.rj.gov.br\/inicio\/#\/schema\/logo\/image\/"}}]}},"_links":{"self":[{"href":"https:\/\/meriti.rj.gov.br\/inicio\/wp-json\/wp\/v2\/pages\/1120","targetHints":{"allow":["GET"]}}],"collection":[{"href":"https:\/\/meriti.rj.gov.br\/inicio\/wp-json\/wp\/v2\/pages"}],"about":[{"href":"https:\/\/meriti.rj.gov.br\/inicio\/wp-json\/wp\/v2\/types\/page"}],"author":[{"embeddable":true,"href":"https:\/\/meriti.rj.gov.br\/inicio\/wp-json\/wp\/v2\/users\/1"}],"replies":[{"embeddable":true,"href":"https:\/\/meriti.rj.gov.br\/inicio\/wp-json\/wp\/v2\/comments?post=1120"}],"version-history":[{"count":301,"href":"https:\/\/meriti.rj.gov.br\/inicio\/wp-json\/wp\/v2\/pages\/1120\/revisions"}],"predecessor-version":[{"id":20627,"href":"https:\/\/meriti.rj.gov.br\/inicio\/wp-json\/wp\/v2\/pages\/1120\/revisions\/20627"}],"wp:attachment":[{"href":"https:\/\/meriti.rj.gov.br\/inicio\/wp-json\/wp\/v2\/media?parent=1120"}],"curies":[{"name":"wp","href":"https:\/\/api.w.org\/{rel}","templated":true}]}}