{"id":10848,"date":"2024-05-20T13:22:31","date_gmt":"2024-05-20T16:22:31","guid":{"rendered":"https:\/\/meriti.rj.gov.br\/inicio\/?page_id=10848"},"modified":"2025-07-03T00:29:59","modified_gmt":"2025-07-03T03:29:59","slug":"paulo-gustavo","status":"publish","type":"page","link":"https:\/\/meriti.rj.gov.br\/inicio\/paulo-gustavo\/","title":{"rendered":"Paulo Gustavo"},"content":{"rendered":"\t\t<div data-elementor-type=\"wp-page\" data-elementor-id=\"10848\" class=\"elementor elementor-10848\" data-elementor-post-type=\"page\">\n\t\t\t\t<div class=\"elementor-element elementor-element-d2ddc42 e-flex e-con-boxed e-con e-parent\" data-id=\"d2ddc42\" data-element_type=\"container\" data-e-type=\"container\">\n\t\t\t\t\t<div class=\"e-con-inner\">\n\t\t\t\t<div class=\"elementor-element elementor-element-9341d20 elementor-widget elementor-widget-heading\" data-id=\"9341d20\" data-element_type=\"widget\" data-e-type=\"widget\" data-widget_type=\"heading.default\">\n\t\t\t\t<div class=\"elementor-widget-container\">\n\t\t\t\t\t<h2 class=\"elementor-heading-title elementor-size-default\">Lei Paulo Gustavo<\/h2>\t\t\t\t<\/div>\n\t\t\t\t<\/div>\n\t\t\t\t\t<\/div>\n\t\t\t\t<\/div>\n\t\t<div class=\"elementor-element elementor-element-00a52eb e-flex e-con-boxed e-con e-parent\" data-id=\"00a52eb\" data-element_type=\"container\" data-e-type=\"container\">\n\t\t\t\t\t<div class=\"e-con-inner\">\n\t\t\t\t<div class=\"elementor-element elementor-element-6e25e7b elementor-widget elementor-widget-text-editor\" data-id=\"6e25e7b\" data-element_type=\"widget\" data-e-type=\"widget\" data-widget_type=\"text-editor.default\">\n\t\t\t\t<div class=\"elementor-widget-container\">\n\t\t\t\t\t\t\t\t\t<p>A Lei Complementar n\u00ba 195\/2022, Lei Paulo Gustavo &#8211; LPG \u00e9 uma importante conquista para o setor cultural brasileiro. Criada em homenagem ao artista Paulo Gustavo, que faleceu em 2021 em decorr\u00eancia da COVID-19, a Lei tem como objetivo principal fomentar a cultura em todo o pa\u00eds, especialmente o setor de audiovisual que sofreu muito ap\u00f3s os impactos negativos da pandemia. Por meio dela, ser\u00e3o repassados mais de R$ 3,8 bilh\u00f5es a estados e munic\u00edpios para apoiar trabalhadores da cultura, coletivos, produtores independentes e institui\u00e7\u00f5es culturais.<br \/>A Prefeitura Municipal de S\u00e3o Jo\u00e3o de Meriti aderiu a execu\u00e7\u00e3o da Lei Paulo Gustavo LPG e entende que a aplica\u00e7\u00e3o desse Recurso representa uma oportunidade hist\u00f3rica de valorizar a diversidade cultural local, com o apoio a artistas e fomento a economia criativa. Com esses recursos, ser\u00e1 poss\u00edvel realizar editais, pr\u00eamios e projetos voltados para \u00e1reas como audiovisual, m\u00fasica, teatro, artes visuais, dan\u00e7a, cultura popular, entre outras manifesta\u00e7\u00f5es&#8221;.<\/p>\t\t\t\t\t\t\t\t<\/div>\n\t\t\t\t<\/div>\n\t\t\t\t\t<\/div>\n\t\t\t\t<\/div>\n\t\t<div class=\"elementor-element elementor-element-a638179 e-flex e-con-boxed e-con e-parent\" data-id=\"a638179\" data-element_type=\"container\" data-e-type=\"container\">\n\t\t\t\t\t<div class=\"e-con-inner\">\n\t\t\t\t<div class=\"elementor-element elementor-element-41ca67d elementor-widget elementor-widget-text-editor\" data-id=\"41ca67d\" data-element_type=\"widget\" data-e-type=\"widget\" data-widget_type=\"text-editor.default\">\n\t\t\t\t<div class=\"elementor-widget-container\">\n\t\t\t\t\t\t\t\t\t<ul><li><a href=\"https:\/\/meriti.rj.gov.br\/inicio\/wp-content\/uploads\/2025\/07\/001.-Lei-Complementar-195-de-8-de-julho-de-2022-Lei-Paulo-Gustavo.pdf\">Lei Complementar n\u00ba 195, de 8 de julho de 2022 &#8211; LPG<\/a><\/li><li><a href=\"https:\/\/meriti.rj.gov.br\/inicio\/wp-content\/uploads\/2025\/07\/001.1-Decreto-Federal-11.525-2023-de-regulamentacao-da-Lei-Paulo-Gustavo.pdf\">Decreto Federal 11.525 &#8211; 2023 de Regulamenta\u00e7\u00e3o da Lei Paulo Gustavo<\/a><\/li><li><a href=\"https:\/\/meriti.rj.gov.br\/inicio\/wp-content\/uploads\/2025\/07\/001.2-Decreto-Municipal-No-6895-2023-Regulamentacao-da-Lei-Paulo-Gustavo.pdf\">Decreto Municipal N\u00ba 6895- 2023 Regulamenta\u00e7\u00e3o da Lei Paulo Gustavo<\/a><\/li><li><a href=\"https:\/\/meriti.rj.gov.br\/inicio\/wp-content\/uploads\/2025\/07\/001.3-Decreto-No-6895-Regulamenta-a-Lei-Paulo-Gustavo-LPG.pdf\">Decreto N\u00ba 6895 &#8211; Regulamenta a Lei Paulo Gustavo<\/a><\/li><li><a href=\"https:\/\/meriti.rj.gov.br\/inicio\/wp-content\/uploads\/2025\/07\/001.4-Adequacao-Orcamentaria-LPG.pdf\">Adequa\u00e7\u00e3o Or\u00e7ament\u00e1ria dos recursos da LPG<\/a><\/li><li><a href=\"https:\/\/meriti.rj.gov.br\/inicio\/wp-content\/uploads\/2025\/07\/001.5-Nota-Tecnica-002-LPG.pdf\">Nota T\u00e9cnica n\u00ba 002<\/a><\/li><li><a href=\"https:\/\/meriti.rj.gov.br\/inicio\/wp-content\/uploads\/2025\/07\/001.6-Nota-Tecnica-N003_2_LPG-1.pdf\">Nota T\u00e9cnica n\u00ba 003<\/a><\/li><li><a href=\"https:\/\/meriti.rj.gov.br\/inicio\/wp-content\/uploads\/2025\/07\/001.7-Nota-Tecnica-N004-2024.pdf\">Nota T\u00e9cnica n\u00ba 004<\/a><\/li><li><a href=\"https:\/\/meriti.rj.gov.br\/inicio\/wp-content\/uploads\/2025\/07\/002-Comissao-Tecnica-LPG.pdf\">Comiss\u00e3o T\u00e9cnica de elabora\u00e7\u00e3o, avalia\u00e7\u00e3o e finaliza\u00e7\u00e3o LPG<\/a><\/li><li><a href=\"https:\/\/meriti.rj.gov.br\/inicio\/wp-content\/uploads\/2025\/07\/002.1-Ata-da-Audiencia-Publica-Lei-Paulo-Gustavo-LPG.pdf\">Ata da Audi\u00eancia P\u00fablica da Lei Paulo Gustavo<\/a><\/li><li><a href=\"https:\/\/meriti.rj.gov.br\/inicio\/wp-content\/uploads\/2025\/07\/003.-Edital-030-2023-SEMECULT-Audiovisual-Art-6o.pdf\">Edital 030\/2023 &#8211; SEMECULT Art 6\u00ba Audiovisual<\/a><\/li><li><a href=\"https:\/\/meriti.rj.gov.br\/inicio\/wp-content\/uploads\/2025\/07\/003.3-Homologados-Art.-6.pdf\">Homologados no Edital 030\/2023 Art. 6\u00ba Audiovisual<\/a><\/li><li><a href=\"https:\/\/meriti.rj.gov.br\/inicio\/wp-content\/uploads\/2025\/07\/003.2-Edital-031-2023-SEMECULT-Art-8-Multilinguagens.pdf\">Edital 031\/2023 &#8211; SEMECULT Art 8\u00ba Multilinguagens Culturais<\/a><\/li><li><a href=\"https:\/\/meriti.rj.gov.br\/inicio\/wp-content\/uploads\/2025\/07\/003.1-Homologados-Art-8.pdf\">Homologados no Edital 031\/2023 &#8211; SEMECULT<\/a><\/li><li><a href=\"https:\/\/meriti.rj.gov.br\/inicio\/wp-content\/uploads\/2025\/07\/004.1-Edital-Premiacao-Art-8-SJM.pdf\">Edital 04\/2024 &#8211; SEMECULT &#8211; Premia\u00e7\u00e3o Multilinguagens Culturais<\/a><\/li><li><a href=\"https:\/\/meriti.rj.gov.br\/inicio\/wp-content\/uploads\/2025\/07\/004-Edital-Premio-Audiovisual-LPG.pdf\">Edital 05\/2024 &#8211; SEMECULT &#8211; Pr\u00eamia\u00e7\u00e3o Audiovisual<\/a><\/li><li><a href=\"https:\/\/meriti.rj.gov.br\/inicio\/wp-content\/uploads\/2025\/07\/004.2-Resultado-Final-Premiacao-Edital-04-e-05-2024.pdf\">Resultado Final dos Editais 04\/2024 e 05\/2024<\/a><\/li><\/ul>\t\t\t\t\t\t\t\t<\/div>\n\t\t\t\t<\/div>\n\t\t\t\t\t<\/div>\n\t\t\t\t<\/div>\n\t\t\t\t<\/div>\n\t\t","protected":false},"excerpt":{"rendered":"<p>Lei Paulo Gustavo A Lei Complementar n\u00ba 195\/2022, Lei Paulo Gustavo &#8211; LPG \u00e9 uma importante conquista para o setor cultural brasileiro. Criada em homenagem&hellip;<\/p>\n","protected":false},"author":2,"featured_media":0,"parent":0,"menu_order":0,"comment_status":"closed","ping_status":"closed","template":"","meta":{"footnotes":""},"class_list":["post-10848","page","type-page","status-publish","hentry"],"yoast_head":"<!-- This site is optimized with the Yoast SEO plugin v27.5 - https:\/\/yoast.com\/product\/yoast-seo-wordpress\/ -->\n<title>Paulo Gustavo - Prefeitura Municipal de S\u00e3o Jo\u00e3o de Meriti<\/title>\n<meta name=\"robots\" content=\"index, follow, max-snippet:-1, max-image-preview:large, max-video-preview:-1\" \/>\n<link rel=\"canonical\" href=\"https:\/\/meriti.rj.gov.br\/inicio\/paulo-gustavo\/\" \/>\n<meta property=\"og:locale\" content=\"pt_BR\" \/>\n<meta property=\"og:type\" content=\"article\" \/>\n<meta property=\"og:title\" content=\"Paulo Gustavo - Prefeitura Municipal de S\u00e3o Jo\u00e3o de Meriti\" \/>\n<meta property=\"og:description\" content=\"Lei Paulo Gustavo A Lei Complementar n\u00ba 195\/2022, Lei Paulo Gustavo &#8211; LPG \u00e9 uma importante conquista para o setor cultural brasileiro. Criada em homenagem&hellip;\" \/>\n<meta property=\"og:url\" content=\"https:\/\/meriti.rj.gov.br\/inicio\/paulo-gustavo\/\" \/>\n<meta property=\"og:site_name\" content=\"Prefeitura Municipal de S\u00e3o Jo\u00e3o de Meriti\" \/>\n<meta property=\"article:modified_time\" content=\"2025-07-03T03:29:59+00:00\" \/>\n<meta name=\"twitter:card\" content=\"summary_large_image\" \/>\n<meta name=\"twitter:label1\" content=\"Est. tempo de leitura\" \/>\n\t<meta name=\"twitter:data1\" content=\"2 minutos\" \/>\n<script type=\"application\/ld+json\" class=\"yoast-schema-graph\">{\"@context\":\"https:\\\/\\\/schema.org\",\"@graph\":[{\"@type\":\"WebPage\",\"@id\":\"https:\\\/\\\/meriti.rj.gov.br\\\/inicio\\\/paulo-gustavo\\\/\",\"url\":\"https:\\\/\\\/meriti.rj.gov.br\\\/inicio\\\/paulo-gustavo\\\/\",\"name\":\"Paulo Gustavo - Prefeitura Municipal de S\u00e3o Jo\u00e3o de Meriti\",\"isPartOf\":{\"@id\":\"https:\\\/\\\/meriti.rj.gov.br\\\/inicio\\\/#website\"},\"datePublished\":\"2024-05-20T16:22:31+00:00\",\"dateModified\":\"2025-07-03T03:29:59+00:00\",\"breadcrumb\":{\"@id\":\"https:\\\/\\\/meriti.rj.gov.br\\\/inicio\\\/paulo-gustavo\\\/#breadcrumb\"},\"inLanguage\":\"pt-BR\",\"potentialAction\":[{\"@type\":\"ReadAction\",\"target\":[\"https:\\\/\\\/meriti.rj.gov.br\\\/inicio\\\/paulo-gustavo\\\/\"]}]},{\"@type\":\"BreadcrumbList\",\"@id\":\"https:\\\/\\\/meriti.rj.gov.br\\\/inicio\\\/paulo-gustavo\\\/#breadcrumb\",\"itemListElement\":[{\"@type\":\"ListItem\",\"position\":1,\"name\":\"In\u00edcio\",\"item\":\"https:\\\/\\\/meriti.rj.gov.br\\\/inicio\\\/\"},{\"@type\":\"ListItem\",\"position\":2,\"name\":\"Paulo Gustavo\"}]},{\"@type\":\"WebSite\",\"@id\":\"https:\\\/\\\/meriti.rj.gov.br\\\/inicio\\\/#website\",\"url\":\"https:\\\/\\\/meriti.rj.gov.br\\\/inicio\\\/\",\"name\":\"portal.meriti\",\"description\":\"Prefeitura Municipal de S\u00e3o Jo\u00e3o de Meriti\",\"publisher\":{\"@id\":\"https:\\\/\\\/meriti.rj.gov.br\\\/inicio\\\/#organization\"},\"potentialAction\":[{\"@type\":\"SearchAction\",\"target\":{\"@type\":\"EntryPoint\",\"urlTemplate\":\"https:\\\/\\\/meriti.rj.gov.br\\\/inicio\\\/?s={search_term_string}\"},\"query-input\":{\"@type\":\"PropertyValueSpecification\",\"valueRequired\":true,\"valueName\":\"search_term_string\"}}],\"inLanguage\":\"pt-BR\"},{\"@type\":\"Organization\",\"@id\":\"https:\\\/\\\/meriti.rj.gov.br\\\/inicio\\\/#organization\",\"name\":\"Prefeitura Municipal de S\u00e3o Jo\u00e3o de Meriti\",\"url\":\"https:\\\/\\\/meriti.rj.gov.br\\\/inicio\\\/\",\"logo\":{\"@type\":\"ImageObject\",\"inLanguage\":\"pt-BR\",\"@id\":\"https:\\\/\\\/meriti.rj.gov.br\\\/inicio\\\/#\\\/schema\\\/logo\\\/image\\\/\",\"url\":\"https:\\\/\\\/meriti.rj.gov.br\\\/inicio\\\/wp-content\\\/uploads\\\/2023\\\/04\\\/cropped-logo.png\",\"contentUrl\":\"https:\\\/\\\/meriti.rj.gov.br\\\/inicio\\\/wp-content\\\/uploads\\\/2023\\\/04\\\/cropped-logo.png\",\"width\":512,\"height\":512,\"caption\":\"Prefeitura Municipal de S\u00e3o Jo\u00e3o de Meriti\"},\"image\":{\"@id\":\"https:\\\/\\\/meriti.rj.gov.br\\\/inicio\\\/#\\\/schema\\\/logo\\\/image\\\/\"}}]}<\/script>\n<!-- \/ Yoast SEO plugin. -->","yoast_head_json":{"title":"Paulo Gustavo - Prefeitura Municipal de S\u00e3o Jo\u00e3o de Meriti","robots":{"index":"index","follow":"follow","max-snippet":"max-snippet:-1","max-image-preview":"max-image-preview:large","max-video-preview":"max-video-preview:-1"},"canonical":"https:\/\/meriti.rj.gov.br\/inicio\/paulo-gustavo\/","og_locale":"pt_BR","og_type":"article","og_title":"Paulo Gustavo - Prefeitura Municipal de S\u00e3o Jo\u00e3o de Meriti","og_description":"Lei Paulo Gustavo A Lei Complementar n\u00ba 195\/2022, Lei Paulo Gustavo &#8211; LPG \u00e9 uma importante conquista para o setor cultural brasileiro. Criada em homenagem&hellip;","og_url":"https:\/\/meriti.rj.gov.br\/inicio\/paulo-gustavo\/","og_site_name":"Prefeitura Municipal de S\u00e3o Jo\u00e3o de Meriti","article_modified_time":"2025-07-03T03:29:59+00:00","twitter_card":"summary_large_image","twitter_misc":{"Est. tempo de leitura":"2 minutos"},"schema":{"@context":"https:\/\/schema.org","@graph":[{"@type":"WebPage","@id":"https:\/\/meriti.rj.gov.br\/inicio\/paulo-gustavo\/","url":"https:\/\/meriti.rj.gov.br\/inicio\/paulo-gustavo\/","name":"Paulo Gustavo - Prefeitura Municipal de S\u00e3o Jo\u00e3o de Meriti","isPartOf":{"@id":"https:\/\/meriti.rj.gov.br\/inicio\/#website"},"datePublished":"2024-05-20T16:22:31+00:00","dateModified":"2025-07-03T03:29:59+00:00","breadcrumb":{"@id":"https:\/\/meriti.rj.gov.br\/inicio\/paulo-gustavo\/#breadcrumb"},"inLanguage":"pt-BR","potentialAction":[{"@type":"ReadAction","target":["https:\/\/meriti.rj.gov.br\/inicio\/paulo-gustavo\/"]}]},{"@type":"BreadcrumbList","@id":"https:\/\/meriti.rj.gov.br\/inicio\/paulo-gustavo\/#breadcrumb","itemListElement":[{"@type":"ListItem","position":1,"name":"In\u00edcio","item":"https:\/\/meriti.rj.gov.br\/inicio\/"},{"@type":"ListItem","position":2,"name":"Paulo Gustavo"}]},{"@type":"WebSite","@id":"https:\/\/meriti.rj.gov.br\/inicio\/#website","url":"https:\/\/meriti.rj.gov.br\/inicio\/","name":"portal.meriti","description":"Prefeitura Municipal de S\u00e3o Jo\u00e3o de Meriti","publisher":{"@id":"https:\/\/meriti.rj.gov.br\/inicio\/#organization"},"potentialAction":[{"@type":"SearchAction","target":{"@type":"EntryPoint","urlTemplate":"https:\/\/meriti.rj.gov.br\/inicio\/?s={search_term_string}"},"query-input":{"@type":"PropertyValueSpecification","valueRequired":true,"valueName":"search_term_string"}}],"inLanguage":"pt-BR"},{"@type":"Organization","@id":"https:\/\/meriti.rj.gov.br\/inicio\/#organization","name":"Prefeitura Municipal de S\u00e3o Jo\u00e3o de Meriti","url":"https:\/\/meriti.rj.gov.br\/inicio\/","logo":{"@type":"ImageObject","inLanguage":"pt-BR","@id":"https:\/\/meriti.rj.gov.br\/inicio\/#\/schema\/logo\/image\/","url":"https:\/\/meriti.rj.gov.br\/inicio\/wp-content\/uploads\/2023\/04\/cropped-logo.png","contentUrl":"https:\/\/meriti.rj.gov.br\/inicio\/wp-content\/uploads\/2023\/04\/cropped-logo.png","width":512,"height":512,"caption":"Prefeitura Municipal de S\u00e3o Jo\u00e3o de Meriti"},"image":{"@id":"https:\/\/meriti.rj.gov.br\/inicio\/#\/schema\/logo\/image\/"}}]}},"_links":{"self":[{"href":"https:\/\/meriti.rj.gov.br\/inicio\/wp-json\/wp\/v2\/pages\/10848","targetHints":{"allow":["GET"]}}],"collection":[{"href":"https:\/\/meriti.rj.gov.br\/inicio\/wp-json\/wp\/v2\/pages"}],"about":[{"href":"https:\/\/meriti.rj.gov.br\/inicio\/wp-json\/wp\/v2\/types\/page"}],"author":[{"embeddable":true,"href":"https:\/\/meriti.rj.gov.br\/inicio\/wp-json\/wp\/v2\/users\/2"}],"replies":[{"embeddable":true,"href":"https:\/\/meriti.rj.gov.br\/inicio\/wp-json\/wp\/v2\/comments?post=10848"}],"version-history":[{"count":20,"href":"https:\/\/meriti.rj.gov.br\/inicio\/wp-json\/wp\/v2\/pages\/10848\/revisions"}],"predecessor-version":[{"id":17646,"href":"https:\/\/meriti.rj.gov.br\/inicio\/wp-json\/wp\/v2\/pages\/10848\/revisions\/17646"}],"wp:attachment":[{"href":"https:\/\/meriti.rj.gov.br\/inicio\/wp-json\/wp\/v2\/media?parent=10848"}],"curies":[{"name":"wp","href":"https:\/\/api.w.org\/{rel}","templated":true}]}}